{"id":313905,"date":"2025-10-09T11:11:18","date_gmt":"2025-10-09T09:11:18","guid":{"rendered":"https:\/\/dev.freakuence.nl\/product\/linn-ds-i\/"},"modified":"2026-04-17T04:01:11","modified_gmt":"2026-04-17T02:01:11","slug":"linn-ds-i","status":"publish","type":"product","link":"https:\/\/dev.freakuence.nl\/fr\/produit\/linn-ds-i\/","title":{"rendered":"Linn DS &#8211; I"},"content":{"rendered":"<div class=\"product-specifications-list\">\n<div class=\"specification-item row-even\"><span class=\"spec-content\"><strong>Description Freakuence !<\/strong><\/span><\/div>\n<div class=\"specification-item row-odd\"><span class=\"spec-content\"><\/p>\n<p>Etroite, plate, ennuyeuse&#8230; mais nous parlons ici de l&rsquo;enceinte ! Le son qui en sort est aux antipodes. L&rsquo;alimentation stable permet d&rsquo;obtenir un amplificateur musical, grand et chaleureux. 80 watts stables par canal, sous 8 ohms. Le pr\u00e9d\u00e9cesseur direct du 200DR.    <\/p>\n<p><\/span><\/div>\n<div class=\"specification-item row-even\"><span class=\"spec-content\"><strong>Description g\u00e9n\u00e9rale<\/strong><\/span><\/div>\n<div class=\"specification-item row-odd\"><span class=\"spec-content\"><\/p>\n<p>L&rsquo;appareil d\u00e9livre 70 watts par canal sous 8 ohms et a une plage de fr\u00e9quences de 3 Hz \u00e0 50 kHz. La sensibilit\u00e9 d&rsquo;entr\u00e9e est de 1 V, avec une imp\u00e9dance d&rsquo;entr\u00e9e de 18 k\u03a9. Le rapport signal\/bruit est sup\u00e9rieur \u00e0 100 dB. Les dimensions sont de 87 mm de haut, 432 mm de large et 314 mm de profondeur, pour un poids de 11,6 kg.   <\/p>\n<p><\/span><\/div>\n<div class=\"specification-item row-even\"><span class=\"spec-content\"><strong>Informations g\u00e9n\u00e9rales<\/strong><\/span><\/div>\n<div class=\"specification-item row-odd\"><span class=\"spec-content\"><\/p>\n<p>Le Naim Supernait 3 est con\u00e7u selon la philosophie \u00ab\u00a0less is more\u00a0\u00bb de Naim. L&rsquo;amplificateur combine un pr\u00e9amplificateur de classe A enti\u00e8rement discret, s\u00e9lectionn\u00e9 \u00e0 la main, avec une entr\u00e9e phono MM de haute qualit\u00e9. Le c\u00e2blage interne est minimaliste, avec des chemins de signaux directs pour une reproduction sonore pure. Le bo\u00eetier robuste en aluminium prot\u00e8ge contre les microphonies et les influences \u00e9lectromagn\u00e9tiques. Le d\u00e9veloppement et l&rsquo;assemblage ont lieu \u00e0 Salisbury, en Angleterre, sous la direction d&rsquo;ing\u00e9nieurs tels que Steve Sells.    <\/p>\n<p><\/span><\/div>\n<div class=\"specification-item row-even\"><span class=\"spec-content\"><strong>Histoire de la marque<\/strong><\/span><\/div>\n<div class=\"specification-item row-odd\"><span class=\"spec-content\"><\/p>\n<p>Naim Audio a \u00e9t\u00e9 fond\u00e9e en 1973 par Julian Vereker, un ing\u00e9nieur britannique passionn\u00e9 d&rsquo;\u00e9lectronique et de musique. En 1985, la soci\u00e9t\u00e9 a re\u00e7u pour la premi\u00e8re fois le prestigieux Queen&rsquo;s Award, une reconnaissance qui lui a \u00e9t\u00e9 d\u00e9cern\u00e9e \u00e0 deux reprises par la suite. En 1991, la soci\u00e9t\u00e9 lance son premier lecteur de CD, le CDS, dot\u00e9 d&rsquo;un bo\u00eetier en deux parties pour de meilleures performances. En 2000, l&rsquo;amplificateur embl\u00e9matique NAP 500 a \u00e9t\u00e9 lanc\u00e9, suivi par le d\u00e9veloppement du syst\u00e8me d&rsquo;amplification Statement en 2014, une \u00e9tape importante dans l&rsquo;ing\u00e9nierie de l&rsquo;entreprise.   <\/p>\n<p><\/span><\/div>\n<\/div>\n","protected":false},"excerpt":{"rendered":"<p>Description Freakuence ! Etroite, plate, ennuyeuse&#8230; mais nous parlons ici de l&rsquo;enceinte ! Le son qui en sort est aux antipodes. L&rsquo;alimentation stable permet d&rsquo;obtenir un amplificateur musical, grand et chaleureux. 80 watts stables par canal, sous 8 ohms. Le pr\u00e9d\u00e9cesseur direct du 200DR. Description g\u00e9n\u00e9rale L&rsquo;appareil d\u00e9livre 70 watts par canal sous 8 ohms [&hellip;]<\/p>\n","protected":false},"featured_media":0,"template":"","meta":{"_acf_changed":false,"inline_featured_image":false},"product_brand":[],"product_cat":[595],"product_tag":[554],"class_list":{"0":"post-313905","1":"product","2":"type-product","3":"status-publish","5":"product_cat-dac-et-streamers","6":"product_tag-used","8":"first","9":"instock","10":"purchasable","11":"product-type-simple"},"acf":[],"yoast_head":"<!-- This site is optimized with the Yoast SEO plugin v25.9 - https:\/\/yoast.com\/wordpress\/plugins\/seo\/ -->\n<title>Linn DS - I | Freakuence!<\/title>\n<meta name=\"robots\" content=\"noindex, follow, max-snippet:-1, max-image-preview:large, max-video-preview:-1\" \/>\n<meta property=\"og:locale\" content=\"fr_FR\" \/>\n<meta property=\"og:type\" content=\"article\" \/>\n<meta property=\"og:title\" content=\"Linn DS - I | Freakuence!\" \/>\n<meta property=\"og:description\" content=\"Description Freakuence ! Etroite, plate, ennuyeuse&#8230; mais nous parlons ici de l&rsquo;enceinte ! Le son qui en sort est aux antipodes. L&rsquo;alimentation stable permet d&rsquo;obtenir un amplificateur musical, grand et chaleureux. 80 watts stables par canal, sous 8 ohms. Le pr\u00e9d\u00e9cesseur direct du 200DR. Description g\u00e9n\u00e9rale L&rsquo;appareil d\u00e9livre 70 watts par canal sous 8 ohms [&hellip;]\" \/>\n<meta property=\"og:url\" content=\"https:\/\/dev.freakuence.nl\/fr\/produit\/linn-ds-i\/\" \/>\n<meta property=\"og:site_name\" content=\"Freakuence!\" \/>\n<meta property=\"article:modified_time\" content=\"2026-04-17T02:01:11+00:00\" \/>\n<meta name=\"twitter:card\" content=\"summary_large_image\" \/>\n<script type=\"application\/ld+json\" class=\"yoast-schema-graph\">{\"@context\":\"https:\/\/schema.org\",\"@graph\":[{\"@type\":\"WebPage\",\"@id\":\"https:\/\/dev.freakuence.nl\/fr\/produit\/linn-ds-i\/\",\"url\":\"https:\/\/dev.freakuence.nl\/fr\/produit\/linn-ds-i\/\",\"name\":\"Linn DS - I | Freakuence!\",\"isPartOf\":{\"@id\":\"https:\/\/dev.freakuence.nl\/fr\/#website\"},\"datePublished\":\"2025-10-09T09:11:18+00:00\",\"dateModified\":\"2026-04-17T02:01:11+00:00\",\"breadcrumb\":{\"@id\":\"https:\/\/dev.freakuence.nl\/fr\/produit\/linn-ds-i\/#breadcrumb\"},\"inLanguage\":\"fr-FR\",\"potentialAction\":[{\"@type\":\"ReadAction\",\"target\":[\"https:\/\/dev.freakuence.nl\/fr\/produit\/linn-ds-i\/\"]}]},{\"@type\":\"BreadcrumbList\",\"@id\":\"https:\/\/dev.freakuence.nl\/fr\/produit\/linn-ds-i\/#breadcrumb\",\"itemListElement\":[{\"@type\":\"ListItem\",\"position\":1,\"name\":\"Accueil\",\"item\":\"https:\/\/dev.freakuence.nl\/fr\/\"},{\"@type\":\"ListItem\",\"position\":2,\"name\":\"Products\",\"item\":\"https:\/\/dev.freakuence.nl\/en\/products\/\"},{\"@type\":\"ListItem\",\"position\":3,\"name\":\"Linn DS &#8211; I\"}]},{\"@type\":\"WebSite\",\"@id\":\"https:\/\/dev.freakuence.nl\/fr\/#website\",\"url\":\"https:\/\/dev.freakuence.nl\/fr\/\",\"name\":\"Freakuence!\",\"description\":\"Freakuence!\",\"alternateName\":\"Freakuence\",\"potentialAction\":[{\"@type\":\"SearchAction\",\"target\":{\"@type\":\"EntryPoint\",\"urlTemplate\":\"https:\/\/dev.freakuence.nl\/fr\/?s={search_term_string}\"},\"query-input\":{\"@type\":\"PropertyValueSpecification\",\"valueRequired\":true,\"valueName\":\"search_term_string\"}}],\"inLanguage\":\"fr-FR\"}]}<\/script>\n<!-- \/ Yoast SEO plugin. -->","yoast_head_json":{"title":"Linn DS - I | Freakuence!","robots":{"index":"noindex","follow":"follow","max-snippet":"max-snippet:-1","max-image-preview":"max-image-preview:large","max-video-preview":"max-video-preview:-1"},"og_locale":"fr_FR","og_type":"article","og_title":"Linn DS - I | Freakuence!","og_description":"Description Freakuence ! Etroite, plate, ennuyeuse&#8230; mais nous parlons ici de l&rsquo;enceinte ! Le son qui en sort est aux antipodes. L&rsquo;alimentation stable permet d&rsquo;obtenir un amplificateur musical, grand et chaleureux. 80 watts stables par canal, sous 8 ohms. Le pr\u00e9d\u00e9cesseur direct du 200DR. Description g\u00e9n\u00e9rale L&rsquo;appareil d\u00e9livre 70 watts par canal sous 8 ohms [&hellip;]","og_url":"https:\/\/dev.freakuence.nl\/fr\/produit\/linn-ds-i\/","og_site_name":"Freakuence!","article_modified_time":"2026-04-17T02:01:11+00:00","twitter_card":"summary_large_image","schema":{"@context":"https:\/\/schema.org","@graph":[{"@type":"WebPage","@id":"https:\/\/dev.freakuence.nl\/fr\/produit\/linn-ds-i\/","url":"https:\/\/dev.freakuence.nl\/fr\/produit\/linn-ds-i\/","name":"Linn DS - I | Freakuence!","isPartOf":{"@id":"https:\/\/dev.freakuence.nl\/fr\/#website"},"datePublished":"2025-10-09T09:11:18+00:00","dateModified":"2026-04-17T02:01:11+00:00","breadcrumb":{"@id":"https:\/\/dev.freakuence.nl\/fr\/produit\/linn-ds-i\/#breadcrumb"},"inLanguage":"fr-FR","potentialAction":[{"@type":"ReadAction","target":["https:\/\/dev.freakuence.nl\/fr\/produit\/linn-ds-i\/"]}]},{"@type":"BreadcrumbList","@id":"https:\/\/dev.freakuence.nl\/fr\/produit\/linn-ds-i\/#breadcrumb","itemListElement":[{"@type":"ListItem","position":1,"name":"Accueil","item":"https:\/\/dev.freakuence.nl\/fr\/"},{"@type":"ListItem","position":2,"name":"Products","item":"https:\/\/dev.freakuence.nl\/en\/products\/"},{"@type":"ListItem","position":3,"name":"Linn DS &#8211; I"}]},{"@type":"WebSite","@id":"https:\/\/dev.freakuence.nl\/fr\/#website","url":"https:\/\/dev.freakuence.nl\/fr\/","name":"Freakuence!","description":"Freakuence!","alternateName":"Freakuence","potentialAction":[{"@type":"SearchAction","target":{"@type":"EntryPoint","urlTemplate":"https:\/\/dev.freakuence.nl\/fr\/?s={search_term_string}"},"query-input":{"@type":"PropertyValueSpecification","valueRequired":true,"valueName":"search_term_string"}}],"inLanguage":"fr-FR"}]}},"_links":{"self":[{"href":"https:\/\/dev.freakuence.nl\/fr\/wp-json\/wp\/v2\/product\/313905","targetHints":{"allow":["GET"]}}],"collection":[{"href":"https:\/\/dev.freakuence.nl\/fr\/wp-json\/wp\/v2\/product"}],"about":[{"href":"https:\/\/dev.freakuence.nl\/fr\/wp-json\/wp\/v2\/types\/product"}],"version-history":[{"count":1,"href":"https:\/\/dev.freakuence.nl\/fr\/wp-json\/wp\/v2\/product\/313905\/revisions"}],"predecessor-version":[{"id":318087,"href":"https:\/\/dev.freakuence.nl\/fr\/wp-json\/wp\/v2\/product\/313905\/revisions\/318087"}],"wp:attachment":[{"href":"https:\/\/dev.freakuence.nl\/fr\/wp-json\/wp\/v2\/media?parent=313905"}],"wp:term":[{"taxonomy":"product_brand","embeddable":true,"href":"https:\/\/dev.freakuence.nl\/fr\/wp-json\/wp\/v2\/product_brand?post=313905"},{"taxonomy":"product_cat","embeddable":true,"href":"https:\/\/dev.freakuence.nl\/fr\/wp-json\/wp\/v2\/product_cat?post=313905"},{"taxonomy":"product_tag","embeddable":true,"href":"https:\/\/dev.freakuence.nl\/fr\/wp-json\/wp\/v2\/product_tag?post=313905"}],"curies":[{"name":"wp","href":"https:\/\/api.w.org\/{rel}","templated":true}]}}