{"id":314069,"date":"2025-10-30T11:06:05","date_gmt":"2025-10-30T10:06:05","guid":{"rendered":"https:\/\/dev.freakuence.nl\/product\/bw-cm7\/"},"modified":"2026-04-03T04:02:49","modified_gmt":"2026-04-03T02:02:49","slug":"bw-cm7","status":"publish","type":"product","link":"https:\/\/dev.freakuence.nl\/fr\/produit\/bw-cm7\/","title":{"rendered":"B&amp;W CM7"},"content":{"rendered":"<div class=\"product-specifications-list\">\n<div class=\"specification-item row-even\"><span class=\"spec-content\"><strong>Description Freakuence !<\/strong><\/span><\/div>\n<div class=\"specification-item row-odd\"><span class=\"spec-content\"><\/p>\n<p>Les pr\u00e9d\u00e9cesseurs de l&rsquo;actuelle s\u00e9rie 700. Le son est tr\u00e8s clair gr\u00e2ce \u00e0 leur beau tweeter. En raison du caisson plus grand que celui des CM8 (vraiment), les basses sont plus pr\u00e9sentes que ce \u00e0 quoi vous vous attendez.  <\/p>\n<p><\/span><\/div>\n<div class=\"specification-item row-even\"><span class=\"spec-content\"><strong>D\u00e9tails<\/strong><\/span><\/div>\n<div class=\"specification-item row-odd\"><span class=\"spec-content\">Prix de vente au d\u00e9tail : 333,00<\/span><\/div>\n<div class=\"specification-item row-even\"><span class=\"spec-content\"><strong>Histoire de la marque<\/strong><\/span><\/div>\n<div class=\"specification-item row-odd\"><span class=\"spec-content\"><\/p>\n<p>Bowers &amp; Wilkins, fond\u00e9e en 1966 par John Bowers et Roy Wilkins, a vu le jour dans la ville anglaise de Worthing. La soci\u00e9t\u00e9 est n\u00e9e de la passion de Bowers pour l&rsquo;ing\u00e9nierie du son, qu&rsquo;il avait d\u00e9velopp\u00e9e en travaillant dans un magasin d&rsquo;\u00e9lectronique. John Bowers \u00e9tait un perfectionniste tr\u00e8s attach\u00e9 \u00e0 la pr\u00e9cision acoustique.   Dans les ann\u00e9es qui suivent, la soci\u00e9t\u00e9 se d\u00e9veloppe sous la direction de Bowers, qui joue un r\u00f4le central jusqu&rsquo;\u00e0 sa mort en 1987. L&rsquo;accent a \u00e9t\u00e9 mis sur la recherche et le d\u00e9veloppement, l&rsquo;\u00e9quipe apportant des innovations dans la technologie de la reproduction sonore. Apr\u00e8s la mort de Bowers, l&rsquo;entreprise a pris de nouvelles directions sous l&rsquo;\u00e9gide de diff\u00e9rents propri\u00e9taires.  <\/p>\n<p><\/span><\/div>\n<\/div>\n","protected":false},"excerpt":{"rendered":"<p>Description Freakuence ! Les pr\u00e9d\u00e9cesseurs de l&rsquo;actuelle s\u00e9rie 700. Le son est tr\u00e8s clair gr\u00e2ce \u00e0 leur beau tweeter. En raison du caisson plus grand que celui des CM8 (vraiment), les basses sont plus pr\u00e9sentes que ce \u00e0 quoi vous vous attendez. D\u00e9tails Prix de vente au d\u00e9tail : 333,00 Histoire de la marque Bowers [&hellip;]<\/p>\n","protected":false},"featured_media":0,"template":"","meta":{"_acf_changed":false,"inline_featured_image":false},"product_brand":[],"product_cat":[551],"product_tag":[554],"class_list":{"0":"post-314069","1":"product","2":"type-product","3":"status-publish","5":"product_cat-intervenants","6":"product_tag-used","8":"first","9":"instock","10":"purchasable","11":"product-type-simple"},"acf":[],"yoast_head":"<!-- This site is optimized with the Yoast SEO plugin v25.9 - https:\/\/yoast.com\/wordpress\/plugins\/seo\/ -->\n<title>B&amp;W CM7 | Freakuence!<\/title>\n<meta name=\"robots\" content=\"noindex, follow, max-snippet:-1, max-image-preview:large, max-video-preview:-1\" \/>\n<meta property=\"og:locale\" content=\"fr_FR\" \/>\n<meta property=\"og:type\" content=\"article\" \/>\n<meta property=\"og:title\" content=\"B&amp;W CM7 | Freakuence!\" \/>\n<meta property=\"og:description\" content=\"Description Freakuence ! Les pr\u00e9d\u00e9cesseurs de l&rsquo;actuelle s\u00e9rie 700. Le son est tr\u00e8s clair gr\u00e2ce \u00e0 leur beau tweeter. En raison du caisson plus grand que celui des CM8 (vraiment), les basses sont plus pr\u00e9sentes que ce \u00e0 quoi vous vous attendez. D\u00e9tails Prix de vente au d\u00e9tail : 333,00 Histoire de la marque Bowers [&hellip;]\" \/>\n<meta property=\"og:url\" content=\"https:\/\/dev.freakuence.nl\/fr\/produit\/bw-cm7\/\" \/>\n<meta property=\"og:site_name\" content=\"Freakuence!\" \/>\n<meta property=\"article:modified_time\" content=\"2026-04-03T02:02:49+00:00\" \/>\n<meta name=\"twitter:card\" content=\"summary_large_image\" \/>\n<script type=\"application\/ld+json\" class=\"yoast-schema-graph\">{\"@context\":\"https:\/\/schema.org\",\"@graph\":[{\"@type\":\"WebPage\",\"@id\":\"https:\/\/dev.freakuence.nl\/fr\/produit\/bw-cm7\/\",\"url\":\"https:\/\/dev.freakuence.nl\/fr\/produit\/bw-cm7\/\",\"name\":\"B&amp;W CM7 | Freakuence!\",\"isPartOf\":{\"@id\":\"https:\/\/dev.freakuence.nl\/fr\/#website\"},\"datePublished\":\"2025-10-30T10:06:05+00:00\",\"dateModified\":\"2026-04-03T02:02:49+00:00\",\"breadcrumb\":{\"@id\":\"https:\/\/dev.freakuence.nl\/fr\/produit\/bw-cm7\/#breadcrumb\"},\"inLanguage\":\"fr-FR\",\"potentialAction\":[{\"@type\":\"ReadAction\",\"target\":[\"https:\/\/dev.freakuence.nl\/fr\/produit\/bw-cm7\/\"]}]},{\"@type\":\"BreadcrumbList\",\"@id\":\"https:\/\/dev.freakuence.nl\/fr\/produit\/bw-cm7\/#breadcrumb\",\"itemListElement\":[{\"@type\":\"ListItem\",\"position\":1,\"name\":\"Home\",\"item\":\"https:\/\/dev.freakuence.nl\/fr\/\"},{\"@type\":\"ListItem\",\"position\":2,\"name\":\"Products\",\"item\":\"https:\/\/dev.freakuence.nl\/en\/products\/\"},{\"@type\":\"ListItem\",\"position\":3,\"name\":\"N&amp;B CM7\"}]},{\"@type\":\"WebSite\",\"@id\":\"https:\/\/dev.freakuence.nl\/fr\/#website\",\"url\":\"https:\/\/dev.freakuence.nl\/fr\/\",\"name\":\"Freakuence!\",\"description\":\"Freakuence!\",\"alternateName\":\"Freakuence\",\"potentialAction\":[{\"@type\":\"SearchAction\",\"target\":{\"@type\":\"EntryPoint\",\"urlTemplate\":\"https:\/\/dev.freakuence.nl\/fr\/?s={search_term_string}\"},\"query-input\":{\"@type\":\"PropertyValueSpecification\",\"valueRequired\":true,\"valueName\":\"search_term_string\"}}],\"inLanguage\":\"fr-FR\"}]}<\/script>\n<!-- \/ Yoast SEO plugin. -->","yoast_head_json":{"title":"B&amp;W CM7 | Freakuence!","robots":{"index":"noindex","follow":"follow","max-snippet":"max-snippet:-1","max-image-preview":"max-image-preview:large","max-video-preview":"max-video-preview:-1"},"og_locale":"fr_FR","og_type":"article","og_title":"B&amp;W CM7 | Freakuence!","og_description":"Description Freakuence ! Les pr\u00e9d\u00e9cesseurs de l&rsquo;actuelle s\u00e9rie 700. Le son est tr\u00e8s clair gr\u00e2ce \u00e0 leur beau tweeter. En raison du caisson plus grand que celui des CM8 (vraiment), les basses sont plus pr\u00e9sentes que ce \u00e0 quoi vous vous attendez. D\u00e9tails Prix de vente au d\u00e9tail : 333,00 Histoire de la marque Bowers [&hellip;]","og_url":"https:\/\/dev.freakuence.nl\/fr\/produit\/bw-cm7\/","og_site_name":"Freakuence!","article_modified_time":"2026-04-03T02:02:49+00:00","twitter_card":"summary_large_image","schema":{"@context":"https:\/\/schema.org","@graph":[{"@type":"WebPage","@id":"https:\/\/dev.freakuence.nl\/fr\/produit\/bw-cm7\/","url":"https:\/\/dev.freakuence.nl\/fr\/produit\/bw-cm7\/","name":"B&amp;W CM7 | Freakuence!","isPartOf":{"@id":"https:\/\/dev.freakuence.nl\/fr\/#website"},"datePublished":"2025-10-30T10:06:05+00:00","dateModified":"2026-04-03T02:02:49+00:00","breadcrumb":{"@id":"https:\/\/dev.freakuence.nl\/fr\/produit\/bw-cm7\/#breadcrumb"},"inLanguage":"fr-FR","potentialAction":[{"@type":"ReadAction","target":["https:\/\/dev.freakuence.nl\/fr\/produit\/bw-cm7\/"]}]},{"@type":"BreadcrumbList","@id":"https:\/\/dev.freakuence.nl\/fr\/produit\/bw-cm7\/#breadcrumb","itemListElement":[{"@type":"ListItem","position":1,"name":"Home","item":"https:\/\/dev.freakuence.nl\/fr\/"},{"@type":"ListItem","position":2,"name":"Products","item":"https:\/\/dev.freakuence.nl\/en\/products\/"},{"@type":"ListItem","position":3,"name":"N&amp;B CM7"}]},{"@type":"WebSite","@id":"https:\/\/dev.freakuence.nl\/fr\/#website","url":"https:\/\/dev.freakuence.nl\/fr\/","name":"Freakuence!","description":"Freakuence!","alternateName":"Freakuence","potentialAction":[{"@type":"SearchAction","target":{"@type":"EntryPoint","urlTemplate":"https:\/\/dev.freakuence.nl\/fr\/?s={search_term_string}"},"query-input":{"@type":"PropertyValueSpecification","valueRequired":true,"valueName":"search_term_string"}}],"inLanguage":"fr-FR"}]}},"_links":{"self":[{"href":"https:\/\/dev.freakuence.nl\/fr\/wp-json\/wp\/v2\/product\/314069","targetHints":{"allow":["GET"]}}],"collection":[{"href":"https:\/\/dev.freakuence.nl\/fr\/wp-json\/wp\/v2\/product"}],"about":[{"href":"https:\/\/dev.freakuence.nl\/fr\/wp-json\/wp\/v2\/types\/product"}],"version-history":[{"count":1,"href":"https:\/\/dev.freakuence.nl\/fr\/wp-json\/wp\/v2\/product\/314069\/revisions"}],"predecessor-version":[{"id":317933,"href":"https:\/\/dev.freakuence.nl\/fr\/wp-json\/wp\/v2\/product\/314069\/revisions\/317933"}],"wp:attachment":[{"href":"https:\/\/dev.freakuence.nl\/fr\/wp-json\/wp\/v2\/media?parent=314069"}],"wp:term":[{"taxonomy":"product_brand","embeddable":true,"href":"https:\/\/dev.freakuence.nl\/fr\/wp-json\/wp\/v2\/product_brand?post=314069"},{"taxonomy":"product_cat","embeddable":true,"href":"https:\/\/dev.freakuence.nl\/fr\/wp-json\/wp\/v2\/product_cat?post=314069"},{"taxonomy":"product_tag","embeddable":true,"href":"https:\/\/dev.freakuence.nl\/fr\/wp-json\/wp\/v2\/product_tag?post=314069"}],"curies":[{"name":"wp","href":"https:\/\/api.w.org\/{rel}","templated":true}]}}