{"id":314262,"date":"2025-11-13T09:01:02","date_gmt":"2025-11-13T08:01:02","guid":{"rendered":"https:\/\/dev.freakuence.nl\/product\/lumin-u1\/"},"modified":"2025-11-13T09:01:02","modified_gmt":"2025-11-13T08:01:02","slug":"lumin-u1","status":"publish","type":"product","link":"https:\/\/dev.freakuence.nl\/fr\/produit\/lumin-u1\/","title":{"rendered":"LUMIN U1"},"content":{"rendered":"<div class=\"product-specifications-list\">\n<div class=\"specification-item row-even\"><span class=\"spec-content\"><strong>Description Freakuence !<\/strong><\/span><\/div>\n<div class=\"specification-item row-odd\"><span class=\"spec-content\"><\/p>\n<p>Plus d&rsquo;informations d&rsquo;un seul coup ! Ce qui est particuli\u00e8rement frappant, c&rsquo;est que chaque son\/instrument est plus tangible. Ce n&rsquo;est qu&rsquo;un streamer, pas de dac, donc une somme importante. Mais il s&rsquo;agit d&rsquo;une am\u00e9lioration consid\u00e9rable par rapport aux streamers moins chers&#8230; C&rsquo;est comme connecter un meilleur dac.    Oui !<\/span><\/div>\n<div class=\"specification-item row-even\"><span class=\"spec-content\">\u00c9galement disponible en noir.<\/p>\n<p><\/span><\/div>\n<div class=\"specification-item row-odd\"><span class=\"spec-content\"><strong>D\u00e9tails<\/strong><\/span><\/div>\n<div class=\"specification-item row-even\"><span class=\"spec-content\">Prix de vente au d\u00e9tail : 6799.00<\/span><\/div>\n<div class=\"specification-item row-odd\"><span class=\"spec-content\"><strong>Informations g\u00e9n\u00e9rales<\/strong><\/span><\/div>\n<div class=\"specification-item row-even\"><span class=\"spec-content\"><\/p>\n<p>Le LUMIN A1 a \u00e9t\u00e9 con\u00e7u par l&rsquo;\u00e9quipe de LUMIN, bas\u00e9e \u00e0 Hong Kong, comme le premier produit de la marque. Le design allie performance audiophile et facilit\u00e9 d&rsquo;utilisation. Il a \u00e9t\u00e9 d\u00e9velopp\u00e9 par une \u00e9quipe exp\u00e9riment\u00e9e dans le domaine de l&rsquo;audio haut de gamme et des logiciels. Le bo\u00eetier est enti\u00e8rement fabriqu\u00e9 en aluminium massif, pour un blindage et un amortissement des vibrations optimaux. En interne, ils utilisent des DACs ESS SABRE de haute qualit\u00e9 et une alimentation lin\u00e9aire.   <\/p>\n<p><\/span><\/div>\n<div class=\"specification-item row-odd\"><span class=\"spec-content\"><strong>Histoire de la marque<\/strong><\/span><\/div>\n<div class=\"specification-item row-even\"><span class=\"spec-content\"><\/p>\n<p>En 2012, LUMIN a pr\u00e9sent\u00e9 le premier lecteur r\u00e9seau au monde capable de lire des fichiers DSD. Apr\u00e8s deux ans de d\u00e9veloppement et des centaines d&rsquo;heures d&rsquo;\u00e9coute critique, ce produit a \u00e9t\u00e9 lanc\u00e9 avec un seul message sur un forum. Depuis, LUMIN a \u00e9largi sa gamme \u00e0 neuf mod\u00e8les, dans des gammes de prix vari\u00e9es. Tous les produits sont ax\u00e9s sur la lecture naturelle de la musique, le d\u00e9veloppement continu de logiciels et une exp\u00e9rience de streaming transparente. Ces derni\u00e8res ann\u00e9es, LUMIN a ajout\u00e9 la prise en charge de services tels que Roon, MQA et Spotify. En outre, l&rsquo;entreprise a introduit des fonctionnalit\u00e9s telles que le Leedh Processing, une technologie de contr\u00f4le du volume num\u00e9rique. LUMIN d\u00e9veloppe le mat\u00e9riel, le micrologiciel et le logiciel en interne, ce qui permet une mise en \u0153uvre rapide des nouvelles fonctionnalit\u00e9s.      <\/p>\n<p><\/span><\/div>\n<\/div>\n","protected":false},"excerpt":{"rendered":"<p>Description Freakuence ! Plus d&rsquo;informations d&rsquo;un seul coup ! Ce qui est particuli\u00e8rement frappant, c&rsquo;est que chaque son\/instrument est plus tangible. Ce n&rsquo;est qu&rsquo;un streamer, pas de dac, donc une somme importante. Mais il s&rsquo;agit d&rsquo;une am\u00e9lioration consid\u00e9rable par rapport aux streamers moins chers&#8230; C&rsquo;est comme connecter un meilleur dac. Oui ! \u00c9galement disponible en [&hellip;]<\/p>\n","protected":false},"featured_media":0,"template":"","meta":{"_acf_changed":false,"inline_featured_image":false},"product_brand":[],"product_cat":[595],"product_tag":[554],"class_list":{"0":"post-314262","1":"product","2":"type-product","3":"status-publish","5":"product_cat-dac-et-streamers","6":"product_tag-used","8":"first","9":"instock","10":"purchasable","11":"product-type-simple"},"acf":[],"yoast_head":"<!-- This site is optimized with the Yoast SEO plugin v25.9 - https:\/\/yoast.com\/wordpress\/plugins\/seo\/ -->\n<title>LUMIN U1 | Freakuence!<\/title>\n<meta name=\"robots\" content=\"noindex, follow, max-snippet:-1, max-image-preview:large, max-video-preview:-1\" \/>\n<meta property=\"og:locale\" content=\"fr_FR\" \/>\n<meta property=\"og:type\" content=\"article\" \/>\n<meta property=\"og:title\" content=\"LUMIN U1 | Freakuence!\" \/>\n<meta property=\"og:description\" content=\"Description Freakuence ! Plus d&rsquo;informations d&rsquo;un seul coup ! Ce qui est particuli\u00e8rement frappant, c&rsquo;est que chaque son\/instrument est plus tangible. Ce n&rsquo;est qu&rsquo;un streamer, pas de dac, donc une somme importante. Mais il s&rsquo;agit d&rsquo;une am\u00e9lioration consid\u00e9rable par rapport aux streamers moins chers&#8230; C&rsquo;est comme connecter un meilleur dac. Oui ! \u00c9galement disponible en [&hellip;]\" \/>\n<meta property=\"og:url\" content=\"https:\/\/dev.freakuence.nl\/fr\/produit\/lumin-u1\/\" \/>\n<meta property=\"og:site_name\" content=\"Freakuence!\" \/>\n<meta name=\"twitter:card\" content=\"summary_large_image\" \/>\n<script type=\"application\/ld+json\" class=\"yoast-schema-graph\">{\"@context\":\"https:\/\/schema.org\",\"@graph\":[{\"@type\":\"WebPage\",\"@id\":\"https:\/\/dev.freakuence.nl\/fr\/produit\/lumin-u1\/\",\"url\":\"https:\/\/dev.freakuence.nl\/fr\/produit\/lumin-u1\/\",\"name\":\"LUMIN U1 | Freakuence!\",\"isPartOf\":{\"@id\":\"https:\/\/dev.freakuence.nl\/fr\/#website\"},\"datePublished\":\"2025-11-13T08:01:02+00:00\",\"breadcrumb\":{\"@id\":\"https:\/\/dev.freakuence.nl\/fr\/produit\/lumin-u1\/#breadcrumb\"},\"inLanguage\":\"fr-FR\",\"potentialAction\":[{\"@type\":\"ReadAction\",\"target\":[\"https:\/\/dev.freakuence.nl\/fr\/produit\/lumin-u1\/\"]}]},{\"@type\":\"BreadcrumbList\",\"@id\":\"https:\/\/dev.freakuence.nl\/fr\/produit\/lumin-u1\/#breadcrumb\",\"itemListElement\":[{\"@type\":\"ListItem\",\"position\":1,\"name\":\"Accueil\",\"item\":\"https:\/\/dev.freakuence.nl\/fr\/\"},{\"@type\":\"ListItem\",\"position\":2,\"name\":\"Products\",\"item\":\"https:\/\/dev.freakuence.nl\/en\/products\/\"},{\"@type\":\"ListItem\",\"position\":3,\"name\":\"LUMIN U1\"}]},{\"@type\":\"WebSite\",\"@id\":\"https:\/\/dev.freakuence.nl\/fr\/#website\",\"url\":\"https:\/\/dev.freakuence.nl\/fr\/\",\"name\":\"Freakuence!\",\"description\":\"Freakuence!\",\"alternateName\":\"Freakuence\",\"potentialAction\":[{\"@type\":\"SearchAction\",\"target\":{\"@type\":\"EntryPoint\",\"urlTemplate\":\"https:\/\/dev.freakuence.nl\/fr\/?s={search_term_string}\"},\"query-input\":{\"@type\":\"PropertyValueSpecification\",\"valueRequired\":true,\"valueName\":\"search_term_string\"}}],\"inLanguage\":\"fr-FR\"}]}<\/script>\n<!-- \/ Yoast SEO plugin. -->","yoast_head_json":{"title":"LUMIN U1 | Freakuence!","robots":{"index":"noindex","follow":"follow","max-snippet":"max-snippet:-1","max-image-preview":"max-image-preview:large","max-video-preview":"max-video-preview:-1"},"og_locale":"fr_FR","og_type":"article","og_title":"LUMIN U1 | Freakuence!","og_description":"Description Freakuence ! Plus d&rsquo;informations d&rsquo;un seul coup ! Ce qui est particuli\u00e8rement frappant, c&rsquo;est que chaque son\/instrument est plus tangible. Ce n&rsquo;est qu&rsquo;un streamer, pas de dac, donc une somme importante. Mais il s&rsquo;agit d&rsquo;une am\u00e9lioration consid\u00e9rable par rapport aux streamers moins chers&#8230; C&rsquo;est comme connecter un meilleur dac. Oui ! \u00c9galement disponible en [&hellip;]","og_url":"https:\/\/dev.freakuence.nl\/fr\/produit\/lumin-u1\/","og_site_name":"Freakuence!","twitter_card":"summary_large_image","schema":{"@context":"https:\/\/schema.org","@graph":[{"@type":"WebPage","@id":"https:\/\/dev.freakuence.nl\/fr\/produit\/lumin-u1\/","url":"https:\/\/dev.freakuence.nl\/fr\/produit\/lumin-u1\/","name":"LUMIN U1 | Freakuence!","isPartOf":{"@id":"https:\/\/dev.freakuence.nl\/fr\/#website"},"datePublished":"2025-11-13T08:01:02+00:00","breadcrumb":{"@id":"https:\/\/dev.freakuence.nl\/fr\/produit\/lumin-u1\/#breadcrumb"},"inLanguage":"fr-FR","potentialAction":[{"@type":"ReadAction","target":["https:\/\/dev.freakuence.nl\/fr\/produit\/lumin-u1\/"]}]},{"@type":"BreadcrumbList","@id":"https:\/\/dev.freakuence.nl\/fr\/produit\/lumin-u1\/#breadcrumb","itemListElement":[{"@type":"ListItem","position":1,"name":"Accueil","item":"https:\/\/dev.freakuence.nl\/fr\/"},{"@type":"ListItem","position":2,"name":"Products","item":"https:\/\/dev.freakuence.nl\/en\/products\/"},{"@type":"ListItem","position":3,"name":"LUMIN U1"}]},{"@type":"WebSite","@id":"https:\/\/dev.freakuence.nl\/fr\/#website","url":"https:\/\/dev.freakuence.nl\/fr\/","name":"Freakuence!","description":"Freakuence!","alternateName":"Freakuence","potentialAction":[{"@type":"SearchAction","target":{"@type":"EntryPoint","urlTemplate":"https:\/\/dev.freakuence.nl\/fr\/?s={search_term_string}"},"query-input":{"@type":"PropertyValueSpecification","valueRequired":true,"valueName":"search_term_string"}}],"inLanguage":"fr-FR"}]}},"_links":{"self":[{"href":"https:\/\/dev.freakuence.nl\/fr\/wp-json\/wp\/v2\/product\/314262","targetHints":{"allow":["GET"]}}],"collection":[{"href":"https:\/\/dev.freakuence.nl\/fr\/wp-json\/wp\/v2\/product"}],"about":[{"href":"https:\/\/dev.freakuence.nl\/fr\/wp-json\/wp\/v2\/types\/product"}],"version-history":[{"count":0,"href":"https:\/\/dev.freakuence.nl\/fr\/wp-json\/wp\/v2\/product\/314262\/revisions"}],"wp:attachment":[{"href":"https:\/\/dev.freakuence.nl\/fr\/wp-json\/wp\/v2\/media?parent=314262"}],"wp:term":[{"taxonomy":"product_brand","embeddable":true,"href":"https:\/\/dev.freakuence.nl\/fr\/wp-json\/wp\/v2\/product_brand?post=314262"},{"taxonomy":"product_cat","embeddable":true,"href":"https:\/\/dev.freakuence.nl\/fr\/wp-json\/wp\/v2\/product_cat?post=314262"},{"taxonomy":"product_tag","embeddable":true,"href":"https:\/\/dev.freakuence.nl\/fr\/wp-json\/wp\/v2\/product_tag?post=314262"}],"curies":[{"name":"wp","href":"https:\/\/api.w.org\/{rel}","templated":true}]}}