{"id":314285,"date":"2025-10-03T11:14:01","date_gmt":"2025-10-03T09:14:01","guid":{"rendered":"https:\/\/dev.freakuence.nl\/product\/audioquest-big-sur-rca-xlr-m-naim-nap250-200cm\/"},"modified":"2025-10-03T11:14:01","modified_gmt":"2025-10-03T09:14:01","slug":"audioquest-big-sur-rca-xlr-m-naim-nap250-200cm","status":"publish","type":"product","link":"https:\/\/dev.freakuence.nl\/fr\/produit\/audioquest-big-sur-rca-xlr-m-naim-nap250-200cm\/","title":{"rendered":"AudioQuest BIG SUR RCA &gt; XLR-M (Naim NAP250) 200cm"},"content":{"rendered":"<div class=\"product-specifications-list\">\n<div class=\"specification-item row-even\"><span class=\"spec-content\"><strong>Histoire de la marque<\/strong><\/span><\/div>\n<div class=\"specification-item row-odd\"><span class=\"spec-content\"><\/p>\n<p>AudioQuest a \u00e9t\u00e9 fond\u00e9e en 1980 par William E. Low. La marque se concentre sur le d\u00e9veloppement et la fabrication de c\u00e2bles et d&rsquo;accessoires de haute qualit\u00e9. En commen\u00e7ant par la production de lignes de c\u00e2bles, AudioQuest s&rsquo;est \u00e9tendu au fil des ans \u00e0 une large gamme de produits. Depuis sa cr\u00e9ation, la soci\u00e9t\u00e9 s&rsquo;est concentr\u00e9e sur les aspects techniques de la transmission des signaux afin d&rsquo;offrir des performances maximales. AudioQuest est connue pour utiliser des mat\u00e9riaux de haute qualit\u00e9 et des techniques avanc\u00e9es dans ses produits. La gamme de produits de la marque comprend des c\u00e2bles HDMI, des c\u00e2bles d&rsquo;alimentation, des c\u00e2bles pour haut-parleurs et divers accessoires audio. Gr\u00e2ce \u00e0 des collaborations avec divers partenaires technologiques, AudioQuest a pu d\u00e9velopper sa gamme de produits. Les produits de la soci\u00e9t\u00e9 sont distribu\u00e9s dans le monde entier et peuvent \u00eatre trouv\u00e9s chez les d\u00e9taillants sp\u00e9cialis\u00e9s. AudioQuest s&rsquo;engage \u00e0 poursuivre la recherche et le d\u00e9veloppement afin d&rsquo;am\u00e9liorer la qualit\u00e9 de sa gamme de produits.        <\/p>\n<p><\/span><\/div>\n<\/div>\n","protected":false},"excerpt":{"rendered":"<p>Histoire de la marque AudioQuest a \u00e9t\u00e9 fond\u00e9e en 1980 par William E. Low. La marque se concentre sur le d\u00e9veloppement et la fabrication de c\u00e2bles et d&rsquo;accessoires de haute qualit\u00e9. En commen\u00e7ant par la production de lignes de c\u00e2bles, AudioQuest s&rsquo;est \u00e9tendu au fil des ans \u00e0 une large gamme de produits. Depuis sa [&hellip;]<\/p>\n","protected":false},"featured_media":0,"template":"","meta":{"_acf_changed":false,"inline_featured_image":false},"product_brand":[],"product_cat":[561],"product_tag":[579],"class_list":{"0":"post-314285","1":"product","2":"type-product","3":"status-publish","5":"product_cat-audio","6":"product_tag-nouveau","8":"first","9":"instock","10":"taxable","11":"shipping-taxable","12":"purchasable","13":"product-type-simple"},"acf":[],"yoast_head":"<!-- This site is optimized with the Yoast SEO plugin v25.9 - https:\/\/yoast.com\/wordpress\/plugins\/seo\/ -->\n<title>AudioQuest BIG SUR RCA &gt; XLR-M (Naim NAP250) 200cm | Freakuence!<\/title>\n<meta name=\"robots\" content=\"noindex, follow, max-snippet:-1, max-image-preview:large, max-video-preview:-1\" \/>\n<meta property=\"og:locale\" content=\"fr_FR\" \/>\n<meta property=\"og:type\" content=\"article\" \/>\n<meta property=\"og:title\" content=\"AudioQuest BIG SUR RCA &gt; XLR-M (Naim NAP250) 200cm | Freakuence!\" \/>\n<meta property=\"og:description\" content=\"Histoire de la marque AudioQuest a \u00e9t\u00e9 fond\u00e9e en 1980 par William E. Low. La marque se concentre sur le d\u00e9veloppement et la fabrication de c\u00e2bles et d&rsquo;accessoires de haute qualit\u00e9. En commen\u00e7ant par la production de lignes de c\u00e2bles, AudioQuest s&rsquo;est \u00e9tendu au fil des ans \u00e0 une large gamme de produits. Depuis sa [&hellip;]\" \/>\n<meta property=\"og:url\" content=\"https:\/\/dev.freakuence.nl\/fr\/produit\/audioquest-big-sur-rca-xlr-m-naim-nap250-200cm\/\" \/>\n<meta property=\"og:site_name\" content=\"Freakuence!\" \/>\n<meta name=\"twitter:card\" content=\"summary_large_image\" \/>\n<script type=\"application\/ld+json\" class=\"yoast-schema-graph\">{\"@context\":\"https:\/\/schema.org\",\"@graph\":[{\"@type\":\"WebPage\",\"@id\":\"https:\/\/dev.freakuence.nl\/fr\/produit\/audioquest-big-sur-rca-xlr-m-naim-nap250-200cm\/\",\"url\":\"https:\/\/dev.freakuence.nl\/fr\/produit\/audioquest-big-sur-rca-xlr-m-naim-nap250-200cm\/\",\"name\":\"AudioQuest BIG SUR RCA &gt; XLR-M (Naim NAP250) 200cm | Freakuence!\",\"isPartOf\":{\"@id\":\"https:\/\/dev.freakuence.nl\/fr\/#website\"},\"datePublished\":\"2025-10-03T09:14:01+00:00\",\"breadcrumb\":{\"@id\":\"https:\/\/dev.freakuence.nl\/fr\/produit\/audioquest-big-sur-rca-xlr-m-naim-nap250-200cm\/#breadcrumb\"},\"inLanguage\":\"fr-FR\",\"potentialAction\":[{\"@type\":\"ReadAction\",\"target\":[\"https:\/\/dev.freakuence.nl\/fr\/produit\/audioquest-big-sur-rca-xlr-m-naim-nap250-200cm\/\"]}]},{\"@type\":\"BreadcrumbList\",\"@id\":\"https:\/\/dev.freakuence.nl\/fr\/produit\/audioquest-big-sur-rca-xlr-m-naim-nap250-200cm\/#breadcrumb\",\"itemListElement\":[{\"@type\":\"ListItem\",\"position\":1,\"name\":\"Accueil\",\"item\":\"https:\/\/dev.freakuence.nl\/fr\/\"},{\"@type\":\"ListItem\",\"position\":2,\"name\":\"Products\",\"item\":\"https:\/\/dev.freakuence.nl\/en\/products\/\"},{\"@type\":\"ListItem\",\"position\":3,\"name\":\"AudioQuest BIG SUR RCA &gt; XLR-M (Naim NAP250) 200cm\"}]},{\"@type\":\"WebSite\",\"@id\":\"https:\/\/dev.freakuence.nl\/fr\/#website\",\"url\":\"https:\/\/dev.freakuence.nl\/fr\/\",\"name\":\"Freakuence!\",\"description\":\"Freakuence!\",\"alternateName\":\"Freakuence\",\"potentialAction\":[{\"@type\":\"SearchAction\",\"target\":{\"@type\":\"EntryPoint\",\"urlTemplate\":\"https:\/\/dev.freakuence.nl\/fr\/?s={search_term_string}\"},\"query-input\":{\"@type\":\"PropertyValueSpecification\",\"valueRequired\":true,\"valueName\":\"search_term_string\"}}],\"inLanguage\":\"fr-FR\"}]}<\/script>\n<!-- \/ Yoast SEO plugin. -->","yoast_head_json":{"title":"AudioQuest BIG SUR RCA &gt; XLR-M (Naim NAP250) 200cm | Freakuence!","robots":{"index":"noindex","follow":"follow","max-snippet":"max-snippet:-1","max-image-preview":"max-image-preview:large","max-video-preview":"max-video-preview:-1"},"og_locale":"fr_FR","og_type":"article","og_title":"AudioQuest BIG SUR RCA &gt; XLR-M (Naim NAP250) 200cm | Freakuence!","og_description":"Histoire de la marque AudioQuest a \u00e9t\u00e9 fond\u00e9e en 1980 par William E. Low. La marque se concentre sur le d\u00e9veloppement et la fabrication de c\u00e2bles et d&rsquo;accessoires de haute qualit\u00e9. En commen\u00e7ant par la production de lignes de c\u00e2bles, AudioQuest s&rsquo;est \u00e9tendu au fil des ans \u00e0 une large gamme de produits. Depuis sa [&hellip;]","og_url":"https:\/\/dev.freakuence.nl\/fr\/produit\/audioquest-big-sur-rca-xlr-m-naim-nap250-200cm\/","og_site_name":"Freakuence!","twitter_card":"summary_large_image","schema":{"@context":"https:\/\/schema.org","@graph":[{"@type":"WebPage","@id":"https:\/\/dev.freakuence.nl\/fr\/produit\/audioquest-big-sur-rca-xlr-m-naim-nap250-200cm\/","url":"https:\/\/dev.freakuence.nl\/fr\/produit\/audioquest-big-sur-rca-xlr-m-naim-nap250-200cm\/","name":"AudioQuest BIG SUR RCA &gt; XLR-M (Naim NAP250) 200cm | Freakuence!","isPartOf":{"@id":"https:\/\/dev.freakuence.nl\/fr\/#website"},"datePublished":"2025-10-03T09:14:01+00:00","breadcrumb":{"@id":"https:\/\/dev.freakuence.nl\/fr\/produit\/audioquest-big-sur-rca-xlr-m-naim-nap250-200cm\/#breadcrumb"},"inLanguage":"fr-FR","potentialAction":[{"@type":"ReadAction","target":["https:\/\/dev.freakuence.nl\/fr\/produit\/audioquest-big-sur-rca-xlr-m-naim-nap250-200cm\/"]}]},{"@type":"BreadcrumbList","@id":"https:\/\/dev.freakuence.nl\/fr\/produit\/audioquest-big-sur-rca-xlr-m-naim-nap250-200cm\/#breadcrumb","itemListElement":[{"@type":"ListItem","position":1,"name":"Accueil","item":"https:\/\/dev.freakuence.nl\/fr\/"},{"@type":"ListItem","position":2,"name":"Products","item":"https:\/\/dev.freakuence.nl\/en\/products\/"},{"@type":"ListItem","position":3,"name":"AudioQuest BIG SUR RCA &gt; XLR-M (Naim NAP250) 200cm"}]},{"@type":"WebSite","@id":"https:\/\/dev.freakuence.nl\/fr\/#website","url":"https:\/\/dev.freakuence.nl\/fr\/","name":"Freakuence!","description":"Freakuence!","alternateName":"Freakuence","potentialAction":[{"@type":"SearchAction","target":{"@type":"EntryPoint","urlTemplate":"https:\/\/dev.freakuence.nl\/fr\/?s={search_term_string}"},"query-input":{"@type":"PropertyValueSpecification","valueRequired":true,"valueName":"search_term_string"}}],"inLanguage":"fr-FR"}]}},"_links":{"self":[{"href":"https:\/\/dev.freakuence.nl\/fr\/wp-json\/wp\/v2\/product\/314285","targetHints":{"allow":["GET"]}}],"collection":[{"href":"https:\/\/dev.freakuence.nl\/fr\/wp-json\/wp\/v2\/product"}],"about":[{"href":"https:\/\/dev.freakuence.nl\/fr\/wp-json\/wp\/v2\/types\/product"}],"version-history":[{"count":0,"href":"https:\/\/dev.freakuence.nl\/fr\/wp-json\/wp\/v2\/product\/314285\/revisions"}],"wp:attachment":[{"href":"https:\/\/dev.freakuence.nl\/fr\/wp-json\/wp\/v2\/media?parent=314285"}],"wp:term":[{"taxonomy":"product_brand","embeddable":true,"href":"https:\/\/dev.freakuence.nl\/fr\/wp-json\/wp\/v2\/product_brand?post=314285"},{"taxonomy":"product_cat","embeddable":true,"href":"https:\/\/dev.freakuence.nl\/fr\/wp-json\/wp\/v2\/product_cat?post=314285"},{"taxonomy":"product_tag","embeddable":true,"href":"https:\/\/dev.freakuence.nl\/fr\/wp-json\/wp\/v2\/product_tag?post=314285"}],"curies":[{"name":"wp","href":"https:\/\/api.w.org\/{rel}","templated":true}]}}