{"id":314401,"date":"2026-01-20T07:58:29","date_gmt":"2026-01-20T06:58:29","guid":{"rendered":"https:\/\/dev.freakuence.nl\/product\/hegel-h120\/"},"modified":"2026-01-20T12:22:03","modified_gmt":"2026-01-20T11:22:03","slug":"hegel-h120","status":"publish","type":"product","link":"https:\/\/dev.freakuence.nl\/fr\/produit\/hegel-h120\/","title":{"rendered":"Hegel H120"},"content":{"rendered":"<div class=\"product-specifications-list\">\n<div class=\"specification-item row-even\"><span class=\"spec-content\"><strong>Description Freakuence !<\/strong><\/span><\/div>\n<div class=\"specification-item row-odd\"><span class=\"spec-content\">Le H120 d\u00e9passe largement le H95 en termes de reproduction, ce qui est particuli\u00e8rement perceptible dans les basses fr\u00e9quences. Il y a plus de d\u00e9finition, et gr\u00e2ce \u00e0 cela, les m\u00e9diums et les aigus sont \u00e9galement \u00e9lev\u00e9s \u00e0 un autre niveau. Avec le dac interne. Joue de mani\u00e8re velout\u00e9e et avec toute la facilit\u00e9 voulue. Beaucoup de puissance et de contr\u00f4le.      <br \/>  Prix de vente au d\u00e9tail : 2495.00<\/span><\/div>\n<div class=\"specification-item row-even\"><span class=\"spec-content\"><strong>Description g\u00e9n\u00e9rale<\/strong><\/span><\/div>\n<div class=\"specification-item row-odd\"><span class=\"spec-content\"><\/p>\n<p>Le Hegel H120 est un amplificateur int\u00e9gr\u00e9 connu pour sa reproduction sonore naturelle. Gr\u00e2ce \u00e0 la technologie SoundEngine 2, les distorsions sont \u00e9limin\u00e9es en temps r\u00e9el, ce qui permet d&rsquo;obtenir un son pur et clair. Avec plusieurs entr\u00e9es analogiques et num\u00e9riques, dont XLR, RCA, coaxiales, optiques et USB, le H120 offre une grande flexibilit\u00e9 pour diff\u00e9rentes sources audio. En outre, il prend en charge le streaming via Apple AirPlay, Spotify Connect et UPnP, ce qui facilite la lecture de musique \u00e0 partir de divers appareils. Con\u00e7u pour alimenter une large gamme de haut-parleurs, le H120 offre des performances constantes et fiables. Avec son design \u00e9l\u00e9gant et fonctionnel, l&rsquo;amplificateur s&rsquo;int\u00e8gre dans de nombreux int\u00e9rieurs. Le H120 est un choix polyvalent pour les amateurs de lecture audio de haute qualit\u00e9.      <\/p>\n<p><\/span><\/div>\n<div class=\"specification-item row-even\"><span class=\"spec-content\"><strong>Informations g\u00e9n\u00e9rales<\/strong><\/span><\/div>\n<div class=\"specification-item row-odd\"><span class=\"spec-content\"><\/p>\n<p>Le Hegel H120 a \u00e9t\u00e9 con\u00e7u par Bent Holter, fondateur et ing\u00e9nieur en chef de Hegel. L&rsquo;amplificateur int\u00e9gr\u00e9 combine la finesse analogique avec un DAC avanc\u00e9, utilisant la technologie SoundEngine 2 de Hegel pour une faible distorsion. Le coffret est en aluminium massif et le c\u00e2blage interne est de haute qualit\u00e9. Tout a \u00e9t\u00e9 d\u00e9velopp\u00e9 et fabriqu\u00e9 en Norv\u00e8ge avec des composants soigneusement s\u00e9lectionn\u00e9s en Europe et en Asie.   <\/p>\n<p><\/span><\/div>\n<div class=\"specification-item row-even\"><span class=\"spec-content\"><strong>Histoire de la marque<\/strong><\/span><\/div>\n<div class=\"specification-item row-odd\"><span class=\"spec-content\"><\/p>\n<p>Hegel a \u00e9t\u00e9 fond\u00e9e en Norv\u00e8ge \u00e0 la fin des ann\u00e9es 1980 par Bent Holter. Dans le cadre de son projet de fin d&rsquo;\u00e9tudes \u00e0 l&rsquo;universit\u00e9 de technologie de Trondheim, il a mis au point une solution pour r\u00e9duire la distorsion dans les amplificateurs \u00e0 transistors. C&rsquo;est ainsi qu&rsquo;est n\u00e9e la technologie qui sera plus tard connue sous le nom de SoundEngine. En 1988, le nom Hegel a \u00e9t\u00e9 utilis\u00e9 pour la premi\u00e8re fois pour un amplificateur. Dans les ann\u00e9es 1990, l&rsquo;entreprise a lanc\u00e9 plusieurs lecteurs de CD et amplificateurs. En 1996, le premier amplificateur enti\u00e8rement sym\u00e9trique a \u00e9t\u00e9 introduit. Vers 2004, la marque a commenc\u00e9 \u00e0 d\u00e9velopper des convertisseurs DA. Plus tard, les produits ont \u00e9t\u00e9 \u00e9quip\u00e9s de capacit\u00e9s de mise en r\u00e9seau pour prendre en charge la lecture de musique num\u00e9rique. Hegel commercialise exclusivement ses propres produits \u00e9lectroniques, en d\u00e9veloppant elle-m\u00eame la conception des circuits et les logiciels n\u00e9cessaires. L&rsquo;entreprise assure la distribution internationale de ses produits depuis la Norv\u00e8ge.         <\/p>\n<p><\/span><\/div>\n<\/div>\n","protected":false},"excerpt":{"rendered":"<p>Description Freakuence ! Le H120 d\u00e9passe largement le H95 en termes de reproduction, ce qui est particuli\u00e8rement perceptible dans les basses fr\u00e9quences. Il y a plus de d\u00e9finition, et gr\u00e2ce \u00e0 cela, les m\u00e9diums et les aigus sont \u00e9galement \u00e9lev\u00e9s \u00e0 un autre niveau. Avec le dac interne. Joue de mani\u00e8re velout\u00e9e et avec toute [&hellip;]<\/p>\n","protected":false},"featured_media":0,"template":"","meta":{"_acf_changed":false,"inline_featured_image":false},"product_brand":[],"product_cat":[],"product_tag":[],"class_list":{"0":"post-314401","1":"product","2":"type-product","3":"status-publish","6":"first","7":"onbackorder","8":"taxable","9":"shipping-taxable","10":"purchasable","11":"product-type-variable"},"acf":[],"yoast_head":"<!-- This site is optimized with the Yoast SEO plugin v25.9 - https:\/\/yoast.com\/wordpress\/plugins\/seo\/ -->\n<title>Hegel H120 | Freakuence!<\/title>\n<meta name=\"robots\" content=\"noindex, follow, max-snippet:-1, max-image-preview:large, max-video-preview:-1\" \/>\n<meta property=\"og:locale\" content=\"fr_FR\" \/>\n<meta property=\"og:type\" content=\"article\" \/>\n<meta property=\"og:title\" content=\"Hegel H120 | Freakuence!\" \/>\n<meta property=\"og:description\" content=\"Description Freakuence ! Le H120 d\u00e9passe largement le H95 en termes de reproduction, ce qui est particuli\u00e8rement perceptible dans les basses fr\u00e9quences. Il y a plus de d\u00e9finition, et gr\u00e2ce \u00e0 cela, les m\u00e9diums et les aigus sont \u00e9galement \u00e9lev\u00e9s \u00e0 un autre niveau. Avec le dac interne. Joue de mani\u00e8re velout\u00e9e et avec toute [&hellip;]\" \/>\n<meta property=\"og:url\" content=\"https:\/\/dev.freakuence.nl\/fr\/produit\/hegel-h120\/\" \/>\n<meta property=\"og:site_name\" content=\"Freakuence!\" \/>\n<meta property=\"article:modified_time\" content=\"2026-01-20T11:22:03+00:00\" \/>\n<meta name=\"twitter:card\" content=\"summary_large_image\" \/>\n<script type=\"application\/ld+json\" class=\"yoast-schema-graph\">{\"@context\":\"https:\/\/schema.org\",\"@graph\":[{\"@type\":\"WebPage\",\"@id\":\"https:\/\/dev.freakuence.nl\/fr\/produit\/hegel-h120\/\",\"url\":\"https:\/\/dev.freakuence.nl\/fr\/produit\/hegel-h120\/\",\"name\":\"Hegel H120 | Freakuence!\",\"isPartOf\":{\"@id\":\"https:\/\/dev.freakuence.nl\/fr\/#website\"},\"datePublished\":\"2026-01-20T06:58:29+00:00\",\"dateModified\":\"2026-01-20T11:22:03+00:00\",\"breadcrumb\":{\"@id\":\"https:\/\/dev.freakuence.nl\/fr\/produit\/hegel-h120\/#breadcrumb\"},\"inLanguage\":\"fr-FR\",\"potentialAction\":[{\"@type\":\"ReadAction\",\"target\":[\"https:\/\/dev.freakuence.nl\/fr\/produit\/hegel-h120\/\"]}]},{\"@type\":\"BreadcrumbList\",\"@id\":\"https:\/\/dev.freakuence.nl\/fr\/produit\/hegel-h120\/#breadcrumb\",\"itemListElement\":[{\"@type\":\"ListItem\",\"position\":1,\"name\":\"Accueil\",\"item\":\"https:\/\/dev.freakuence.nl\/fr\/\"},{\"@type\":\"ListItem\",\"position\":2,\"name\":\"Products\",\"item\":\"https:\/\/dev.freakuence.nl\/en\/products\/\"},{\"@type\":\"ListItem\",\"position\":3,\"name\":\"Hegel H120\"}]},{\"@type\":\"WebSite\",\"@id\":\"https:\/\/dev.freakuence.nl\/fr\/#website\",\"url\":\"https:\/\/dev.freakuence.nl\/fr\/\",\"name\":\"Freakuence!\",\"description\":\"Freakuence!\",\"alternateName\":\"Freakuence\",\"potentialAction\":[{\"@type\":\"SearchAction\",\"target\":{\"@type\":\"EntryPoint\",\"urlTemplate\":\"https:\/\/dev.freakuence.nl\/fr\/?s={search_term_string}\"},\"query-input\":{\"@type\":\"PropertyValueSpecification\",\"valueRequired\":true,\"valueName\":\"search_term_string\"}}],\"inLanguage\":\"fr-FR\"}]}<\/script>\n<!-- \/ Yoast SEO plugin. -->","yoast_head_json":{"title":"Hegel H120 | Freakuence!","robots":{"index":"noindex","follow":"follow","max-snippet":"max-snippet:-1","max-image-preview":"max-image-preview:large","max-video-preview":"max-video-preview:-1"},"og_locale":"fr_FR","og_type":"article","og_title":"Hegel H120 | Freakuence!","og_description":"Description Freakuence ! Le H120 d\u00e9passe largement le H95 en termes de reproduction, ce qui est particuli\u00e8rement perceptible dans les basses fr\u00e9quences. Il y a plus de d\u00e9finition, et gr\u00e2ce \u00e0 cela, les m\u00e9diums et les aigus sont \u00e9galement \u00e9lev\u00e9s \u00e0 un autre niveau. Avec le dac interne. Joue de mani\u00e8re velout\u00e9e et avec toute [&hellip;]","og_url":"https:\/\/dev.freakuence.nl\/fr\/produit\/hegel-h120\/","og_site_name":"Freakuence!","article_modified_time":"2026-01-20T11:22:03+00:00","twitter_card":"summary_large_image","schema":{"@context":"https:\/\/schema.org","@graph":[{"@type":"WebPage","@id":"https:\/\/dev.freakuence.nl\/fr\/produit\/hegel-h120\/","url":"https:\/\/dev.freakuence.nl\/fr\/produit\/hegel-h120\/","name":"Hegel H120 | Freakuence!","isPartOf":{"@id":"https:\/\/dev.freakuence.nl\/fr\/#website"},"datePublished":"2026-01-20T06:58:29+00:00","dateModified":"2026-01-20T11:22:03+00:00","breadcrumb":{"@id":"https:\/\/dev.freakuence.nl\/fr\/produit\/hegel-h120\/#breadcrumb"},"inLanguage":"fr-FR","potentialAction":[{"@type":"ReadAction","target":["https:\/\/dev.freakuence.nl\/fr\/produit\/hegel-h120\/"]}]},{"@type":"BreadcrumbList","@id":"https:\/\/dev.freakuence.nl\/fr\/produit\/hegel-h120\/#breadcrumb","itemListElement":[{"@type":"ListItem","position":1,"name":"Accueil","item":"https:\/\/dev.freakuence.nl\/fr\/"},{"@type":"ListItem","position":2,"name":"Products","item":"https:\/\/dev.freakuence.nl\/en\/products\/"},{"@type":"ListItem","position":3,"name":"Hegel H120"}]},{"@type":"WebSite","@id":"https:\/\/dev.freakuence.nl\/fr\/#website","url":"https:\/\/dev.freakuence.nl\/fr\/","name":"Freakuence!","description":"Freakuence!","alternateName":"Freakuence","potentialAction":[{"@type":"SearchAction","target":{"@type":"EntryPoint","urlTemplate":"https:\/\/dev.freakuence.nl\/fr\/?s={search_term_string}"},"query-input":{"@type":"PropertyValueSpecification","valueRequired":true,"valueName":"search_term_string"}}],"inLanguage":"fr-FR"}]}},"_links":{"self":[{"href":"https:\/\/dev.freakuence.nl\/fr\/wp-json\/wp\/v2\/product\/314401","targetHints":{"allow":["GET"]}}],"collection":[{"href":"https:\/\/dev.freakuence.nl\/fr\/wp-json\/wp\/v2\/product"}],"about":[{"href":"https:\/\/dev.freakuence.nl\/fr\/wp-json\/wp\/v2\/types\/product"}],"version-history":[{"count":0,"href":"https:\/\/dev.freakuence.nl\/fr\/wp-json\/wp\/v2\/product\/314401\/revisions"}],"wp:attachment":[{"href":"https:\/\/dev.freakuence.nl\/fr\/wp-json\/wp\/v2\/media?parent=314401"}],"wp:term":[{"taxonomy":"product_brand","embeddable":true,"href":"https:\/\/dev.freakuence.nl\/fr\/wp-json\/wp\/v2\/product_brand?post=314401"},{"taxonomy":"product_cat","embeddable":true,"href":"https:\/\/dev.freakuence.nl\/fr\/wp-json\/wp\/v2\/product_cat?post=314401"},{"taxonomy":"product_tag","embeddable":true,"href":"https:\/\/dev.freakuence.nl\/fr\/wp-json\/wp\/v2\/product_tag?post=314401"}],"curies":[{"name":"wp","href":"https:\/\/api.w.org\/{rel}","templated":true}]}}