{"id":314428,"date":"2026-01-21T05:25:47","date_gmt":"2026-01-21T04:25:47","guid":{"rendered":"https:\/\/dev.freakuence.nl\/product\/devore-fidelity-orang-outan-o-96\/"},"modified":"2026-01-22T07:49:47","modified_gmt":"2026-01-22T06:49:47","slug":"devore-fidelity-orang-outan-o-96","status":"publish","type":"product","link":"https:\/\/dev.freakuence.nl\/fr\/produit\/devore-fidelity-orang-outan-o-96\/","title":{"rendered":"DeVORE FIDELITY Orang-outan O\/96"},"content":{"rendered":"<div class=\"product-specifications-list\">\n<div class=\"specification-item row-header\"><span class=\"spec-content\"><strong>Description Freakuence !<\/strong><\/span><\/div>\n<div class=\"specification-item row-even\"><span class=\"spec-content\">Ces enceintes donnent vie \u00e0 la musique avec une lecture sans effort, pleine de vitesse, de dynamique et d&rsquo;air. M\u00eame les enregistrements de moindre qualit\u00e9 sont agr\u00e9ables, sans jamais devenir agressifs ou fatigants. <\/span><\/div>\n<div class=\"specification-item row-odd\"><span class=\"spec-content\">Avec un rendement \u00e9lev\u00e9 et une adaptation d&rsquo;imp\u00e9dance conviviale, ils conviennent parfaitement \u00e0 une grande vari\u00e9t\u00e9 d&rsquo;amplificateurs. Ils conviennent parfaitement aux petites pi\u00e8ces et aux courtes distances d&rsquo;\u00e9coute. <\/span><\/div>\n<div class=\"specification-item row-even\"><span class=\"spec-content\">Les stands sont magnifiques, mais relativement chers.<\/span><\/div>\n<div class=\"specification-item row-odd\"><span class=\"spec-content\">Prix de vente au d\u00e9tail : 18885.00<\/span><\/div>\n<div class=\"specification-item row-header\"><span class=\"spec-content\"><strong>D\u00e9tails<\/strong><\/span><\/div>\n<div class=\"specification-item row-even\"><span class=\"spec-content\">D\u00e9monstration de l&rsquo;importateur. Les mod\u00e8les d&rsquo;exposition n&rsquo;ont pratiquement pas d&rsquo;heures de fonctionnement, voire pas du tout (tous les produits ne peuvent pas \u00eatre allum\u00e9s en m\u00eame temps sur un stand d&rsquo;exposition). Ils sont sortis de leur bo\u00eete, expos\u00e9s et souvent envoy\u00e9s directement \u00e0 notre magasin. Avec toute la garantie officielle du fabricant !  <\/span><\/div>\n<div class=\"specification-item row-odd\"><span class=\"spec-content\">Produit TVA. Les entrepreneurs, les personnes en dehors de l&rsquo;UE, en profitent. <\/span><\/div>\n<div class=\"specification-item row-even\"><span class=\"spec-content\">Autres couleurs possibles ! Nous sommes revendeurs, n&rsquo;h\u00e9sitez pas \u00e0 nous envoyer un message. \u00c9ventuellement avec votre demande de reprise.  <\/span><\/div>\n<div class=\"specification-item row-odd\"><span class=\"spec-content\">Voici l&rsquo;occasion de mettre enfin la main sur le mat\u00e9riel de d\u00e9monstration de la boutique la plus cool de l&rsquo;univers. Oui, c&rsquo;est vrai ! En fait, il vaut bien plus que le nouveau prix, mais nous nous en tenons l\u00e0. Utilis\u00e9 uniquement pour des sessions d&rsquo;\u00e9coute avec nos visiteurs, aucun propri\u00e9taire priv\u00e9 ne l&rsquo;avait.   <\/span><\/div>\n<div class=\"specification-item row-header\"><span class=\"spec-content\"><strong>Description g\u00e9n\u00e9rale<\/strong><\/span><\/div>\n<div class=\"specification-item row-even\"><span class=\"spec-content\">Le DeVORE FIDELITY Orangutan O\/96 est un haut-parleur connu pour sa reproduction musicale et pr\u00e9cise. Con\u00e7ue avec un c\u00f4ne en papier de 10 pouces et un tweeter \u00e0 d\u00f4me en soie de 1 pouce, cette enceinte d\u00e9livre un son ouvert et vivant. <\/span><\/div>\n<div class=\"specification-item row-odd\"><span class=\"spec-content\">Gr\u00e2ce \u00e0 sa sensibilit\u00e9 \u00e9lev\u00e9e, le O\/96 convient aux amplificateurs de faible puissance tels que les amplificateurs \u00e0 tubes.<\/span><\/div>\n<div class=\"specification-item row-even\"><span class=\"spec-content\">Le design associe une esth\u00e9tique classique \u00e0 des mat\u00e9riaux de haute qualit\u00e9, ce qui lui conf\u00e8re un aspect intemporel.<\/span><\/div>\n<div class=\"specification-item row-header\"><span class=\"spec-content\"><strong>Informations g\u00e9n\u00e9rales<\/strong><\/span><\/div>\n<div class=\"specification-item row-even\"><span class=\"spec-content\">L&rsquo;Orangutan O\/96 a \u00e9t\u00e9 con\u00e7u par John DeVore dans le but d&rsquo;obtenir une musicalit\u00e9 et une efficacit\u00e9 maximales. L&rsquo;enceinte utilise des woofers de 10 pouces fabriqu\u00e9s sur mesure et des tweeters \u00e0 d\u00f4me souple en soie, log\u00e9s dans une enceinte en placage fabriqu\u00e9e \u00e0 la main. <\/span><\/div>\n<div class=\"specification-item row-odd\"><span class=\"spec-content\">L&rsquo;enceinte est con\u00e7ue pour un contr\u00f4le optimal de la r\u00e9sonance.<\/span><\/div>\n<div class=\"specification-item row-even\"><span class=\"spec-content\">Le c\u00e2blage et les composants internes ont \u00e9t\u00e9 soigneusement s\u00e9lectionn\u00e9s pour leur puret\u00e9 et leur int\u00e9grit\u00e9 sonore.<\/span><\/div>\n<div class=\"specification-item row-odd\"><span class=\"spec-content\">Tout est assembl\u00e9 \u00e0 la main \u00e0 New York.<\/span><\/div>\n<div class=\"specification-item row-header\"><span class=\"spec-content\"><strong>Histoire de la marque<\/strong><\/span><\/div>\n<div class=\"specification-item row-even\"><span class=\"spec-content\">DeVORE Fidelity a \u00e9t\u00e9 fond\u00e9e en 2000 par John DeVore, qui en est le pr\u00e9sident et le concepteur en chef.<\/span><\/div>\n<div class=\"specification-item row-odd\"><span class=\"spec-content\">L&rsquo;entreprise fabrique tous ses haut-parleurs \u00e0 la main \u00e0 Brooklyn, New York. John DeVore a apport\u00e9 \u00e0 l&rsquo;entreprise son exp\u00e9rience de musicien et ses ann\u00e9es d&rsquo;engagement dans l&rsquo;industrie de la haute fid\u00e9lit\u00e9. <\/span><\/div>\n<div class=\"specification-item row-even\"><span class=\"spec-content\">DeVORE Fidelity a d\u00e9velopp\u00e9 plusieurs gammes de haut-parleurs, dont la s\u00e9rie gibbon et la s\u00e9rie orang-outan.<\/span><\/div>\n<div class=\"specification-item row-odd\"><span class=\"spec-content\">La s\u00e9rie gibbon comprend des mod\u00e8les tels que le gibbon X et le gibbon Super Nine.<\/span><\/div>\n<div class=\"specification-item row-even\"><span class=\"spec-content\">La s\u00e9rie Orangutan comprend des mod\u00e8les tels que le O\/96, le O\/93 et le O\/R\u00e9f\u00e9rence.<\/span><\/div>\n<\/div>\n","protected":false},"excerpt":{"rendered":"<p>Description Freakuence ! Ces enceintes donnent vie \u00e0 la musique avec une lecture sans effort, pleine de vitesse, de dynamique et d&rsquo;air. M\u00eame les enregistrements de moindre qualit\u00e9 sont agr\u00e9ables, sans jamais devenir agressifs ou fatigants. Avec un rendement \u00e9lev\u00e9 et une adaptation d&rsquo;imp\u00e9dance conviviale, ils conviennent parfaitement \u00e0 une grande vari\u00e9t\u00e9 d&rsquo;amplificateurs. Ils conviennent [&hellip;]<\/p>\n","protected":false},"featured_media":0,"template":"","meta":{"_acf_changed":false,"inline_featured_image":false},"product_brand":[],"product_cat":[],"product_tag":[],"class_list":{"0":"post-314428","1":"product","2":"type-product","3":"status-publish","6":"first","7":"instock","8":"taxable","9":"shipping-taxable","10":"purchasable","11":"product-type-simple"},"acf":[],"yoast_head":"<!-- This site is optimized with the Yoast SEO plugin v25.9 - https:\/\/yoast.com\/wordpress\/plugins\/seo\/ -->\n<title>DeVORE FIDELITY Orang-outan O\/96 | Freakuence!<\/title>\n<meta name=\"description\" content=\"DeVORE FIDELITY Orangutan O\/96 : Enceintes haut de gamme avec une sensibilit\u00e9 de 96 dB et une imp\u00e9dance de 10 Ohm, id\u00e9ales pour les amplificateurs \u00e0 tubes. Faites l&#039;exp\u00e9rience d&#039;une musicalit\u00e9 in\u00e9gal\u00e9e. Commandez maintenant !\" \/>\n<meta name=\"robots\" content=\"noindex, follow, max-snippet:-1, max-image-preview:large, max-video-preview:-1\" \/>\n<meta property=\"og:locale\" content=\"fr_FR\" \/>\n<meta property=\"og:type\" content=\"article\" \/>\n<meta property=\"og:title\" content=\"DeVORE FIDELITY Orang-outan O\/96 | Freakuence!\" \/>\n<meta property=\"og:description\" content=\"DeVORE FIDELITY Orangutan O\/96 : Enceintes haut de gamme avec une sensibilit\u00e9 de 96 dB et une imp\u00e9dance de 10 Ohm, id\u00e9ales pour les amplificateurs \u00e0 tubes. Faites l&#039;exp\u00e9rience d&#039;une musicalit\u00e9 in\u00e9gal\u00e9e. Commandez maintenant !\" \/>\n<meta property=\"og:url\" content=\"https:\/\/dev.freakuence.nl\/fr\/produit\/devore-fidelity-orang-outan-o-96\/\" \/>\n<meta property=\"og:site_name\" content=\"Freakuence!\" \/>\n<meta property=\"article:modified_time\" content=\"2026-01-22T06:49:47+00:00\" \/>\n<meta name=\"twitter:card\" content=\"summary_large_image\" \/>\n<script type=\"application\/ld+json\" class=\"yoast-schema-graph\">{\"@context\":\"https:\/\/schema.org\",\"@graph\":[{\"@type\":\"WebPage\",\"@id\":\"https:\/\/dev.freakuence.nl\/fr\/produit\/devore-fidelity-orang-outan-o-96\/\",\"url\":\"https:\/\/dev.freakuence.nl\/fr\/produit\/devore-fidelity-orang-outan-o-96\/\",\"name\":\"DeVORE FIDELITY Orang-outan O\/96 | Freakuence!\",\"isPartOf\":{\"@id\":\"https:\/\/dev.freakuence.nl\/fr\/#website\"},\"datePublished\":\"2026-01-21T04:25:47+00:00\",\"dateModified\":\"2026-01-22T06:49:47+00:00\",\"description\":\"DeVORE FIDELITY Orangutan O\/96 : Enceintes haut de gamme avec une sensibilit\u00e9 de 96 dB et une imp\u00e9dance de 10 Ohm, id\u00e9ales pour les amplificateurs \u00e0 tubes. Faites l'exp\u00e9rience d'une musicalit\u00e9 in\u00e9gal\u00e9e. Commandez maintenant !\",\"breadcrumb\":{\"@id\":\"https:\/\/dev.freakuence.nl\/fr\/produit\/devore-fidelity-orang-outan-o-96\/#breadcrumb\"},\"inLanguage\":\"fr-FR\",\"potentialAction\":[{\"@type\":\"ReadAction\",\"target\":[\"https:\/\/dev.freakuence.nl\/fr\/produit\/devore-fidelity-orang-outan-o-96\/\"]}]},{\"@type\":\"BreadcrumbList\",\"@id\":\"https:\/\/dev.freakuence.nl\/fr\/produit\/devore-fidelity-orang-outan-o-96\/#breadcrumb\",\"itemListElement\":[{\"@type\":\"ListItem\",\"position\":1,\"name\":\"Accueil\",\"item\":\"https:\/\/dev.freakuence.nl\/fr\/\"},{\"@type\":\"ListItem\",\"position\":2,\"name\":\"Products\",\"item\":\"https:\/\/dev.freakuence.nl\/en\/products\/\"},{\"@type\":\"ListItem\",\"position\":3,\"name\":\"DeVORE FIDELITY Orang-outan O\/96\"}]},{\"@type\":\"WebSite\",\"@id\":\"https:\/\/dev.freakuence.nl\/fr\/#website\",\"url\":\"https:\/\/dev.freakuence.nl\/fr\/\",\"name\":\"Freakuence!\",\"description\":\"Freakuence!\",\"alternateName\":\"Freakuence\",\"potentialAction\":[{\"@type\":\"SearchAction\",\"target\":{\"@type\":\"EntryPoint\",\"urlTemplate\":\"https:\/\/dev.freakuence.nl\/fr\/?s={search_term_string}\"},\"query-input\":{\"@type\":\"PropertyValueSpecification\",\"valueRequired\":true,\"valueName\":\"search_term_string\"}}],\"inLanguage\":\"fr-FR\"}]}<\/script>\n<!-- \/ Yoast SEO plugin. -->","yoast_head_json":{"title":"DeVORE FIDELITY Orang-outan O\/96 | Freakuence!","description":"DeVORE FIDELITY Orangutan O\/96 : Enceintes haut de gamme avec une sensibilit\u00e9 de 96 dB et une imp\u00e9dance de 10 Ohm, id\u00e9ales pour les amplificateurs \u00e0 tubes. Faites l'exp\u00e9rience d'une musicalit\u00e9 in\u00e9gal\u00e9e. Commandez maintenant !","robots":{"index":"noindex","follow":"follow","max-snippet":"max-snippet:-1","max-image-preview":"max-image-preview:large","max-video-preview":"max-video-preview:-1"},"og_locale":"fr_FR","og_type":"article","og_title":"DeVORE FIDELITY Orang-outan O\/96 | Freakuence!","og_description":"DeVORE FIDELITY Orangutan O\/96 : Enceintes haut de gamme avec une sensibilit\u00e9 de 96 dB et une imp\u00e9dance de 10 Ohm, id\u00e9ales pour les amplificateurs \u00e0 tubes. Faites l'exp\u00e9rience d'une musicalit\u00e9 in\u00e9gal\u00e9e. Commandez maintenant !","og_url":"https:\/\/dev.freakuence.nl\/fr\/produit\/devore-fidelity-orang-outan-o-96\/","og_site_name":"Freakuence!","article_modified_time":"2026-01-22T06:49:47+00:00","twitter_card":"summary_large_image","schema":{"@context":"https:\/\/schema.org","@graph":[{"@type":"WebPage","@id":"https:\/\/dev.freakuence.nl\/fr\/produit\/devore-fidelity-orang-outan-o-96\/","url":"https:\/\/dev.freakuence.nl\/fr\/produit\/devore-fidelity-orang-outan-o-96\/","name":"DeVORE FIDELITY Orang-outan O\/96 | Freakuence!","isPartOf":{"@id":"https:\/\/dev.freakuence.nl\/fr\/#website"},"datePublished":"2026-01-21T04:25:47+00:00","dateModified":"2026-01-22T06:49:47+00:00","description":"DeVORE FIDELITY Orangutan O\/96 : Enceintes haut de gamme avec une sensibilit\u00e9 de 96 dB et une imp\u00e9dance de 10 Ohm, id\u00e9ales pour les amplificateurs \u00e0 tubes. Faites l'exp\u00e9rience d'une musicalit\u00e9 in\u00e9gal\u00e9e. Commandez maintenant !","breadcrumb":{"@id":"https:\/\/dev.freakuence.nl\/fr\/produit\/devore-fidelity-orang-outan-o-96\/#breadcrumb"},"inLanguage":"fr-FR","potentialAction":[{"@type":"ReadAction","target":["https:\/\/dev.freakuence.nl\/fr\/produit\/devore-fidelity-orang-outan-o-96\/"]}]},{"@type":"BreadcrumbList","@id":"https:\/\/dev.freakuence.nl\/fr\/produit\/devore-fidelity-orang-outan-o-96\/#breadcrumb","itemListElement":[{"@type":"ListItem","position":1,"name":"Accueil","item":"https:\/\/dev.freakuence.nl\/fr\/"},{"@type":"ListItem","position":2,"name":"Products","item":"https:\/\/dev.freakuence.nl\/en\/products\/"},{"@type":"ListItem","position":3,"name":"DeVORE FIDELITY Orang-outan O\/96"}]},{"@type":"WebSite","@id":"https:\/\/dev.freakuence.nl\/fr\/#website","url":"https:\/\/dev.freakuence.nl\/fr\/","name":"Freakuence!","description":"Freakuence!","alternateName":"Freakuence","potentialAction":[{"@type":"SearchAction","target":{"@type":"EntryPoint","urlTemplate":"https:\/\/dev.freakuence.nl\/fr\/?s={search_term_string}"},"query-input":{"@type":"PropertyValueSpecification","valueRequired":true,"valueName":"search_term_string"}}],"inLanguage":"fr-FR"}]}},"_links":{"self":[{"href":"https:\/\/dev.freakuence.nl\/fr\/wp-json\/wp\/v2\/product\/314428","targetHints":{"allow":["GET"]}}],"collection":[{"href":"https:\/\/dev.freakuence.nl\/fr\/wp-json\/wp\/v2\/product"}],"about":[{"href":"https:\/\/dev.freakuence.nl\/fr\/wp-json\/wp\/v2\/types\/product"}],"version-history":[{"count":0,"href":"https:\/\/dev.freakuence.nl\/fr\/wp-json\/wp\/v2\/product\/314428\/revisions"}],"wp:attachment":[{"href":"https:\/\/dev.freakuence.nl\/fr\/wp-json\/wp\/v2\/media?parent=314428"}],"wp:term":[{"taxonomy":"product_brand","embeddable":true,"href":"https:\/\/dev.freakuence.nl\/fr\/wp-json\/wp\/v2\/product_brand?post=314428"},{"taxonomy":"product_cat","embeddable":true,"href":"https:\/\/dev.freakuence.nl\/fr\/wp-json\/wp\/v2\/product_cat?post=314428"},{"taxonomy":"product_tag","embeddable":true,"href":"https:\/\/dev.freakuence.nl\/fr\/wp-json\/wp\/v2\/product_tag?post=314428"}],"curies":[{"name":"wp","href":"https:\/\/api.w.org\/{rel}","templated":true}]}}