{"id":314461,"date":"2026-01-22T08:01:54","date_gmt":"2026-01-22T07:01:54","guid":{"rendered":"https:\/\/dev.freakuence.nl\/product\/atoll-in200-evo\/"},"modified":"2026-01-22T10:01:26","modified_gmt":"2026-01-22T09:01:26","slug":"atoll-in200-evo","status":"publish","type":"product","link":"https:\/\/dev.freakuence.nl\/fr\/produit\/atoll-in200-evo\/","title":{"rendered":"Atoll IN200 EVO"},"content":{"rendered":"<div class=\"product-specifications-list\">\n<div class=\"specification-item row-even\"><span class=\"spec-content\"><strong>Description Freakuence !<\/strong><\/span><\/div>\n<div class=\"specification-item row-odd\"><span class=\"spec-content\">Cet appareil est votre meilleur compagnon. Tout sonne avec pr\u00e9cision, qu&rsquo;il s&rsquo;agisse de jazz ou de rock. Chaud, plein, irr\u00e9sistible. Le monde des harmonies pures. Absolument recommand\u00e9 pour l&rsquo;auditeur qui ne s&rsquo;int\u00e9resse pas aux micro-d\u00e9tails mais pr\u00e9f\u00e8re \u00e9couter sans distraction.    <\/span><\/div>\n<div class=\"specification-item row-even\"><span class=\"spec-content\">Prix de vente au d\u00e9tail : 1850,00<\/span><\/div>\n<div class=\"specification-item row-odd\"><span class=\"spec-content\"><strong>D\u00e9tails<\/strong><\/span><\/div>\n<div class=\"specification-item row-even\"><span class=\"spec-content\">Module DA100 DAC inclus<\/span><\/div>\n<div class=\"specification-item row-odd\"><span class=\"spec-content\"><strong>Description g\u00e9n\u00e9rale<\/strong><\/span><\/div>\n<div class=\"specification-item row-even\"><span class=\"spec-content\">L&rsquo;Atoll IN200 EVO offre une exp\u00e9rience d&rsquo;amplification puissante avec une puissance RMS de 120 watts par canal \u00e0 8 ohms. Dot\u00e9 d&rsquo;une conception dynamique \u00e0 double mono et de composants de haute qualit\u00e9, cet amplificateur int\u00e9gr\u00e9 garantit des performances audio optimales. Cinq entr\u00e9es ligne sont disponibles pour les sources analogiques, avec une option pour une connexion phono. L&rsquo;ampli dispose d&rsquo;une sortie pr\u00e9ampli int\u00e9gr\u00e9e, id\u00e9ale pour la bi-amplification. Une carte DAC optionnelle permet d&rsquo;int\u00e9grer des sources num\u00e9riques, tandis qu&rsquo;un module Bluetooth offre une connectivit\u00e9 sans fil. La construction est solide, avec un panneau frontal en aluminium laqu\u00e9 noir de trois millim\u00e8tres d&rsquo;\u00e9paisseur, qui contribue \u00e0 la durabilit\u00e9 de l&rsquo;enceinte.     <\/span><\/div>\n<div class=\"specification-item row-odd\"><span class=\"spec-content\"><strong>Informations g\u00e9n\u00e9rales<\/strong><\/span><\/div>\n<div class=\"specification-item row-even\"><span class=\"spec-content\">L&rsquo;Atoll ST200 Signature a \u00e9t\u00e9 con\u00e7u en France par l&rsquo;\u00e9quipe de d\u00e9veloppement habituelle d&rsquo;Atoll, dans un souci de synergie maximale entre les technologies num\u00e9riques et analogiques. Le bo\u00eetier est en aluminium bross\u00e9, tandis qu&rsquo;\u00e0 l&rsquo;int\u00e9rieur, des composants de haute qualit\u00e9 ont \u00e9t\u00e9 utilis\u00e9s, tels qu&rsquo;un DAC Burr-Brown et des alimentations enti\u00e8rement s\u00e9par\u00e9es. Tout est ax\u00e9 sur la puret\u00e9 du signal et la stabilit\u00e9 du streaming.  <\/span><\/div>\n<div class=\"specification-item row-odd\"><span class=\"spec-content\"><strong>Histoire de la marque<\/strong><\/span><\/div>\n<div class=\"specification-item row-even\"><span class=\"spec-content\">Atoll Electronique a \u00e9t\u00e9 fond\u00e9e en 1997 par les fr\u00e8res St\u00e9phane et Emmanuel Dubreuil \u00e0 Br\u00e9cey, en France. Leur objectif \u00e9tait de d\u00e9velopper des composants audio de haute qualit\u00e9 accessibles \u00e0 un large public. St\u00e9phane et Emmanuel combinent leur expertise technique et leur passion pour la musique afin de concevoir et de fabriquer des produits en France. La philosophie d&rsquo;Atoll se concentre sur la simplicit\u00e9 du design, l&rsquo;utilisation de composants de qualit\u00e9 et l&rsquo;accent mis sur l&rsquo;assemblage manuel pour assurer un haut niveau de savoir-faire. Leur approche refl\u00e8te un engagement de pr\u00e9cision et de minutie dans tous les aspects du processus de production.    <\/span><\/div>\n<\/div>\n","protected":false},"excerpt":{"rendered":"<p>Description Freakuence ! Cet appareil est votre meilleur compagnon. Tout sonne avec pr\u00e9cision, qu&rsquo;il s&rsquo;agisse de jazz ou de rock. Chaud, plein, irr\u00e9sistible. Le monde des harmonies pures. Absolument recommand\u00e9 pour l&rsquo;auditeur qui ne s&rsquo;int\u00e9resse pas aux micro-d\u00e9tails mais pr\u00e9f\u00e8re \u00e9couter sans distraction. Prix de vente au d\u00e9tail : 1850,00 D\u00e9tails Module DA100 DAC inclus [&hellip;]<\/p>\n","protected":false},"featured_media":0,"template":"","meta":{"_acf_changed":false,"inline_featured_image":false},"product_brand":[],"product_cat":[],"product_tag":[],"class_list":{"0":"post-314461","1":"product","2":"type-product","3":"status-publish","6":"first","7":"instock","8":"taxable","9":"shipping-taxable","10":"purchasable","11":"product-type-simple"},"acf":[],"yoast_head":"<!-- This site is optimized with the Yoast SEO plugin v25.9 - https:\/\/yoast.com\/wordpress\/plugins\/seo\/ -->\n<title>Atoll IN200 EVO | Freakuence!<\/title>\n<meta name=\"robots\" content=\"noindex, follow, max-snippet:-1, max-image-preview:large, max-video-preview:-1\" \/>\n<meta property=\"og:locale\" content=\"fr_FR\" \/>\n<meta property=\"og:type\" content=\"article\" \/>\n<meta property=\"og:title\" content=\"Atoll IN200 EVO | Freakuence!\" \/>\n<meta property=\"og:description\" content=\"Description Freakuence ! Cet appareil est votre meilleur compagnon. Tout sonne avec pr\u00e9cision, qu&rsquo;il s&rsquo;agisse de jazz ou de rock. Chaud, plein, irr\u00e9sistible. Le monde des harmonies pures. Absolument recommand\u00e9 pour l&rsquo;auditeur qui ne s&rsquo;int\u00e9resse pas aux micro-d\u00e9tails mais pr\u00e9f\u00e8re \u00e9couter sans distraction. Prix de vente au d\u00e9tail : 1850,00 D\u00e9tails Module DA100 DAC inclus [&hellip;]\" \/>\n<meta property=\"og:url\" content=\"https:\/\/dev.freakuence.nl\/fr\/produit\/atoll-in200-evo\/\" \/>\n<meta property=\"og:site_name\" content=\"Freakuence!\" \/>\n<meta property=\"article:modified_time\" content=\"2026-01-22T09:01:26+00:00\" \/>\n<meta name=\"twitter:card\" content=\"summary_large_image\" \/>\n<script type=\"application\/ld+json\" class=\"yoast-schema-graph\">{\"@context\":\"https:\/\/schema.org\",\"@graph\":[{\"@type\":\"WebPage\",\"@id\":\"https:\/\/dev.freakuence.nl\/fr\/produit\/atoll-in200-evo\/\",\"url\":\"https:\/\/dev.freakuence.nl\/fr\/produit\/atoll-in200-evo\/\",\"name\":\"Atoll IN200 EVO | Freakuence!\",\"isPartOf\":{\"@id\":\"https:\/\/dev.freakuence.nl\/fr\/#website\"},\"datePublished\":\"2026-01-22T07:01:54+00:00\",\"dateModified\":\"2026-01-22T09:01:26+00:00\",\"breadcrumb\":{\"@id\":\"https:\/\/dev.freakuence.nl\/fr\/produit\/atoll-in200-evo\/#breadcrumb\"},\"inLanguage\":\"fr-FR\",\"potentialAction\":[{\"@type\":\"ReadAction\",\"target\":[\"https:\/\/dev.freakuence.nl\/fr\/produit\/atoll-in200-evo\/\"]}]},{\"@type\":\"BreadcrumbList\",\"@id\":\"https:\/\/dev.freakuence.nl\/fr\/produit\/atoll-in200-evo\/#breadcrumb\",\"itemListElement\":[{\"@type\":\"ListItem\",\"position\":1,\"name\":\"Accueil\",\"item\":\"https:\/\/dev.freakuence.nl\/fr\/\"},{\"@type\":\"ListItem\",\"position\":2,\"name\":\"Products\",\"item\":\"https:\/\/dev.freakuence.nl\/en\/products\/\"},{\"@type\":\"ListItem\",\"position\":3,\"name\":\"Atoll IN200 EVO\"}]},{\"@type\":\"WebSite\",\"@id\":\"https:\/\/dev.freakuence.nl\/fr\/#website\",\"url\":\"https:\/\/dev.freakuence.nl\/fr\/\",\"name\":\"Freakuence!\",\"description\":\"Freakuence!\",\"alternateName\":\"Freakuence\",\"potentialAction\":[{\"@type\":\"SearchAction\",\"target\":{\"@type\":\"EntryPoint\",\"urlTemplate\":\"https:\/\/dev.freakuence.nl\/fr\/?s={search_term_string}\"},\"query-input\":{\"@type\":\"PropertyValueSpecification\",\"valueRequired\":true,\"valueName\":\"search_term_string\"}}],\"inLanguage\":\"fr-FR\"}]}<\/script>\n<!-- \/ Yoast SEO plugin. -->","yoast_head_json":{"title":"Atoll IN200 EVO | Freakuence!","robots":{"index":"noindex","follow":"follow","max-snippet":"max-snippet:-1","max-image-preview":"max-image-preview:large","max-video-preview":"max-video-preview:-1"},"og_locale":"fr_FR","og_type":"article","og_title":"Atoll IN200 EVO | Freakuence!","og_description":"Description Freakuence ! Cet appareil est votre meilleur compagnon. Tout sonne avec pr\u00e9cision, qu&rsquo;il s&rsquo;agisse de jazz ou de rock. Chaud, plein, irr\u00e9sistible. Le monde des harmonies pures. Absolument recommand\u00e9 pour l&rsquo;auditeur qui ne s&rsquo;int\u00e9resse pas aux micro-d\u00e9tails mais pr\u00e9f\u00e8re \u00e9couter sans distraction. Prix de vente au d\u00e9tail : 1850,00 D\u00e9tails Module DA100 DAC inclus [&hellip;]","og_url":"https:\/\/dev.freakuence.nl\/fr\/produit\/atoll-in200-evo\/","og_site_name":"Freakuence!","article_modified_time":"2026-01-22T09:01:26+00:00","twitter_card":"summary_large_image","schema":{"@context":"https:\/\/schema.org","@graph":[{"@type":"WebPage","@id":"https:\/\/dev.freakuence.nl\/fr\/produit\/atoll-in200-evo\/","url":"https:\/\/dev.freakuence.nl\/fr\/produit\/atoll-in200-evo\/","name":"Atoll IN200 EVO | Freakuence!","isPartOf":{"@id":"https:\/\/dev.freakuence.nl\/fr\/#website"},"datePublished":"2026-01-22T07:01:54+00:00","dateModified":"2026-01-22T09:01:26+00:00","breadcrumb":{"@id":"https:\/\/dev.freakuence.nl\/fr\/produit\/atoll-in200-evo\/#breadcrumb"},"inLanguage":"fr-FR","potentialAction":[{"@type":"ReadAction","target":["https:\/\/dev.freakuence.nl\/fr\/produit\/atoll-in200-evo\/"]}]},{"@type":"BreadcrumbList","@id":"https:\/\/dev.freakuence.nl\/fr\/produit\/atoll-in200-evo\/#breadcrumb","itemListElement":[{"@type":"ListItem","position":1,"name":"Accueil","item":"https:\/\/dev.freakuence.nl\/fr\/"},{"@type":"ListItem","position":2,"name":"Products","item":"https:\/\/dev.freakuence.nl\/en\/products\/"},{"@type":"ListItem","position":3,"name":"Atoll IN200 EVO"}]},{"@type":"WebSite","@id":"https:\/\/dev.freakuence.nl\/fr\/#website","url":"https:\/\/dev.freakuence.nl\/fr\/","name":"Freakuence!","description":"Freakuence!","alternateName":"Freakuence","potentialAction":[{"@type":"SearchAction","target":{"@type":"EntryPoint","urlTemplate":"https:\/\/dev.freakuence.nl\/fr\/?s={search_term_string}"},"query-input":{"@type":"PropertyValueSpecification","valueRequired":true,"valueName":"search_term_string"}}],"inLanguage":"fr-FR"}]}},"_links":{"self":[{"href":"https:\/\/dev.freakuence.nl\/fr\/wp-json\/wp\/v2\/product\/314461","targetHints":{"allow":["GET"]}}],"collection":[{"href":"https:\/\/dev.freakuence.nl\/fr\/wp-json\/wp\/v2\/product"}],"about":[{"href":"https:\/\/dev.freakuence.nl\/fr\/wp-json\/wp\/v2\/types\/product"}],"version-history":[{"count":0,"href":"https:\/\/dev.freakuence.nl\/fr\/wp-json\/wp\/v2\/product\/314461\/revisions"}],"wp:attachment":[{"href":"https:\/\/dev.freakuence.nl\/fr\/wp-json\/wp\/v2\/media?parent=314461"}],"wp:term":[{"taxonomy":"product_brand","embeddable":true,"href":"https:\/\/dev.freakuence.nl\/fr\/wp-json\/wp\/v2\/product_brand?post=314461"},{"taxonomy":"product_cat","embeddable":true,"href":"https:\/\/dev.freakuence.nl\/fr\/wp-json\/wp\/v2\/product_cat?post=314461"},{"taxonomy":"product_tag","embeddable":true,"href":"https:\/\/dev.freakuence.nl\/fr\/wp-json\/wp\/v2\/product_tag?post=314461"}],"curies":[{"name":"wp","href":"https:\/\/api.w.org\/{rel}","templated":true}]}}