{"id":314483,"date":"2026-01-23T07:44:48","date_gmt":"2026-01-23T06:44:48","guid":{"rendered":"https:\/\/dev.freakuence.nl\/product\/hifi-rose-rs451\/"},"modified":"2026-01-23T08:19:07","modified_gmt":"2026-01-23T07:19:07","slug":"hifi-rose-rs451","status":"publish","type":"product","link":"https:\/\/dev.freakuence.nl\/fr\/produit\/hifi-rose-rs451\/","title":{"rendered":"Hifi Rose RS451"},"content":{"rendered":"<div class=\"product-specifications-list\">\n<div class=\"specification-item row-header\"><span class=\"spec-content\"><strong>Description Freakuence !<\/strong><\/span><\/div>\n<div class=\"specification-item row-even\"><span class=\"spec-content\">Avec une dynamique qui vous plonge au c\u0153ur de l&rsquo;action et un niveau de d\u00e9tail qui g\u00e2te vos oreilles, cet appareil vous offre une exp\u00e9rience que vous n&rsquo;\u00eates pas pr\u00eat d&rsquo;oublier.sss<\/span><\/div>\n<div class=\"specification-item row-odd\"><span class=\"spec-content\">Prix de vente au d\u00e9tail : 2999.00<\/span><\/div>\n<div class=\"specification-item row-header\"><span class=\"spec-content\"><strong>Description g\u00e9n\u00e9rale<\/strong><\/span><\/div>\n<div class=\"specification-item row-even\"><span class=\"spec-content\">Le HiFi Rose RS451 est un streamer r\u00e9seau et DAC polyvalent qui se distingue par sa conception conviviale et ses nombreuses options de connectivit\u00e9. Dot\u00e9 d&rsquo;un \u00e9cran tactile IPS LCD de 8,8 pouces, il offre une utilisation intuitive et une vue d&rsquo;ensemble claire de votre collection musicale.   <\/p>\n<p>L&rsquo;appareil prend en charge divers services de streaming tels que TIDAL, Qobuz, Apple Music et Spotify Connect, ainsi que AirPlay et DLNA, pour vous permettre d&rsquo;acc\u00e9der facilement \u00e0 votre musique pr\u00e9f\u00e9r\u00e9e. En outre, le RS451 est compatible avec Roon, ce qui garantit une int\u00e9gration transparente dans les syst\u00e8mes audio existants.   <\/p>\n<p>Pour les amateurs de casques, le RS451 dispose d&rsquo;un puissant amplificateur de casque int\u00e9gr\u00e9 avec des sorties sym\u00e9triques (XLR, 4,4 mm) et asym\u00e9triques (6,35 mm), adapt\u00e9es \u00e0 une large gamme de casques.  <\/p>\n<p>Le RS451 est \u00e9quip\u00e9 d&rsquo;une alimentation lin\u00e9aire toro\u00efdale et d&rsquo;une alimentation ind\u00e9pendante par canal, ce qui contribue \u00e0 une lecture musicale stable et sans bruit.  <\/p>\n<p>Avec sa taille compacte et ses fonctionnalit\u00e9s \u00e9tendues, le HiFi Rose RS451 est un choix int\u00e9ressant pour les m\u00e9lomanes \u00e0 la recherche d&rsquo;un streamer r\u00e9seau et d&rsquo;un DAC polyvalents et faciles \u00e0 utiliser.<\/span><\/div>\n<div class=\"specification-item row-header\"><span class=\"spec-content\"><strong>Informations g\u00e9n\u00e9rales<\/strong><\/span><\/div>\n<div class=\"specification-item row-even\"><span class=\"spec-content\">Le Hifi Rose RS451 a \u00e9t\u00e9 con\u00e7u par l&rsquo;\u00e9quipe sud-cor\u00e9enne de Citech, avec l&rsquo;aide du designer en chef Seungmok Yi. Ce streamer r\u00e9seau compact combine un bo\u00eetier en aluminium de haute qualit\u00e9 avec une structure interne ax\u00e9e sur l&rsquo;amortissement des vibrations. Il utilise un femto-clock et un DAC ESS de haute qualit\u00e9 (ES9038Q2M), avec un c\u00e2blage interne de haute puret\u00e9. Le refroidissement passif et l&rsquo;alimentation lin\u00e9aire soulignent l&rsquo;importance accord\u00e9e aux performances \u00e0 faible bruit.   <\/span><\/div>\n<div class=\"specification-item row-header\"><span class=\"spec-content\"><strong>Histoire de la marque<\/strong><\/span><\/div>\n<div class=\"specification-item row-even\"><span class=\"spec-content\">Hifi Rose est une marque de la soci\u00e9t\u00e9 sud-cor\u00e9enne Citech Co, Ltd, qui se consacre depuis 2017 au d\u00e9veloppement de composants audio de haute qualit\u00e9 dans la cat\u00e9gorie des streamers r\u00e9seau et des lecteurs tout-en-un. La marque utilise des plateformes mat\u00e9rielles et logicielles propri\u00e9taires, notamment le syst\u00e8me d&rsquo;exploitation ROSE OS bas\u00e9 sur Android. Les appareils de Hifi Rose utilisent un \u00e9cran tactile LCD int\u00e9gr\u00e9 sur toute la largeur de la face avant. Ce faisant, la marque prend en charge les services de streaming populaires tels que TIDAL, Qobuz et Apple Music. La lecture musicale s&rsquo;effectue via des sorties analogiques et num\u00e9riques, selon le mod\u00e8le. Le stockage local est possible via des unit\u00e9s de stockage internes ou des interfaces USB et MicroSD externes. Les appareils peuvent \u00e9galement servir de lecteur de CD en connectant un lecteur de CD-ROM externe. La lecture musicale est compatible avec les formats jusqu&rsquo;\u00e0 DSD512 et PCM 32 bits\/768 kHz.       <\/span><\/div>\n<\/div>\n","protected":false},"excerpt":{"rendered":"<p>Description Freakuence ! Avec une dynamique qui vous plonge au c\u0153ur de l&rsquo;action et un niveau de d\u00e9tail qui g\u00e2te vos oreilles, cet appareil vous offre une exp\u00e9rience que vous n&rsquo;\u00eates pas pr\u00eat d&rsquo;oublier.sss Prix de vente au d\u00e9tail : 2999.00 Description g\u00e9n\u00e9rale Le HiFi Rose RS451 est un streamer r\u00e9seau et DAC polyvalent qui [&hellip;]<\/p>\n","protected":false},"featured_media":0,"template":"","meta":{"_acf_changed":false,"inline_featured_image":false},"product_brand":[],"product_cat":[],"product_tag":[],"class_list":{"0":"post-314483","1":"product","2":"type-product","3":"status-publish","6":"first","7":"instock","8":"purchasable","9":"product-type-simple"},"acf":[],"yoast_head":"<!-- This site is optimized with the Yoast SEO plugin v25.9 - https:\/\/yoast.com\/wordpress\/plugins\/seo\/ -->\n<title>Hifi Rose RS451 | Freakuence!<\/title>\n<meta name=\"robots\" content=\"noindex, follow, max-snippet:-1, max-image-preview:large, max-video-preview:-1\" \/>\n<meta property=\"og:locale\" content=\"fr_FR\" \/>\n<meta property=\"og:type\" content=\"article\" \/>\n<meta property=\"og:title\" content=\"Hifi Rose RS451 | Freakuence!\" \/>\n<meta property=\"og:description\" content=\"Description Freakuence ! Avec une dynamique qui vous plonge au c\u0153ur de l&rsquo;action et un niveau de d\u00e9tail qui g\u00e2te vos oreilles, cet appareil vous offre une exp\u00e9rience que vous n&rsquo;\u00eates pas pr\u00eat d&rsquo;oublier.sss Prix de vente au d\u00e9tail : 2999.00 Description g\u00e9n\u00e9rale Le HiFi Rose RS451 est un streamer r\u00e9seau et DAC polyvalent qui [&hellip;]\" \/>\n<meta property=\"og:url\" content=\"https:\/\/dev.freakuence.nl\/fr\/produit\/hifi-rose-rs451\/\" \/>\n<meta property=\"og:site_name\" content=\"Freakuence!\" \/>\n<meta property=\"article:modified_time\" content=\"2026-01-23T07:19:07+00:00\" \/>\n<meta name=\"twitter:card\" content=\"summary_large_image\" \/>\n<script type=\"application\/ld+json\" class=\"yoast-schema-graph\">{\"@context\":\"https:\/\/schema.org\",\"@graph\":[{\"@type\":\"WebPage\",\"@id\":\"https:\/\/dev.freakuence.nl\/fr\/produit\/hifi-rose-rs451\/\",\"url\":\"https:\/\/dev.freakuence.nl\/fr\/produit\/hifi-rose-rs451\/\",\"name\":\"Hifi Rose RS451 | Freakuence!\",\"isPartOf\":{\"@id\":\"https:\/\/dev.freakuence.nl\/fr\/#website\"},\"datePublished\":\"2026-01-23T06:44:48+00:00\",\"dateModified\":\"2026-01-23T07:19:07+00:00\",\"breadcrumb\":{\"@id\":\"https:\/\/dev.freakuence.nl\/fr\/produit\/hifi-rose-rs451\/#breadcrumb\"},\"inLanguage\":\"fr-FR\",\"potentialAction\":[{\"@type\":\"ReadAction\",\"target\":[\"https:\/\/dev.freakuence.nl\/fr\/produit\/hifi-rose-rs451\/\"]}]},{\"@type\":\"BreadcrumbList\",\"@id\":\"https:\/\/dev.freakuence.nl\/fr\/produit\/hifi-rose-rs451\/#breadcrumb\",\"itemListElement\":[{\"@type\":\"ListItem\",\"position\":1,\"name\":\"Accueil\",\"item\":\"https:\/\/dev.freakuence.nl\/fr\/\"},{\"@type\":\"ListItem\",\"position\":2,\"name\":\"Products\",\"item\":\"https:\/\/dev.freakuence.nl\/en\/products\/\"},{\"@type\":\"ListItem\",\"position\":3,\"name\":\"Hifi Rose RS451\"}]},{\"@type\":\"WebSite\",\"@id\":\"https:\/\/dev.freakuence.nl\/fr\/#website\",\"url\":\"https:\/\/dev.freakuence.nl\/fr\/\",\"name\":\"Freakuence!\",\"description\":\"Freakuence!\",\"alternateName\":\"Freakuence\",\"potentialAction\":[{\"@type\":\"SearchAction\",\"target\":{\"@type\":\"EntryPoint\",\"urlTemplate\":\"https:\/\/dev.freakuence.nl\/fr\/?s={search_term_string}\"},\"query-input\":{\"@type\":\"PropertyValueSpecification\",\"valueRequired\":true,\"valueName\":\"search_term_string\"}}],\"inLanguage\":\"fr-FR\"}]}<\/script>\n<!-- \/ Yoast SEO plugin. -->","yoast_head_json":{"title":"Hifi Rose RS451 | Freakuence!","robots":{"index":"noindex","follow":"follow","max-snippet":"max-snippet:-1","max-image-preview":"max-image-preview:large","max-video-preview":"max-video-preview:-1"},"og_locale":"fr_FR","og_type":"article","og_title":"Hifi Rose RS451 | Freakuence!","og_description":"Description Freakuence ! Avec une dynamique qui vous plonge au c\u0153ur de l&rsquo;action et un niveau de d\u00e9tail qui g\u00e2te vos oreilles, cet appareil vous offre une exp\u00e9rience que vous n&rsquo;\u00eates pas pr\u00eat d&rsquo;oublier.sss Prix de vente au d\u00e9tail : 2999.00 Description g\u00e9n\u00e9rale Le HiFi Rose RS451 est un streamer r\u00e9seau et DAC polyvalent qui [&hellip;]","og_url":"https:\/\/dev.freakuence.nl\/fr\/produit\/hifi-rose-rs451\/","og_site_name":"Freakuence!","article_modified_time":"2026-01-23T07:19:07+00:00","twitter_card":"summary_large_image","schema":{"@context":"https:\/\/schema.org","@graph":[{"@type":"WebPage","@id":"https:\/\/dev.freakuence.nl\/fr\/produit\/hifi-rose-rs451\/","url":"https:\/\/dev.freakuence.nl\/fr\/produit\/hifi-rose-rs451\/","name":"Hifi Rose RS451 | Freakuence!","isPartOf":{"@id":"https:\/\/dev.freakuence.nl\/fr\/#website"},"datePublished":"2026-01-23T06:44:48+00:00","dateModified":"2026-01-23T07:19:07+00:00","breadcrumb":{"@id":"https:\/\/dev.freakuence.nl\/fr\/produit\/hifi-rose-rs451\/#breadcrumb"},"inLanguage":"fr-FR","potentialAction":[{"@type":"ReadAction","target":["https:\/\/dev.freakuence.nl\/fr\/produit\/hifi-rose-rs451\/"]}]},{"@type":"BreadcrumbList","@id":"https:\/\/dev.freakuence.nl\/fr\/produit\/hifi-rose-rs451\/#breadcrumb","itemListElement":[{"@type":"ListItem","position":1,"name":"Accueil","item":"https:\/\/dev.freakuence.nl\/fr\/"},{"@type":"ListItem","position":2,"name":"Products","item":"https:\/\/dev.freakuence.nl\/en\/products\/"},{"@type":"ListItem","position":3,"name":"Hifi Rose RS451"}]},{"@type":"WebSite","@id":"https:\/\/dev.freakuence.nl\/fr\/#website","url":"https:\/\/dev.freakuence.nl\/fr\/","name":"Freakuence!","description":"Freakuence!","alternateName":"Freakuence","potentialAction":[{"@type":"SearchAction","target":{"@type":"EntryPoint","urlTemplate":"https:\/\/dev.freakuence.nl\/fr\/?s={search_term_string}"},"query-input":{"@type":"PropertyValueSpecification","valueRequired":true,"valueName":"search_term_string"}}],"inLanguage":"fr-FR"}]}},"_links":{"self":[{"href":"https:\/\/dev.freakuence.nl\/fr\/wp-json\/wp\/v2\/product\/314483","targetHints":{"allow":["GET"]}}],"collection":[{"href":"https:\/\/dev.freakuence.nl\/fr\/wp-json\/wp\/v2\/product"}],"about":[{"href":"https:\/\/dev.freakuence.nl\/fr\/wp-json\/wp\/v2\/types\/product"}],"version-history":[{"count":0,"href":"https:\/\/dev.freakuence.nl\/fr\/wp-json\/wp\/v2\/product\/314483\/revisions"}],"wp:attachment":[{"href":"https:\/\/dev.freakuence.nl\/fr\/wp-json\/wp\/v2\/media?parent=314483"}],"wp:term":[{"taxonomy":"product_brand","embeddable":true,"href":"https:\/\/dev.freakuence.nl\/fr\/wp-json\/wp\/v2\/product_brand?post=314483"},{"taxonomy":"product_cat","embeddable":true,"href":"https:\/\/dev.freakuence.nl\/fr\/wp-json\/wp\/v2\/product_cat?post=314483"},{"taxonomy":"product_tag","embeddable":true,"href":"https:\/\/dev.freakuence.nl\/fr\/wp-json\/wp\/v2\/product_tag?post=314483"}],"curies":[{"name":"wp","href":"https:\/\/api.w.org\/{rel}","templated":true}]}}