{"id":314710,"date":"2026-02-02T08:17:01","date_gmt":"2026-02-02T07:17:01","guid":{"rendered":"https:\/\/dev.freakuence.nl\/product\/nb-603-2\/"},"modified":"2026-02-04T04:04:24","modified_gmt":"2026-02-04T03:04:24","slug":"nb-603-2","status":"publish","type":"product","link":"https:\/\/dev.freakuence.nl\/fr\/produit\/nb-603-2\/","title":{"rendered":"KEF BLADE TWO M\u00e9ta"},"content":{"rendered":"<div class=\"product-specifications-list\">\n<div class=\"specification-item row-header\"><span class=\"spec-content\"><strong>Description Freakuence !<\/strong><\/span><\/div>\n<div class=\"specification-item row-even\"><span class=\"spec-content\">La Blade Two Meta joue avec espace et pr\u00e9cision. Chaque d\u00e9tail est pris en compte sans devenir dur ou strident. La dynamique et la profondeur restent bien \u00e9quilibr\u00e9es, avec un caract\u00e8re \u00e0 la fois subtil et convaincant. Mais utilisez un bon amplificateur ! Ils ont besoin de puissance. Un conseil ?     <\/span><\/div>\n<div class=\"specification-item row-odd\"><span class=\"spec-content\">Prix de vente au d\u00e9tail : 27 300,00<\/span><\/div>\n<div class=\"specification-item row-header\"><span class=\"spec-content\"><strong>Description g\u00e9n\u00e9rale<\/strong><\/span><\/div>\n<div class=\"specification-item row-even\"><span class=\"spec-content\">La conception fait appel \u00e0 la technologie de source apparente unique, avec quatre haut-parleurs de graves \u00e0 annulation de force de 165 mm fonctionnant ensemble avec un r\u00e9seau de haut-parleurs Uni-Q de 12e g\u00e9n\u00e9ration avec technologie d&rsquo;absorption par m\u00e9tamat\u00e9riaux (MAT\u2122). Cette configuration permet une reproduction sonore exceptionnellement coh\u00e9rente avec une imagerie pr\u00e9cise. L&rsquo;enceinte est compos\u00e9e d&rsquo;un composite de polyur\u00e9thane ultra-dense et pr\u00e9sente des formes paraboliques complexes qui \u00e9liminent les ondes stationnaires. Cette conception contribue \u00e0 une qualit\u00e9 sonore claire et sans distorsion. La gamme de fr\u00e9quences s&rsquo;\u00e9tend de 35 Hz \u00e0 45 kHz, avec une sensibilit\u00e9 de 90 dB et une imp\u00e9dance de 4 ohms. Le syst\u00e8me convient aux amplificateurs d&rsquo;une puissance comprise entre 50 et 400 watts. Avec des dimensions de 1461 mm de hauteur, 338 mm de largeur et 475 mm de profondeur, et un poids de 35,3 kg chacun, le design s&rsquo;adapte \u00e0 diverses salles d&rsquo;\u00e9coute. Elle est disponible en plusieurs finitions, notamment Piano Black\/Copper et Frosted Blue\/Bronze. Chaque enceinte est fabriqu\u00e9e \u00e0 la main au Royaume-Uni, ce qui souligne l&rsquo;attention port\u00e9e aux d\u00e9tails et \u00e0 la qualit\u00e9.        <\/span><\/div>\n<div class=\"specification-item row-header\"><span class=\"spec-content\"><strong>Informations g\u00e9n\u00e9rales<\/strong><\/span><\/div>\n<div class=\"specification-item row-even\"><span class=\"spec-content\">Le KEF R3 Meta est con\u00e7u selon la philosophie acoustique de KEF : un son clair et pr\u00e9cis avec une distorsion minimale. Le haut-parleur est \u00e9quip\u00e9 du tout dernier ensemble de haut-parleurs Uni-Q avec la technologie d&rsquo;absorption par m\u00e9tamat\u00e9riaux (MAT), qui absorbe les r\u00e9sonances ind\u00e9sirables jusqu&rsquo;\u00e0 99 %. Le coffret est renforc\u00e9 par la technologie Constrained Layer Damping pour r\u00e9duire les vibrations. D\u00e9velopp\u00e9 par l&rsquo;\u00e9quipe acoustique de KEF dirig\u00e9e par Jack Oclee-Brown.   <\/span><\/div>\n<div class=\"specification-item row-header\"><span class=\"spec-content\"><strong>Histoire de la marque<\/strong><\/span><\/div>\n<div class=\"specification-item row-even\"><span class=\"spec-content\">KEF a \u00e9t\u00e9 fond\u00e9e en 1961 par Raymond Cooke \u00e0 Maidstone, dans le Kent, au Royaume-Uni. Le nom d\u00e9rive de Kent Engineering &amp; Foundry, o\u00f9 l&rsquo;atelier d&rsquo;origine \u00e9tait situ\u00e9 sur le site de l&rsquo;usine de construction m\u00e9tallique de Kent Engineering. Raymond Cooke \u00e9tait un ancien ing\u00e9nieur du son de la BBC. D\u00e8s le d\u00e9but, la soci\u00e9t\u00e9 a utilis\u00e9 des mat\u00e9riaux synth\u00e9tiques et effectu\u00e9 des mesures dans des conditions contr\u00f4l\u00e9es. En 1973, un laboratoire acoustique sp\u00e9cial est ouvert pour les d\u00e9veloppements techniques. En 1988, KEF a mis au point le haut-parleur Uni-Q, dans lequel les haut-parleurs d&rsquo;aigus et de m\u00e9diums sont plac\u00e9s ensemble dans un m\u00eame axe. Depuis 2005, le si\u00e8ge de l&rsquo;entreprise est situ\u00e9 dans l&rsquo;East Sussex, au Royaume-Uni. Au fil des ans, la marque s&rsquo;est concentr\u00e9e sur la construction de haut-parleurs, y compris des mod\u00e8les sur pied, des mod\u00e8les de biblioth\u00e8que et des haut-parleurs encastr\u00e9s, ainsi que des produits de lecture portables.       <\/span><\/div>\n<\/div>\n","protected":false},"excerpt":{"rendered":"<p>Description Freakuence ! La Blade Two Meta joue avec espace et pr\u00e9cision. Chaque d\u00e9tail est pris en compte sans devenir dur ou strident. La dynamique et la profondeur restent bien \u00e9quilibr\u00e9es, avec un caract\u00e8re \u00e0 la fois subtil et convaincant. Mais utilisez un bon amplificateur ! Ils ont besoin de puissance. Un conseil ? Prix [&hellip;]<\/p>\n","protected":false},"featured_media":0,"template":"","meta":{"_acf_changed":false,"inline_featured_image":false},"product_brand":[],"product_cat":[],"product_tag":[],"class_list":{"0":"post-314710","1":"product","2":"type-product","3":"status-publish","6":"first","7":"onbackorder","8":"sold-individually","9":"purchasable","10":"product-type-simple"},"acf":[],"yoast_head":"<!-- This site is optimized with the Yoast SEO plugin v25.9 - https:\/\/yoast.com\/wordpress\/plugins\/seo\/ -->\n<title>KEF BLADE TWO M\u00e9ta | Freakuence!<\/title>\n<meta name=\"robots\" content=\"noindex, follow, max-snippet:-1, max-image-preview:large, max-video-preview:-1\" \/>\n<meta property=\"og:locale\" content=\"fr_FR\" \/>\n<meta property=\"og:type\" content=\"article\" \/>\n<meta property=\"og:title\" content=\"KEF BLADE TWO M\u00e9ta | Freakuence!\" \/>\n<meta property=\"og:description\" content=\"Description Freakuence ! La Blade Two Meta joue avec espace et pr\u00e9cision. Chaque d\u00e9tail est pris en compte sans devenir dur ou strident. La dynamique et la profondeur restent bien \u00e9quilibr\u00e9es, avec un caract\u00e8re \u00e0 la fois subtil et convaincant. Mais utilisez un bon amplificateur ! Ils ont besoin de puissance. Un conseil ? Prix [&hellip;]\" \/>\n<meta property=\"og:url\" content=\"https:\/\/dev.freakuence.nl\/fr\/produit\/nb-603-2\/\" \/>\n<meta property=\"og:site_name\" content=\"Freakuence!\" \/>\n<meta property=\"article:modified_time\" content=\"2026-02-04T03:04:24+00:00\" \/>\n<meta name=\"twitter:card\" content=\"summary_large_image\" \/>\n<script type=\"application\/ld+json\" class=\"yoast-schema-graph\">{\"@context\":\"https:\/\/schema.org\",\"@graph\":[{\"@type\":\"WebPage\",\"@id\":\"https:\/\/dev.freakuence.nl\/fr\/produit\/nb-603-2\/\",\"url\":\"https:\/\/dev.freakuence.nl\/fr\/produit\/nb-603-2\/\",\"name\":\"KEF BLADE TWO M\u00e9ta | Freakuence!\",\"isPartOf\":{\"@id\":\"https:\/\/dev.freakuence.nl\/fr\/#website\"},\"datePublished\":\"2026-02-02T07:17:01+00:00\",\"dateModified\":\"2026-02-04T03:04:24+00:00\",\"breadcrumb\":{\"@id\":\"https:\/\/dev.freakuence.nl\/fr\/produit\/nb-603-2\/#breadcrumb\"},\"inLanguage\":\"fr-FR\",\"potentialAction\":[{\"@type\":\"ReadAction\",\"target\":[\"https:\/\/dev.freakuence.nl\/fr\/produit\/nb-603-2\/\"]}]},{\"@type\":\"BreadcrumbList\",\"@id\":\"https:\/\/dev.freakuence.nl\/fr\/produit\/nb-603-2\/#breadcrumb\",\"itemListElement\":[{\"@type\":\"ListItem\",\"position\":1,\"name\":\"Accueil\",\"item\":\"https:\/\/dev.freakuence.nl\/fr\/\"},{\"@type\":\"ListItem\",\"position\":2,\"name\":\"Products\",\"item\":\"https:\/\/dev.freakuence.nl\/en\/products\/\"},{\"@type\":\"ListItem\",\"position\":3,\"name\":\"Densen B-150XS\"}]},{\"@type\":\"WebSite\",\"@id\":\"https:\/\/dev.freakuence.nl\/fr\/#website\",\"url\":\"https:\/\/dev.freakuence.nl\/fr\/\",\"name\":\"Freakuence!\",\"description\":\"Freakuence!\",\"alternateName\":\"Freakuence\",\"potentialAction\":[{\"@type\":\"SearchAction\",\"target\":{\"@type\":\"EntryPoint\",\"urlTemplate\":\"https:\/\/dev.freakuence.nl\/fr\/?s={search_term_string}\"},\"query-input\":{\"@type\":\"PropertyValueSpecification\",\"valueRequired\":true,\"valueName\":\"search_term_string\"}}],\"inLanguage\":\"fr-FR\"}]}<\/script>\n<!-- \/ Yoast SEO plugin. -->","yoast_head_json":{"title":"KEF BLADE TWO M\u00e9ta | Freakuence!","robots":{"index":"noindex","follow":"follow","max-snippet":"max-snippet:-1","max-image-preview":"max-image-preview:large","max-video-preview":"max-video-preview:-1"},"og_locale":"fr_FR","og_type":"article","og_title":"KEF BLADE TWO M\u00e9ta | Freakuence!","og_description":"Description Freakuence ! La Blade Two Meta joue avec espace et pr\u00e9cision. Chaque d\u00e9tail est pris en compte sans devenir dur ou strident. La dynamique et la profondeur restent bien \u00e9quilibr\u00e9es, avec un caract\u00e8re \u00e0 la fois subtil et convaincant. Mais utilisez un bon amplificateur ! Ils ont besoin de puissance. Un conseil ? Prix [&hellip;]","og_url":"https:\/\/dev.freakuence.nl\/fr\/produit\/nb-603-2\/","og_site_name":"Freakuence!","article_modified_time":"2026-02-04T03:04:24+00:00","twitter_card":"summary_large_image","schema":{"@context":"https:\/\/schema.org","@graph":[{"@type":"WebPage","@id":"https:\/\/dev.freakuence.nl\/fr\/produit\/nb-603-2\/","url":"https:\/\/dev.freakuence.nl\/fr\/produit\/nb-603-2\/","name":"KEF BLADE TWO M\u00e9ta | Freakuence!","isPartOf":{"@id":"https:\/\/dev.freakuence.nl\/fr\/#website"},"datePublished":"2026-02-02T07:17:01+00:00","dateModified":"2026-02-04T03:04:24+00:00","breadcrumb":{"@id":"https:\/\/dev.freakuence.nl\/fr\/produit\/nb-603-2\/#breadcrumb"},"inLanguage":"fr-FR","potentialAction":[{"@type":"ReadAction","target":["https:\/\/dev.freakuence.nl\/fr\/produit\/nb-603-2\/"]}]},{"@type":"BreadcrumbList","@id":"https:\/\/dev.freakuence.nl\/fr\/produit\/nb-603-2\/#breadcrumb","itemListElement":[{"@type":"ListItem","position":1,"name":"Accueil","item":"https:\/\/dev.freakuence.nl\/fr\/"},{"@type":"ListItem","position":2,"name":"Products","item":"https:\/\/dev.freakuence.nl\/en\/products\/"},{"@type":"ListItem","position":3,"name":"Densen B-150XS"}]},{"@type":"WebSite","@id":"https:\/\/dev.freakuence.nl\/fr\/#website","url":"https:\/\/dev.freakuence.nl\/fr\/","name":"Freakuence!","description":"Freakuence!","alternateName":"Freakuence","potentialAction":[{"@type":"SearchAction","target":{"@type":"EntryPoint","urlTemplate":"https:\/\/dev.freakuence.nl\/fr\/?s={search_term_string}"},"query-input":{"@type":"PropertyValueSpecification","valueRequired":true,"valueName":"search_term_string"}}],"inLanguage":"fr-FR"}]}},"_links":{"self":[{"href":"https:\/\/dev.freakuence.nl\/fr\/wp-json\/wp\/v2\/product\/314710","targetHints":{"allow":["GET"]}}],"collection":[{"href":"https:\/\/dev.freakuence.nl\/fr\/wp-json\/wp\/v2\/product"}],"about":[{"href":"https:\/\/dev.freakuence.nl\/fr\/wp-json\/wp\/v2\/types\/product"}],"version-history":[{"count":0,"href":"https:\/\/dev.freakuence.nl\/fr\/wp-json\/wp\/v2\/product\/314710\/revisions"}],"wp:attachment":[{"href":"https:\/\/dev.freakuence.nl\/fr\/wp-json\/wp\/v2\/media?parent=314710"}],"wp:term":[{"taxonomy":"product_brand","embeddable":true,"href":"https:\/\/dev.freakuence.nl\/fr\/wp-json\/wp\/v2\/product_brand?post=314710"},{"taxonomy":"product_cat","embeddable":true,"href":"https:\/\/dev.freakuence.nl\/fr\/wp-json\/wp\/v2\/product_cat?post=314710"},{"taxonomy":"product_tag","embeddable":true,"href":"https:\/\/dev.freakuence.nl\/fr\/wp-json\/wp\/v2\/product_tag?post=314710"}],"curies":[{"name":"wp","href":"https:\/\/api.w.org\/{rel}","templated":true}]}}