{"id":315493,"date":"2026-02-11T10:37:48","date_gmt":"2026-02-11T09:37:48","guid":{"rendered":"https:\/\/dev.freakuence.nl\/product\/primaluna-evo-300-amplificateur-de-puissance-hybride\/"},"modified":"2026-02-13T07:52:55","modified_gmt":"2026-02-13T06:52:55","slug":"primaluna-evo-300-amplificateur-de-puissance-hybride","status":"publish","type":"product","link":"https:\/\/dev.freakuence.nl\/fr\/produit\/primaluna-evo-300-amplificateur-de-puissance-hybride\/","title":{"rendered":"Hifi Rose RA180"},"content":{"rendered":"<div class=\"product-specifications-list\">\n<div class=\"specification-item row-header\"><span class=\"spec-content\"><strong>Description Freakuence !<\/strong><\/span><\/div>\n<div class=\"specification-item row-even\"><span class=\"spec-content\">Bien s\u00fbr, les connaisseurs haut de gamme parmi nous peuvent y voir des traits suisses&#8230; Parfois, copier vaut mieux qu&rsquo;\u00e9chouer. Les gens, les personnes int\u00e9ress\u00e9es et les adeptes de nos produits, qu&rsquo;ils le veuillent ou non, ici, dans le magasin, tout le monde se rapproche un peu plus du produit. \u00c0 quoi cela ressemble-t-il ? Nous pourrions laisser entendre que c&rsquo;est un peu os\u00e9. Beaucoup, y compris nous, ont suppos\u00e9 que c&rsquo;\u00e9tait st\u00e9rile, sans sentiment, mais rien ne pourrait \u00eatre plus \u00e9loign\u00e9 de la v\u00e9rit\u00e9&#8230;.    <\/span><\/div>\n<div class=\"specification-item row-odd\"><span class=\"spec-content\">Prix de vente au d\u00e9tail : 5999.00<\/span><\/div>\n<div class=\"specification-item row-header\"><span class=\"spec-content\"><strong>Description g\u00e9n\u00e9rale<\/strong><\/span><\/div>\n<div class=\"specification-item row-even\"><span class=\"spec-content\">Ce syst\u00e8me d&rsquo;amplification int\u00e9gr\u00e9 utilise une amplification de classe AD avec la technologie GaN FET, ce qui permet une amplification efficace et pr\u00e9cise du signal. Il dispose d&rsquo;une large gamme de fr\u00e9quences allant de 20 Hz \u00e0 50 kHz, ce qui lui permet de reproduire les graves et les aigus avec pr\u00e9cision. Avec une puissance de sortie de 200 watts par canal sous 8 ohms et de 400 watts sous 4 ohms, il fournit suffisamment de puissance pour une grande vari\u00e9t\u00e9 d&rsquo;enceintes. Le pr\u00e9amplificateur phono int\u00e9gr\u00e9 prend en charge les cartouches MM et MC, offrant ainsi une grande souplesse pour la lecture des disques vinyles. Il y a \u00e9galement un filtre actif int\u00e9gr\u00e9, permettant la bi-amplification pour une meilleure s\u00e9paration entre les hautes et les basses fr\u00e9quences. Le design comprend des VU-m\u00e8tres analogiques pour un affichage visuel du niveau de sortie et un contr\u00f4le du volume avec des r\u00e9glages pr\u00e9cis. La construction est r\u00e9alis\u00e9e avec des mat\u00e9riaux de haute qualit\u00e9, contribuant \u00e0 la durabilit\u00e9 et aux performances. Ce syst\u00e8me d&rsquo;amplification est con\u00e7u pour fournir une reproduction pr\u00e9cise et d\u00e9taill\u00e9e de la musique, en accordant une attention particuli\u00e8re aux sp\u00e9cifications techniques et \u00e0 la facilit\u00e9 d&rsquo;utilisation.       <\/span><\/div>\n<div class=\"specification-item row-header\"><span class=\"spec-content\"><strong>Informations g\u00e9n\u00e9rales<\/strong><\/span><\/div>\n<div class=\"specification-item row-even\"><span class=\"spec-content\">Con\u00e7u par l&rsquo;ancien ing\u00e9nieur en chef de Samsung, J.H. Lee, le Hifi Rose RA180 allie un design r\u00e9tro \u00e0 une technologie de pointe. Le RA180 utilise un circuit d&rsquo;amplification hybride de classe AD avec des transistors GaN FET, inspir\u00e9 par la technologie militaire et a\u00e9rospatiale. Le bo\u00eetier est en aluminium robuste, frais\u00e9 par CNC pour un amortissement optimal des r\u00e9sonances. Les composants internes sont de premi\u00e8re qualit\u00e9, avec des alimentations s\u00e9par\u00e9es et une construction modulaire pour des performances \u00e0 faible bruit.   <\/span><\/div>\n<div class=\"specification-item row-header\"><span class=\"spec-content\"><strong>Histoire de la marque<\/strong><\/span><\/div>\n<div class=\"specification-item row-even\"><span class=\"spec-content\">Hifi Rose est une marque de la soci\u00e9t\u00e9 sud-cor\u00e9enne Citech Co, Ltd, qui se consacre depuis 2017 au d\u00e9veloppement de composants audio de haute qualit\u00e9 dans la cat\u00e9gorie des streamers r\u00e9seau et des lecteurs tout-en-un. La marque utilise des plateformes mat\u00e9rielles et logicielles propri\u00e9taires, notamment le syst\u00e8me d&rsquo;exploitation ROSE OS bas\u00e9 sur Android. Les appareils de Hifi Rose utilisent un \u00e9cran tactile LCD int\u00e9gr\u00e9 sur toute la largeur de la face avant. Ce faisant, la marque prend en charge les services de streaming populaires tels que TIDAL, Qobuz et Apple Music. La lecture musicale s&rsquo;effectue via des sorties analogiques et num\u00e9riques, selon le mod\u00e8le. Le stockage local est possible via des unit\u00e9s de stockage internes ou des interfaces USB et MicroSD externes. Les appareils peuvent \u00e9galement servir de lecteur de CD en connectant un lecteur de CD-ROM externe. La lecture musicale est compatible avec les formats jusqu&rsquo;\u00e0 DSD512 et PCM 32 bits\/768 kHz.       <\/span><\/div>\n<\/div>\n","protected":false},"excerpt":{"rendered":"<p>Description Freakuence ! Bien s\u00fbr, les connaisseurs haut de gamme parmi nous peuvent y voir des traits suisses&#8230; Parfois, copier vaut mieux qu&rsquo;\u00e9chouer. Les gens, les personnes int\u00e9ress\u00e9es et les adeptes de nos produits, qu&rsquo;ils le veuillent ou non, ici, dans le magasin, tout le monde se rapproche un peu plus du produit. \u00c0 quoi [&hellip;]<\/p>\n","protected":false},"featured_media":315550,"template":"","meta":{"_acf_changed":false,"inline_featured_image":false},"product_brand":[],"product_cat":[558],"product_tag":[579],"class_list":{"0":"post-315493","1":"product","2":"type-product","3":"status-publish","4":"has-post-thumbnail","6":"product_cat-amplificateurs","7":"product_tag-nouveau","8":"pa_kleur-argent","10":"first","11":"onbackorder","12":"sold-individually","13":"purchasable","14":"product-type-variable"},"acf":[],"yoast_head":"<!-- This site is optimized with the Yoast SEO plugin v25.9 - https:\/\/yoast.com\/wordpress\/plugins\/seo\/ -->\n<title>Hifi Rose RA180 | Freakuence!<\/title>\n<meta name=\"robots\" content=\"noindex, follow, max-snippet:-1, max-image-preview:large, max-video-preview:-1\" \/>\n<meta property=\"og:locale\" content=\"fr_FR\" \/>\n<meta property=\"og:type\" content=\"article\" \/>\n<meta property=\"og:title\" content=\"Hifi Rose RA180 | Freakuence!\" \/>\n<meta property=\"og:description\" content=\"Description Freakuence ! Bien s\u00fbr, les connaisseurs haut de gamme parmi nous peuvent y voir des traits suisses&#8230; Parfois, copier vaut mieux qu&rsquo;\u00e9chouer. Les gens, les personnes int\u00e9ress\u00e9es et les adeptes de nos produits, qu&rsquo;ils le veuillent ou non, ici, dans le magasin, tout le monde se rapproche un peu plus du produit. \u00c0 quoi [&hellip;]\" \/>\n<meta property=\"og:url\" content=\"https:\/\/dev.freakuence.nl\/fr\/produit\/primaluna-evo-300-amplificateur-de-puissance-hybride\/\" \/>\n<meta property=\"og:site_name\" content=\"Freakuence!\" \/>\n<meta property=\"article:modified_time\" content=\"2026-02-13T06:52:55+00:00\" \/>\n<meta property=\"og:image\" content=\"https:\/\/dev.freakuence.nl\/wp-content\/uploads\/2026\/02\/17709601187702-851-pikeperch-28641191920.jpg\" \/>\n\t<meta property=\"og:image:width\" content=\"1920\" \/>\n\t<meta property=\"og:image:height\" content=\"1280\" \/>\n\t<meta property=\"og:image:type\" content=\"image\/jpeg\" \/>\n<meta name=\"twitter:card\" content=\"summary_large_image\" \/>\n<script type=\"application\/ld+json\" class=\"yoast-schema-graph\">{\"@context\":\"https:\/\/schema.org\",\"@graph\":[{\"@type\":\"WebPage\",\"@id\":\"https:\/\/dev.freakuence.nl\/fr\/produit\/primaluna-evo-300-amplificateur-de-puissance-hybride\/\",\"url\":\"https:\/\/dev.freakuence.nl\/fr\/produit\/primaluna-evo-300-amplificateur-de-puissance-hybride\/\",\"name\":\"Hifi Rose RA180 | Freakuence!\",\"isPartOf\":{\"@id\":\"https:\/\/dev.freakuence.nl\/fr\/#website\"},\"primaryImageOfPage\":{\"@id\":\"https:\/\/dev.freakuence.nl\/fr\/produit\/primaluna-evo-300-amplificateur-de-puissance-hybride\/#primaryimage\"},\"image\":{\"@id\":\"https:\/\/dev.freakuence.nl\/fr\/produit\/primaluna-evo-300-amplificateur-de-puissance-hybride\/#primaryimage\"},\"thumbnailUrl\":\"https:\/\/dev.freakuence.nl\/wp-content\/uploads\/2026\/02\/17709601187702-851-pikeperch-28641191920.jpg\",\"datePublished\":\"2026-02-11T09:37:48+00:00\",\"dateModified\":\"2026-02-13T06:52:55+00:00\",\"breadcrumb\":{\"@id\":\"https:\/\/dev.freakuence.nl\/fr\/produit\/primaluna-evo-300-amplificateur-de-puissance-hybride\/#breadcrumb\"},\"inLanguage\":\"fr-FR\",\"potentialAction\":[{\"@type\":\"ReadAction\",\"target\":[\"https:\/\/dev.freakuence.nl\/fr\/produit\/primaluna-evo-300-amplificateur-de-puissance-hybride\/\"]}]},{\"@type\":\"ImageObject\",\"inLanguage\":\"fr-FR\",\"@id\":\"https:\/\/dev.freakuence.nl\/fr\/produit\/primaluna-evo-300-amplificateur-de-puissance-hybride\/#primaryimage\",\"url\":\"https:\/\/dev.freakuence.nl\/wp-content\/uploads\/2026\/02\/17709601187702-851-pikeperch-28641191920.jpg\",\"contentUrl\":\"https:\/\/dev.freakuence.nl\/wp-content\/uploads\/2026\/02\/17709601187702-851-pikeperch-28641191920.jpg\",\"width\":1920,\"height\":1280},{\"@type\":\"BreadcrumbList\",\"@id\":\"https:\/\/dev.freakuence.nl\/fr\/produit\/primaluna-evo-300-amplificateur-de-puissance-hybride\/#breadcrumb\",\"itemListElement\":[{\"@type\":\"ListItem\",\"position\":1,\"name\":\"Accueil\",\"item\":\"https:\/\/dev.freakuence.nl\/fr\/\"},{\"@type\":\"ListItem\",\"position\":2,\"name\":\"Products\",\"item\":\"https:\/\/dev.freakuence.nl\/en\/products\/\"},{\"@type\":\"ListItem\",\"position\":3,\"name\":\"Hifi Rose RA180\"}]},{\"@type\":\"WebSite\",\"@id\":\"https:\/\/dev.freakuence.nl\/fr\/#website\",\"url\":\"https:\/\/dev.freakuence.nl\/fr\/\",\"name\":\"Freakuence!\",\"description\":\"Freakuence!\",\"alternateName\":\"Freakuence\",\"potentialAction\":[{\"@type\":\"SearchAction\",\"target\":{\"@type\":\"EntryPoint\",\"urlTemplate\":\"https:\/\/dev.freakuence.nl\/fr\/?s={search_term_string}\"},\"query-input\":{\"@type\":\"PropertyValueSpecification\",\"valueRequired\":true,\"valueName\":\"search_term_string\"}}],\"inLanguage\":\"fr-FR\"}]}<\/script>\n<!-- \/ Yoast SEO plugin. -->","yoast_head_json":{"title":"Hifi Rose RA180 | Freakuence!","robots":{"index":"noindex","follow":"follow","max-snippet":"max-snippet:-1","max-image-preview":"max-image-preview:large","max-video-preview":"max-video-preview:-1"},"og_locale":"fr_FR","og_type":"article","og_title":"Hifi Rose RA180 | Freakuence!","og_description":"Description Freakuence ! Bien s\u00fbr, les connaisseurs haut de gamme parmi nous peuvent y voir des traits suisses&#8230; Parfois, copier vaut mieux qu&rsquo;\u00e9chouer. Les gens, les personnes int\u00e9ress\u00e9es et les adeptes de nos produits, qu&rsquo;ils le veuillent ou non, ici, dans le magasin, tout le monde se rapproche un peu plus du produit. \u00c0 quoi [&hellip;]","og_url":"https:\/\/dev.freakuence.nl\/fr\/produit\/primaluna-evo-300-amplificateur-de-puissance-hybride\/","og_site_name":"Freakuence!","article_modified_time":"2026-02-13T06:52:55+00:00","og_image":[{"width":1920,"height":1280,"url":"https:\/\/dev.freakuence.nl\/wp-content\/uploads\/2026\/02\/17709601187702-851-pikeperch-28641191920.jpg","type":"image\/jpeg"}],"twitter_card":"summary_large_image","schema":{"@context":"https:\/\/schema.org","@graph":[{"@type":"WebPage","@id":"https:\/\/dev.freakuence.nl\/fr\/produit\/primaluna-evo-300-amplificateur-de-puissance-hybride\/","url":"https:\/\/dev.freakuence.nl\/fr\/produit\/primaluna-evo-300-amplificateur-de-puissance-hybride\/","name":"Hifi Rose RA180 | Freakuence!","isPartOf":{"@id":"https:\/\/dev.freakuence.nl\/fr\/#website"},"primaryImageOfPage":{"@id":"https:\/\/dev.freakuence.nl\/fr\/produit\/primaluna-evo-300-amplificateur-de-puissance-hybride\/#primaryimage"},"image":{"@id":"https:\/\/dev.freakuence.nl\/fr\/produit\/primaluna-evo-300-amplificateur-de-puissance-hybride\/#primaryimage"},"thumbnailUrl":"https:\/\/dev.freakuence.nl\/wp-content\/uploads\/2026\/02\/17709601187702-851-pikeperch-28641191920.jpg","datePublished":"2026-02-11T09:37:48+00:00","dateModified":"2026-02-13T06:52:55+00:00","breadcrumb":{"@id":"https:\/\/dev.freakuence.nl\/fr\/produit\/primaluna-evo-300-amplificateur-de-puissance-hybride\/#breadcrumb"},"inLanguage":"fr-FR","potentialAction":[{"@type":"ReadAction","target":["https:\/\/dev.freakuence.nl\/fr\/produit\/primaluna-evo-300-amplificateur-de-puissance-hybride\/"]}]},{"@type":"ImageObject","inLanguage":"fr-FR","@id":"https:\/\/dev.freakuence.nl\/fr\/produit\/primaluna-evo-300-amplificateur-de-puissance-hybride\/#primaryimage","url":"https:\/\/dev.freakuence.nl\/wp-content\/uploads\/2026\/02\/17709601187702-851-pikeperch-28641191920.jpg","contentUrl":"https:\/\/dev.freakuence.nl\/wp-content\/uploads\/2026\/02\/17709601187702-851-pikeperch-28641191920.jpg","width":1920,"height":1280},{"@type":"BreadcrumbList","@id":"https:\/\/dev.freakuence.nl\/fr\/produit\/primaluna-evo-300-amplificateur-de-puissance-hybride\/#breadcrumb","itemListElement":[{"@type":"ListItem","position":1,"name":"Accueil","item":"https:\/\/dev.freakuence.nl\/fr\/"},{"@type":"ListItem","position":2,"name":"Products","item":"https:\/\/dev.freakuence.nl\/en\/products\/"},{"@type":"ListItem","position":3,"name":"Hifi Rose RA180"}]},{"@type":"WebSite","@id":"https:\/\/dev.freakuence.nl\/fr\/#website","url":"https:\/\/dev.freakuence.nl\/fr\/","name":"Freakuence!","description":"Freakuence!","alternateName":"Freakuence","potentialAction":[{"@type":"SearchAction","target":{"@type":"EntryPoint","urlTemplate":"https:\/\/dev.freakuence.nl\/fr\/?s={search_term_string}"},"query-input":{"@type":"PropertyValueSpecification","valueRequired":true,"valueName":"search_term_string"}}],"inLanguage":"fr-FR"}]}},"_links":{"self":[{"href":"https:\/\/dev.freakuence.nl\/fr\/wp-json\/wp\/v2\/product\/315493","targetHints":{"allow":["GET"]}}],"collection":[{"href":"https:\/\/dev.freakuence.nl\/fr\/wp-json\/wp\/v2\/product"}],"about":[{"href":"https:\/\/dev.freakuence.nl\/fr\/wp-json\/wp\/v2\/types\/product"}],"version-history":[{"count":0,"href":"https:\/\/dev.freakuence.nl\/fr\/wp-json\/wp\/v2\/product\/315493\/revisions"}],"wp:featuredmedia":[{"embeddable":true,"href":"https:\/\/dev.freakuence.nl\/fr\/wp-json\/wp\/v2\/media\/315550"}],"wp:attachment":[{"href":"https:\/\/dev.freakuence.nl\/fr\/wp-json\/wp\/v2\/media?parent=315493"}],"wp:term":[{"taxonomy":"product_brand","embeddable":true,"href":"https:\/\/dev.freakuence.nl\/fr\/wp-json\/wp\/v2\/product_brand?post=315493"},{"taxonomy":"product_cat","embeddable":true,"href":"https:\/\/dev.freakuence.nl\/fr\/wp-json\/wp\/v2\/product_cat?post=315493"},{"taxonomy":"product_tag","embeddable":true,"href":"https:\/\/dev.freakuence.nl\/fr\/wp-json\/wp\/v2\/product_tag?post=315493"}],"curies":[{"name":"wp","href":"https:\/\/api.w.org\/{rel}","templated":true}]}}