{"id":315539,"date":"2026-02-13T07:47:50","date_gmt":"2026-02-13T06:47:50","guid":{"rendered":"https:\/\/dev.freakuence.nl\/product\/hegel-h190v-3\/"},"modified":"2026-02-13T20:49:02","modified_gmt":"2026-02-13T19:49:02","slug":"hegel-h190v-3","status":"publish","type":"product","link":"https:\/\/dev.freakuence.nl\/fr\/produit\/hegel-h190v-3\/","title":{"rendered":"Hegel H190v"},"content":{"rendered":"<div class=\"product-specifications-list\">\n<div class=\"specification-item row-header\"><span class=\"spec-content\"><strong>Description Freakuence !<\/strong><\/span><\/div>\n<div class=\"specification-item row-even\"><span class=\"spec-content\">Hegel H190v, le Hegel avec amplificateur phono. Il r\u00e9unit tous les \u00e9l\u00e9ments en un clin d&rsquo;\u0153il. Puissance ! D\u00e9tail. Le Hegel peut le faire&#8230; et bien.    <\/span><\/div>\n<div class=\"specification-item row-odd\"><span class=\"spec-content\">Prix de vente au d\u00e9tail : 3695.00<\/span><\/div>\n<div class=\"specification-item row-header\"><span class=\"spec-content\"><strong>Description g\u00e9n\u00e9rale<\/strong><\/span><\/div>\n<div class=\"specification-item row-even\"><span class=\"spec-content\">Avec une puissance de sortie de 2 x 150 W \u00e0 8 \u03a9 et un facteur d&rsquo;att\u00e9nuation de plus de 4000, cet appareil offre suffisamment de puissance et de contr\u00f4le pour une grande vari\u00e9t\u00e9 d&rsquo;enceintes. La gamme de fr\u00e9quences s&rsquo;\u00e9tend de 5 Hz \u00e0 100 kHz, offrant un large spectre de sons. Le rapport signal\/bruit est sup\u00e9rieur \u00e0 100 dB, ce qui contribue \u00e0 une lecture claire et nette. Avec des entr\u00e9es analogiques, y compris des connexions sym\u00e9triques (XLR) et asym\u00e9triques (RCA), ainsi qu&rsquo;une entr\u00e9e phono pour les cartouches MM, il offre des options de connectivit\u00e9 polyvalentes. En outre, des entr\u00e9es num\u00e9riques sont disponibles : coaxiales, optiques, USB et r\u00e9seau, permettant l&rsquo;int\u00e9gration de diverses sources num\u00e9riques. L&rsquo;appareil prend en charge le streaming via AirPlay, Roon Ready, Spotify Connect et UPnP, ce qui facilite la lecture de musique \u00e0 partir de diff\u00e9rentes plateformes. Une prise casque de 6,3 mm est disponible pour les sessions d&rsquo;\u00e9coute personnelles. Les dimensions sont de 12 cm x 43 cm x 41 cm (HxLxP) et le poids est de 14,2 kg.       <\/span><\/div>\n<div class=\"specification-item row-header\"><span class=\"spec-content\"><strong>Informations g\u00e9n\u00e9rales<\/strong><\/span><\/div>\n<div class=\"specification-item row-even\"><span class=\"spec-content\">Le Hegel H190v est un amplificateur int\u00e9gr\u00e9 ax\u00e9 sur la neutralit\u00e9 et la faible distorsion, con\u00e7u par Bent Holter, fondateur et ing\u00e9nieur en chef de Hegel, entre autres. L&rsquo;amplificateur utilise la technologie brevet\u00e9e SoundEngine2 et des entr\u00e9es FET \u00e9quilibr\u00e9es pour maintenir la dynamique et minimiser le bruit. Le coffret est en aluminium et en acier pour un blindage optimal. Tout est d\u00e9velopp\u00e9 en Norv\u00e8ge, avec une s\u00e9lection de composants de haute qualit\u00e9 provenant de fournisseurs internationaux.   <\/span><\/div>\n<div class=\"specification-item row-header\"><span class=\"spec-content\"><strong>Histoire de la marque<\/strong><\/span><\/div>\n<div class=\"specification-item row-even\"><span class=\"spec-content\">Hegel a \u00e9t\u00e9 fond\u00e9e en Norv\u00e8ge \u00e0 la fin des ann\u00e9es 1980 par Bent Holter. Dans le cadre de son projet de fin d&rsquo;\u00e9tudes \u00e0 l&rsquo;universit\u00e9 de technologie de Trondheim, il a mis au point une solution pour r\u00e9duire la distorsion dans les amplificateurs \u00e0 transistors. C&rsquo;est ainsi qu&rsquo;est n\u00e9e la technologie qui sera plus tard connue sous le nom de SoundEngine. En 1988, le nom Hegel a \u00e9t\u00e9 utilis\u00e9 pour la premi\u00e8re fois pour un amplificateur. Dans les ann\u00e9es 1990, l&rsquo;entreprise a lanc\u00e9 plusieurs lecteurs de CD et amplificateurs. En 1996, le premier amplificateur enti\u00e8rement sym\u00e9trique a \u00e9t\u00e9 introduit. Vers 2004, la marque a commenc\u00e9 \u00e0 d\u00e9velopper des convertisseurs DA. Plus tard, les produits ont \u00e9t\u00e9 \u00e9quip\u00e9s de capacit\u00e9s de mise en r\u00e9seau pour prendre en charge la lecture de musique num\u00e9rique. Hegel commercialise exclusivement ses propres produits \u00e9lectroniques, en d\u00e9veloppant elle-m\u00eame la conception des circuits et les logiciels n\u00e9cessaires. L&rsquo;entreprise assure la distribution internationale de ses produits depuis la Norv\u00e8ge.         <\/span><\/div>\n<\/div>\n","protected":false},"excerpt":{"rendered":"<p>Description Freakuence ! Hegel H190v, le Hegel avec amplificateur phono. Il r\u00e9unit tous les \u00e9l\u00e9ments en un clin d&rsquo;\u0153il. Puissance ! D\u00e9tail. Le Hegel peut le faire&#8230; et bien. Prix de vente au d\u00e9tail : 3695.00 Description g\u00e9n\u00e9rale Avec une puissance de sortie de 2 x 150 W \u00e0 8 \u03a9 et un facteur d&rsquo;att\u00e9nuation [&hellip;]<\/p>\n","protected":false},"featured_media":315582,"template":"","meta":{"_acf_changed":false,"inline_featured_image":false},"product_brand":[],"product_cat":[558],"product_tag":[579],"class_list":{"0":"post-315539","1":"product","2":"type-product","3":"status-publish","4":"has-post-thumbnail","6":"product_cat-amplificateurs","7":"product_tag-nouveau","8":"pa_kleur-bleu","9":"pa_kleur-marron","11":"first","12":"onbackorder","13":"sold-individually","14":"taxable","15":"shipping-taxable","16":"purchasable","17":"product-type-variable"},"acf":[],"yoast_head":"<!-- This site is optimized with the Yoast SEO plugin v25.9 - https:\/\/yoast.com\/wordpress\/plugins\/seo\/ -->\n<title>Hegel H190v | Freakuence!<\/title>\n<meta name=\"description\" content=\"Hegel H190v : puissant amplificateur int\u00e9gr\u00e9 avec 150W par canal, entr\u00e9e phono MM et options de streaming. \u2713 HiFi neuf et d&#039;occasion \u2713 Note des clients : 4.9 sur 5 \u2713 R\u00e9servez une s\u00e9ance d&#039;\u00e9coute !\" \/>\n<meta name=\"robots\" content=\"noindex, follow, max-snippet:-1, max-image-preview:large, max-video-preview:-1\" \/>\n<meta property=\"og:locale\" content=\"fr_FR\" \/>\n<meta property=\"og:type\" content=\"article\" \/>\n<meta property=\"og:title\" content=\"Hegel H190v | Freakuence!\" \/>\n<meta property=\"og:description\" content=\"Hegel H190v : puissant amplificateur int\u00e9gr\u00e9 avec 150W par canal, entr\u00e9e phono MM et options de streaming. \u2713 HiFi neuf et d&#039;occasion \u2713 Note des clients : 4.9 sur 5 \u2713 R\u00e9servez une s\u00e9ance d&#039;\u00e9coute !\" \/>\n<meta property=\"og:url\" content=\"https:\/\/dev.freakuence.nl\/fr\/produit\/hegel-h190v-3\/\" \/>\n<meta property=\"og:site_name\" content=\"Freakuence!\" \/>\n<meta property=\"article:modified_time\" content=\"2026-02-13T19:49:02+00:00\" \/>\n<meta property=\"og:image\" content=\"https:\/\/dev.freakuence.nl\/wp-content\/uploads\/2026\/02\/17709653920882-2562-1.jpg\" \/>\n\t<meta property=\"og:image:width\" content=\"1920\" \/>\n\t<meta property=\"og:image:height\" content=\"630\" \/>\n\t<meta property=\"og:image:type\" content=\"image\/jpeg\" \/>\n<meta name=\"twitter:card\" content=\"summary_large_image\" \/>\n<script type=\"application\/ld+json\" class=\"yoast-schema-graph\">{\"@context\":\"https:\/\/schema.org\",\"@graph\":[{\"@type\":\"WebPage\",\"@id\":\"https:\/\/dev.freakuence.nl\/fr\/produit\/hegel-h190v-3\/\",\"url\":\"https:\/\/dev.freakuence.nl\/fr\/produit\/hegel-h190v-3\/\",\"name\":\"Hegel H190v | Freakuence!\",\"isPartOf\":{\"@id\":\"https:\/\/dev.freakuence.nl\/fr\/#website\"},\"primaryImageOfPage\":{\"@id\":\"https:\/\/dev.freakuence.nl\/fr\/produit\/hegel-h190v-3\/#primaryimage\"},\"image\":{\"@id\":\"https:\/\/dev.freakuence.nl\/fr\/produit\/hegel-h190v-3\/#primaryimage\"},\"thumbnailUrl\":\"https:\/\/dev.freakuence.nl\/wp-content\/uploads\/2026\/02\/17709653920882-2562-1.jpg\",\"datePublished\":\"2026-02-13T06:47:50+00:00\",\"dateModified\":\"2026-02-13T19:49:02+00:00\",\"description\":\"Hegel H190v : puissant amplificateur int\u00e9gr\u00e9 avec 150W par canal, entr\u00e9e phono MM et options de streaming. \u2713 HiFi neuf et d'occasion \u2713 Note des clients : 4.9 sur 5 \u2713 R\u00e9servez une s\u00e9ance d'\u00e9coute !\",\"breadcrumb\":{\"@id\":\"https:\/\/dev.freakuence.nl\/fr\/produit\/hegel-h190v-3\/#breadcrumb\"},\"inLanguage\":\"fr-FR\",\"potentialAction\":[{\"@type\":\"ReadAction\",\"target\":[\"https:\/\/dev.freakuence.nl\/fr\/produit\/hegel-h190v-3\/\"]}]},{\"@type\":\"ImageObject\",\"inLanguage\":\"fr-FR\",\"@id\":\"https:\/\/dev.freakuence.nl\/fr\/produit\/hegel-h190v-3\/#primaryimage\",\"url\":\"https:\/\/dev.freakuence.nl\/wp-content\/uploads\/2026\/02\/17709653920882-2562-1.jpg\",\"contentUrl\":\"https:\/\/dev.freakuence.nl\/wp-content\/uploads\/2026\/02\/17709653920882-2562-1.jpg\",\"width\":1920,\"height\":630},{\"@type\":\"BreadcrumbList\",\"@id\":\"https:\/\/dev.freakuence.nl\/fr\/produit\/hegel-h190v-3\/#breadcrumb\",\"itemListElement\":[{\"@type\":\"ListItem\",\"position\":1,\"name\":\"Accueil\",\"item\":\"https:\/\/dev.freakuence.nl\/fr\/\"},{\"@type\":\"ListItem\",\"position\":2,\"name\":\"Products\",\"item\":\"https:\/\/dev.freakuence.nl\/en\/products\/\"},{\"@type\":\"ListItem\",\"position\":3,\"name\":\"Hegel H190v\"}]},{\"@type\":\"WebSite\",\"@id\":\"https:\/\/dev.freakuence.nl\/fr\/#website\",\"url\":\"https:\/\/dev.freakuence.nl\/fr\/\",\"name\":\"Freakuence!\",\"description\":\"Freakuence!\",\"alternateName\":\"Freakuence\",\"potentialAction\":[{\"@type\":\"SearchAction\",\"target\":{\"@type\":\"EntryPoint\",\"urlTemplate\":\"https:\/\/dev.freakuence.nl\/fr\/?s={search_term_string}\"},\"query-input\":{\"@type\":\"PropertyValueSpecification\",\"valueRequired\":true,\"valueName\":\"search_term_string\"}}],\"inLanguage\":\"fr-FR\"}]}<\/script>\n<!-- \/ Yoast SEO plugin. -->","yoast_head_json":{"title":"Hegel H190v | Freakuence!","description":"Hegel H190v : puissant amplificateur int\u00e9gr\u00e9 avec 150W par canal, entr\u00e9e phono MM et options de streaming. \u2713 HiFi neuf et d'occasion \u2713 Note des clients : 4.9 sur 5 \u2713 R\u00e9servez une s\u00e9ance d'\u00e9coute !","robots":{"index":"noindex","follow":"follow","max-snippet":"max-snippet:-1","max-image-preview":"max-image-preview:large","max-video-preview":"max-video-preview:-1"},"og_locale":"fr_FR","og_type":"article","og_title":"Hegel H190v | Freakuence!","og_description":"Hegel H190v : puissant amplificateur int\u00e9gr\u00e9 avec 150W par canal, entr\u00e9e phono MM et options de streaming. \u2713 HiFi neuf et d'occasion \u2713 Note des clients : 4.9 sur 5 \u2713 R\u00e9servez une s\u00e9ance d'\u00e9coute !","og_url":"https:\/\/dev.freakuence.nl\/fr\/produit\/hegel-h190v-3\/","og_site_name":"Freakuence!","article_modified_time":"2026-02-13T19:49:02+00:00","og_image":[{"width":1920,"height":630,"url":"https:\/\/dev.freakuence.nl\/wp-content\/uploads\/2026\/02\/17709653920882-2562-1.jpg","type":"image\/jpeg"}],"twitter_card":"summary_large_image","schema":{"@context":"https:\/\/schema.org","@graph":[{"@type":"WebPage","@id":"https:\/\/dev.freakuence.nl\/fr\/produit\/hegel-h190v-3\/","url":"https:\/\/dev.freakuence.nl\/fr\/produit\/hegel-h190v-3\/","name":"Hegel H190v | Freakuence!","isPartOf":{"@id":"https:\/\/dev.freakuence.nl\/fr\/#website"},"primaryImageOfPage":{"@id":"https:\/\/dev.freakuence.nl\/fr\/produit\/hegel-h190v-3\/#primaryimage"},"image":{"@id":"https:\/\/dev.freakuence.nl\/fr\/produit\/hegel-h190v-3\/#primaryimage"},"thumbnailUrl":"https:\/\/dev.freakuence.nl\/wp-content\/uploads\/2026\/02\/17709653920882-2562-1.jpg","datePublished":"2026-02-13T06:47:50+00:00","dateModified":"2026-02-13T19:49:02+00:00","description":"Hegel H190v : puissant amplificateur int\u00e9gr\u00e9 avec 150W par canal, entr\u00e9e phono MM et options de streaming. \u2713 HiFi neuf et d'occasion \u2713 Note des clients : 4.9 sur 5 \u2713 R\u00e9servez une s\u00e9ance d'\u00e9coute !","breadcrumb":{"@id":"https:\/\/dev.freakuence.nl\/fr\/produit\/hegel-h190v-3\/#breadcrumb"},"inLanguage":"fr-FR","potentialAction":[{"@type":"ReadAction","target":["https:\/\/dev.freakuence.nl\/fr\/produit\/hegel-h190v-3\/"]}]},{"@type":"ImageObject","inLanguage":"fr-FR","@id":"https:\/\/dev.freakuence.nl\/fr\/produit\/hegel-h190v-3\/#primaryimage","url":"https:\/\/dev.freakuence.nl\/wp-content\/uploads\/2026\/02\/17709653920882-2562-1.jpg","contentUrl":"https:\/\/dev.freakuence.nl\/wp-content\/uploads\/2026\/02\/17709653920882-2562-1.jpg","width":1920,"height":630},{"@type":"BreadcrumbList","@id":"https:\/\/dev.freakuence.nl\/fr\/produit\/hegel-h190v-3\/#breadcrumb","itemListElement":[{"@type":"ListItem","position":1,"name":"Accueil","item":"https:\/\/dev.freakuence.nl\/fr\/"},{"@type":"ListItem","position":2,"name":"Products","item":"https:\/\/dev.freakuence.nl\/en\/products\/"},{"@type":"ListItem","position":3,"name":"Hegel H190v"}]},{"@type":"WebSite","@id":"https:\/\/dev.freakuence.nl\/fr\/#website","url":"https:\/\/dev.freakuence.nl\/fr\/","name":"Freakuence!","description":"Freakuence!","alternateName":"Freakuence","potentialAction":[{"@type":"SearchAction","target":{"@type":"EntryPoint","urlTemplate":"https:\/\/dev.freakuence.nl\/fr\/?s={search_term_string}"},"query-input":{"@type":"PropertyValueSpecification","valueRequired":true,"valueName":"search_term_string"}}],"inLanguage":"fr-FR"}]}},"_links":{"self":[{"href":"https:\/\/dev.freakuence.nl\/fr\/wp-json\/wp\/v2\/product\/315539","targetHints":{"allow":["GET"]}}],"collection":[{"href":"https:\/\/dev.freakuence.nl\/fr\/wp-json\/wp\/v2\/product"}],"about":[{"href":"https:\/\/dev.freakuence.nl\/fr\/wp-json\/wp\/v2\/types\/product"}],"version-history":[{"count":0,"href":"https:\/\/dev.freakuence.nl\/fr\/wp-json\/wp\/v2\/product\/315539\/revisions"}],"wp:featuredmedia":[{"embeddable":true,"href":"https:\/\/dev.freakuence.nl\/fr\/wp-json\/wp\/v2\/media\/315582"}],"wp:attachment":[{"href":"https:\/\/dev.freakuence.nl\/fr\/wp-json\/wp\/v2\/media?parent=315539"}],"wp:term":[{"taxonomy":"product_brand","embeddable":true,"href":"https:\/\/dev.freakuence.nl\/fr\/wp-json\/wp\/v2\/product_brand?post=315539"},{"taxonomy":"product_cat","embeddable":true,"href":"https:\/\/dev.freakuence.nl\/fr\/wp-json\/wp\/v2\/product_cat?post=315539"},{"taxonomy":"product_tag","embeddable":true,"href":"https:\/\/dev.freakuence.nl\/fr\/wp-json\/wp\/v2\/product_tag?post=315539"}],"curies":[{"name":"wp","href":"https:\/\/api.w.org\/{rel}","templated":true}]}}