{"id":315889,"date":"2025-11-03T05:16:24","date_gmt":"2025-11-03T04:16:24","guid":{"rendered":"https:\/\/dev.freakuence.nl\/product\/thiel-cs2-3\/"},"modified":"2025-11-03T05:16:24","modified_gmt":"2025-11-03T04:16:24","slug":"thiel-cs2-3","status":"publish","type":"product","link":"https:\/\/dev.freakuence.nl\/fr\/produit\/thiel-cs2-3\/","title":{"rendered":"Thiel CS2.3"},"content":{"rendered":"<div class=\"product-specifications-list\">\n<div class=\"specification-item row-even\"><span class=\"spec-content\"><strong>Description Freakuence !<\/strong><\/span><\/div>\n<div class=\"specification-item row-odd\">\n<p>&nbsp;<\/p>\n<p>Le CS2.3 est un succ\u00e8s absolu de la gamme Thiel. Nous l&rsquo;avons vraiment appr\u00e9ci\u00e9 dans son ensemble. Si vous voulez oublier que vous avez affaire \u00e0 de l&rsquo;audio, mais que vous voulez \u00e9couter uniquement de la musique, Thiel est un constructeur qui vous conviendra parfaitement. Merveilleusement honn\u00eate ! Note : ce sont des gars assoiff\u00e9s, un ampli d\u00e9livrant des tonnes de puissance les am\u00e8nera \u00e0 un niveau sans pr\u00e9c\u00e9dent. Bienvenue pour une s\u00e9ance !     <\/p>\n<p>&nbsp;<\/p>\n<\/div>\n<div class=\"specification-item row-even\"><span class=\"spec-content\"><strong>Histoire de la marque<\/strong><\/span><\/div>\n<div class=\"specification-item row-odd\">\n<p>&nbsp;<\/p>\n<p>Thiel Audio a \u00e9t\u00e9 fond\u00e9 par trois amis d&rsquo;universit\u00e9 : Jim Thiel, Tom Thiel et Kathy Gornik, qui ont commenc\u00e9 \u00e0 fabriquer du mat\u00e9riel dans le garage de leur maison en 1976. Thiel Audio a \u00e9t\u00e9 fond\u00e9e avec 25 000 dollars emprunt\u00e9s \u00e0 ses parents et \u00e0 quelques amis. Jim Thiel est dipl\u00f4m\u00e9 de l&rsquo;universit\u00e9 du Kentucky en 1968, avec une sp\u00e9cialisation en physique. Thiel Audio a expos\u00e9 pour la premi\u00e8re fois au Consumer Electronics Show en 1977 (l&rsquo;ann\u00e9e o\u00f9 la soci\u00e9t\u00e9 a \u00e9t\u00e9 fond\u00e9e, bien qu&rsquo;elle vende ses produits depuis 1976). Son premier haut-parleur \u00e9tait le 01 full-range. Un an plus tard, en 1978, le mod\u00e8le 03 introduisait les principes de coh\u00e9rence temporelle, de phase et de fr\u00e9quence, qui allaient devenir la base de toutes les conceptions de Jim Thiel et l&rsquo;id\u00e9e fondamentale \u00e0 l&rsquo;origine de la notori\u00e9t\u00e9 de Thiel. Tom Thiel, un menuisier exp\u00e9riment\u00e9, a construit les enceintes. Leur premier produit hi-fi \u00e9tait un haut-parleur \u00e0 deux voies avec un \u00e9galiseur pour une reproduction des basses de haute qualit\u00e9. Jim Thiel s&rsquo;est rapidement rendu compte qu&rsquo;il avait besoin de quelqu&rsquo;un pour s&rsquo;occuper de la partie commerciale de l&rsquo;entreprise, et Gornik a donc essay\u00e9 de les vendre dans sa ville, Washington, D.C. Au cours de la vie de l&rsquo;entreprise, Thiel a eu un certain nombre de s\u00e9ries \u00e0 long terme, y compris la CS 2 introduite pour la premi\u00e8re fois en 1982 et mise \u00e0 jour jusqu&rsquo;en 2012 avec l&rsquo;introduction de la CS 2.7. En mars 2006, Thiel a d\u00e9voil\u00e9 le clou de la s\u00e9rie CS 3, le Thiel CS 3.7. Jim Thiel est d\u00e9c\u00e9d\u00e9 en 2009.          <\/p>\n<p>&nbsp;<\/p>\n<\/div>\n<\/div>\n","protected":false},"excerpt":{"rendered":"<p>Description Freakuence ! &nbsp; Le CS2.3 est un succ\u00e8s absolu de la gamme Thiel. Nous l&rsquo;avons vraiment appr\u00e9ci\u00e9 dans son ensemble. Si vous voulez oublier que vous avez affaire \u00e0 de l&rsquo;audio, mais que vous voulez \u00e9couter uniquement de la musique, Thiel est un constructeur qui vous conviendra parfaitement. Merveilleusement honn\u00eate ! Note : ce [&hellip;]<\/p>\n","protected":false},"featured_media":0,"template":"","meta":{"_acf_changed":false,"inline_featured_image":false},"product_brand":[],"product_cat":[551],"product_tag":[554],"class_list":{"0":"post-315889","1":"product","2":"type-product","3":"status-publish","5":"product_cat-intervenants","6":"product_tag-used","8":"first","9":"instock","10":"purchasable","11":"product-type-simple"},"acf":[],"yoast_head":"<!-- This site is optimized with the Yoast SEO plugin v25.9 - https:\/\/yoast.com\/wordpress\/plugins\/seo\/ -->\n<title>Thiel CS2.3 | Freakuence!<\/title>\n<meta name=\"robots\" content=\"noindex, follow, max-snippet:-1, max-image-preview:large, max-video-preview:-1\" \/>\n<meta property=\"og:locale\" content=\"fr_FR\" \/>\n<meta property=\"og:type\" content=\"article\" \/>\n<meta property=\"og:title\" content=\"Thiel CS2.3 | Freakuence!\" \/>\n<meta property=\"og:description\" content=\"Description Freakuence ! &nbsp; Le CS2.3 est un succ\u00e8s absolu de la gamme Thiel. Nous l&rsquo;avons vraiment appr\u00e9ci\u00e9 dans son ensemble. Si vous voulez oublier que vous avez affaire \u00e0 de l&rsquo;audio, mais que vous voulez \u00e9couter uniquement de la musique, Thiel est un constructeur qui vous conviendra parfaitement. Merveilleusement honn\u00eate ! Note : ce [&hellip;]\" \/>\n<meta property=\"og:url\" content=\"https:\/\/dev.freakuence.nl\/fr\/produit\/thiel-cs2-3\/\" \/>\n<meta property=\"og:site_name\" content=\"Freakuence!\" \/>\n<meta name=\"twitter:card\" content=\"summary_large_image\" \/>\n<script type=\"application\/ld+json\" class=\"yoast-schema-graph\">{\"@context\":\"https:\/\/schema.org\",\"@graph\":[{\"@type\":\"WebPage\",\"@id\":\"https:\/\/dev.freakuence.nl\/fr\/produit\/thiel-cs2-3\/\",\"url\":\"https:\/\/dev.freakuence.nl\/fr\/produit\/thiel-cs2-3\/\",\"name\":\"Thiel CS2.3 | Freakuence!\",\"isPartOf\":{\"@id\":\"https:\/\/dev.freakuence.nl\/fr\/#website\"},\"datePublished\":\"2025-11-03T04:16:24+00:00\",\"breadcrumb\":{\"@id\":\"https:\/\/dev.freakuence.nl\/fr\/produit\/thiel-cs2-3\/#breadcrumb\"},\"inLanguage\":\"fr-FR\",\"potentialAction\":[{\"@type\":\"ReadAction\",\"target\":[\"https:\/\/dev.freakuence.nl\/fr\/produit\/thiel-cs2-3\/\"]}]},{\"@type\":\"BreadcrumbList\",\"@id\":\"https:\/\/dev.freakuence.nl\/fr\/produit\/thiel-cs2-3\/#breadcrumb\",\"itemListElement\":[{\"@type\":\"ListItem\",\"position\":1,\"name\":\"Accueil\",\"item\":\"https:\/\/dev.freakuence.nl\/fr\/\"},{\"@type\":\"ListItem\",\"position\":2,\"name\":\"Products\",\"item\":\"https:\/\/dev.freakuence.nl\/en\/products\/\"},{\"@type\":\"ListItem\",\"position\":3,\"name\":\"Thiel CS2.3\"}]},{\"@type\":\"WebSite\",\"@id\":\"https:\/\/dev.freakuence.nl\/fr\/#website\",\"url\":\"https:\/\/dev.freakuence.nl\/fr\/\",\"name\":\"Freakuence!\",\"description\":\"Freakuence!\",\"alternateName\":\"Freakuence\",\"potentialAction\":[{\"@type\":\"SearchAction\",\"target\":{\"@type\":\"EntryPoint\",\"urlTemplate\":\"https:\/\/dev.freakuence.nl\/fr\/?s={search_term_string}\"},\"query-input\":{\"@type\":\"PropertyValueSpecification\",\"valueRequired\":true,\"valueName\":\"search_term_string\"}}],\"inLanguage\":\"fr-FR\"}]}<\/script>\n<!-- \/ Yoast SEO plugin. -->","yoast_head_json":{"title":"Thiel CS2.3 | Freakuence!","robots":{"index":"noindex","follow":"follow","max-snippet":"max-snippet:-1","max-image-preview":"max-image-preview:large","max-video-preview":"max-video-preview:-1"},"og_locale":"fr_FR","og_type":"article","og_title":"Thiel CS2.3 | Freakuence!","og_description":"Description Freakuence ! &nbsp; Le CS2.3 est un succ\u00e8s absolu de la gamme Thiel. Nous l&rsquo;avons vraiment appr\u00e9ci\u00e9 dans son ensemble. Si vous voulez oublier que vous avez affaire \u00e0 de l&rsquo;audio, mais que vous voulez \u00e9couter uniquement de la musique, Thiel est un constructeur qui vous conviendra parfaitement. Merveilleusement honn\u00eate ! Note : ce [&hellip;]","og_url":"https:\/\/dev.freakuence.nl\/fr\/produit\/thiel-cs2-3\/","og_site_name":"Freakuence!","twitter_card":"summary_large_image","schema":{"@context":"https:\/\/schema.org","@graph":[{"@type":"WebPage","@id":"https:\/\/dev.freakuence.nl\/fr\/produit\/thiel-cs2-3\/","url":"https:\/\/dev.freakuence.nl\/fr\/produit\/thiel-cs2-3\/","name":"Thiel CS2.3 | Freakuence!","isPartOf":{"@id":"https:\/\/dev.freakuence.nl\/fr\/#website"},"datePublished":"2025-11-03T04:16:24+00:00","breadcrumb":{"@id":"https:\/\/dev.freakuence.nl\/fr\/produit\/thiel-cs2-3\/#breadcrumb"},"inLanguage":"fr-FR","potentialAction":[{"@type":"ReadAction","target":["https:\/\/dev.freakuence.nl\/fr\/produit\/thiel-cs2-3\/"]}]},{"@type":"BreadcrumbList","@id":"https:\/\/dev.freakuence.nl\/fr\/produit\/thiel-cs2-3\/#breadcrumb","itemListElement":[{"@type":"ListItem","position":1,"name":"Accueil","item":"https:\/\/dev.freakuence.nl\/fr\/"},{"@type":"ListItem","position":2,"name":"Products","item":"https:\/\/dev.freakuence.nl\/en\/products\/"},{"@type":"ListItem","position":3,"name":"Thiel CS2.3"}]},{"@type":"WebSite","@id":"https:\/\/dev.freakuence.nl\/fr\/#website","url":"https:\/\/dev.freakuence.nl\/fr\/","name":"Freakuence!","description":"Freakuence!","alternateName":"Freakuence","potentialAction":[{"@type":"SearchAction","target":{"@type":"EntryPoint","urlTemplate":"https:\/\/dev.freakuence.nl\/fr\/?s={search_term_string}"},"query-input":{"@type":"PropertyValueSpecification","valueRequired":true,"valueName":"search_term_string"}}],"inLanguage":"fr-FR"}]}},"_links":{"self":[{"href":"https:\/\/dev.freakuence.nl\/fr\/wp-json\/wp\/v2\/product\/315889","targetHints":{"allow":["GET"]}}],"collection":[{"href":"https:\/\/dev.freakuence.nl\/fr\/wp-json\/wp\/v2\/product"}],"about":[{"href":"https:\/\/dev.freakuence.nl\/fr\/wp-json\/wp\/v2\/types\/product"}],"version-history":[{"count":0,"href":"https:\/\/dev.freakuence.nl\/fr\/wp-json\/wp\/v2\/product\/315889\/revisions"}],"wp:attachment":[{"href":"https:\/\/dev.freakuence.nl\/fr\/wp-json\/wp\/v2\/media?parent=315889"}],"wp:term":[{"taxonomy":"product_brand","embeddable":true,"href":"https:\/\/dev.freakuence.nl\/fr\/wp-json\/wp\/v2\/product_brand?post=315889"},{"taxonomy":"product_cat","embeddable":true,"href":"https:\/\/dev.freakuence.nl\/fr\/wp-json\/wp\/v2\/product_cat?post=315889"},{"taxonomy":"product_tag","embeddable":true,"href":"https:\/\/dev.freakuence.nl\/fr\/wp-json\/wp\/v2\/product_tag?post=315889"}],"curies":[{"name":"wp","href":"https:\/\/api.w.org\/{rel}","templated":true}]}}