{"id":315893,"date":"2025-11-03T04:51:46","date_gmt":"2025-11-03T03:51:46","guid":{"rendered":"https:\/\/dev.freakuence.nl\/product\/focal-1028-be\/"},"modified":"2026-02-20T18:53:44","modified_gmt":"2026-02-20T17:53:44","slug":"focal-1028-be","status":"publish","type":"product","link":"https:\/\/dev.freakuence.nl\/fr\/produit\/focal-1028-be\/","title":{"rendered":"Focal 1028 BE"},"content":{"rendered":"<div class=\"product-specifications-list\">\n<div class=\"specification-item row-even\"><span class=\"spec-content\"><strong>Description Freakuence !<\/strong><\/span><\/div>\n<div class=\"specification-item row-odd\"><span class=\"spec-content\"><\/p>\n<p>Cette derni\u00e8re \u00e9dition du 1028 est directe ! Tr\u00e8s directe et particuli\u00e8rement rapide dans les aigus. En partie gr\u00e2ce \u00e0 son tweeter en Berylium. Un vrai spectacle (mais en termes de son). Le bas du spectre peut \u00eatre lourd, mais c&rsquo;est souvent d\u00fb \u00e0 l&rsquo;amplificateur qui doit garder les unit\u00e9s sous contr\u00f4le. Vous avez des questions ? N&rsquo;h\u00e9sitez pas \u00e0 les poser !      <\/p>\n<p><\/span><\/div>\n<div class=\"specification-item row-even\"><span class=\"spec-content\"><strong>Histoire de la marque<\/strong><\/span><\/div>\n<div class=\"specification-item row-odd\"><span class=\"spec-content\"><\/p>\n<p>Focal a \u00e9t\u00e9 fond\u00e9e en 1979 \u00e0 Saint-\u00c9tienne, en France, par Jacques Mahul. La marque a commenc\u00e9 par produire des \u00e9l\u00e9ments de haut-parleurs, qu&rsquo;elle a d&rsquo;abord fournis \u00e0 d&rsquo;autres fabricants. Au fil des ann\u00e9es, Focal s&rsquo;est concentr\u00e9e sur la conception et la fabrication de ses propres syst\u00e8mes de haut-parleurs, en d\u00e9veloppant diverses technologies et mat\u00e9riaux pour am\u00e9liorer la reproduction du son. Un exemple est l&rsquo;utilisation du b\u00e9ryllium dans les tweeters, qui conf\u00e8re des propri\u00e9t\u00e9s uniques en termes de sp\u00e9cifications sonores. Focal produit \u00e9galement des casques et d&rsquo;autres \u00e9quipements audio, dont de nombreux composants sont fabriqu\u00e9s en interne. Outre le march\u00e9 grand public, la marque se concentre \u00e9galement sur la production de haut-parleurs destin\u00e9s aux studios professionnels.     <\/p>\n<p><\/span><\/div>\n<\/div>\n","protected":false},"excerpt":{"rendered":"<p>Description Freakuence ! Cette derni\u00e8re \u00e9dition du 1028 est directe ! Tr\u00e8s directe et particuli\u00e8rement rapide dans les aigus. En partie gr\u00e2ce \u00e0 son tweeter en Berylium. Un vrai spectacle (mais en termes de son). Le bas du spectre peut \u00eatre lourd, mais c&rsquo;est souvent d\u00fb \u00e0 l&rsquo;amplificateur qui doit garder les unit\u00e9s sous contr\u00f4le. [&hellip;]<\/p>\n","protected":false},"featured_media":0,"template":"","meta":{"_acf_changed":false,"inline_featured_image":false},"product_brand":[],"product_cat":[551],"product_tag":[554],"class_list":{"0":"post-315893","1":"product","2":"type-product","3":"status-publish","5":"product_cat-intervenants","6":"product_tag-used","8":"first","9":"instock","10":"purchasable","11":"product-type-simple"},"acf":[],"yoast_head":"<!-- This site is optimized with the Yoast SEO plugin v25.9 - https:\/\/yoast.com\/wordpress\/plugins\/seo\/ -->\n<title>Focal 1028 BE | Freakuence!<\/title>\n<meta name=\"robots\" content=\"noindex, follow, max-snippet:-1, max-image-preview:large, max-video-preview:-1\" \/>\n<meta property=\"og:locale\" content=\"fr_FR\" \/>\n<meta property=\"og:type\" content=\"article\" \/>\n<meta property=\"og:title\" content=\"Focal 1028 BE | Freakuence!\" \/>\n<meta property=\"og:description\" content=\"Description Freakuence ! Cette derni\u00e8re \u00e9dition du 1028 est directe ! Tr\u00e8s directe et particuli\u00e8rement rapide dans les aigus. En partie gr\u00e2ce \u00e0 son tweeter en Berylium. Un vrai spectacle (mais en termes de son). Le bas du spectre peut \u00eatre lourd, mais c&rsquo;est souvent d\u00fb \u00e0 l&rsquo;amplificateur qui doit garder les unit\u00e9s sous contr\u00f4le. [&hellip;]\" \/>\n<meta property=\"og:url\" content=\"https:\/\/dev.freakuence.nl\/fr\/produit\/focal-1028-be\/\" \/>\n<meta property=\"og:site_name\" content=\"Freakuence!\" \/>\n<meta property=\"article:modified_time\" content=\"2026-02-20T17:53:44+00:00\" \/>\n<meta name=\"twitter:card\" content=\"summary_large_image\" \/>\n<script type=\"application\/ld+json\" class=\"yoast-schema-graph\">{\"@context\":\"https:\/\/schema.org\",\"@graph\":[{\"@type\":\"WebPage\",\"@id\":\"https:\/\/dev.freakuence.nl\/fr\/produit\/focal-1028-be\/\",\"url\":\"https:\/\/dev.freakuence.nl\/fr\/produit\/focal-1028-be\/\",\"name\":\"Focal 1028 BE | Freakuence!\",\"isPartOf\":{\"@id\":\"https:\/\/dev.freakuence.nl\/fr\/#website\"},\"datePublished\":\"2025-11-03T03:51:46+00:00\",\"dateModified\":\"2026-02-20T17:53:44+00:00\",\"breadcrumb\":{\"@id\":\"https:\/\/dev.freakuence.nl\/fr\/produit\/focal-1028-be\/#breadcrumb\"},\"inLanguage\":\"fr-FR\",\"potentialAction\":[{\"@type\":\"ReadAction\",\"target\":[\"https:\/\/dev.freakuence.nl\/fr\/produit\/focal-1028-be\/\"]}]},{\"@type\":\"BreadcrumbList\",\"@id\":\"https:\/\/dev.freakuence.nl\/fr\/produit\/focal-1028-be\/#breadcrumb\",\"itemListElement\":[{\"@type\":\"ListItem\",\"position\":1,\"name\":\"Accueil\",\"item\":\"https:\/\/dev.freakuence.nl\/fr\/\"},{\"@type\":\"ListItem\",\"position\":2,\"name\":\"Products\",\"item\":\"https:\/\/dev.freakuence.nl\/en\/products\/\"},{\"@type\":\"ListItem\",\"position\":3,\"name\":\"Focal 1028 BE\"}]},{\"@type\":\"WebSite\",\"@id\":\"https:\/\/dev.freakuence.nl\/fr\/#website\",\"url\":\"https:\/\/dev.freakuence.nl\/fr\/\",\"name\":\"Freakuence!\",\"description\":\"Freakuence!\",\"alternateName\":\"Freakuence\",\"potentialAction\":[{\"@type\":\"SearchAction\",\"target\":{\"@type\":\"EntryPoint\",\"urlTemplate\":\"https:\/\/dev.freakuence.nl\/fr\/?s={search_term_string}\"},\"query-input\":{\"@type\":\"PropertyValueSpecification\",\"valueRequired\":true,\"valueName\":\"search_term_string\"}}],\"inLanguage\":\"fr-FR\"}]}<\/script>\n<!-- \/ Yoast SEO plugin. -->","yoast_head_json":{"title":"Focal 1028 BE | Freakuence!","robots":{"index":"noindex","follow":"follow","max-snippet":"max-snippet:-1","max-image-preview":"max-image-preview:large","max-video-preview":"max-video-preview:-1"},"og_locale":"fr_FR","og_type":"article","og_title":"Focal 1028 BE | Freakuence!","og_description":"Description Freakuence ! Cette derni\u00e8re \u00e9dition du 1028 est directe ! Tr\u00e8s directe et particuli\u00e8rement rapide dans les aigus. En partie gr\u00e2ce \u00e0 son tweeter en Berylium. Un vrai spectacle (mais en termes de son). Le bas du spectre peut \u00eatre lourd, mais c&rsquo;est souvent d\u00fb \u00e0 l&rsquo;amplificateur qui doit garder les unit\u00e9s sous contr\u00f4le. [&hellip;]","og_url":"https:\/\/dev.freakuence.nl\/fr\/produit\/focal-1028-be\/","og_site_name":"Freakuence!","article_modified_time":"2026-02-20T17:53:44+00:00","twitter_card":"summary_large_image","schema":{"@context":"https:\/\/schema.org","@graph":[{"@type":"WebPage","@id":"https:\/\/dev.freakuence.nl\/fr\/produit\/focal-1028-be\/","url":"https:\/\/dev.freakuence.nl\/fr\/produit\/focal-1028-be\/","name":"Focal 1028 BE | Freakuence!","isPartOf":{"@id":"https:\/\/dev.freakuence.nl\/fr\/#website"},"datePublished":"2025-11-03T03:51:46+00:00","dateModified":"2026-02-20T17:53:44+00:00","breadcrumb":{"@id":"https:\/\/dev.freakuence.nl\/fr\/produit\/focal-1028-be\/#breadcrumb"},"inLanguage":"fr-FR","potentialAction":[{"@type":"ReadAction","target":["https:\/\/dev.freakuence.nl\/fr\/produit\/focal-1028-be\/"]}]},{"@type":"BreadcrumbList","@id":"https:\/\/dev.freakuence.nl\/fr\/produit\/focal-1028-be\/#breadcrumb","itemListElement":[{"@type":"ListItem","position":1,"name":"Accueil","item":"https:\/\/dev.freakuence.nl\/fr\/"},{"@type":"ListItem","position":2,"name":"Products","item":"https:\/\/dev.freakuence.nl\/en\/products\/"},{"@type":"ListItem","position":3,"name":"Focal 1028 BE"}]},{"@type":"WebSite","@id":"https:\/\/dev.freakuence.nl\/fr\/#website","url":"https:\/\/dev.freakuence.nl\/fr\/","name":"Freakuence!","description":"Freakuence!","alternateName":"Freakuence","potentialAction":[{"@type":"SearchAction","target":{"@type":"EntryPoint","urlTemplate":"https:\/\/dev.freakuence.nl\/fr\/?s={search_term_string}"},"query-input":{"@type":"PropertyValueSpecification","valueRequired":true,"valueName":"search_term_string"}}],"inLanguage":"fr-FR"}]}},"_links":{"self":[{"href":"https:\/\/dev.freakuence.nl\/fr\/wp-json\/wp\/v2\/product\/315893","targetHints":{"allow":["GET"]}}],"collection":[{"href":"https:\/\/dev.freakuence.nl\/fr\/wp-json\/wp\/v2\/product"}],"about":[{"href":"https:\/\/dev.freakuence.nl\/fr\/wp-json\/wp\/v2\/types\/product"}],"version-history":[{"count":0,"href":"https:\/\/dev.freakuence.nl\/fr\/wp-json\/wp\/v2\/product\/315893\/revisions"}],"wp:attachment":[{"href":"https:\/\/dev.freakuence.nl\/fr\/wp-json\/wp\/v2\/media?parent=315893"}],"wp:term":[{"taxonomy":"product_brand","embeddable":true,"href":"https:\/\/dev.freakuence.nl\/fr\/wp-json\/wp\/v2\/product_brand?post=315893"},{"taxonomy":"product_cat","embeddable":true,"href":"https:\/\/dev.freakuence.nl\/fr\/wp-json\/wp\/v2\/product_cat?post=315893"},{"taxonomy":"product_tag","embeddable":true,"href":"https:\/\/dev.freakuence.nl\/fr\/wp-json\/wp\/v2\/product_tag?post=315893"}],"curies":[{"name":"wp","href":"https:\/\/api.w.org\/{rel}","templated":true}]}}