{"id":315904,"date":"2025-09-25T04:51:47","date_gmt":"2025-09-25T02:51:47","guid":{"rendered":"https:\/\/dev.freakuence.nl\/product\/jorma-design-duality-speaker-350cm\/"},"modified":"2025-09-25T04:51:47","modified_gmt":"2025-09-25T02:51:47","slug":"jorma-design-duality-speaker-350cm","status":"publish","type":"product","link":"https:\/\/dev.freakuence.nl\/fr\/produit\/jorma-design-duality-speaker-350cm\/","title":{"rendered":"Jorma Design Duality Speaker 350cm"},"content":{"rendered":"<div class=\"product-specifications-list\">\n<div class=\"specification-item row-even\"><span class=\"spec-content\"><strong>Description Freakuence !<\/strong><\/span><\/div>\n<div class=\"specification-item row-odd\"><span class=\"spec-content\"><\/p>\n<p>Un c\u00e2ble s\u00e9rieux ! R\u00e9vision \u00e0 domicile ?<\/p>\n<p><\/span><\/div>\n<div class=\"specification-item row-even\"><span class=\"spec-content\"><strong>Description g\u00e9n\u00e9rale<\/strong><\/span><\/div>\n<div class=\"specification-item row-odd\"><span class=\"spec-content\"><\/p>\n<p>Les c\u00e2bles d&rsquo;enceintes Jorma Duality sont con\u00e7us pour offrir un son naturel et transparent. Ils utilisent des mat\u00e9riaux de haute qualit\u00e9 et une construction soign\u00e9e pour optimiser la transmission du signal. Avec une couche d&rsquo;isolation suppl\u00e9mentaire et une construction plus serr\u00e9e et plus stable, ces c\u00e2bles offrent un meilleur blindage et un minimum d&rsquo;interf\u00e9rences. Les conducteurs sont en cuivre d&rsquo;une puret\u00e9 de 99,999999 %, ce qui contribue \u00e0 la clart\u00e9 et \u00e0 la pr\u00e9cision du son.   <\/span><\/div>\n<div class=\"specification-item row-even\"><span class=\"spec-content\">Ces c\u00e2bles sont disponibles avec diff\u00e9rents connecteurs, tels que les connecteurs banane ou les connecteurs spade, et en diff\u00e9rentes longueurs pour r\u00e9pondre \u00e0 diff\u00e9rents besoins. Ils sont fabriqu\u00e9s \u00e0 la main en Su\u00e8de, ce qui garantit un savoir-faire artisanal et une attention particuli\u00e8re aux d\u00e9tails. <\/span><\/div>\n<div class=\"specification-item row-odd\"><span class=\"spec-content\">Avec les c\u00e2bles d&rsquo;enceintes Jorma Duality, vous b\u00e9n\u00e9ficiez d&rsquo;une connexion fiable et de haute qualit\u00e9 qui contribue \u00e0 une exp\u00e9rience d&rsquo;\u00e9coute optimale.<\/p>\n<p><\/span><\/div>\n<div class=\"specification-item row-even\"><span class=\"spec-content\"><strong>Histoire de la marque<\/strong><\/span><\/div>\n<div class=\"specification-item row-odd\"><span class=\"spec-content\"><\/p>\n<p>Jorma Design a \u00e9t\u00e9 fond\u00e9e en 2001 par Jorma Koski en Su\u00e8de. Depuis sa cr\u00e9ation, l&rsquo;entreprise s&rsquo;est concentr\u00e9e sur le d\u00e9veloppement et la fabrication de c\u00e2bles avec comme point de d\u00e9part la reproduction sonore la plus naturelle possible. Tous les produits sont fabriqu\u00e9s \u00e0 la main dans l&rsquo;atelier en Su\u00e8de. La gamme comprend des c\u00e2bles interlink, des c\u00e2bles pour haut-parleurs et des c\u00e2bles d&rsquo;alimentation. Seuls des mat\u00e9riaux s\u00e9lectionn\u00e9s, tels que le cuivre pur et une technologie de blindage avanc\u00e9e, sont utilis\u00e9s dans la production, avec une attention particuli\u00e8re port\u00e9e \u00e0 la finition et \u00e0 la construction. Les c\u00e2bles sont con\u00e7us dans le but de transmettre des signaux sans interf\u00e9rences ind\u00e9sirables. Plusieurs lignes de produits sont disponibles dans la gamme, chacune avec des propri\u00e9t\u00e9s sp\u00e9cifiques. Jorma Design effectue un contr\u00f4le de qualit\u00e9 sur chaque produit avant qu&rsquo;il ne quitte l&rsquo;atelier. Les conceptions sont r\u00e9guli\u00e8rement mises \u00e0 jour avec des modifications techniques bas\u00e9es sur des mesures et des \u00e9valuations internes.        <\/p>\n<p><\/span><\/div>\n<\/div>\n","protected":false},"excerpt":{"rendered":"<p>Description Freakuence ! Un c\u00e2ble s\u00e9rieux ! R\u00e9vision \u00e0 domicile ? Description g\u00e9n\u00e9rale Les c\u00e2bles d&rsquo;enceintes Jorma Duality sont con\u00e7us pour offrir un son naturel et transparent. Ils utilisent des mat\u00e9riaux de haute qualit\u00e9 et une construction soign\u00e9e pour optimiser la transmission du signal. Avec une couche d&rsquo;isolation suppl\u00e9mentaire et une construction plus serr\u00e9e et [&hellip;]<\/p>\n","protected":false},"featured_media":0,"template":"","meta":{"_acf_changed":false,"inline_featured_image":false},"product_brand":[],"product_cat":[561],"product_tag":[554],"class_list":{"0":"post-315904","1":"product","2":"type-product","3":"status-publish","5":"product_cat-audio","6":"product_tag-used","7":"pa_kleur-noir","9":"first","10":"instock","11":"purchasable","12":"product-type-simple"},"acf":[],"yoast_head":"<!-- This site is optimized with the Yoast SEO plugin v25.9 - https:\/\/yoast.com\/wordpress\/plugins\/seo\/ -->\n<title>Jorma Design Duality Speaker 350cm | Freakuence!<\/title>\n<meta name=\"robots\" content=\"noindex, follow, max-snippet:-1, max-image-preview:large, max-video-preview:-1\" \/>\n<meta property=\"og:locale\" content=\"fr_FR\" \/>\n<meta property=\"og:type\" content=\"article\" \/>\n<meta property=\"og:title\" content=\"Jorma Design Duality Speaker 350cm | Freakuence!\" \/>\n<meta property=\"og:description\" content=\"Description Freakuence ! Un c\u00e2ble s\u00e9rieux ! R\u00e9vision \u00e0 domicile ? Description g\u00e9n\u00e9rale Les c\u00e2bles d&rsquo;enceintes Jorma Duality sont con\u00e7us pour offrir un son naturel et transparent. Ils utilisent des mat\u00e9riaux de haute qualit\u00e9 et une construction soign\u00e9e pour optimiser la transmission du signal. Avec une couche d&rsquo;isolation suppl\u00e9mentaire et une construction plus serr\u00e9e et [&hellip;]\" \/>\n<meta property=\"og:url\" content=\"https:\/\/dev.freakuence.nl\/fr\/produit\/jorma-design-duality-speaker-350cm\/\" \/>\n<meta property=\"og:site_name\" content=\"Freakuence!\" \/>\n<meta name=\"twitter:card\" content=\"summary_large_image\" \/>\n<script type=\"application\/ld+json\" class=\"yoast-schema-graph\">{\"@context\":\"https:\/\/schema.org\",\"@graph\":[{\"@type\":\"WebPage\",\"@id\":\"https:\/\/dev.freakuence.nl\/fr\/produit\/jorma-design-duality-speaker-350cm\/\",\"url\":\"https:\/\/dev.freakuence.nl\/fr\/produit\/jorma-design-duality-speaker-350cm\/\",\"name\":\"Jorma Design Duality Speaker 350cm | Freakuence!\",\"isPartOf\":{\"@id\":\"https:\/\/dev.freakuence.nl\/fr\/#website\"},\"datePublished\":\"2025-09-25T02:51:47+00:00\",\"breadcrumb\":{\"@id\":\"https:\/\/dev.freakuence.nl\/fr\/produit\/jorma-design-duality-speaker-350cm\/#breadcrumb\"},\"inLanguage\":\"fr-FR\",\"potentialAction\":[{\"@type\":\"ReadAction\",\"target\":[\"https:\/\/dev.freakuence.nl\/fr\/produit\/jorma-design-duality-speaker-350cm\/\"]}]},{\"@type\":\"BreadcrumbList\",\"@id\":\"https:\/\/dev.freakuence.nl\/fr\/produit\/jorma-design-duality-speaker-350cm\/#breadcrumb\",\"itemListElement\":[{\"@type\":\"ListItem\",\"position\":1,\"name\":\"Accueil\",\"item\":\"https:\/\/dev.freakuence.nl\/fr\/\"},{\"@type\":\"ListItem\",\"position\":2,\"name\":\"Products\",\"item\":\"https:\/\/dev.freakuence.nl\/en\/products\/\"},{\"@type\":\"ListItem\",\"position\":3,\"name\":\"Jorma Design Enceinte Duality 350cm\"}]},{\"@type\":\"WebSite\",\"@id\":\"https:\/\/dev.freakuence.nl\/fr\/#website\",\"url\":\"https:\/\/dev.freakuence.nl\/fr\/\",\"name\":\"Freakuence!\",\"description\":\"Freakuence!\",\"alternateName\":\"Freakuence\",\"potentialAction\":[{\"@type\":\"SearchAction\",\"target\":{\"@type\":\"EntryPoint\",\"urlTemplate\":\"https:\/\/dev.freakuence.nl\/fr\/?s={search_term_string}\"},\"query-input\":{\"@type\":\"PropertyValueSpecification\",\"valueRequired\":true,\"valueName\":\"search_term_string\"}}],\"inLanguage\":\"fr-FR\"}]}<\/script>\n<!-- \/ Yoast SEO plugin. -->","yoast_head_json":{"title":"Jorma Design Duality Speaker 350cm | Freakuence!","robots":{"index":"noindex","follow":"follow","max-snippet":"max-snippet:-1","max-image-preview":"max-image-preview:large","max-video-preview":"max-video-preview:-1"},"og_locale":"fr_FR","og_type":"article","og_title":"Jorma Design Duality Speaker 350cm | Freakuence!","og_description":"Description Freakuence ! Un c\u00e2ble s\u00e9rieux ! R\u00e9vision \u00e0 domicile ? Description g\u00e9n\u00e9rale Les c\u00e2bles d&rsquo;enceintes Jorma Duality sont con\u00e7us pour offrir un son naturel et transparent. Ils utilisent des mat\u00e9riaux de haute qualit\u00e9 et une construction soign\u00e9e pour optimiser la transmission du signal. Avec une couche d&rsquo;isolation suppl\u00e9mentaire et une construction plus serr\u00e9e et [&hellip;]","og_url":"https:\/\/dev.freakuence.nl\/fr\/produit\/jorma-design-duality-speaker-350cm\/","og_site_name":"Freakuence!","twitter_card":"summary_large_image","schema":{"@context":"https:\/\/schema.org","@graph":[{"@type":"WebPage","@id":"https:\/\/dev.freakuence.nl\/fr\/produit\/jorma-design-duality-speaker-350cm\/","url":"https:\/\/dev.freakuence.nl\/fr\/produit\/jorma-design-duality-speaker-350cm\/","name":"Jorma Design Duality Speaker 350cm | Freakuence!","isPartOf":{"@id":"https:\/\/dev.freakuence.nl\/fr\/#website"},"datePublished":"2025-09-25T02:51:47+00:00","breadcrumb":{"@id":"https:\/\/dev.freakuence.nl\/fr\/produit\/jorma-design-duality-speaker-350cm\/#breadcrumb"},"inLanguage":"fr-FR","potentialAction":[{"@type":"ReadAction","target":["https:\/\/dev.freakuence.nl\/fr\/produit\/jorma-design-duality-speaker-350cm\/"]}]},{"@type":"BreadcrumbList","@id":"https:\/\/dev.freakuence.nl\/fr\/produit\/jorma-design-duality-speaker-350cm\/#breadcrumb","itemListElement":[{"@type":"ListItem","position":1,"name":"Accueil","item":"https:\/\/dev.freakuence.nl\/fr\/"},{"@type":"ListItem","position":2,"name":"Products","item":"https:\/\/dev.freakuence.nl\/en\/products\/"},{"@type":"ListItem","position":3,"name":"Jorma Design Enceinte Duality 350cm"}]},{"@type":"WebSite","@id":"https:\/\/dev.freakuence.nl\/fr\/#website","url":"https:\/\/dev.freakuence.nl\/fr\/","name":"Freakuence!","description":"Freakuence!","alternateName":"Freakuence","potentialAction":[{"@type":"SearchAction","target":{"@type":"EntryPoint","urlTemplate":"https:\/\/dev.freakuence.nl\/fr\/?s={search_term_string}"},"query-input":{"@type":"PropertyValueSpecification","valueRequired":true,"valueName":"search_term_string"}}],"inLanguage":"fr-FR"}]}},"_links":{"self":[{"href":"https:\/\/dev.freakuence.nl\/fr\/wp-json\/wp\/v2\/product\/315904","targetHints":{"allow":["GET"]}}],"collection":[{"href":"https:\/\/dev.freakuence.nl\/fr\/wp-json\/wp\/v2\/product"}],"about":[{"href":"https:\/\/dev.freakuence.nl\/fr\/wp-json\/wp\/v2\/types\/product"}],"version-history":[{"count":0,"href":"https:\/\/dev.freakuence.nl\/fr\/wp-json\/wp\/v2\/product\/315904\/revisions"}],"wp:attachment":[{"href":"https:\/\/dev.freakuence.nl\/fr\/wp-json\/wp\/v2\/media?parent=315904"}],"wp:term":[{"taxonomy":"product_brand","embeddable":true,"href":"https:\/\/dev.freakuence.nl\/fr\/wp-json\/wp\/v2\/product_brand?post=315904"},{"taxonomy":"product_cat","embeddable":true,"href":"https:\/\/dev.freakuence.nl\/fr\/wp-json\/wp\/v2\/product_cat?post=315904"},{"taxonomy":"product_tag","embeddable":true,"href":"https:\/\/dev.freakuence.nl\/fr\/wp-json\/wp\/v2\/product_tag?post=315904"}],"curies":[{"name":"wp","href":"https:\/\/api.w.org\/{rel}","templated":true}]}}