{"id":315907,"date":"2025-09-17T14:21:15","date_gmt":"2025-09-17T12:21:15","guid":{"rendered":"https:\/\/dev.freakuence.nl\/product\/reservoir-de-poissons-sur-mesure-pour-p3-shl5\/"},"modified":"2026-04-11T04:21:53","modified_gmt":"2026-04-11T02:21:53","slug":"reservoir-de-poissons-sur-mesure-pour-p3-shl5","status":"publish","type":"product","link":"https:\/\/dev.freakuence.nl\/fr\/produit\/reservoir-de-poissons-sur-mesure-pour-p3-shl5\/","title":{"rendered":"R\u00e9servoir de poissons sur mesure pour P3\/SHL5"},"content":{"rendered":"<div class=\"product-specifications-list\">\n<div class=\"specification-item row-even\"><span class=\"spec-content\"><strong>Description Freakuence !<\/strong><\/span><\/div>\n<div class=\"specification-item row-odd\"><span class=\"spec-content\"><\/p>\n<p>Les stands. Oui, oui&#8230; <\/p>\n<p><\/span><\/div>\n<div class=\"specification-item row-even\"><span class=\"spec-content\"><strong>D\u00e9tails<\/strong><\/span><\/div>\n<div class=\"specification-item row-odd\"><span class=\"spec-content\"><\/p>\n<p><\/p>\n<p>Vous cherchez un autre mod\u00e8le de la s\u00e9rie actuelle de la marque ? Envoyez-nous un message !  Nous aimons en faire quelque chose d&rsquo;amusant.<\/p>\n<p><\/span><\/div>\n<div class=\"specification-item row-even\"><span class=\"spec-content\">Prix de vente au d\u00e9tail : 899,00<\/span><\/div>\n<div class=\"specification-item row-odd\"><span class=\"spec-content\"><strong>Description g\u00e9n\u00e9rale<\/strong><\/span><\/div>\n<div class=\"specification-item row-even\"><span class=\"spec-content\"><\/p>\n<p>Le Custom Design Fishtank est un support d&rsquo;enceinte sur mesure con\u00e7u sp\u00e9cifiquement pour les enceintes Harbeth P3 et SHL5. Ces supports sont fabriqu\u00e9s \u00e0 la main et finis avec le souci du d\u00e9tail. Ils sont fabriqu\u00e9s en tubes d&rsquo;acier ERW BS EN 10305-3 et \u00e9quip\u00e9s de plaques d&rsquo;isolation acoustique en acier. La construction \u00e0 cadre ouvert assure une rigidit\u00e9 totale et peut facilement \u00eatre remplie d&rsquo;un mat\u00e9riau inerte pour contr\u00f4ler la fr\u00e9quence des basses.    La finition standard est un rev\u00eatement en poudre \u00e0 texture fine en noir ou en blanc.  <\/p>\n<p><\/span><\/div>\n<div class=\"specification-item row-odd\"><span class=\"spec-content\"><strong>Histoire de la marque<\/strong><\/span><\/div>\n<div class=\"specification-item row-even\"><span class=\"spec-content\"><\/p>\n<p>Custom Design a \u00e9t\u00e9 fond\u00e9e \u00e0 Newcastle upon Tyne, au Royaume-Uni. Il s&rsquo;agit d&rsquo;une entreprise familiale qui fabrique ses produits en interne depuis sa cr\u00e9ation. Tous les produits sont fabriqu\u00e9s dans son propre atelier \u00e0 Newcastle. La production comprend le d\u00e9coupage, le soudage et le rev\u00eatement de l&rsquo;acier, ainsi que le traitement du bois. Custom Design utilise des mat\u00e9riaux tels que l&rsquo;acier rev\u00eatu de poudre, l&rsquo;aluminium et le bois massif, notamment l&rsquo;\u00e9rable, le noyer et le ch\u00eane. Seuls des bois s\u00e9lectionn\u00e9s provenant de sources g\u00e9r\u00e9es durablement sont utilis\u00e9s. Le processus de conception et de fabrication est enti\u00e8rement r\u00e9alis\u00e9 en interne. Le fabricant propose des modules en acier et en bois, des socles et diff\u00e9rentes formes de plateformes, entre autres. La structure et la finition de chaque produit sont adapt\u00e9es en atelier aux exigences sp\u00e9cifi\u00e9es. Des solutions personnalis\u00e9es sont propos\u00e9es en fonction des demandes des clients. Custom Design livre exclusivement \u00e0 partir du Royaume-Uni.          <\/p>\n<p><\/span><\/div>\n<\/div>\n","protected":false},"excerpt":{"rendered":"<p>Description Freakuence ! Les stands. Oui, oui&#8230; D\u00e9tails Vous cherchez un autre mod\u00e8le de la s\u00e9rie actuelle de la marque ? Envoyez-nous un message ! Nous aimons en faire quelque chose d&rsquo;amusant. Prix de vente au d\u00e9tail : 899,00 Description g\u00e9n\u00e9rale Le Custom Design Fishtank est un support d&rsquo;enceinte sur mesure con\u00e7u sp\u00e9cifiquement pour les [&hellip;]<\/p>\n","protected":false},"featured_media":304386,"template":"","meta":{"_acf_changed":false,"inline_featured_image":false},"product_brand":[],"product_cat":[777,551,781],"product_tag":[554],"class_list":{"0":"post-315907","1":"product","2":"type-product","3":"status-publish","4":"has-post-thumbnail","6":"product_cat-enceintes-de-bibliotheque","7":"product_cat-intervenants","8":"product_cat-stands","9":"product_tag-used","10":"pa_kleur-noir","12":"first","13":"instock","14":"purchasable","15":"product-type-simple"},"acf":[],"yoast_head":"<!-- This site is optimized with the Yoast SEO plugin v25.9 - https:\/\/yoast.com\/wordpress\/plugins\/seo\/ -->\n<title>R\u00e9servoir de poissons sur mesure pour P3\/SHL5 | Freakuence!<\/title>\n<meta name=\"robots\" content=\"noindex, follow, max-snippet:-1, max-image-preview:large, max-video-preview:-1\" \/>\n<meta property=\"og:locale\" content=\"fr_FR\" \/>\n<meta property=\"og:type\" content=\"article\" \/>\n<meta property=\"og:title\" content=\"R\u00e9servoir de poissons sur mesure pour P3\/SHL5 | Freakuence!\" \/>\n<meta property=\"og:description\" content=\"Description Freakuence ! Les stands. Oui, oui&#8230; D\u00e9tails Vous cherchez un autre mod\u00e8le de la s\u00e9rie actuelle de la marque ? Envoyez-nous un message ! Nous aimons en faire quelque chose d&rsquo;amusant. Prix de vente au d\u00e9tail : 899,00 Description g\u00e9n\u00e9rale Le Custom Design Fishtank est un support d&rsquo;enceinte sur mesure con\u00e7u sp\u00e9cifiquement pour les [&hellip;]\" \/>\n<meta property=\"og:url\" content=\"https:\/\/dev.freakuence.nl\/fr\/produit\/reservoir-de-poissons-sur-mesure-pour-p3-shl5\/\" \/>\n<meta property=\"og:site_name\" content=\"Freakuence!\" \/>\n<meta property=\"article:modified_time\" content=\"2026-04-11T02:21:53+00:00\" \/>\n<meta property=\"og:image\" content=\"https:\/\/dev.freakuence.nl\/wp-content\/uploads\/2025\/09\/17581116495197-18205-IMG2871-scaled.jpg\" \/>\n\t<meta property=\"og:image:width\" content=\"1800\" \/>\n\t<meta property=\"og:image:height\" content=\"1200\" \/>\n\t<meta property=\"og:image:type\" content=\"image\/jpeg\" \/>\n<meta name=\"twitter:card\" content=\"summary_large_image\" \/>\n<script type=\"application\/ld+json\" class=\"yoast-schema-graph\">{\"@context\":\"https:\/\/schema.org\",\"@graph\":[{\"@type\":\"WebPage\",\"@id\":\"https:\/\/dev.freakuence.nl\/fr\/produit\/reservoir-de-poissons-sur-mesure-pour-p3-shl5\/\",\"url\":\"https:\/\/dev.freakuence.nl\/fr\/produit\/reservoir-de-poissons-sur-mesure-pour-p3-shl5\/\",\"name\":\"R\u00e9servoir de poissons sur mesure pour P3\/SHL5 | Freakuence!\",\"isPartOf\":{\"@id\":\"https:\/\/dev.freakuence.nl\/fr\/#website\"},\"primaryImageOfPage\":{\"@id\":\"https:\/\/dev.freakuence.nl\/fr\/produit\/reservoir-de-poissons-sur-mesure-pour-p3-shl5\/#primaryimage\"},\"image\":{\"@id\":\"https:\/\/dev.freakuence.nl\/fr\/produit\/reservoir-de-poissons-sur-mesure-pour-p3-shl5\/#primaryimage\"},\"thumbnailUrl\":\"https:\/\/dev.freakuence.nl\/wp-content\/uploads\/2025\/09\/17581116495197-18205-IMG2871-scaled.jpg\",\"datePublished\":\"2025-09-17T12:21:15+00:00\",\"dateModified\":\"2026-04-11T02:21:53+00:00\",\"breadcrumb\":{\"@id\":\"https:\/\/dev.freakuence.nl\/fr\/produit\/reservoir-de-poissons-sur-mesure-pour-p3-shl5\/#breadcrumb\"},\"inLanguage\":\"fr-FR\",\"potentialAction\":[{\"@type\":\"ReadAction\",\"target\":[\"https:\/\/dev.freakuence.nl\/fr\/produit\/reservoir-de-poissons-sur-mesure-pour-p3-shl5\/\"]}]},{\"@type\":\"ImageObject\",\"inLanguage\":\"fr-FR\",\"@id\":\"https:\/\/dev.freakuence.nl\/fr\/produit\/reservoir-de-poissons-sur-mesure-pour-p3-shl5\/#primaryimage\",\"url\":\"https:\/\/dev.freakuence.nl\/wp-content\/uploads\/2025\/09\/17581116495197-18205-IMG2871-scaled.jpg\",\"contentUrl\":\"https:\/\/dev.freakuence.nl\/wp-content\/uploads\/2025\/09\/17581116495197-18205-IMG2871-scaled.jpg\",\"width\":1800,\"height\":1200},{\"@type\":\"BreadcrumbList\",\"@id\":\"https:\/\/dev.freakuence.nl\/fr\/produit\/reservoir-de-poissons-sur-mesure-pour-p3-shl5\/#breadcrumb\",\"itemListElement\":[{\"@type\":\"ListItem\",\"position\":1,\"name\":\"Accueil\",\"item\":\"https:\/\/dev.freakuence.nl\/fr\/\"},{\"@type\":\"ListItem\",\"position\":2,\"name\":\"Products\",\"item\":\"https:\/\/dev.freakuence.nl\/en\/products\/\"},{\"@type\":\"ListItem\",\"position\":3,\"name\":\"R\u00e9servoir de poissons sur mesure pour P3\/SHL5\"}]},{\"@type\":\"WebSite\",\"@id\":\"https:\/\/dev.freakuence.nl\/fr\/#website\",\"url\":\"https:\/\/dev.freakuence.nl\/fr\/\",\"name\":\"Freakuence!\",\"description\":\"Freakuence!\",\"alternateName\":\"Freakuence\",\"potentialAction\":[{\"@type\":\"SearchAction\",\"target\":{\"@type\":\"EntryPoint\",\"urlTemplate\":\"https:\/\/dev.freakuence.nl\/fr\/?s={search_term_string}\"},\"query-input\":{\"@type\":\"PropertyValueSpecification\",\"valueRequired\":true,\"valueName\":\"search_term_string\"}}],\"inLanguage\":\"fr-FR\"}]}<\/script>\n<!-- \/ Yoast SEO plugin. -->","yoast_head_json":{"title":"R\u00e9servoir de poissons sur mesure pour P3\/SHL5 | Freakuence!","robots":{"index":"noindex","follow":"follow","max-snippet":"max-snippet:-1","max-image-preview":"max-image-preview:large","max-video-preview":"max-video-preview:-1"},"og_locale":"fr_FR","og_type":"article","og_title":"R\u00e9servoir de poissons sur mesure pour P3\/SHL5 | Freakuence!","og_description":"Description Freakuence ! Les stands. Oui, oui&#8230; D\u00e9tails Vous cherchez un autre mod\u00e8le de la s\u00e9rie actuelle de la marque ? Envoyez-nous un message ! Nous aimons en faire quelque chose d&rsquo;amusant. Prix de vente au d\u00e9tail : 899,00 Description g\u00e9n\u00e9rale Le Custom Design Fishtank est un support d&rsquo;enceinte sur mesure con\u00e7u sp\u00e9cifiquement pour les [&hellip;]","og_url":"https:\/\/dev.freakuence.nl\/fr\/produit\/reservoir-de-poissons-sur-mesure-pour-p3-shl5\/","og_site_name":"Freakuence!","article_modified_time":"2026-04-11T02:21:53+00:00","og_image":[{"width":1800,"height":1200,"url":"https:\/\/dev.freakuence.nl\/wp-content\/uploads\/2025\/09\/17581116495197-18205-IMG2871-scaled.jpg","type":"image\/jpeg"}],"twitter_card":"summary_large_image","schema":{"@context":"https:\/\/schema.org","@graph":[{"@type":"WebPage","@id":"https:\/\/dev.freakuence.nl\/fr\/produit\/reservoir-de-poissons-sur-mesure-pour-p3-shl5\/","url":"https:\/\/dev.freakuence.nl\/fr\/produit\/reservoir-de-poissons-sur-mesure-pour-p3-shl5\/","name":"R\u00e9servoir de poissons sur mesure pour P3\/SHL5 | Freakuence!","isPartOf":{"@id":"https:\/\/dev.freakuence.nl\/fr\/#website"},"primaryImageOfPage":{"@id":"https:\/\/dev.freakuence.nl\/fr\/produit\/reservoir-de-poissons-sur-mesure-pour-p3-shl5\/#primaryimage"},"image":{"@id":"https:\/\/dev.freakuence.nl\/fr\/produit\/reservoir-de-poissons-sur-mesure-pour-p3-shl5\/#primaryimage"},"thumbnailUrl":"https:\/\/dev.freakuence.nl\/wp-content\/uploads\/2025\/09\/17581116495197-18205-IMG2871-scaled.jpg","datePublished":"2025-09-17T12:21:15+00:00","dateModified":"2026-04-11T02:21:53+00:00","breadcrumb":{"@id":"https:\/\/dev.freakuence.nl\/fr\/produit\/reservoir-de-poissons-sur-mesure-pour-p3-shl5\/#breadcrumb"},"inLanguage":"fr-FR","potentialAction":[{"@type":"ReadAction","target":["https:\/\/dev.freakuence.nl\/fr\/produit\/reservoir-de-poissons-sur-mesure-pour-p3-shl5\/"]}]},{"@type":"ImageObject","inLanguage":"fr-FR","@id":"https:\/\/dev.freakuence.nl\/fr\/produit\/reservoir-de-poissons-sur-mesure-pour-p3-shl5\/#primaryimage","url":"https:\/\/dev.freakuence.nl\/wp-content\/uploads\/2025\/09\/17581116495197-18205-IMG2871-scaled.jpg","contentUrl":"https:\/\/dev.freakuence.nl\/wp-content\/uploads\/2025\/09\/17581116495197-18205-IMG2871-scaled.jpg","width":1800,"height":1200},{"@type":"BreadcrumbList","@id":"https:\/\/dev.freakuence.nl\/fr\/produit\/reservoir-de-poissons-sur-mesure-pour-p3-shl5\/#breadcrumb","itemListElement":[{"@type":"ListItem","position":1,"name":"Accueil","item":"https:\/\/dev.freakuence.nl\/fr\/"},{"@type":"ListItem","position":2,"name":"Products","item":"https:\/\/dev.freakuence.nl\/en\/products\/"},{"@type":"ListItem","position":3,"name":"R\u00e9servoir de poissons sur mesure pour P3\/SHL5"}]},{"@type":"WebSite","@id":"https:\/\/dev.freakuence.nl\/fr\/#website","url":"https:\/\/dev.freakuence.nl\/fr\/","name":"Freakuence!","description":"Freakuence!","alternateName":"Freakuence","potentialAction":[{"@type":"SearchAction","target":{"@type":"EntryPoint","urlTemplate":"https:\/\/dev.freakuence.nl\/fr\/?s={search_term_string}"},"query-input":{"@type":"PropertyValueSpecification","valueRequired":true,"valueName":"search_term_string"}}],"inLanguage":"fr-FR"}]}},"_links":{"self":[{"href":"https:\/\/dev.freakuence.nl\/fr\/wp-json\/wp\/v2\/product\/315907","targetHints":{"allow":["GET"]}}],"collection":[{"href":"https:\/\/dev.freakuence.nl\/fr\/wp-json\/wp\/v2\/product"}],"about":[{"href":"https:\/\/dev.freakuence.nl\/fr\/wp-json\/wp\/v2\/types\/product"}],"version-history":[{"count":1,"href":"https:\/\/dev.freakuence.nl\/fr\/wp-json\/wp\/v2\/product\/315907\/revisions"}],"predecessor-version":[{"id":318187,"href":"https:\/\/dev.freakuence.nl\/fr\/wp-json\/wp\/v2\/product\/315907\/revisions\/318187"}],"wp:featuredmedia":[{"embeddable":true,"href":"https:\/\/dev.freakuence.nl\/fr\/wp-json\/wp\/v2\/media\/304386"}],"wp:attachment":[{"href":"https:\/\/dev.freakuence.nl\/fr\/wp-json\/wp\/v2\/media?parent=315907"}],"wp:term":[{"taxonomy":"product_brand","embeddable":true,"href":"https:\/\/dev.freakuence.nl\/fr\/wp-json\/wp\/v2\/product_brand?post=315907"},{"taxonomy":"product_cat","embeddable":true,"href":"https:\/\/dev.freakuence.nl\/fr\/wp-json\/wp\/v2\/product_cat?post=315907"},{"taxonomy":"product_tag","embeddable":true,"href":"https:\/\/dev.freakuence.nl\/fr\/wp-json\/wp\/v2\/product_tag?post=315907"}],"curies":[{"name":"wp","href":"https:\/\/api.w.org\/{rel}","templated":true}]}}