{"id":315956,"date":"2025-10-02T09:31:13","date_gmt":"2025-10-02T07:31:13","guid":{"rendered":"https:\/\/dev.freakuence.nl\/product\/audioquest-coffee-usb-ab-500cm\/"},"modified":"2025-10-02T09:31:13","modified_gmt":"2025-10-02T07:31:13","slug":"audioquest-coffee-usb-ab-500cm","status":"publish","type":"product","link":"https:\/\/dev.freakuence.nl\/fr\/produit\/audioquest-coffee-usb-ab-500cm\/","title":{"rendered":"AudioQuest Coffee USB AB 500cm"},"content":{"rendered":"<div class=\"product-specifications-list\">\n<div class=\"specification-item row-even\"><span class=\"spec-content\"><strong>Description Freakuence !<\/strong><\/span><\/div>\n<div class=\"specification-item row-odd\"><span class=\"spec-content\"><\/p>\n<p>Le son est clair et d\u00e9taill\u00e9, avec une sc\u00e8ne sonore plus spacieuse et une meilleure d\u00e9finition des basses fr\u00e9quences. Les sons aigus sont raffin\u00e9s et les sons graves sont arrondis. La reproduction des instruments et des voix est naturelle et r\u00e9aliste. Les petits d\u00e9tails de la musique sont plus audibles, ce qui rend l&rsquo;\u00e9coute plus agr\u00e9able.   <\/p>\n<p><\/span><\/div>\n<div class=\"specification-item row-even\"><span class=\"spec-content\"><strong>D\u00e9tails<\/strong><\/span><\/div>\n<div class=\"specification-item row-odd\"><span class=\"spec-content\">Vous cherchez un autre mod\u00e8le de la s\u00e9rie actuelle de la marque ? Envoyez-nous un message !  Nous aimons en faire quelque chose d&rsquo;amusant. Prix de vente au d\u00e9tail : 979,00<\/span><\/div>\n<div class=\"specification-item row-even\"><span class=\"spec-content\"><strong>Description g\u00e9n\u00e9rale<\/strong><\/span><\/div>\n<div class=\"specification-item row-odd\"><span class=\"spec-content\"><\/p>\n<p>Le c\u00e2ble USB A \u00e0 B de 5 m\u00e8tres AudioQuest Coffee est con\u00e7u pour les passionn\u00e9s qui recherchent une exp\u00e9rience audio num\u00e9rique optimale. Avec des conducteurs en argent massif \u00e0 10 %, la transmission du signal est am\u00e9lior\u00e9e, ce qui permet d&rsquo;obtenir un son plus clair et plus pr\u00e9cis. Le c\u00e2ble utilise un syst\u00e8me \u00e0 trois couches \u00e0 base de carbone pour r\u00e9duire les interf\u00e9rences de fr\u00e9quence radio, garantissant ainsi une reproduction sonore plus nette. En outre, le syst\u00e8me de polarisation di\u00e9lectrique 72V permet de minimiser les erreurs de synchronisation et d&rsquo;am\u00e9liorer la gamme dynamique. L&rsquo;isolation en mousse \u00e0 cellules dures pr\u00e9serve la g\u00e9om\u00e9trie du signal et r\u00e9duit l&rsquo;absorption d&rsquo;\u00e9nergie, ce qui contribue \u00e0 la stabilit\u00e9 de la transmission du signal. Gr\u00e2ce aux conducteurs directionnels, la r\u00e9jection du bruit est optimis\u00e9e, ce qui am\u00e9liore la qualit\u00e9 sonore globale. Compatible avec la plupart des syst\u00e8mes audio informatis\u00e9s, ce c\u00e2ble convient \u00e0 la connexion de composants tels que les lecteurs de musique num\u00e9rique, les DAC et les ordinateurs. D&rsquo;une longueur de 5 m\u00e8tres, ce c\u00e2ble offre une grande flexibilit\u00e9 lors de l&rsquo;installation de votre \u00e9quipement audio.       <\/p>\n<p><\/span><\/div>\n<div class=\"specification-item row-even\"><span class=\"spec-content\"><strong>Histoire de la marque<\/strong><\/span><\/div>\n<div class=\"specification-item row-odd\"><span class=\"spec-content\"><\/p>\n<p>AudioQuest a \u00e9t\u00e9 fond\u00e9e en 1980 par William E. Low. La marque se concentre sur le d\u00e9veloppement et la fabrication de c\u00e2bles et d&rsquo;accessoires de haute qualit\u00e9. En commen\u00e7ant par la production de lignes de c\u00e2bles, AudioQuest s&rsquo;est \u00e9tendu au fil des ans \u00e0 une large gamme de produits. Depuis sa cr\u00e9ation, la soci\u00e9t\u00e9 s&rsquo;est concentr\u00e9e sur les aspects techniques de la transmission des signaux afin d&rsquo;offrir des performances maximales. AudioQuest est connue pour utiliser des mat\u00e9riaux de haute qualit\u00e9 et des techniques avanc\u00e9es dans ses produits. La gamme de produits de la marque comprend des c\u00e2bles HDMI, des c\u00e2bles d&rsquo;alimentation, des c\u00e2bles pour haut-parleurs et divers accessoires audio. Gr\u00e2ce \u00e0 des collaborations avec divers partenaires technologiques, AudioQuest a pu d\u00e9velopper sa gamme de produits. Les produits de la soci\u00e9t\u00e9 sont distribu\u00e9s dans le monde entier et peuvent \u00eatre trouv\u00e9s chez les d\u00e9taillants sp\u00e9cialis\u00e9s. AudioQuest s&rsquo;engage \u00e0 poursuivre la recherche et le d\u00e9veloppement afin d&rsquo;am\u00e9liorer la qualit\u00e9 de sa gamme de produits.        <\/p>\n<p><\/span><\/div>\n<\/div>\n","protected":false},"excerpt":{"rendered":"<p>Description Freakuence ! Le son est clair et d\u00e9taill\u00e9, avec une sc\u00e8ne sonore plus spacieuse et une meilleure d\u00e9finition des basses fr\u00e9quences. Les sons aigus sont raffin\u00e9s et les sons graves sont arrondis. La reproduction des instruments et des voix est naturelle et r\u00e9aliste. Les petits d\u00e9tails de la musique sont plus audibles, ce qui [&hellip;]<\/p>\n","protected":false},"featured_media":0,"template":"","meta":{"_acf_changed":false,"inline_featured_image":false},"product_brand":[],"product_cat":[561],"product_tag":[554],"class_list":{"0":"post-315956","1":"product","2":"type-product","3":"status-publish","5":"product_cat-audio","6":"product_tag-used","7":"pa_kleur-noir","9":"first","10":"instock","11":"purchasable","12":"product-type-simple"},"acf":[],"yoast_head":"<!-- This site is optimized with the Yoast SEO plugin v25.9 - https:\/\/yoast.com\/wordpress\/plugins\/seo\/ -->\n<title>AudioQuest Coffee USB AB 500cm | Freakuence!<\/title>\n<meta name=\"robots\" content=\"noindex, follow, max-snippet:-1, max-image-preview:large, max-video-preview:-1\" \/>\n<meta property=\"og:locale\" content=\"fr_FR\" \/>\n<meta property=\"og:type\" content=\"article\" \/>\n<meta property=\"og:title\" content=\"AudioQuest Coffee USB AB 500cm | Freakuence!\" \/>\n<meta property=\"og:description\" content=\"Description Freakuence ! Le son est clair et d\u00e9taill\u00e9, avec une sc\u00e8ne sonore plus spacieuse et une meilleure d\u00e9finition des basses fr\u00e9quences. Les sons aigus sont raffin\u00e9s et les sons graves sont arrondis. La reproduction des instruments et des voix est naturelle et r\u00e9aliste. Les petits d\u00e9tails de la musique sont plus audibles, ce qui [&hellip;]\" \/>\n<meta property=\"og:url\" content=\"https:\/\/dev.freakuence.nl\/fr\/produit\/audioquest-coffee-usb-ab-500cm\/\" \/>\n<meta property=\"og:site_name\" content=\"Freakuence!\" \/>\n<meta name=\"twitter:card\" content=\"summary_large_image\" \/>\n<script type=\"application\/ld+json\" class=\"yoast-schema-graph\">{\"@context\":\"https:\/\/schema.org\",\"@graph\":[{\"@type\":\"WebPage\",\"@id\":\"https:\/\/dev.freakuence.nl\/fr\/produit\/audioquest-coffee-usb-ab-500cm\/\",\"url\":\"https:\/\/dev.freakuence.nl\/fr\/produit\/audioquest-coffee-usb-ab-500cm\/\",\"name\":\"AudioQuest Coffee USB AB 500cm | Freakuence!\",\"isPartOf\":{\"@id\":\"https:\/\/dev.freakuence.nl\/fr\/#website\"},\"datePublished\":\"2025-10-02T07:31:13+00:00\",\"breadcrumb\":{\"@id\":\"https:\/\/dev.freakuence.nl\/fr\/produit\/audioquest-coffee-usb-ab-500cm\/#breadcrumb\"},\"inLanguage\":\"fr-FR\",\"potentialAction\":[{\"@type\":\"ReadAction\",\"target\":[\"https:\/\/dev.freakuence.nl\/fr\/produit\/audioquest-coffee-usb-ab-500cm\/\"]}]},{\"@type\":\"BreadcrumbList\",\"@id\":\"https:\/\/dev.freakuence.nl\/fr\/produit\/audioquest-coffee-usb-ab-500cm\/#breadcrumb\",\"itemListElement\":[{\"@type\":\"ListItem\",\"position\":1,\"name\":\"Accueil\",\"item\":\"https:\/\/dev.freakuence.nl\/fr\/\"},{\"@type\":\"ListItem\",\"position\":2,\"name\":\"Products\",\"item\":\"https:\/\/dev.freakuence.nl\/en\/products\/\"},{\"@type\":\"ListItem\",\"position\":3,\"name\":\"AudioQuest Caf\u00e9 USB A&lt;&gt;B 500cm\"}]},{\"@type\":\"WebSite\",\"@id\":\"https:\/\/dev.freakuence.nl\/fr\/#website\",\"url\":\"https:\/\/dev.freakuence.nl\/fr\/\",\"name\":\"Freakuence!\",\"description\":\"Freakuence!\",\"alternateName\":\"Freakuence\",\"potentialAction\":[{\"@type\":\"SearchAction\",\"target\":{\"@type\":\"EntryPoint\",\"urlTemplate\":\"https:\/\/dev.freakuence.nl\/fr\/?s={search_term_string}\"},\"query-input\":{\"@type\":\"PropertyValueSpecification\",\"valueRequired\":true,\"valueName\":\"search_term_string\"}}],\"inLanguage\":\"fr-FR\"}]}<\/script>\n<!-- \/ Yoast SEO plugin. -->","yoast_head_json":{"title":"AudioQuest Coffee USB AB 500cm | Freakuence!","robots":{"index":"noindex","follow":"follow","max-snippet":"max-snippet:-1","max-image-preview":"max-image-preview:large","max-video-preview":"max-video-preview:-1"},"og_locale":"fr_FR","og_type":"article","og_title":"AudioQuest Coffee USB AB 500cm | Freakuence!","og_description":"Description Freakuence ! Le son est clair et d\u00e9taill\u00e9, avec une sc\u00e8ne sonore plus spacieuse et une meilleure d\u00e9finition des basses fr\u00e9quences. Les sons aigus sont raffin\u00e9s et les sons graves sont arrondis. La reproduction des instruments et des voix est naturelle et r\u00e9aliste. Les petits d\u00e9tails de la musique sont plus audibles, ce qui [&hellip;]","og_url":"https:\/\/dev.freakuence.nl\/fr\/produit\/audioquest-coffee-usb-ab-500cm\/","og_site_name":"Freakuence!","twitter_card":"summary_large_image","schema":{"@context":"https:\/\/schema.org","@graph":[{"@type":"WebPage","@id":"https:\/\/dev.freakuence.nl\/fr\/produit\/audioquest-coffee-usb-ab-500cm\/","url":"https:\/\/dev.freakuence.nl\/fr\/produit\/audioquest-coffee-usb-ab-500cm\/","name":"AudioQuest Coffee USB AB 500cm | Freakuence!","isPartOf":{"@id":"https:\/\/dev.freakuence.nl\/fr\/#website"},"datePublished":"2025-10-02T07:31:13+00:00","breadcrumb":{"@id":"https:\/\/dev.freakuence.nl\/fr\/produit\/audioquest-coffee-usb-ab-500cm\/#breadcrumb"},"inLanguage":"fr-FR","potentialAction":[{"@type":"ReadAction","target":["https:\/\/dev.freakuence.nl\/fr\/produit\/audioquest-coffee-usb-ab-500cm\/"]}]},{"@type":"BreadcrumbList","@id":"https:\/\/dev.freakuence.nl\/fr\/produit\/audioquest-coffee-usb-ab-500cm\/#breadcrumb","itemListElement":[{"@type":"ListItem","position":1,"name":"Accueil","item":"https:\/\/dev.freakuence.nl\/fr\/"},{"@type":"ListItem","position":2,"name":"Products","item":"https:\/\/dev.freakuence.nl\/en\/products\/"},{"@type":"ListItem","position":3,"name":"AudioQuest Caf\u00e9 USB A&lt;&gt;B 500cm"}]},{"@type":"WebSite","@id":"https:\/\/dev.freakuence.nl\/fr\/#website","url":"https:\/\/dev.freakuence.nl\/fr\/","name":"Freakuence!","description":"Freakuence!","alternateName":"Freakuence","potentialAction":[{"@type":"SearchAction","target":{"@type":"EntryPoint","urlTemplate":"https:\/\/dev.freakuence.nl\/fr\/?s={search_term_string}"},"query-input":{"@type":"PropertyValueSpecification","valueRequired":true,"valueName":"search_term_string"}}],"inLanguage":"fr-FR"}]}},"_links":{"self":[{"href":"https:\/\/dev.freakuence.nl\/fr\/wp-json\/wp\/v2\/product\/315956","targetHints":{"allow":["GET"]}}],"collection":[{"href":"https:\/\/dev.freakuence.nl\/fr\/wp-json\/wp\/v2\/product"}],"about":[{"href":"https:\/\/dev.freakuence.nl\/fr\/wp-json\/wp\/v2\/types\/product"}],"version-history":[{"count":0,"href":"https:\/\/dev.freakuence.nl\/fr\/wp-json\/wp\/v2\/product\/315956\/revisions"}],"wp:attachment":[{"href":"https:\/\/dev.freakuence.nl\/fr\/wp-json\/wp\/v2\/media?parent=315956"}],"wp:term":[{"taxonomy":"product_brand","embeddable":true,"href":"https:\/\/dev.freakuence.nl\/fr\/wp-json\/wp\/v2\/product_brand?post=315956"},{"taxonomy":"product_cat","embeddable":true,"href":"https:\/\/dev.freakuence.nl\/fr\/wp-json\/wp\/v2\/product_cat?post=315956"},{"taxonomy":"product_tag","embeddable":true,"href":"https:\/\/dev.freakuence.nl\/fr\/wp-json\/wp\/v2\/product_tag?post=315956"}],"curies":[{"name":"wp","href":"https:\/\/api.w.org\/{rel}","templated":true}]}}