{"id":316101,"date":"2025-08-06T12:02:42","date_gmt":"2025-08-06T10:02:42","guid":{"rendered":"https:\/\/dev.freakuence.nl\/product\/maitre-serenite\/"},"modified":"2025-08-06T12:02:42","modified_gmt":"2025-08-06T10:02:42","slug":"maitre-serenite","status":"publish","type":"product","link":"https:\/\/dev.freakuence.nl\/fr\/produit\/maitre-serenite\/","title":{"rendered":"Ma\u00eetre S\u00e9r\u00e9nit\u00e9"},"content":{"rendered":"<div class=\"product-specifications-list\">\n<div class=\"specification-item row-even\"><span class=\"spec-content\"><strong>Description Freakuence !<\/strong><\/span><\/div>\n<div class=\"specification-item row-odd\"><span class=\"spec-content\"><\/p>\n<p>Cet ensemble a \u00e9t\u00e9 construit en 2021, il ne s&rsquo;agit donc pas d&rsquo;une vieille version du d\u00e9but du si\u00e8cle, ni d&rsquo;une mise \u00e0 niveau, mais de la vraie affaire, de la vraie merde, de la vraie Sen de la vraie Paap. Un sublime syst\u00e8me \u00e0 deux voies de 146 cm de haut. Le Master Sen Column Speaker est fini en ch\u00eane massif, \u00e9quip\u00e9 \u00e0 l&rsquo;int\u00e9rieur d&rsquo;un c\u00e2blage Nirvana et rempli de deux unit\u00e9s sup\u00e9rieures de Scanspeak. Un tweeter de 28 mm et un haut-parleur de 177 mm en kevlar pour les m\u00e9diums et les graves. Vous obtenez des d\u00e9tails remarquablement silencieux, un bas de gamme impressionnant, ainsi qu&rsquo;une sc\u00e8ne sonore 3D r\u00e9aliste.    <\/p>\n<p><\/span><\/div>\n<div class=\"specification-item row-even\"><span class=\"spec-content\"><strong>D\u00e9tails<\/strong><\/span><\/div>\n<div class=\"specification-item row-odd\"><span class=\"spec-content\"><\/p>\n<p>Ce Master set n&rsquo;a que 3 ans et il reste 2 ans de garantie.<\/p>\n<p><\/span><\/div>\n<div class=\"specification-item row-even\"><span class=\"spec-content\">Prix de vente au d\u00e9tail : 44000.00<\/span><\/div>\n<\/div>\n","protected":false},"excerpt":{"rendered":"<p>Description Freakuence ! Cet ensemble a \u00e9t\u00e9 construit en 2021, il ne s&rsquo;agit donc pas d&rsquo;une vieille version du d\u00e9but du si\u00e8cle, ni d&rsquo;une mise \u00e0 niveau, mais de la vraie affaire, de la vraie merde, de la vraie Sen de la vraie Paap. Un sublime syst\u00e8me \u00e0 deux voies de 146 cm de haut. [&hellip;]<\/p>\n","protected":false},"featured_media":302780,"template":"","meta":{"_acf_changed":false,"inline_featured_image":false},"product_brand":[],"product_cat":[551],"product_tag":[554],"class_list":{"0":"post-316101","1":"product","2":"type-product","3":"status-publish","4":"has-post-thumbnail","6":"product_cat-intervenants","7":"product_tag-used","8":"pa_kleur-marron","10":"first","11":"instock","12":"purchasable","13":"product-type-simple"},"acf":[],"yoast_head":"<!-- This site is optimized with the Yoast SEO plugin v25.9 - https:\/\/yoast.com\/wordpress\/plugins\/seo\/ -->\n<title>Ma\u00eetre S\u00e9r\u00e9nit\u00e9 | Freakuence!<\/title>\n<meta name=\"robots\" content=\"noindex, follow, max-snippet:-1, max-image-preview:large, max-video-preview:-1\" \/>\n<meta property=\"og:locale\" content=\"fr_FR\" \/>\n<meta property=\"og:type\" content=\"article\" \/>\n<meta property=\"og:title\" content=\"Ma\u00eetre S\u00e9r\u00e9nit\u00e9 | Freakuence!\" \/>\n<meta property=\"og:description\" content=\"Description Freakuence ! Cet ensemble a \u00e9t\u00e9 construit en 2021, il ne s&rsquo;agit donc pas d&rsquo;une vieille version du d\u00e9but du si\u00e8cle, ni d&rsquo;une mise \u00e0 niveau, mais de la vraie affaire, de la vraie merde, de la vraie Sen de la vraie Paap. Un sublime syst\u00e8me \u00e0 deux voies de 146 cm de haut. [&hellip;]\" \/>\n<meta property=\"og:url\" content=\"https:\/\/dev.freakuence.nl\/fr\/produit\/maitre-serenite\/\" \/>\n<meta property=\"og:site_name\" content=\"Freakuence!\" \/>\n<meta property=\"og:image\" content=\"https:\/\/dev.freakuence.nl\/wp-content\/uploads\/2025\/09\/1754145668-IMG8277-scaled.jpg\" \/>\n\t<meta property=\"og:image:width\" content=\"1200\" \/>\n\t<meta property=\"og:image:height\" content=\"1800\" \/>\n\t<meta property=\"og:image:type\" content=\"image\/jpeg\" \/>\n<meta name=\"twitter:card\" content=\"summary_large_image\" \/>\n<script type=\"application\/ld+json\" class=\"yoast-schema-graph\">{\"@context\":\"https:\/\/schema.org\",\"@graph\":[{\"@type\":\"WebPage\",\"@id\":\"https:\/\/dev.freakuence.nl\/fr\/produit\/maitre-serenite\/\",\"url\":\"https:\/\/dev.freakuence.nl\/fr\/produit\/maitre-serenite\/\",\"name\":\"Ma\u00eetre S\u00e9r\u00e9nit\u00e9 | Freakuence!\",\"isPartOf\":{\"@id\":\"https:\/\/dev.freakuence.nl\/fr\/#website\"},\"primaryImageOfPage\":{\"@id\":\"https:\/\/dev.freakuence.nl\/fr\/produit\/maitre-serenite\/#primaryimage\"},\"image\":{\"@id\":\"https:\/\/dev.freakuence.nl\/fr\/produit\/maitre-serenite\/#primaryimage\"},\"thumbnailUrl\":\"https:\/\/dev.freakuence.nl\/wp-content\/uploads\/2025\/09\/1754145668-IMG8277-scaled.jpg\",\"datePublished\":\"2025-08-06T10:02:42+00:00\",\"breadcrumb\":{\"@id\":\"https:\/\/dev.freakuence.nl\/fr\/produit\/maitre-serenite\/#breadcrumb\"},\"inLanguage\":\"fr-FR\",\"potentialAction\":[{\"@type\":\"ReadAction\",\"target\":[\"https:\/\/dev.freakuence.nl\/fr\/produit\/maitre-serenite\/\"]}]},{\"@type\":\"ImageObject\",\"inLanguage\":\"fr-FR\",\"@id\":\"https:\/\/dev.freakuence.nl\/fr\/produit\/maitre-serenite\/#primaryimage\",\"url\":\"https:\/\/dev.freakuence.nl\/wp-content\/uploads\/2025\/09\/1754145668-IMG8277-scaled.jpg\",\"contentUrl\":\"https:\/\/dev.freakuence.nl\/wp-content\/uploads\/2025\/09\/1754145668-IMG8277-scaled.jpg\",\"width\":1200,\"height\":1800},{\"@type\":\"BreadcrumbList\",\"@id\":\"https:\/\/dev.freakuence.nl\/fr\/produit\/maitre-serenite\/#breadcrumb\",\"itemListElement\":[{\"@type\":\"ListItem\",\"position\":1,\"name\":\"Accueil\",\"item\":\"https:\/\/dev.freakuence.nl\/fr\/\"},{\"@type\":\"ListItem\",\"position\":2,\"name\":\"Products\",\"item\":\"https:\/\/dev.freakuence.nl\/en\/products\/\"},{\"@type\":\"ListItem\",\"position\":3,\"name\":\"Ma\u00eetre S\u00e9r\u00e9nit\u00e9\"}]},{\"@type\":\"WebSite\",\"@id\":\"https:\/\/dev.freakuence.nl\/fr\/#website\",\"url\":\"https:\/\/dev.freakuence.nl\/fr\/\",\"name\":\"Freakuence!\",\"description\":\"Freakuence!\",\"alternateName\":\"Freakuence\",\"potentialAction\":[{\"@type\":\"SearchAction\",\"target\":{\"@type\":\"EntryPoint\",\"urlTemplate\":\"https:\/\/dev.freakuence.nl\/fr\/?s={search_term_string}\"},\"query-input\":{\"@type\":\"PropertyValueSpecification\",\"valueRequired\":true,\"valueName\":\"search_term_string\"}}],\"inLanguage\":\"fr-FR\"}]}<\/script>\n<!-- \/ Yoast SEO plugin. -->","yoast_head_json":{"title":"Ma\u00eetre S\u00e9r\u00e9nit\u00e9 | Freakuence!","robots":{"index":"noindex","follow":"follow","max-snippet":"max-snippet:-1","max-image-preview":"max-image-preview:large","max-video-preview":"max-video-preview:-1"},"og_locale":"fr_FR","og_type":"article","og_title":"Ma\u00eetre S\u00e9r\u00e9nit\u00e9 | Freakuence!","og_description":"Description Freakuence ! Cet ensemble a \u00e9t\u00e9 construit en 2021, il ne s&rsquo;agit donc pas d&rsquo;une vieille version du d\u00e9but du si\u00e8cle, ni d&rsquo;une mise \u00e0 niveau, mais de la vraie affaire, de la vraie merde, de la vraie Sen de la vraie Paap. Un sublime syst\u00e8me \u00e0 deux voies de 146 cm de haut. [&hellip;]","og_url":"https:\/\/dev.freakuence.nl\/fr\/produit\/maitre-serenite\/","og_site_name":"Freakuence!","og_image":[{"width":1200,"height":1800,"url":"https:\/\/dev.freakuence.nl\/wp-content\/uploads\/2025\/09\/1754145668-IMG8277-scaled.jpg","type":"image\/jpeg"}],"twitter_card":"summary_large_image","schema":{"@context":"https:\/\/schema.org","@graph":[{"@type":"WebPage","@id":"https:\/\/dev.freakuence.nl\/fr\/produit\/maitre-serenite\/","url":"https:\/\/dev.freakuence.nl\/fr\/produit\/maitre-serenite\/","name":"Ma\u00eetre S\u00e9r\u00e9nit\u00e9 | Freakuence!","isPartOf":{"@id":"https:\/\/dev.freakuence.nl\/fr\/#website"},"primaryImageOfPage":{"@id":"https:\/\/dev.freakuence.nl\/fr\/produit\/maitre-serenite\/#primaryimage"},"image":{"@id":"https:\/\/dev.freakuence.nl\/fr\/produit\/maitre-serenite\/#primaryimage"},"thumbnailUrl":"https:\/\/dev.freakuence.nl\/wp-content\/uploads\/2025\/09\/1754145668-IMG8277-scaled.jpg","datePublished":"2025-08-06T10:02:42+00:00","breadcrumb":{"@id":"https:\/\/dev.freakuence.nl\/fr\/produit\/maitre-serenite\/#breadcrumb"},"inLanguage":"fr-FR","potentialAction":[{"@type":"ReadAction","target":["https:\/\/dev.freakuence.nl\/fr\/produit\/maitre-serenite\/"]}]},{"@type":"ImageObject","inLanguage":"fr-FR","@id":"https:\/\/dev.freakuence.nl\/fr\/produit\/maitre-serenite\/#primaryimage","url":"https:\/\/dev.freakuence.nl\/wp-content\/uploads\/2025\/09\/1754145668-IMG8277-scaled.jpg","contentUrl":"https:\/\/dev.freakuence.nl\/wp-content\/uploads\/2025\/09\/1754145668-IMG8277-scaled.jpg","width":1200,"height":1800},{"@type":"BreadcrumbList","@id":"https:\/\/dev.freakuence.nl\/fr\/produit\/maitre-serenite\/#breadcrumb","itemListElement":[{"@type":"ListItem","position":1,"name":"Accueil","item":"https:\/\/dev.freakuence.nl\/fr\/"},{"@type":"ListItem","position":2,"name":"Products","item":"https:\/\/dev.freakuence.nl\/en\/products\/"},{"@type":"ListItem","position":3,"name":"Ma\u00eetre S\u00e9r\u00e9nit\u00e9"}]},{"@type":"WebSite","@id":"https:\/\/dev.freakuence.nl\/fr\/#website","url":"https:\/\/dev.freakuence.nl\/fr\/","name":"Freakuence!","description":"Freakuence!","alternateName":"Freakuence","potentialAction":[{"@type":"SearchAction","target":{"@type":"EntryPoint","urlTemplate":"https:\/\/dev.freakuence.nl\/fr\/?s={search_term_string}"},"query-input":{"@type":"PropertyValueSpecification","valueRequired":true,"valueName":"search_term_string"}}],"inLanguage":"fr-FR"}]}},"_links":{"self":[{"href":"https:\/\/dev.freakuence.nl\/fr\/wp-json\/wp\/v2\/product\/316101","targetHints":{"allow":["GET"]}}],"collection":[{"href":"https:\/\/dev.freakuence.nl\/fr\/wp-json\/wp\/v2\/product"}],"about":[{"href":"https:\/\/dev.freakuence.nl\/fr\/wp-json\/wp\/v2\/types\/product"}],"version-history":[{"count":0,"href":"https:\/\/dev.freakuence.nl\/fr\/wp-json\/wp\/v2\/product\/316101\/revisions"}],"wp:featuredmedia":[{"embeddable":true,"href":"https:\/\/dev.freakuence.nl\/fr\/wp-json\/wp\/v2\/media\/302780"}],"wp:attachment":[{"href":"https:\/\/dev.freakuence.nl\/fr\/wp-json\/wp\/v2\/media?parent=316101"}],"wp:term":[{"taxonomy":"product_brand","embeddable":true,"href":"https:\/\/dev.freakuence.nl\/fr\/wp-json\/wp\/v2\/product_brand?post=316101"},{"taxonomy":"product_cat","embeddable":true,"href":"https:\/\/dev.freakuence.nl\/fr\/wp-json\/wp\/v2\/product_cat?post=316101"},{"taxonomy":"product_tag","embeddable":true,"href":"https:\/\/dev.freakuence.nl\/fr\/wp-json\/wp\/v2\/product_tag?post=316101"}],"curies":[{"name":"wp","href":"https:\/\/api.w.org\/{rel}","templated":true}]}}