{"id":316138,"date":"2025-08-08T13:11:34","date_gmt":"2025-08-08T11:11:34","guid":{"rendered":"https:\/\/dev.freakuence.nl\/product\/western-electric-we300b\/"},"modified":"2025-08-08T13:11:34","modified_gmt":"2025-08-08T11:11:34","slug":"western-electric-we300b","status":"publish","type":"product","link":"https:\/\/dev.freakuence.nl\/fr\/produit\/western-electric-we300b\/","title":{"rendered":"Western Electric WE300B"},"content":{"rendered":"<div class=\"product-specifications-list\">\n<div class=\"specification-item row-even\"><span class=\"spec-content\"><strong>Description Freakuence !<\/strong><\/span><\/div>\n<div class=\"specification-item row-odd\"><span class=\"spec-content\"><\/p>\n<p>Le Western Electric WE300B, yay ! Ce n&rsquo;est pas un tube, c&rsquo;est de la magie dans une enveloppe de verre. Tout sonne soudain si&#8230; well, bizarrely good. Quelle diff\u00e9rence avec tous les autres tubes 300B que nous avons ici. Avec une dur\u00e9e de vie pr\u00e9vue de 40000 heures et une p\u00e9riode de garantie de 5 ans, une d\u00e9claration sans pr\u00e9c\u00e9dent de la part de ce fabricant. Maintenant pr\u00eat pour la d\u00e9mo ici dans le magasin ! Possibilit\u00e9 d&rsquo;examen \u00e0 domicile. Nous sommes heureux d&rsquo;\u00e9changer de l&rsquo;audio sur ce produit.       <\/p>\n<p><\/span><\/div>\n<div class=\"specification-item row-even\"><span class=\"spec-content\"><strong>D\u00e9tails<\/strong><\/span><\/div>\n<div class=\"specification-item row-odd\"><span class=\"spec-content\">Prix de vente : 1855.00<\/span><\/div>\n<div class=\"specification-item row-even\"><span class=\"spec-content\"><strong>Description g\u00e9n\u00e9rale<\/strong><\/span><\/div>\n<div class=\"specification-item row-odd\"><span class=\"spec-content\"><\/p>\n<p>Le 300B est un tube triode \u00e0 chauffage direct, introduit \u00e0 l&rsquo;origine en 1938. Il a une tension de plaque maximale de 450 volts et une perte de plaque de 40 watts. Con\u00e7u pour les amplificateurs de classe A, ce tube d\u00e9livre une puissance de sortie allant jusqu&rsquo;\u00e0 10 watts avec une faible distorsion. Le filament recouvert d&rsquo;oxyde assure une \u00e9mission stable d&rsquo;\u00e9lectrons, ce qui contribue \u00e0 la fiabilit\u00e9 et \u00e0 la dur\u00e9e de vie du tube. Le 300B est fabriqu\u00e9 \u00e0 la main aux \u00c9tats-Unis, en utilisant les sp\u00e9cifications et l&rsquo;outillage d&rsquo;origine. Lorsqu&rsquo;il est utilis\u00e9 selon les param\u00e8tres recommand\u00e9s, le tube a une dur\u00e9e de vie moyenne de 40 000 heures. Le tube poss\u00e8de un num\u00e9ro de s\u00e9rie unique pour la tra\u00e7abilit\u00e9 et b\u00e9n\u00e9ficie d&rsquo;une garantie \u00e9tendue de cinq ans, \u00e0 condition que la carte de garantie soit renvoy\u00e9e dans les 10 jours suivant l&rsquo;achat.      <\/p>\n<p><\/span><\/div>\n<div class=\"specification-item row-even\"><span class=\"spec-content\"><strong>Histoire de la marque<\/strong><\/span><\/div>\n<div class=\"specification-item row-odd\"><span class=\"spec-content\"><\/p>\n<p>Western Electric a \u00e9t\u00e9 fond\u00e9e en 1869 et a jou\u00e9 un r\u00f4le crucial dans le d\u00e9veloppement des composants \u00e9lectroniques. En 1996, l&rsquo;entreprise a \u00e9t\u00e9 r\u00e9tablie et s&rsquo;est concentr\u00e9e sur la production de tubes \u00e9lectroniques et d&rsquo;\u00e9quipements audio de haute qualit\u00e9. L&rsquo;entreprise a une riche histoire dans la production de tubes \u00e9lectroniques et d&rsquo;\u00e9quipements audio, en particulier le tube 300B, connu pour sa qualit\u00e9 sonore et sa fiabilit\u00e9. Western Electric s&rsquo;engage toujours \u00e0 fournir des produits audio de haute qualit\u00e9 aux auditeurs du monde entier.   <\/p>\n<p><\/span><\/div>\n<\/div>\n","protected":false},"excerpt":{"rendered":"<p>Description Freakuence ! Le Western Electric WE300B, yay ! Ce n&rsquo;est pas un tube, c&rsquo;est de la magie dans une enveloppe de verre. Tout sonne soudain si&#8230; well, bizarrely good. Quelle diff\u00e9rence avec tous les autres tubes 300B que nous avons ici. Avec une dur\u00e9e de vie pr\u00e9vue de 40000 heures et une p\u00e9riode de [&hellip;]<\/p>\n","protected":false},"featured_media":302854,"template":"","meta":{"_acf_changed":false,"inline_featured_image":false},"product_brand":[],"product_cat":[561],"product_tag":[575],"class_list":{"0":"post-316138","1":"product","2":"type-product","3":"status-publish","4":"has-post-thumbnail","6":"product_cat-audio","7":"product_tag-freakdemo","9":"first","10":"instock","11":"taxable","12":"shipping-taxable","13":"purchasable","14":"product-type-simple"},"acf":[],"yoast_head":"<!-- This site is optimized with the Yoast SEO plugin v25.9 - https:\/\/yoast.com\/wordpress\/plugins\/seo\/ -->\n<title>Western Electric WE300B | Freakuence!<\/title>\n<meta name=\"robots\" content=\"noindex, follow, max-snippet:-1, max-image-preview:large, max-video-preview:-1\" \/>\n<meta property=\"og:locale\" content=\"fr_FR\" \/>\n<meta property=\"og:type\" content=\"article\" \/>\n<meta property=\"og:title\" content=\"Western Electric WE300B | Freakuence!\" \/>\n<meta property=\"og:description\" content=\"Description Freakuence ! Le Western Electric WE300B, yay ! Ce n&rsquo;est pas un tube, c&rsquo;est de la magie dans une enveloppe de verre. Tout sonne soudain si&#8230; well, bizarrely good. Quelle diff\u00e9rence avec tous les autres tubes 300B que nous avons ici. Avec une dur\u00e9e de vie pr\u00e9vue de 40000 heures et une p\u00e9riode de [&hellip;]\" \/>\n<meta property=\"og:url\" content=\"https:\/\/dev.freakuence.nl\/fr\/produit\/western-electric-we300b\/\" \/>\n<meta property=\"og:site_name\" content=\"Freakuence!\" \/>\n<meta property=\"og:image\" content=\"https:\/\/dev.freakuence.nl\/wp-content\/uploads\/2025\/09\/1754651469-IMG1017-scaled.jpg\" \/>\n\t<meta property=\"og:image:width\" content=\"1800\" \/>\n\t<meta property=\"og:image:height\" content=\"1200\" \/>\n\t<meta property=\"og:image:type\" content=\"image\/jpeg\" \/>\n<meta name=\"twitter:card\" content=\"summary_large_image\" \/>\n<script type=\"application\/ld+json\" class=\"yoast-schema-graph\">{\"@context\":\"https:\/\/schema.org\",\"@graph\":[{\"@type\":\"WebPage\",\"@id\":\"https:\/\/dev.freakuence.nl\/fr\/produit\/western-electric-we300b\/\",\"url\":\"https:\/\/dev.freakuence.nl\/fr\/produit\/western-electric-we300b\/\",\"name\":\"Western Electric WE300B | Freakuence!\",\"isPartOf\":{\"@id\":\"https:\/\/dev.freakuence.nl\/fr\/#website\"},\"primaryImageOfPage\":{\"@id\":\"https:\/\/dev.freakuence.nl\/fr\/produit\/western-electric-we300b\/#primaryimage\"},\"image\":{\"@id\":\"https:\/\/dev.freakuence.nl\/fr\/produit\/western-electric-we300b\/#primaryimage\"},\"thumbnailUrl\":\"https:\/\/dev.freakuence.nl\/wp-content\/uploads\/2025\/09\/1754651469-IMG1017-scaled.jpg\",\"datePublished\":\"2025-08-08T11:11:34+00:00\",\"breadcrumb\":{\"@id\":\"https:\/\/dev.freakuence.nl\/fr\/produit\/western-electric-we300b\/#breadcrumb\"},\"inLanguage\":\"fr-FR\",\"potentialAction\":[{\"@type\":\"ReadAction\",\"target\":[\"https:\/\/dev.freakuence.nl\/fr\/produit\/western-electric-we300b\/\"]}]},{\"@type\":\"ImageObject\",\"inLanguage\":\"fr-FR\",\"@id\":\"https:\/\/dev.freakuence.nl\/fr\/produit\/western-electric-we300b\/#primaryimage\",\"url\":\"https:\/\/dev.freakuence.nl\/wp-content\/uploads\/2025\/09\/1754651469-IMG1017-scaled.jpg\",\"contentUrl\":\"https:\/\/dev.freakuence.nl\/wp-content\/uploads\/2025\/09\/1754651469-IMG1017-scaled.jpg\",\"width\":1800,\"height\":1200},{\"@type\":\"BreadcrumbList\",\"@id\":\"https:\/\/dev.freakuence.nl\/fr\/produit\/western-electric-we300b\/#breadcrumb\",\"itemListElement\":[{\"@type\":\"ListItem\",\"position\":1,\"name\":\"Accueil\",\"item\":\"https:\/\/dev.freakuence.nl\/fr\/\"},{\"@type\":\"ListItem\",\"position\":2,\"name\":\"Products\",\"item\":\"https:\/\/dev.freakuence.nl\/en\/products\/\"},{\"@type\":\"ListItem\",\"position\":3,\"name\":\"Western Electric WE300B\"}]},{\"@type\":\"WebSite\",\"@id\":\"https:\/\/dev.freakuence.nl\/fr\/#website\",\"url\":\"https:\/\/dev.freakuence.nl\/fr\/\",\"name\":\"Freakuence!\",\"description\":\"Freakuence!\",\"alternateName\":\"Freakuence\",\"potentialAction\":[{\"@type\":\"SearchAction\",\"target\":{\"@type\":\"EntryPoint\",\"urlTemplate\":\"https:\/\/dev.freakuence.nl\/fr\/?s={search_term_string}\"},\"query-input\":{\"@type\":\"PropertyValueSpecification\",\"valueRequired\":true,\"valueName\":\"search_term_string\"}}],\"inLanguage\":\"fr-FR\"}]}<\/script>\n<!-- \/ Yoast SEO plugin. -->","yoast_head_json":{"title":"Western Electric WE300B | Freakuence!","robots":{"index":"noindex","follow":"follow","max-snippet":"max-snippet:-1","max-image-preview":"max-image-preview:large","max-video-preview":"max-video-preview:-1"},"og_locale":"fr_FR","og_type":"article","og_title":"Western Electric WE300B | Freakuence!","og_description":"Description Freakuence ! Le Western Electric WE300B, yay ! Ce n&rsquo;est pas un tube, c&rsquo;est de la magie dans une enveloppe de verre. Tout sonne soudain si&#8230; well, bizarrely good. Quelle diff\u00e9rence avec tous les autres tubes 300B que nous avons ici. Avec une dur\u00e9e de vie pr\u00e9vue de 40000 heures et une p\u00e9riode de [&hellip;]","og_url":"https:\/\/dev.freakuence.nl\/fr\/produit\/western-electric-we300b\/","og_site_name":"Freakuence!","og_image":[{"width":1800,"height":1200,"url":"https:\/\/dev.freakuence.nl\/wp-content\/uploads\/2025\/09\/1754651469-IMG1017-scaled.jpg","type":"image\/jpeg"}],"twitter_card":"summary_large_image","schema":{"@context":"https:\/\/schema.org","@graph":[{"@type":"WebPage","@id":"https:\/\/dev.freakuence.nl\/fr\/produit\/western-electric-we300b\/","url":"https:\/\/dev.freakuence.nl\/fr\/produit\/western-electric-we300b\/","name":"Western Electric WE300B | Freakuence!","isPartOf":{"@id":"https:\/\/dev.freakuence.nl\/fr\/#website"},"primaryImageOfPage":{"@id":"https:\/\/dev.freakuence.nl\/fr\/produit\/western-electric-we300b\/#primaryimage"},"image":{"@id":"https:\/\/dev.freakuence.nl\/fr\/produit\/western-electric-we300b\/#primaryimage"},"thumbnailUrl":"https:\/\/dev.freakuence.nl\/wp-content\/uploads\/2025\/09\/1754651469-IMG1017-scaled.jpg","datePublished":"2025-08-08T11:11:34+00:00","breadcrumb":{"@id":"https:\/\/dev.freakuence.nl\/fr\/produit\/western-electric-we300b\/#breadcrumb"},"inLanguage":"fr-FR","potentialAction":[{"@type":"ReadAction","target":["https:\/\/dev.freakuence.nl\/fr\/produit\/western-electric-we300b\/"]}]},{"@type":"ImageObject","inLanguage":"fr-FR","@id":"https:\/\/dev.freakuence.nl\/fr\/produit\/western-electric-we300b\/#primaryimage","url":"https:\/\/dev.freakuence.nl\/wp-content\/uploads\/2025\/09\/1754651469-IMG1017-scaled.jpg","contentUrl":"https:\/\/dev.freakuence.nl\/wp-content\/uploads\/2025\/09\/1754651469-IMG1017-scaled.jpg","width":1800,"height":1200},{"@type":"BreadcrumbList","@id":"https:\/\/dev.freakuence.nl\/fr\/produit\/western-electric-we300b\/#breadcrumb","itemListElement":[{"@type":"ListItem","position":1,"name":"Accueil","item":"https:\/\/dev.freakuence.nl\/fr\/"},{"@type":"ListItem","position":2,"name":"Products","item":"https:\/\/dev.freakuence.nl\/en\/products\/"},{"@type":"ListItem","position":3,"name":"Western Electric WE300B"}]},{"@type":"WebSite","@id":"https:\/\/dev.freakuence.nl\/fr\/#website","url":"https:\/\/dev.freakuence.nl\/fr\/","name":"Freakuence!","description":"Freakuence!","alternateName":"Freakuence","potentialAction":[{"@type":"SearchAction","target":{"@type":"EntryPoint","urlTemplate":"https:\/\/dev.freakuence.nl\/fr\/?s={search_term_string}"},"query-input":{"@type":"PropertyValueSpecification","valueRequired":true,"valueName":"search_term_string"}}],"inLanguage":"fr-FR"}]}},"_links":{"self":[{"href":"https:\/\/dev.freakuence.nl\/fr\/wp-json\/wp\/v2\/product\/316138","targetHints":{"allow":["GET"]}}],"collection":[{"href":"https:\/\/dev.freakuence.nl\/fr\/wp-json\/wp\/v2\/product"}],"about":[{"href":"https:\/\/dev.freakuence.nl\/fr\/wp-json\/wp\/v2\/types\/product"}],"version-history":[{"count":0,"href":"https:\/\/dev.freakuence.nl\/fr\/wp-json\/wp\/v2\/product\/316138\/revisions"}],"wp:featuredmedia":[{"embeddable":true,"href":"https:\/\/dev.freakuence.nl\/fr\/wp-json\/wp\/v2\/media\/302854"}],"wp:attachment":[{"href":"https:\/\/dev.freakuence.nl\/fr\/wp-json\/wp\/v2\/media?parent=316138"}],"wp:term":[{"taxonomy":"product_brand","embeddable":true,"href":"https:\/\/dev.freakuence.nl\/fr\/wp-json\/wp\/v2\/product_brand?post=316138"},{"taxonomy":"product_cat","embeddable":true,"href":"https:\/\/dev.freakuence.nl\/fr\/wp-json\/wp\/v2\/product_cat?post=316138"},{"taxonomy":"product_tag","embeddable":true,"href":"https:\/\/dev.freakuence.nl\/fr\/wp-json\/wp\/v2\/product_tag?post=316138"}],"curies":[{"name":"wp","href":"https:\/\/api.w.org\/{rel}","templated":true}]}}