{"id":316160,"date":"2025-09-10T13:49:22","date_gmt":"2025-09-10T11:49:22","guid":{"rendered":"https:\/\/dev.freakuence.nl\/product\/sotm-sdp-1000\/"},"modified":"2025-09-10T13:49:22","modified_gmt":"2025-09-10T11:49:22","slug":"sotm-sdp-1000","status":"publish","type":"product","link":"https:\/\/dev.freakuence.nl\/fr\/produit\/sotm-sdp-1000\/","title":{"rendered":"SOtM sDP-1000"},"content":{"rendered":"<div class=\"product-specifications-list\">\n<div class=\"specification-item row-even\"><span class=\"spec-content\"><strong>Description Freakuence !<\/strong><\/span><\/div>\n<div class=\"specification-item row-odd\"><span class=\"spec-content\"><\/p>\n<p>Une lecture transparente et rythm\u00e9e, sans fatigue d&rsquo;\u00e9coute. Vous restez \u00e9veill\u00e9 ? Les voix et les instruments sont bien articul\u00e9s et convaincants. Beaucoup de profondeur.   <\/p>\n<p><\/span><\/div>\n<div class=\"specification-item row-even\"><span class=\"spec-content\"><strong>D\u00e9tails<\/strong><\/span><\/div>\n<div class=\"specification-item row-odd\"><span class=\"spec-content\">Prix de vente au d\u00e9tail : 3250.00<\/span><\/div>\n<div class=\"specification-item row-even\"><span class=\"spec-content\"><strong>Description g\u00e9n\u00e9rale<\/strong><\/span><\/div>\n<div class=\"specification-item row-odd\"><span class=\"spec-content\"><\/p>\n<p>Cet appareil prend en charge la lecture PCM 32 bits\/384 kHz et DSDx64, DSDx128 via la classe audio USB 2.0. Il est dot\u00e9 d&rsquo;un \u00e9cran OLED et d&rsquo;une t\u00e9l\u00e9commande. L&rsquo;alimentation est assur\u00e9e par une batterie, avec l&rsquo;option d&rsquo;une alimentation lin\u00e9aire \u00e0 tr\u00e8s faible bruit. Les entr\u00e9es num\u00e9riques sont optiques, coaxiales et AES\/EBU, avec une profondeur de bits maximale de 24 bits et des taux d&rsquo;\u00e9chantillonnage allant jusqu&rsquo;\u00e0 192 kHz. Les entr\u00e9es et sorties analogiques sont \u00e0 la fois sym\u00e9triques et asym\u00e9triques, avec une plage de fr\u00e9quences de 20~20kHz \u00e0 \u00b10,1dB. Le volume est r\u00e9glable de -75 \u00e0 +10dB par pas de 0,5dB. Dimensions : 360 x 68 x 245 mm ; poids : 4 kg.      <\/p>\n<p><\/span><\/div>\n<div class=\"specification-item row-even\"><span class=\"spec-content\"><strong>Histoire de la marque<\/strong><\/span><\/div>\n<div class=\"specification-item row-odd\"><span class=\"spec-content\"><\/p>\n<p>SOtM, qui signifie \u00ab\u00a0Soul Of the Music\u00a0\u00bb, est une marque \u00e9troitement associ\u00e9e \u00e0 l&rsquo;industrie audio haute fid\u00e9lit\u00e9. Fond\u00e9e en Cor\u00e9e du Sud, la marque s&rsquo;est concentr\u00e9e sur le d\u00e9veloppement d&rsquo;appareils \u00e9lectroniques qui am\u00e9liorent la lecture audio dans le secteur audiophile. Elle est sp\u00e9cialis\u00e9e dans la fabrication d&rsquo;appareils audio r\u00e9seau et USB de haute qualit\u00e9. SOtM s&rsquo;efforce de fournir des produits qui minimisent le bruit du signal et optimisent la qualit\u00e9 du son, en mettant l&rsquo;accent sur la reproduction fid\u00e8le de la musique. Sa gamme de produits comprend divers types d&rsquo;appareils audio, tels que des lecteurs r\u00e9seau, des modules d&rsquo;interface USB et des commutateurs audio. Ces appareils sont con\u00e7us pour \u00eatre compatibles avec divers syst\u00e8mes d&rsquo;exploitation et autres \u00e9quipements audio, ce qui souligne la polyvalence de la marque. L&rsquo;approche de SOtM en mati\u00e8re de d\u00e9veloppement technologique est bas\u00e9e sur la recherche scientifique et l&rsquo;expertise technique, ce qui lui a valu plusieurs prix et reconnaissances dans son domaine.      <\/p>\n<p><\/span><\/div>\n<\/div>\n","protected":false},"excerpt":{"rendered":"<p>Description Freakuence ! Une lecture transparente et rythm\u00e9e, sans fatigue d&rsquo;\u00e9coute. Vous restez \u00e9veill\u00e9 ? Les voix et les instruments sont bien articul\u00e9s et convaincants. Beaucoup de profondeur. D\u00e9tails Prix de vente au d\u00e9tail : 3250.00 Description g\u00e9n\u00e9rale Cet appareil prend en charge la lecture PCM 32 bits\/384 kHz et DSDx64, DSDx128 via la classe [&hellip;]<\/p>\n","protected":false},"featured_media":303894,"template":"","meta":{"_acf_changed":false,"inline_featured_image":false},"product_brand":[],"product_cat":[595],"product_tag":[554],"class_list":{"0":"post-316160","1":"product","2":"type-product","3":"status-publish","4":"has-post-thumbnail","6":"product_cat-dac-et-streamers","7":"product_tag-used","8":"pa_kleur-argent","10":"first","11":"instock","12":"purchasable","13":"product-type-simple"},"acf":[],"yoast_head":"<!-- This site is optimized with the Yoast SEO plugin v25.9 - https:\/\/yoast.com\/wordpress\/plugins\/seo\/ -->\n<title>SOtM sDP-1000 | Freakuence!<\/title>\n<meta name=\"robots\" content=\"noindex, follow, max-snippet:-1, max-image-preview:large, max-video-preview:-1\" \/>\n<meta property=\"og:locale\" content=\"fr_FR\" \/>\n<meta property=\"og:type\" content=\"article\" \/>\n<meta property=\"og:title\" content=\"SOtM sDP-1000 | Freakuence!\" \/>\n<meta property=\"og:description\" content=\"Description Freakuence ! Une lecture transparente et rythm\u00e9e, sans fatigue d&rsquo;\u00e9coute. Vous restez \u00e9veill\u00e9 ? Les voix et les instruments sont bien articul\u00e9s et convaincants. Beaucoup de profondeur. D\u00e9tails Prix de vente au d\u00e9tail : 3250.00 Description g\u00e9n\u00e9rale Cet appareil prend en charge la lecture PCM 32 bits\/384 kHz et DSDx64, DSDx128 via la classe [&hellip;]\" \/>\n<meta property=\"og:url\" content=\"https:\/\/dev.freakuence.nl\/fr\/produit\/sotm-sdp-1000\/\" \/>\n<meta property=\"og:site_name\" content=\"Freakuence!\" \/>\n<meta property=\"og:image\" content=\"https:\/\/dev.freakuence.nl\/wp-content\/uploads\/2025\/09\/1757504916-IMG9181-scaled.jpg\" \/>\n\t<meta property=\"og:image:width\" content=\"1800\" \/>\n\t<meta property=\"og:image:height\" content=\"1200\" \/>\n\t<meta property=\"og:image:type\" content=\"image\/jpeg\" \/>\n<meta name=\"twitter:card\" content=\"summary_large_image\" \/>\n<script type=\"application\/ld+json\" class=\"yoast-schema-graph\">{\"@context\":\"https:\/\/schema.org\",\"@graph\":[{\"@type\":\"WebPage\",\"@id\":\"https:\/\/dev.freakuence.nl\/fr\/produit\/sotm-sdp-1000\/\",\"url\":\"https:\/\/dev.freakuence.nl\/fr\/produit\/sotm-sdp-1000\/\",\"name\":\"SOtM sDP-1000 | Freakuence!\",\"isPartOf\":{\"@id\":\"https:\/\/dev.freakuence.nl\/fr\/#website\"},\"primaryImageOfPage\":{\"@id\":\"https:\/\/dev.freakuence.nl\/fr\/produit\/sotm-sdp-1000\/#primaryimage\"},\"image\":{\"@id\":\"https:\/\/dev.freakuence.nl\/fr\/produit\/sotm-sdp-1000\/#primaryimage\"},\"thumbnailUrl\":\"https:\/\/dev.freakuence.nl\/wp-content\/uploads\/2025\/09\/1757504916-IMG9181-scaled.jpg\",\"datePublished\":\"2025-09-10T11:49:22+00:00\",\"breadcrumb\":{\"@id\":\"https:\/\/dev.freakuence.nl\/fr\/produit\/sotm-sdp-1000\/#breadcrumb\"},\"inLanguage\":\"fr-FR\",\"potentialAction\":[{\"@type\":\"ReadAction\",\"target\":[\"https:\/\/dev.freakuence.nl\/fr\/produit\/sotm-sdp-1000\/\"]}]},{\"@type\":\"ImageObject\",\"inLanguage\":\"fr-FR\",\"@id\":\"https:\/\/dev.freakuence.nl\/fr\/produit\/sotm-sdp-1000\/#primaryimage\",\"url\":\"https:\/\/dev.freakuence.nl\/wp-content\/uploads\/2025\/09\/1757504916-IMG9181-scaled.jpg\",\"contentUrl\":\"https:\/\/dev.freakuence.nl\/wp-content\/uploads\/2025\/09\/1757504916-IMG9181-scaled.jpg\",\"width\":1800,\"height\":1200},{\"@type\":\"BreadcrumbList\",\"@id\":\"https:\/\/dev.freakuence.nl\/fr\/produit\/sotm-sdp-1000\/#breadcrumb\",\"itemListElement\":[{\"@type\":\"ListItem\",\"position\":1,\"name\":\"Accueil\",\"item\":\"https:\/\/dev.freakuence.nl\/fr\/\"},{\"@type\":\"ListItem\",\"position\":2,\"name\":\"Products\",\"item\":\"https:\/\/dev.freakuence.nl\/en\/products\/\"},{\"@type\":\"ListItem\",\"position\":3,\"name\":\"SOtM sDP-1000\"}]},{\"@type\":\"WebSite\",\"@id\":\"https:\/\/dev.freakuence.nl\/fr\/#website\",\"url\":\"https:\/\/dev.freakuence.nl\/fr\/\",\"name\":\"Freakuence!\",\"description\":\"Freakuence!\",\"alternateName\":\"Freakuence\",\"potentialAction\":[{\"@type\":\"SearchAction\",\"target\":{\"@type\":\"EntryPoint\",\"urlTemplate\":\"https:\/\/dev.freakuence.nl\/fr\/?s={search_term_string}\"},\"query-input\":{\"@type\":\"PropertyValueSpecification\",\"valueRequired\":true,\"valueName\":\"search_term_string\"}}],\"inLanguage\":\"fr-FR\"}]}<\/script>\n<!-- \/ Yoast SEO plugin. -->","yoast_head_json":{"title":"SOtM sDP-1000 | Freakuence!","robots":{"index":"noindex","follow":"follow","max-snippet":"max-snippet:-1","max-image-preview":"max-image-preview:large","max-video-preview":"max-video-preview:-1"},"og_locale":"fr_FR","og_type":"article","og_title":"SOtM sDP-1000 | Freakuence!","og_description":"Description Freakuence ! Une lecture transparente et rythm\u00e9e, sans fatigue d&rsquo;\u00e9coute. Vous restez \u00e9veill\u00e9 ? Les voix et les instruments sont bien articul\u00e9s et convaincants. Beaucoup de profondeur. D\u00e9tails Prix de vente au d\u00e9tail : 3250.00 Description g\u00e9n\u00e9rale Cet appareil prend en charge la lecture PCM 32 bits\/384 kHz et DSDx64, DSDx128 via la classe [&hellip;]","og_url":"https:\/\/dev.freakuence.nl\/fr\/produit\/sotm-sdp-1000\/","og_site_name":"Freakuence!","og_image":[{"width":1800,"height":1200,"url":"https:\/\/dev.freakuence.nl\/wp-content\/uploads\/2025\/09\/1757504916-IMG9181-scaled.jpg","type":"image\/jpeg"}],"twitter_card":"summary_large_image","schema":{"@context":"https:\/\/schema.org","@graph":[{"@type":"WebPage","@id":"https:\/\/dev.freakuence.nl\/fr\/produit\/sotm-sdp-1000\/","url":"https:\/\/dev.freakuence.nl\/fr\/produit\/sotm-sdp-1000\/","name":"SOtM sDP-1000 | Freakuence!","isPartOf":{"@id":"https:\/\/dev.freakuence.nl\/fr\/#website"},"primaryImageOfPage":{"@id":"https:\/\/dev.freakuence.nl\/fr\/produit\/sotm-sdp-1000\/#primaryimage"},"image":{"@id":"https:\/\/dev.freakuence.nl\/fr\/produit\/sotm-sdp-1000\/#primaryimage"},"thumbnailUrl":"https:\/\/dev.freakuence.nl\/wp-content\/uploads\/2025\/09\/1757504916-IMG9181-scaled.jpg","datePublished":"2025-09-10T11:49:22+00:00","breadcrumb":{"@id":"https:\/\/dev.freakuence.nl\/fr\/produit\/sotm-sdp-1000\/#breadcrumb"},"inLanguage":"fr-FR","potentialAction":[{"@type":"ReadAction","target":["https:\/\/dev.freakuence.nl\/fr\/produit\/sotm-sdp-1000\/"]}]},{"@type":"ImageObject","inLanguage":"fr-FR","@id":"https:\/\/dev.freakuence.nl\/fr\/produit\/sotm-sdp-1000\/#primaryimage","url":"https:\/\/dev.freakuence.nl\/wp-content\/uploads\/2025\/09\/1757504916-IMG9181-scaled.jpg","contentUrl":"https:\/\/dev.freakuence.nl\/wp-content\/uploads\/2025\/09\/1757504916-IMG9181-scaled.jpg","width":1800,"height":1200},{"@type":"BreadcrumbList","@id":"https:\/\/dev.freakuence.nl\/fr\/produit\/sotm-sdp-1000\/#breadcrumb","itemListElement":[{"@type":"ListItem","position":1,"name":"Accueil","item":"https:\/\/dev.freakuence.nl\/fr\/"},{"@type":"ListItem","position":2,"name":"Products","item":"https:\/\/dev.freakuence.nl\/en\/products\/"},{"@type":"ListItem","position":3,"name":"SOtM sDP-1000"}]},{"@type":"WebSite","@id":"https:\/\/dev.freakuence.nl\/fr\/#website","url":"https:\/\/dev.freakuence.nl\/fr\/","name":"Freakuence!","description":"Freakuence!","alternateName":"Freakuence","potentialAction":[{"@type":"SearchAction","target":{"@type":"EntryPoint","urlTemplate":"https:\/\/dev.freakuence.nl\/fr\/?s={search_term_string}"},"query-input":{"@type":"PropertyValueSpecification","valueRequired":true,"valueName":"search_term_string"}}],"inLanguage":"fr-FR"}]}},"_links":{"self":[{"href":"https:\/\/dev.freakuence.nl\/fr\/wp-json\/wp\/v2\/product\/316160","targetHints":{"allow":["GET"]}}],"collection":[{"href":"https:\/\/dev.freakuence.nl\/fr\/wp-json\/wp\/v2\/product"}],"about":[{"href":"https:\/\/dev.freakuence.nl\/fr\/wp-json\/wp\/v2\/types\/product"}],"version-history":[{"count":0,"href":"https:\/\/dev.freakuence.nl\/fr\/wp-json\/wp\/v2\/product\/316160\/revisions"}],"wp:featuredmedia":[{"embeddable":true,"href":"https:\/\/dev.freakuence.nl\/fr\/wp-json\/wp\/v2\/media\/303894"}],"wp:attachment":[{"href":"https:\/\/dev.freakuence.nl\/fr\/wp-json\/wp\/v2\/media?parent=316160"}],"wp:term":[{"taxonomy":"product_brand","embeddable":true,"href":"https:\/\/dev.freakuence.nl\/fr\/wp-json\/wp\/v2\/product_brand?post=316160"},{"taxonomy":"product_cat","embeddable":true,"href":"https:\/\/dev.freakuence.nl\/fr\/wp-json\/wp\/v2\/product_cat?post=316160"},{"taxonomy":"product_tag","embeddable":true,"href":"https:\/\/dev.freakuence.nl\/fr\/wp-json\/wp\/v2\/product_tag?post=316160"}],"curies":[{"name":"wp","href":"https:\/\/api.w.org\/{rel}","templated":true}]}}