{"id":316186,"date":"2025-09-03T14:10:39","date_gmt":"2025-09-03T12:10:39","guid":{"rendered":"https:\/\/dev.freakuence.nl\/product\/bricasti-m1-classic-mdx\/"},"modified":"2025-09-03T14:10:39","modified_gmt":"2025-09-03T12:10:39","slug":"bricasti-m1-classic-mdx","status":"publish","type":"product","link":"https:\/\/dev.freakuence.nl\/fr\/produit\/bricasti-m1-classic-mdx\/","title":{"rendered":"Bricasti M1 Classic MDx"},"content":{"rendered":"<div class=\"product-specifications-list\">\n<div class=\"specification-item row-even\"><span class=\"spec-content\"><strong>Description Freakuence !<\/strong><\/span><\/div>\n<div class=\"specification-item row-odd\"><span class=\"spec-content\"><\/p>\n<p>Il faut parfois faire preuve d&rsquo;un peu de patience. J&rsquo;en ai entendu parler \u00e0 plusieurs reprises, et le voici enfin dans notre magasin. Un dac, avec facilit\u00e9, qui vous permet d&rsquo;\u00e9couter sans distraction. Plein, doux, avec les plus petites nuances.   <\/p>\n<p><\/span><\/div>\n<div class=\"specification-item row-even\"><span class=\"spec-content\"><strong>D\u00e9tails<\/strong><\/span><\/div>\n<div class=\"specification-item row-odd\"><span class=\"spec-content\">Prix de vente au d\u00e9tail : 10000.00<\/span><\/div>\n<div class=\"specification-item row-even\"><span class=\"spec-content\"><strong>Description g\u00e9n\u00e9rale<\/strong><\/span><\/div>\n<div class=\"specification-item row-odd\"><span class=\"spec-content\"><\/p>\n<p>Le Bricasti M1 Classic MDx est un convertisseur num\u00e9rique-analogique connu pour sa reproduction sonore pr\u00e9cise et d\u00e9taill\u00e9e. Gr\u00e2ce \u00e0 sa conception double mono et \u00e0 son processeur MDx avanc\u00e9, ce convertisseur num\u00e9rique-analogique offre une exp\u00e9rience d&rsquo;\u00e9coute riche et dynamique. Le M1 Classic MDx est \u00e9quip\u00e9 de plusieurs entr\u00e9es num\u00e9riques, notamment USB, AES\/EBU et S\/PDIF, ce qui le rend compatible avec une grande vari\u00e9t\u00e9 de sources. Il dispose \u00e9galement d&rsquo;un contr\u00f4le de volume int\u00e9gr\u00e9, ce qui permet de le connecter directement \u00e0 un amplificateur de puissance sans avoir recours \u00e0 un pr\u00e9amplificateur. La construction est robuste, avec un bo\u00eetier en aluminium massif, ce qui ajoute \u00e0 la durabilit\u00e9 et \u00e0 l&rsquo;esth\u00e9tique de l&rsquo;appareil. Le M1 Classic MDx prend en charge les formats PCM et DSD, ce qui le rend adapt\u00e9 \u00e0 une large gamme de fichiers audio num\u00e9riques. Gr\u00e2ce \u00e0 sa pr\u00e9cision, sa flexibilit\u00e9 et sa qualit\u00e9 de fabrication, le Bricasti M1 Classic MDx est un compl\u00e9ment pr\u00e9cieux \u00e0 toute installation audio haut de gamme.      <\/p>\n<p><\/span><\/div>\n<div class=\"specification-item row-even\"><span class=\"spec-content\"><strong>Informations g\u00e9n\u00e9rales<\/strong><\/span><\/div>\n<div class=\"specification-item row-odd\"><span class=\"spec-content\"><\/p>\n<p>Le Bricasti M1 Classic MDx est un convertisseur DA haut de gamme con\u00e7u et fabriqu\u00e9 aux \u00c9tats-Unis par une petite \u00e9quipe d&rsquo;anciens ing\u00e9nieurs de Lexicon. L&rsquo;accent a \u00e9t\u00e9 mis sur la puret\u00e9 du son, sans coloration. Le M1 Classic utilise une conception double mono enti\u00e8rement \u00e9quilibr\u00e9e, avec des circuits analogiques de haute qualit\u00e9, une alimentation lin\u00e9aire et le module DSP MDx, d\u00e9velopp\u00e9 en interne pour un traitement du signal encore plus rapide. En interne comme en externe, seuls des composants soigneusement s\u00e9lectionn\u00e9s sont utilis\u00e9s pour des performances optimales.   <\/p>\n<p><\/span><\/div>\n<div class=\"specification-item row-even\"><span class=\"spec-content\"><strong>Histoire de la marque<\/strong><\/span><\/div>\n<div class=\"specification-item row-odd\"><span class=\"spec-content\"><\/p>\n<p>Bricasti a \u00e9t\u00e9 fond\u00e9e en 2004 par Brian Zolner et Casey Dowdell. L&rsquo;entreprise est bas\u00e9e \u00e0 Shirley, dans le Massachusetts, aux \u00c9tats-Unis. Bricasti d\u00e9veloppe et fabrique des \u00e9quipements audio num\u00e9riques, notamment des processeurs de r\u00e9verb\u00e9ration et des convertisseurs num\u00e9rique-analogique (DAC). La production a lieu en interne, avec des bo\u00eetiers en aluminium frais\u00e9s par CNC. Tous les composants \u00e9lectroniques sont fabriqu\u00e9s et assembl\u00e9s aux \u00c9tats-Unis. Bricasti se concentre sur les applications dans les environnements professionnels et son premier produit, le processeur de r\u00e9verb\u00e9ration st\u00e9r\u00e9o M7, a \u00e9t\u00e9 lanc\u00e9 en 2007. L&rsquo;entreprise utilise des algorithmes propri\u00e9taires pour le traitement des signaux, qui sont d\u00e9velopp\u00e9s en interne. Les alimentations et les circuits analogiques sont \u00e9galement con\u00e7us en interne. Les produits de Bricasti sont utilis\u00e9s dans le monde entier dans les studios et les installations de mastering. Bricasti propose \u00e9galement des mises \u00e0 jour de micrologiciels pour divers appareils, que les utilisateurs peuvent installer eux-m\u00eames.         <\/p>\n<p><\/span><\/div>\n<\/div>\n","protected":false},"excerpt":{"rendered":"<p>Description Freakuence ! Il faut parfois faire preuve d&rsquo;un peu de patience. J&rsquo;en ai entendu parler \u00e0 plusieurs reprises, et le voici enfin dans notre magasin. Un dac, avec facilit\u00e9, qui vous permet d&rsquo;\u00e9couter sans distraction. Plein, doux, avec les plus petites nuances. D\u00e9tails Prix de vente au d\u00e9tail : 10000.00 Description g\u00e9n\u00e9rale Le Bricasti [&hellip;]<\/p>\n","protected":false},"featured_media":303343,"template":"","meta":{"_acf_changed":false,"inline_featured_image":false},"product_brand":[],"product_cat":[595],"product_tag":[554],"class_list":{"0":"post-316186","1":"product","2":"type-product","3":"status-publish","4":"has-post-thumbnail","6":"product_cat-dac-et-streamers","7":"product_tag-used","8":"pa_kleur-gris","10":"first","11":"instock","12":"purchasable","13":"product-type-simple"},"acf":[],"yoast_head":"<!-- This site is optimized with the Yoast SEO plugin v25.9 - https:\/\/yoast.com\/wordpress\/plugins\/seo\/ -->\n<title>Bricasti M1 Classic MDx | Freakuence!<\/title>\n<meta name=\"robots\" content=\"noindex, follow, max-snippet:-1, max-image-preview:large, max-video-preview:-1\" \/>\n<meta property=\"og:locale\" content=\"fr_FR\" \/>\n<meta property=\"og:type\" content=\"article\" \/>\n<meta property=\"og:title\" content=\"Bricasti M1 Classic MDx | Freakuence!\" \/>\n<meta property=\"og:description\" content=\"Description Freakuence ! Il faut parfois faire preuve d&rsquo;un peu de patience. J&rsquo;en ai entendu parler \u00e0 plusieurs reprises, et le voici enfin dans notre magasin. Un dac, avec facilit\u00e9, qui vous permet d&rsquo;\u00e9couter sans distraction. Plein, doux, avec les plus petites nuances. D\u00e9tails Prix de vente au d\u00e9tail : 10000.00 Description g\u00e9n\u00e9rale Le Bricasti [&hellip;]\" \/>\n<meta property=\"og:url\" content=\"https:\/\/dev.freakuence.nl\/fr\/produit\/bricasti-m1-classic-mdx\/\" \/>\n<meta property=\"og:site_name\" content=\"Freakuence!\" \/>\n<meta property=\"og:image\" content=\"https:\/\/dev.freakuence.nl\/wp-content\/uploads\/2025\/09\/1756901376-IMG2081-1-scaled.jpg\" \/>\n\t<meta property=\"og:image:width\" content=\"1800\" \/>\n\t<meta property=\"og:image:height\" content=\"1200\" \/>\n\t<meta property=\"og:image:type\" content=\"image\/jpeg\" \/>\n<meta name=\"twitter:card\" content=\"summary_large_image\" \/>\n<script type=\"application\/ld+json\" class=\"yoast-schema-graph\">{\"@context\":\"https:\/\/schema.org\",\"@graph\":[{\"@type\":\"WebPage\",\"@id\":\"https:\/\/dev.freakuence.nl\/fr\/produit\/bricasti-m1-classic-mdx\/\",\"url\":\"https:\/\/dev.freakuence.nl\/fr\/produit\/bricasti-m1-classic-mdx\/\",\"name\":\"Bricasti M1 Classic MDx | Freakuence!\",\"isPartOf\":{\"@id\":\"https:\/\/dev.freakuence.nl\/fr\/#website\"},\"primaryImageOfPage\":{\"@id\":\"https:\/\/dev.freakuence.nl\/fr\/produit\/bricasti-m1-classic-mdx\/#primaryimage\"},\"image\":{\"@id\":\"https:\/\/dev.freakuence.nl\/fr\/produit\/bricasti-m1-classic-mdx\/#primaryimage\"},\"thumbnailUrl\":\"https:\/\/dev.freakuence.nl\/wp-content\/uploads\/2025\/09\/1756901376-IMG2081-1-scaled.jpg\",\"datePublished\":\"2025-09-03T12:10:39+00:00\",\"breadcrumb\":{\"@id\":\"https:\/\/dev.freakuence.nl\/fr\/produit\/bricasti-m1-classic-mdx\/#breadcrumb\"},\"inLanguage\":\"fr-FR\",\"potentialAction\":[{\"@type\":\"ReadAction\",\"target\":[\"https:\/\/dev.freakuence.nl\/fr\/produit\/bricasti-m1-classic-mdx\/\"]}]},{\"@type\":\"ImageObject\",\"inLanguage\":\"fr-FR\",\"@id\":\"https:\/\/dev.freakuence.nl\/fr\/produit\/bricasti-m1-classic-mdx\/#primaryimage\",\"url\":\"https:\/\/dev.freakuence.nl\/wp-content\/uploads\/2025\/09\/1756901376-IMG2081-1-scaled.jpg\",\"contentUrl\":\"https:\/\/dev.freakuence.nl\/wp-content\/uploads\/2025\/09\/1756901376-IMG2081-1-scaled.jpg\",\"width\":1800,\"height\":1200},{\"@type\":\"BreadcrumbList\",\"@id\":\"https:\/\/dev.freakuence.nl\/fr\/produit\/bricasti-m1-classic-mdx\/#breadcrumb\",\"itemListElement\":[{\"@type\":\"ListItem\",\"position\":1,\"name\":\"Accueil\",\"item\":\"https:\/\/dev.freakuence.nl\/fr\/\"},{\"@type\":\"ListItem\",\"position\":2,\"name\":\"Products\",\"item\":\"https:\/\/dev.freakuence.nl\/en\/products\/\"},{\"@type\":\"ListItem\",\"position\":3,\"name\":\"Bricasti M1 Classic MDx\"}]},{\"@type\":\"WebSite\",\"@id\":\"https:\/\/dev.freakuence.nl\/fr\/#website\",\"url\":\"https:\/\/dev.freakuence.nl\/fr\/\",\"name\":\"Freakuence!\",\"description\":\"Freakuence!\",\"alternateName\":\"Freakuence\",\"potentialAction\":[{\"@type\":\"SearchAction\",\"target\":{\"@type\":\"EntryPoint\",\"urlTemplate\":\"https:\/\/dev.freakuence.nl\/fr\/?s={search_term_string}\"},\"query-input\":{\"@type\":\"PropertyValueSpecification\",\"valueRequired\":true,\"valueName\":\"search_term_string\"}}],\"inLanguage\":\"fr-FR\"}]}<\/script>\n<!-- \/ Yoast SEO plugin. -->","yoast_head_json":{"title":"Bricasti M1 Classic MDx | Freakuence!","robots":{"index":"noindex","follow":"follow","max-snippet":"max-snippet:-1","max-image-preview":"max-image-preview:large","max-video-preview":"max-video-preview:-1"},"og_locale":"fr_FR","og_type":"article","og_title":"Bricasti M1 Classic MDx | Freakuence!","og_description":"Description Freakuence ! Il faut parfois faire preuve d&rsquo;un peu de patience. J&rsquo;en ai entendu parler \u00e0 plusieurs reprises, et le voici enfin dans notre magasin. Un dac, avec facilit\u00e9, qui vous permet d&rsquo;\u00e9couter sans distraction. Plein, doux, avec les plus petites nuances. D\u00e9tails Prix de vente au d\u00e9tail : 10000.00 Description g\u00e9n\u00e9rale Le Bricasti [&hellip;]","og_url":"https:\/\/dev.freakuence.nl\/fr\/produit\/bricasti-m1-classic-mdx\/","og_site_name":"Freakuence!","og_image":[{"width":1800,"height":1200,"url":"https:\/\/dev.freakuence.nl\/wp-content\/uploads\/2025\/09\/1756901376-IMG2081-1-scaled.jpg","type":"image\/jpeg"}],"twitter_card":"summary_large_image","schema":{"@context":"https:\/\/schema.org","@graph":[{"@type":"WebPage","@id":"https:\/\/dev.freakuence.nl\/fr\/produit\/bricasti-m1-classic-mdx\/","url":"https:\/\/dev.freakuence.nl\/fr\/produit\/bricasti-m1-classic-mdx\/","name":"Bricasti M1 Classic MDx | Freakuence!","isPartOf":{"@id":"https:\/\/dev.freakuence.nl\/fr\/#website"},"primaryImageOfPage":{"@id":"https:\/\/dev.freakuence.nl\/fr\/produit\/bricasti-m1-classic-mdx\/#primaryimage"},"image":{"@id":"https:\/\/dev.freakuence.nl\/fr\/produit\/bricasti-m1-classic-mdx\/#primaryimage"},"thumbnailUrl":"https:\/\/dev.freakuence.nl\/wp-content\/uploads\/2025\/09\/1756901376-IMG2081-1-scaled.jpg","datePublished":"2025-09-03T12:10:39+00:00","breadcrumb":{"@id":"https:\/\/dev.freakuence.nl\/fr\/produit\/bricasti-m1-classic-mdx\/#breadcrumb"},"inLanguage":"fr-FR","potentialAction":[{"@type":"ReadAction","target":["https:\/\/dev.freakuence.nl\/fr\/produit\/bricasti-m1-classic-mdx\/"]}]},{"@type":"ImageObject","inLanguage":"fr-FR","@id":"https:\/\/dev.freakuence.nl\/fr\/produit\/bricasti-m1-classic-mdx\/#primaryimage","url":"https:\/\/dev.freakuence.nl\/wp-content\/uploads\/2025\/09\/1756901376-IMG2081-1-scaled.jpg","contentUrl":"https:\/\/dev.freakuence.nl\/wp-content\/uploads\/2025\/09\/1756901376-IMG2081-1-scaled.jpg","width":1800,"height":1200},{"@type":"BreadcrumbList","@id":"https:\/\/dev.freakuence.nl\/fr\/produit\/bricasti-m1-classic-mdx\/#breadcrumb","itemListElement":[{"@type":"ListItem","position":1,"name":"Accueil","item":"https:\/\/dev.freakuence.nl\/fr\/"},{"@type":"ListItem","position":2,"name":"Products","item":"https:\/\/dev.freakuence.nl\/en\/products\/"},{"@type":"ListItem","position":3,"name":"Bricasti M1 Classic MDx"}]},{"@type":"WebSite","@id":"https:\/\/dev.freakuence.nl\/fr\/#website","url":"https:\/\/dev.freakuence.nl\/fr\/","name":"Freakuence!","description":"Freakuence!","alternateName":"Freakuence","potentialAction":[{"@type":"SearchAction","target":{"@type":"EntryPoint","urlTemplate":"https:\/\/dev.freakuence.nl\/fr\/?s={search_term_string}"},"query-input":{"@type":"PropertyValueSpecification","valueRequired":true,"valueName":"search_term_string"}}],"inLanguage":"fr-FR"}]}},"_links":{"self":[{"href":"https:\/\/dev.freakuence.nl\/fr\/wp-json\/wp\/v2\/product\/316186","targetHints":{"allow":["GET"]}}],"collection":[{"href":"https:\/\/dev.freakuence.nl\/fr\/wp-json\/wp\/v2\/product"}],"about":[{"href":"https:\/\/dev.freakuence.nl\/fr\/wp-json\/wp\/v2\/types\/product"}],"version-history":[{"count":0,"href":"https:\/\/dev.freakuence.nl\/fr\/wp-json\/wp\/v2\/product\/316186\/revisions"}],"wp:featuredmedia":[{"embeddable":true,"href":"https:\/\/dev.freakuence.nl\/fr\/wp-json\/wp\/v2\/media\/303343"}],"wp:attachment":[{"href":"https:\/\/dev.freakuence.nl\/fr\/wp-json\/wp\/v2\/media?parent=316186"}],"wp:term":[{"taxonomy":"product_brand","embeddable":true,"href":"https:\/\/dev.freakuence.nl\/fr\/wp-json\/wp\/v2\/product_brand?post=316186"},{"taxonomy":"product_cat","embeddable":true,"href":"https:\/\/dev.freakuence.nl\/fr\/wp-json\/wp\/v2\/product_cat?post=316186"},{"taxonomy":"product_tag","embeddable":true,"href":"https:\/\/dev.freakuence.nl\/fr\/wp-json\/wp\/v2\/product_tag?post=316186"}],"curies":[{"name":"wp","href":"https:\/\/api.w.org\/{rel}","templated":true}]}}