{"id":316459,"date":"2026-03-09T06:06:57","date_gmt":"2026-03-09T05:06:57","guid":{"rendered":"https:\/\/dev.freakuence.nl\/product\/mcintosh-mti100\/"},"modified":"2026-03-09T06:06:57","modified_gmt":"2026-03-09T05:06:57","slug":"mcintosh-mti100","status":"publish","type":"product","link":"https:\/\/dev.freakuence.nl\/fr\/produit\/mcintosh-mti100\/","title":{"rendered":"McIntosh MTI100"},"content":{"rendered":"<div class=\"product-specifications-list\">\n<div class=\"specification-item row-header\"><span class=\"spec-content\"><strong>Histoire de la marque<\/strong><\/span><\/div>\n<div class=\"specification-item row-even\"><span class=\"spec-content\">Le laboratoire McIntosh, fond\u00e9 en 1949 par Frank H. McIntosh et Gordon Gow, est bas\u00e9 \u00e0 Binghamton, dans l&rsquo;\u00c9tat de New York. En 1965, des amplificateurs McIntosh ont \u00e9t\u00e9 utilis\u00e9s lors du discours d&rsquo;investiture du pr\u00e9sident Lyndon B. Johnson. En 1969, vingt amplificateurs \u00e0 tubes McIntosh MC3500 ont assur\u00e9 la sonorisation du festival de Woodstock. En 1974, le groupe Grateful Dead a utilis\u00e9 48 amplificateurs McIntosh MC2300 pour son syst\u00e8me \u00ab\u00a0Wall of Sound\u00a0\u00bb. En 1990, McIntosh a \u00e9t\u00e9 rachet\u00e9 par Clarion, puis par D&amp;M Holdings en 2003. En 2022, l&rsquo;entreprise a \u00e9t\u00e9 vendue \u00e0 une soci\u00e9t\u00e9 de capital-investissement. McIntosh est connu pour ses panneaux avant en verre noir et ses VU-m\u00e8tres bleus.      <\/span><\/div>\n<\/div>\n","protected":false},"excerpt":{"rendered":"<p>Histoire de la marque Le laboratoire McIntosh, fond\u00e9 en 1949 par Frank H. McIntosh et Gordon Gow, est bas\u00e9 \u00e0 Binghamton, dans l&rsquo;\u00c9tat de New York. En 1965, des amplificateurs McIntosh ont \u00e9t\u00e9 utilis\u00e9s lors du discours d&rsquo;investiture du pr\u00e9sident Lyndon B. Johnson. En 1969, vingt amplificateurs \u00e0 tubes McIntosh MC3500 ont assur\u00e9 la sonorisation [&hellip;]<\/p>\n","protected":false},"featured_media":0,"template":"","meta":{"_acf_changed":false,"inline_featured_image":false},"product_brand":[],"product_cat":[578],"product_tag":[554],"class_list":{"0":"post-316459","1":"product","2":"type-product","3":"status-publish","5":"product_cat-accessoires","6":"product_tag-used","8":"first","9":"instock","10":"sold-individually","11":"purchasable","12":"product-type-simple"},"acf":[],"yoast_head":"<!-- This site is optimized with the Yoast SEO plugin v25.9 - https:\/\/yoast.com\/wordpress\/plugins\/seo\/ -->\n<title>McIntosh MTI100 | Freakuence!<\/title>\n<meta name=\"robots\" content=\"noindex, follow, max-snippet:-1, max-image-preview:large, max-video-preview:-1\" \/>\n<meta property=\"og:locale\" content=\"fr_FR\" \/>\n<meta property=\"og:type\" content=\"article\" \/>\n<meta property=\"og:title\" content=\"McIntosh MTI100 | Freakuence!\" \/>\n<meta property=\"og:description\" content=\"Histoire de la marque Le laboratoire McIntosh, fond\u00e9 en 1949 par Frank H. McIntosh et Gordon Gow, est bas\u00e9 \u00e0 Binghamton, dans l&rsquo;\u00c9tat de New York. En 1965, des amplificateurs McIntosh ont \u00e9t\u00e9 utilis\u00e9s lors du discours d&rsquo;investiture du pr\u00e9sident Lyndon B. Johnson. En 1969, vingt amplificateurs \u00e0 tubes McIntosh MC3500 ont assur\u00e9 la sonorisation [&hellip;]\" \/>\n<meta property=\"og:url\" content=\"https:\/\/dev.freakuence.nl\/fr\/produit\/mcintosh-mti100\/\" \/>\n<meta property=\"og:site_name\" content=\"Freakuence!\" \/>\n<meta name=\"twitter:card\" content=\"summary_large_image\" \/>\n<script type=\"application\/ld+json\" class=\"yoast-schema-graph\">{\"@context\":\"https:\/\/schema.org\",\"@graph\":[{\"@type\":\"WebPage\",\"@id\":\"https:\/\/dev.freakuence.nl\/fr\/produit\/mcintosh-mti100\/\",\"url\":\"https:\/\/dev.freakuence.nl\/fr\/produit\/mcintosh-mti100\/\",\"name\":\"McIntosh MTI100 | Freakuence!\",\"isPartOf\":{\"@id\":\"https:\/\/dev.freakuence.nl\/fr\/#website\"},\"datePublished\":\"2026-03-09T05:06:57+00:00\",\"breadcrumb\":{\"@id\":\"https:\/\/dev.freakuence.nl\/fr\/produit\/mcintosh-mti100\/#breadcrumb\"},\"inLanguage\":\"fr-FR\",\"potentialAction\":[{\"@type\":\"ReadAction\",\"target\":[\"https:\/\/dev.freakuence.nl\/fr\/produit\/mcintosh-mti100\/\"]}]},{\"@type\":\"BreadcrumbList\",\"@id\":\"https:\/\/dev.freakuence.nl\/fr\/produit\/mcintosh-mti100\/#breadcrumb\",\"itemListElement\":[{\"@type\":\"ListItem\",\"position\":1,\"name\":\"Home\",\"item\":\"https:\/\/dev.freakuence.nl\/fr\/\"},{\"@type\":\"ListItem\",\"position\":2,\"name\":\"Products\",\"item\":\"https:\/\/dev.freakuence.nl\/en\/products\/\"},{\"@type\":\"ListItem\",\"position\":3,\"name\":\"McIntosh MTI100\"}]},{\"@type\":\"WebSite\",\"@id\":\"https:\/\/dev.freakuence.nl\/fr\/#website\",\"url\":\"https:\/\/dev.freakuence.nl\/fr\/\",\"name\":\"Freakuence!\",\"description\":\"Freakuence!\",\"alternateName\":\"Freakuence\",\"potentialAction\":[{\"@type\":\"SearchAction\",\"target\":{\"@type\":\"EntryPoint\",\"urlTemplate\":\"https:\/\/dev.freakuence.nl\/fr\/?s={search_term_string}\"},\"query-input\":{\"@type\":\"PropertyValueSpecification\",\"valueRequired\":true,\"valueName\":\"search_term_string\"}}],\"inLanguage\":\"fr-FR\"}]}<\/script>\n<!-- \/ Yoast SEO plugin. -->","yoast_head_json":{"title":"McIntosh MTI100 | Freakuence!","robots":{"index":"noindex","follow":"follow","max-snippet":"max-snippet:-1","max-image-preview":"max-image-preview:large","max-video-preview":"max-video-preview:-1"},"og_locale":"fr_FR","og_type":"article","og_title":"McIntosh MTI100 | Freakuence!","og_description":"Histoire de la marque Le laboratoire McIntosh, fond\u00e9 en 1949 par Frank H. McIntosh et Gordon Gow, est bas\u00e9 \u00e0 Binghamton, dans l&rsquo;\u00c9tat de New York. En 1965, des amplificateurs McIntosh ont \u00e9t\u00e9 utilis\u00e9s lors du discours d&rsquo;investiture du pr\u00e9sident Lyndon B. Johnson. En 1969, vingt amplificateurs \u00e0 tubes McIntosh MC3500 ont assur\u00e9 la sonorisation [&hellip;]","og_url":"https:\/\/dev.freakuence.nl\/fr\/produit\/mcintosh-mti100\/","og_site_name":"Freakuence!","twitter_card":"summary_large_image","schema":{"@context":"https:\/\/schema.org","@graph":[{"@type":"WebPage","@id":"https:\/\/dev.freakuence.nl\/fr\/produit\/mcintosh-mti100\/","url":"https:\/\/dev.freakuence.nl\/fr\/produit\/mcintosh-mti100\/","name":"McIntosh MTI100 | Freakuence!","isPartOf":{"@id":"https:\/\/dev.freakuence.nl\/fr\/#website"},"datePublished":"2026-03-09T05:06:57+00:00","breadcrumb":{"@id":"https:\/\/dev.freakuence.nl\/fr\/produit\/mcintosh-mti100\/#breadcrumb"},"inLanguage":"fr-FR","potentialAction":[{"@type":"ReadAction","target":["https:\/\/dev.freakuence.nl\/fr\/produit\/mcintosh-mti100\/"]}]},{"@type":"BreadcrumbList","@id":"https:\/\/dev.freakuence.nl\/fr\/produit\/mcintosh-mti100\/#breadcrumb","itemListElement":[{"@type":"ListItem","position":1,"name":"Home","item":"https:\/\/dev.freakuence.nl\/fr\/"},{"@type":"ListItem","position":2,"name":"Products","item":"https:\/\/dev.freakuence.nl\/en\/products\/"},{"@type":"ListItem","position":3,"name":"McIntosh MTI100"}]},{"@type":"WebSite","@id":"https:\/\/dev.freakuence.nl\/fr\/#website","url":"https:\/\/dev.freakuence.nl\/fr\/","name":"Freakuence!","description":"Freakuence!","alternateName":"Freakuence","potentialAction":[{"@type":"SearchAction","target":{"@type":"EntryPoint","urlTemplate":"https:\/\/dev.freakuence.nl\/fr\/?s={search_term_string}"},"query-input":{"@type":"PropertyValueSpecification","valueRequired":true,"valueName":"search_term_string"}}],"inLanguage":"fr-FR"}]}},"_links":{"self":[{"href":"https:\/\/dev.freakuence.nl\/fr\/wp-json\/wp\/v2\/product\/316459","targetHints":{"allow":["GET"]}}],"collection":[{"href":"https:\/\/dev.freakuence.nl\/fr\/wp-json\/wp\/v2\/product"}],"about":[{"href":"https:\/\/dev.freakuence.nl\/fr\/wp-json\/wp\/v2\/types\/product"}],"version-history":[{"count":0,"href":"https:\/\/dev.freakuence.nl\/fr\/wp-json\/wp\/v2\/product\/316459\/revisions"}],"wp:attachment":[{"href":"https:\/\/dev.freakuence.nl\/fr\/wp-json\/wp\/v2\/media?parent=316459"}],"wp:term":[{"taxonomy":"product_brand","embeddable":true,"href":"https:\/\/dev.freakuence.nl\/fr\/wp-json\/wp\/v2\/product_brand?post=316459"},{"taxonomy":"product_cat","embeddable":true,"href":"https:\/\/dev.freakuence.nl\/fr\/wp-json\/wp\/v2\/product_cat?post=316459"},{"taxonomy":"product_tag","embeddable":true,"href":"https:\/\/dev.freakuence.nl\/fr\/wp-json\/wp\/v2\/product_tag?post=316459"}],"curies":[{"name":"wp","href":"https:\/\/api.w.org\/{rel}","templated":true}]}}