{"id":316557,"date":"2026-03-19T06:02:47","date_gmt":"2026-03-19T05:02:47","guid":{"rendered":"https:\/\/dev.freakuence.nl\/product\/kef-lsx\/"},"modified":"2026-03-20T07:16:22","modified_gmt":"2026-03-20T06:16:22","slug":"kef-lsx","status":"publish","type":"product","link":"https:\/\/dev.freakuence.nl\/fr\/produit\/kef-lsx\/","title":{"rendered":"N&amp;B 603"},"content":{"rendered":"<div class=\"product-specifications-list\">\n<div class=\"specification-item row-header\"><span class=\"spec-content\"><strong>Histoire de la marque<\/strong><\/span><\/div>\n<div class=\"specification-item row-even\"><span class=\"spec-content\">Bowers &amp; Wilkins a \u00e9t\u00e9 fond\u00e9e en 1966 par John Bowers \u00e0 Worthing, en Angleterre. Le premier haut-parleur, le P1, a \u00e9t\u00e9 assembl\u00e9 \u00e0 la main dans un atelier situ\u00e9 derri\u00e8re un magasin d&rsquo;\u00e9lectronique. En 1968, la soci\u00e9t\u00e9 est officiellement enregistr\u00e9e sous le nom de B&amp;W Loudspeakers Ltd. En 1974, la marque introduit le DM6, suivi du 801 en 1979, un mod\u00e8le utilis\u00e9 dans les studios d&rsquo;enregistrement. Bowers &amp; Wilkins a d\u00e9velopp\u00e9 plusieurs mod\u00e8les de la s\u00e9rie 800 au cours des ann\u00e9es suivantes. En 1998, elle ouvre son centre de R&amp;D, le Steyning Research Establishment. En 2015, la soci\u00e9t\u00e9 a introduit la s\u00e9rie 800 Diamond. Des designers de premier plan tels que Laurence Dickie et plus tard John Dibb ont contribu\u00e9 au d\u00e9veloppement du produit. En 2020, Bowers &amp; Wilkins a \u00e9t\u00e9 rachet\u00e9e par Sound United LLC. Son si\u00e8ge social se trouve au Royaume-Uni.         <\/span><\/div>\n<\/div>\n","protected":false},"excerpt":{"rendered":"<p>Histoire de la marque Bowers &amp; Wilkins a \u00e9t\u00e9 fond\u00e9e en 1966 par John Bowers \u00e0 Worthing, en Angleterre. Le premier haut-parleur, le P1, a \u00e9t\u00e9 assembl\u00e9 \u00e0 la main dans un atelier situ\u00e9 derri\u00e8re un magasin d&rsquo;\u00e9lectronique. En 1968, la soci\u00e9t\u00e9 est officiellement enregistr\u00e9e sous le nom de B&amp;W Loudspeakers Ltd. En 1974, la [&hellip;]<\/p>\n","protected":false},"featured_media":316560,"template":"","meta":{"_acf_changed":false,"inline_featured_image":false},"product_brand":[],"product_cat":[551],"product_tag":[579],"class_list":{"0":"post-316557","1":"product","2":"type-product","3":"status-publish","4":"has-post-thumbnail","6":"product_cat-intervenants","7":"product_tag-nouveau","8":"pa_kleur-noir","10":"first","11":"onbackorder","12":"sold-individually","13":"taxable","14":"shipping-taxable","15":"purchasable","16":"product-type-variable"},"acf":[],"yoast_head":"<!-- This site is optimized with the Yoast SEO plugin v25.9 - https:\/\/yoast.com\/wordpress\/plugins\/seo\/ -->\n<title>N&amp;B 603 | Freakuence!<\/title>\n<meta name=\"description\" content=\"KEF LSX : syst\u00e8me hi-fi compact sans fil avec haut-parleur Uni-Q pour un son clair et ambiant. \u2713 HiFi neuf et d&#039;occasion \u2713 Note du client : 4.9 sur 5 \u2713 Reprise \u2713 Session d&#039;\u00e9coute\" \/>\n<meta name=\"robots\" content=\"noindex, follow, max-snippet:-1, max-image-preview:large, max-video-preview:-1\" \/>\n<meta property=\"og:locale\" content=\"fr_FR\" \/>\n<meta property=\"og:type\" content=\"article\" \/>\n<meta property=\"og:title\" content=\"N&amp;B 603 | Freakuence!\" \/>\n<meta property=\"og:description\" content=\"KEF LSX : syst\u00e8me hi-fi compact sans fil avec haut-parleur Uni-Q pour un son clair et ambiant. \u2713 HiFi neuf et d&#039;occasion \u2713 Note du client : 4.9 sur 5 \u2713 Reprise \u2713 Session d&#039;\u00e9coute\" \/>\n<meta property=\"og:url\" content=\"https:\/\/dev.freakuence.nl\/fr\/produit\/kef-lsx\/\" \/>\n<meta property=\"og:site_name\" content=\"Freakuence!\" \/>\n<meta property=\"article:modified_time\" content=\"2026-03-20T06:16:22+00:00\" \/>\n<meta property=\"og:image\" content=\"https:\/\/dev.freakuence.nl\/wp-content\/uploads\/2026\/03\/17738965618402-1927-c2e244898305e1e11080x540-1.jpg\" \/>\n\t<meta property=\"og:image:width\" content=\"1080\" \/>\n\t<meta property=\"og:image:height\" content=\"540\" \/>\n\t<meta property=\"og:image:type\" content=\"image\/jpeg\" \/>\n<meta name=\"twitter:card\" content=\"summary_large_image\" \/>\n<script type=\"application\/ld+json\" class=\"yoast-schema-graph\">{\"@context\":\"https:\/\/schema.org\",\"@graph\":[{\"@type\":\"WebPage\",\"@id\":\"https:\/\/dev.freakuence.nl\/fr\/produit\/kef-lsx\/\",\"url\":\"https:\/\/dev.freakuence.nl\/fr\/produit\/kef-lsx\/\",\"name\":\"N&amp;B 603 | Freakuence!\",\"isPartOf\":{\"@id\":\"https:\/\/dev.freakuence.nl\/fr\/#website\"},\"primaryImageOfPage\":{\"@id\":\"https:\/\/dev.freakuence.nl\/fr\/produit\/kef-lsx\/#primaryimage\"},\"image\":{\"@id\":\"https:\/\/dev.freakuence.nl\/fr\/produit\/kef-lsx\/#primaryimage\"},\"thumbnailUrl\":\"https:\/\/dev.freakuence.nl\/wp-content\/uploads\/2026\/03\/17738965618402-1927-c2e244898305e1e11080x540-1.jpg\",\"datePublished\":\"2026-03-19T05:02:47+00:00\",\"dateModified\":\"2026-03-20T06:16:22+00:00\",\"description\":\"KEF LSX : syst\u00e8me hi-fi compact sans fil avec haut-parleur Uni-Q pour un son clair et ambiant. \u2713 HiFi neuf et d'occasion \u2713 Note du client : 4.9 sur 5 \u2713 Reprise \u2713 Session d'\u00e9coute\",\"breadcrumb\":{\"@id\":\"https:\/\/dev.freakuence.nl\/fr\/produit\/kef-lsx\/#breadcrumb\"},\"inLanguage\":\"fr-FR\",\"potentialAction\":[{\"@type\":\"ReadAction\",\"target\":[\"https:\/\/dev.freakuence.nl\/fr\/produit\/kef-lsx\/\"]}]},{\"@type\":\"ImageObject\",\"inLanguage\":\"fr-FR\",\"@id\":\"https:\/\/dev.freakuence.nl\/fr\/produit\/kef-lsx\/#primaryimage\",\"url\":\"https:\/\/dev.freakuence.nl\/wp-content\/uploads\/2026\/03\/17738965618402-1927-c2e244898305e1e11080x540-1.jpg\",\"contentUrl\":\"https:\/\/dev.freakuence.nl\/wp-content\/uploads\/2026\/03\/17738965618402-1927-c2e244898305e1e11080x540-1.jpg\",\"width\":1080,\"height\":540},{\"@type\":\"BreadcrumbList\",\"@id\":\"https:\/\/dev.freakuence.nl\/fr\/produit\/kef-lsx\/#breadcrumb\",\"itemListElement\":[{\"@type\":\"ListItem\",\"position\":1,\"name\":\"Home\",\"item\":\"https:\/\/dev.freakuence.nl\/fr\/\"},{\"@type\":\"ListItem\",\"position\":2,\"name\":\"Products\",\"item\":\"https:\/\/dev.freakuence.nl\/en\/products\/\"},{\"@type\":\"ListItem\",\"position\":3,\"name\":\"N&amp;B 603\"}]},{\"@type\":\"WebSite\",\"@id\":\"https:\/\/dev.freakuence.nl\/fr\/#website\",\"url\":\"https:\/\/dev.freakuence.nl\/fr\/\",\"name\":\"Freakuence!\",\"description\":\"Freakuence!\",\"alternateName\":\"Freakuence\",\"potentialAction\":[{\"@type\":\"SearchAction\",\"target\":{\"@type\":\"EntryPoint\",\"urlTemplate\":\"https:\/\/dev.freakuence.nl\/fr\/?s={search_term_string}\"},\"query-input\":{\"@type\":\"PropertyValueSpecification\",\"valueRequired\":true,\"valueName\":\"search_term_string\"}}],\"inLanguage\":\"fr-FR\"}]}<\/script>\n<!-- \/ Yoast SEO plugin. -->","yoast_head_json":{"title":"N&amp;B 603 | Freakuence!","description":"KEF LSX : syst\u00e8me hi-fi compact sans fil avec haut-parleur Uni-Q pour un son clair et ambiant. \u2713 HiFi neuf et d'occasion \u2713 Note du client : 4.9 sur 5 \u2713 Reprise \u2713 Session d'\u00e9coute","robots":{"index":"noindex","follow":"follow","max-snippet":"max-snippet:-1","max-image-preview":"max-image-preview:large","max-video-preview":"max-video-preview:-1"},"og_locale":"fr_FR","og_type":"article","og_title":"N&amp;B 603 | Freakuence!","og_description":"KEF LSX : syst\u00e8me hi-fi compact sans fil avec haut-parleur Uni-Q pour un son clair et ambiant. \u2713 HiFi neuf et d'occasion \u2713 Note du client : 4.9 sur 5 \u2713 Reprise \u2713 Session d'\u00e9coute","og_url":"https:\/\/dev.freakuence.nl\/fr\/produit\/kef-lsx\/","og_site_name":"Freakuence!","article_modified_time":"2026-03-20T06:16:22+00:00","og_image":[{"width":1080,"height":540,"url":"https:\/\/dev.freakuence.nl\/wp-content\/uploads\/2026\/03\/17738965618402-1927-c2e244898305e1e11080x540-1.jpg","type":"image\/jpeg"}],"twitter_card":"summary_large_image","schema":{"@context":"https:\/\/schema.org","@graph":[{"@type":"WebPage","@id":"https:\/\/dev.freakuence.nl\/fr\/produit\/kef-lsx\/","url":"https:\/\/dev.freakuence.nl\/fr\/produit\/kef-lsx\/","name":"N&amp;B 603 | Freakuence!","isPartOf":{"@id":"https:\/\/dev.freakuence.nl\/fr\/#website"},"primaryImageOfPage":{"@id":"https:\/\/dev.freakuence.nl\/fr\/produit\/kef-lsx\/#primaryimage"},"image":{"@id":"https:\/\/dev.freakuence.nl\/fr\/produit\/kef-lsx\/#primaryimage"},"thumbnailUrl":"https:\/\/dev.freakuence.nl\/wp-content\/uploads\/2026\/03\/17738965618402-1927-c2e244898305e1e11080x540-1.jpg","datePublished":"2026-03-19T05:02:47+00:00","dateModified":"2026-03-20T06:16:22+00:00","description":"KEF LSX : syst\u00e8me hi-fi compact sans fil avec haut-parleur Uni-Q pour un son clair et ambiant. \u2713 HiFi neuf et d'occasion \u2713 Note du client : 4.9 sur 5 \u2713 Reprise \u2713 Session d'\u00e9coute","breadcrumb":{"@id":"https:\/\/dev.freakuence.nl\/fr\/produit\/kef-lsx\/#breadcrumb"},"inLanguage":"fr-FR","potentialAction":[{"@type":"ReadAction","target":["https:\/\/dev.freakuence.nl\/fr\/produit\/kef-lsx\/"]}]},{"@type":"ImageObject","inLanguage":"fr-FR","@id":"https:\/\/dev.freakuence.nl\/fr\/produit\/kef-lsx\/#primaryimage","url":"https:\/\/dev.freakuence.nl\/wp-content\/uploads\/2026\/03\/17738965618402-1927-c2e244898305e1e11080x540-1.jpg","contentUrl":"https:\/\/dev.freakuence.nl\/wp-content\/uploads\/2026\/03\/17738965618402-1927-c2e244898305e1e11080x540-1.jpg","width":1080,"height":540},{"@type":"BreadcrumbList","@id":"https:\/\/dev.freakuence.nl\/fr\/produit\/kef-lsx\/#breadcrumb","itemListElement":[{"@type":"ListItem","position":1,"name":"Home","item":"https:\/\/dev.freakuence.nl\/fr\/"},{"@type":"ListItem","position":2,"name":"Products","item":"https:\/\/dev.freakuence.nl\/en\/products\/"},{"@type":"ListItem","position":3,"name":"N&amp;B 603"}]},{"@type":"WebSite","@id":"https:\/\/dev.freakuence.nl\/fr\/#website","url":"https:\/\/dev.freakuence.nl\/fr\/","name":"Freakuence!","description":"Freakuence!","alternateName":"Freakuence","potentialAction":[{"@type":"SearchAction","target":{"@type":"EntryPoint","urlTemplate":"https:\/\/dev.freakuence.nl\/fr\/?s={search_term_string}"},"query-input":{"@type":"PropertyValueSpecification","valueRequired":true,"valueName":"search_term_string"}}],"inLanguage":"fr-FR"}]}},"_links":{"self":[{"href":"https:\/\/dev.freakuence.nl\/fr\/wp-json\/wp\/v2\/product\/316557","targetHints":{"allow":["GET"]}}],"collection":[{"href":"https:\/\/dev.freakuence.nl\/fr\/wp-json\/wp\/v2\/product"}],"about":[{"href":"https:\/\/dev.freakuence.nl\/fr\/wp-json\/wp\/v2\/types\/product"}],"version-history":[{"count":0,"href":"https:\/\/dev.freakuence.nl\/fr\/wp-json\/wp\/v2\/product\/316557\/revisions"}],"wp:featuredmedia":[{"embeddable":true,"href":"https:\/\/dev.freakuence.nl\/fr\/wp-json\/wp\/v2\/media\/316560"}],"wp:attachment":[{"href":"https:\/\/dev.freakuence.nl\/fr\/wp-json\/wp\/v2\/media?parent=316557"}],"wp:term":[{"taxonomy":"product_brand","embeddable":true,"href":"https:\/\/dev.freakuence.nl\/fr\/wp-json\/wp\/v2\/product_brand?post=316557"},{"taxonomy":"product_cat","embeddable":true,"href":"https:\/\/dev.freakuence.nl\/fr\/wp-json\/wp\/v2\/product_cat?post=316557"},{"taxonomy":"product_tag","embeddable":true,"href":"https:\/\/dev.freakuence.nl\/fr\/wp-json\/wp\/v2\/product_tag?post=316557"}],"curies":[{"name":"wp","href":"https:\/\/api.w.org\/{rel}","templated":true}]}}