{"id":317073,"date":"2026-03-23T09:52:11","date_gmt":"2026-03-23T08:52:11","guid":{"rendered":"https:\/\/dev.freakuence.nl\/product\/accuphase-c-222\/"},"modified":"2026-03-23T09:52:11","modified_gmt":"2026-03-23T08:52:11","slug":"accuphase-c-222","status":"publish","type":"product","link":"https:\/\/dev.freakuence.nl\/fr\/produit\/accuphase-c-222\/","title":{"rendered":"Accuphase C-222"},"content":{"rendered":"<div class=\"product-specifications-list\">\n<div class=\"specification-item row-header\"><span class=\"spec-content\"><strong>Description Freakuence !<\/strong><\/span><\/div>\n<div class=\"specification-item row-even\"><span class=\"spec-content\">Allons-y \u00e0 l&rsquo;ancienne ! Vieux mais en or. Il joue \u00e0 un niveau \u00e9lev\u00e9. Bien s\u00fbr, les mod\u00e8les Accuphase contemporains le d\u00e9passent g\u00e9n\u00e9reusement, mais les mod\u00e8les de milieu de gamme contemporains ont du mal \u00e0 l&rsquo;entendre. Le m\u00e9dium naturel qu&rsquo;il parvient \u00e0 produire est d\u00e9licieux. Une cr\u00e9ation naturelle d&rsquo;instruments et de voix.     <\/span><\/div>\n<div class=\"specification-item row-header\"><span class=\"spec-content\"><strong>Description g\u00e9n\u00e9rale<\/strong><\/span><\/div>\n<div class=\"specification-item row-even\"><span class=\"spec-content\">Le pr\u00e9ampli est \u00e9quip\u00e9 de plusieurs options de connexion, y compris deux bornes de connexion de bande pour l&rsquo;enregistrement, la lecture et le contr\u00f4le. Le C-222 offre une fonction de filtre subsonique qui r\u00e9duit les basses fr\u00e9quences ind\u00e9sirables sans affecter la bande audible. Il dispose \u00e9galement d&rsquo;une fonction de compensation qui ajuste automatiquement la r\u00e9ponse en fr\u00e9quence en fonction de la position du volume, garantissant une lecture \u00e9quilibr\u00e9e \u00e0 diff\u00e9rents volumes d&rsquo;\u00e9coute.  <\/span><\/div>\n<div class=\"specification-item row-header\"><span class=\"spec-content\"><strong>Informations g\u00e9n\u00e9rales<\/strong><\/span><\/div>\n<div class=\"specification-item row-even\"><span class=\"spec-content\">Le C-222 d&rsquo;Accuphase est un pr\u00e9amplificateur qui s&rsquo;appuie sur la philosophie de conception de la puret\u00e9 sonore et de la faible distorsion. D\u00e9velopp\u00e9 par l&rsquo;\u00e9quipe interne d&rsquo;ing\u00e9nieurs japonais d&rsquo;Accuphase, le C-222 int\u00e8gre des composants discrets soigneusement s\u00e9lectionn\u00e9s et un circuit enti\u00e8rement \u00e9quilibr\u00e9. Le c\u00e2blage interne est en cuivre de haute puret\u00e9, \u00e9tir\u00e9 \u00e0 la main, et le bo\u00eetier est en aluminium massif. Tout est fabriqu\u00e9 au Japon selon les normes de qualit\u00e9 strictes d&rsquo;Accuphase, dans sa propre usine de Yokohama.   <\/span><\/div>\n<div class=\"specification-item row-header\"><span class=\"spec-content\"><strong>Histoire de la marque<\/strong><\/span><\/div>\n<div class=\"specification-item row-even\"><span class=\"spec-content\">Accuphase a \u00e9t\u00e9 fond\u00e9 en 1972 \u00e0 Tokyo sous le nom de Kensonic Laboratory par les fr\u00e8res Nakaichi et Jiro Kasuga. Le nom de la soci\u00e9t\u00e9 est devenu Accuphase Laboratory, Inc. en 1982 afin d&rsquo;unifier le nom de la marque et celui de la soci\u00e9t\u00e9. La marque a lanc\u00e9 ses premiers produits, le pr\u00e9amplificateur C-200, l&rsquo;amplificateur de puissance P-300 et le tuner T-100, en 1973. Ces mod\u00e8les, fabriqu\u00e9s avec des composants de haute qualit\u00e9 et une finition sophistiqu\u00e9e, ont imm\u00e9diatement re\u00e7u des r\u00e9actions positives et des r\u00e9compenses. Depuis 1973, Accuphase op\u00e8re \u00e0 partir de Yokohama, au Japon, o\u00f9 se trouve son si\u00e8ge social, et la marque a \u00e9tendu sa gamme \u00e0 divers appareils audio.     <\/span><\/div>\n<\/div>\n","protected":false},"excerpt":{"rendered":"<p>Description Freakuence ! Allons-y \u00e0 l&rsquo;ancienne ! Vieux mais en or. Il joue \u00e0 un niveau \u00e9lev\u00e9. Bien s\u00fbr, les mod\u00e8les Accuphase contemporains le d\u00e9passent g\u00e9n\u00e9reusement, mais les mod\u00e8les de milieu de gamme contemporains ont du mal \u00e0 l&rsquo;entendre. Le m\u00e9dium naturel qu&rsquo;il parvient \u00e0 produire est d\u00e9licieux. Une cr\u00e9ation naturelle d&rsquo;instruments et de voix. [&hellip;]<\/p>\n","protected":false},"featured_media":317060,"template":"","meta":{"_acf_changed":false,"inline_featured_image":false},"product_brand":[],"product_cat":[578],"product_tag":[554],"class_list":{"0":"post-317073","1":"product","2":"type-product","3":"status-publish","4":"has-post-thumbnail","6":"product_cat-accessoires","7":"product_tag-used","9":"first","10":"instock","11":"sold-individually","12":"purchasable","13":"product-type-simple"},"acf":[],"yoast_head":"<!-- This site is optimized with the Yoast SEO plugin v25.9 - https:\/\/yoast.com\/wordpress\/plugins\/seo\/ -->\n<title>Accuphase C-222 | Freakuence!<\/title>\n<meta name=\"robots\" content=\"noindex, follow, max-snippet:-1, max-image-preview:large, max-video-preview:-1\" \/>\n<meta property=\"og:locale\" content=\"fr_FR\" \/>\n<meta property=\"og:type\" content=\"article\" \/>\n<meta property=\"og:title\" content=\"Accuphase C-222 | Freakuence!\" \/>\n<meta property=\"og:description\" content=\"Description Freakuence ! Allons-y \u00e0 l&rsquo;ancienne ! Vieux mais en or. Il joue \u00e0 un niveau \u00e9lev\u00e9. Bien s\u00fbr, les mod\u00e8les Accuphase contemporains le d\u00e9passent g\u00e9n\u00e9reusement, mais les mod\u00e8les de milieu de gamme contemporains ont du mal \u00e0 l&rsquo;entendre. Le m\u00e9dium naturel qu&rsquo;il parvient \u00e0 produire est d\u00e9licieux. Une cr\u00e9ation naturelle d&rsquo;instruments et de voix. [&hellip;]\" \/>\n<meta property=\"og:url\" content=\"https:\/\/dev.freakuence.nl\/fr\/produit\/accuphase-c-222\/\" \/>\n<meta property=\"og:site_name\" content=\"Freakuence!\" \/>\n<meta property=\"og:image\" content=\"https:\/\/dev.freakuence.nl\/wp-content\/uploads\/2026\/03\/17742491483019-3034-1.jpg\" \/>\n\t<meta property=\"og:image:width\" content=\"686\" \/>\n\t<meta property=\"og:image:height\" content=\"386\" \/>\n\t<meta property=\"og:image:type\" content=\"image\/jpeg\" \/>\n<meta name=\"twitter:card\" content=\"summary_large_image\" \/>\n<script type=\"application\/ld+json\" class=\"yoast-schema-graph\">{\"@context\":\"https:\/\/schema.org\",\"@graph\":[{\"@type\":\"WebPage\",\"@id\":\"https:\/\/dev.freakuence.nl\/fr\/produit\/accuphase-c-222\/\",\"url\":\"https:\/\/dev.freakuence.nl\/fr\/produit\/accuphase-c-222\/\",\"name\":\"Accuphase C-222 | Freakuence!\",\"isPartOf\":{\"@id\":\"https:\/\/dev.freakuence.nl\/fr\/#website\"},\"primaryImageOfPage\":{\"@id\":\"https:\/\/dev.freakuence.nl\/fr\/produit\/accuphase-c-222\/#primaryimage\"},\"image\":{\"@id\":\"https:\/\/dev.freakuence.nl\/fr\/produit\/accuphase-c-222\/#primaryimage\"},\"thumbnailUrl\":\"https:\/\/dev.freakuence.nl\/wp-content\/uploads\/2026\/03\/17742491483019-3034-1.jpg\",\"datePublished\":\"2026-03-23T08:52:11+00:00\",\"breadcrumb\":{\"@id\":\"https:\/\/dev.freakuence.nl\/fr\/produit\/accuphase-c-222\/#breadcrumb\"},\"inLanguage\":\"fr-FR\",\"potentialAction\":[{\"@type\":\"ReadAction\",\"target\":[\"https:\/\/dev.freakuence.nl\/fr\/produit\/accuphase-c-222\/\"]}]},{\"@type\":\"ImageObject\",\"inLanguage\":\"fr-FR\",\"@id\":\"https:\/\/dev.freakuence.nl\/fr\/produit\/accuphase-c-222\/#primaryimage\",\"url\":\"https:\/\/dev.freakuence.nl\/wp-content\/uploads\/2026\/03\/17742491483019-3034-1.jpg\",\"contentUrl\":\"https:\/\/dev.freakuence.nl\/wp-content\/uploads\/2026\/03\/17742491483019-3034-1.jpg\",\"width\":686,\"height\":386},{\"@type\":\"BreadcrumbList\",\"@id\":\"https:\/\/dev.freakuence.nl\/fr\/produit\/accuphase-c-222\/#breadcrumb\",\"itemListElement\":[{\"@type\":\"ListItem\",\"position\":1,\"name\":\"Home\",\"item\":\"https:\/\/dev.freakuence.nl\/fr\/\"},{\"@type\":\"ListItem\",\"position\":2,\"name\":\"Products\",\"item\":\"https:\/\/dev.freakuence.nl\/en\/products\/\"},{\"@type\":\"ListItem\",\"position\":3,\"name\":\"Accuphase C-222\"}]},{\"@type\":\"WebSite\",\"@id\":\"https:\/\/dev.freakuence.nl\/fr\/#website\",\"url\":\"https:\/\/dev.freakuence.nl\/fr\/\",\"name\":\"Freakuence!\",\"description\":\"Freakuence!\",\"alternateName\":\"Freakuence\",\"potentialAction\":[{\"@type\":\"SearchAction\",\"target\":{\"@type\":\"EntryPoint\",\"urlTemplate\":\"https:\/\/dev.freakuence.nl\/fr\/?s={search_term_string}\"},\"query-input\":{\"@type\":\"PropertyValueSpecification\",\"valueRequired\":true,\"valueName\":\"search_term_string\"}}],\"inLanguage\":\"fr-FR\"}]}<\/script>\n<!-- \/ Yoast SEO plugin. -->","yoast_head_json":{"title":"Accuphase C-222 | Freakuence!","robots":{"index":"noindex","follow":"follow","max-snippet":"max-snippet:-1","max-image-preview":"max-image-preview:large","max-video-preview":"max-video-preview:-1"},"og_locale":"fr_FR","og_type":"article","og_title":"Accuphase C-222 | Freakuence!","og_description":"Description Freakuence ! Allons-y \u00e0 l&rsquo;ancienne ! Vieux mais en or. Il joue \u00e0 un niveau \u00e9lev\u00e9. Bien s\u00fbr, les mod\u00e8les Accuphase contemporains le d\u00e9passent g\u00e9n\u00e9reusement, mais les mod\u00e8les de milieu de gamme contemporains ont du mal \u00e0 l&rsquo;entendre. Le m\u00e9dium naturel qu&rsquo;il parvient \u00e0 produire est d\u00e9licieux. Une cr\u00e9ation naturelle d&rsquo;instruments et de voix. [&hellip;]","og_url":"https:\/\/dev.freakuence.nl\/fr\/produit\/accuphase-c-222\/","og_site_name":"Freakuence!","og_image":[{"width":686,"height":386,"url":"https:\/\/dev.freakuence.nl\/wp-content\/uploads\/2026\/03\/17742491483019-3034-1.jpg","type":"image\/jpeg"}],"twitter_card":"summary_large_image","schema":{"@context":"https:\/\/schema.org","@graph":[{"@type":"WebPage","@id":"https:\/\/dev.freakuence.nl\/fr\/produit\/accuphase-c-222\/","url":"https:\/\/dev.freakuence.nl\/fr\/produit\/accuphase-c-222\/","name":"Accuphase C-222 | Freakuence!","isPartOf":{"@id":"https:\/\/dev.freakuence.nl\/fr\/#website"},"primaryImageOfPage":{"@id":"https:\/\/dev.freakuence.nl\/fr\/produit\/accuphase-c-222\/#primaryimage"},"image":{"@id":"https:\/\/dev.freakuence.nl\/fr\/produit\/accuphase-c-222\/#primaryimage"},"thumbnailUrl":"https:\/\/dev.freakuence.nl\/wp-content\/uploads\/2026\/03\/17742491483019-3034-1.jpg","datePublished":"2026-03-23T08:52:11+00:00","breadcrumb":{"@id":"https:\/\/dev.freakuence.nl\/fr\/produit\/accuphase-c-222\/#breadcrumb"},"inLanguage":"fr-FR","potentialAction":[{"@type":"ReadAction","target":["https:\/\/dev.freakuence.nl\/fr\/produit\/accuphase-c-222\/"]}]},{"@type":"ImageObject","inLanguage":"fr-FR","@id":"https:\/\/dev.freakuence.nl\/fr\/produit\/accuphase-c-222\/#primaryimage","url":"https:\/\/dev.freakuence.nl\/wp-content\/uploads\/2026\/03\/17742491483019-3034-1.jpg","contentUrl":"https:\/\/dev.freakuence.nl\/wp-content\/uploads\/2026\/03\/17742491483019-3034-1.jpg","width":686,"height":386},{"@type":"BreadcrumbList","@id":"https:\/\/dev.freakuence.nl\/fr\/produit\/accuphase-c-222\/#breadcrumb","itemListElement":[{"@type":"ListItem","position":1,"name":"Home","item":"https:\/\/dev.freakuence.nl\/fr\/"},{"@type":"ListItem","position":2,"name":"Products","item":"https:\/\/dev.freakuence.nl\/en\/products\/"},{"@type":"ListItem","position":3,"name":"Accuphase C-222"}]},{"@type":"WebSite","@id":"https:\/\/dev.freakuence.nl\/fr\/#website","url":"https:\/\/dev.freakuence.nl\/fr\/","name":"Freakuence!","description":"Freakuence!","alternateName":"Freakuence","potentialAction":[{"@type":"SearchAction","target":{"@type":"EntryPoint","urlTemplate":"https:\/\/dev.freakuence.nl\/fr\/?s={search_term_string}"},"query-input":{"@type":"PropertyValueSpecification","valueRequired":true,"valueName":"search_term_string"}}],"inLanguage":"fr-FR"}]}},"_links":{"self":[{"href":"https:\/\/dev.freakuence.nl\/fr\/wp-json\/wp\/v2\/product\/317073","targetHints":{"allow":["GET"]}}],"collection":[{"href":"https:\/\/dev.freakuence.nl\/fr\/wp-json\/wp\/v2\/product"}],"about":[{"href":"https:\/\/dev.freakuence.nl\/fr\/wp-json\/wp\/v2\/types\/product"}],"version-history":[{"count":0,"href":"https:\/\/dev.freakuence.nl\/fr\/wp-json\/wp\/v2\/product\/317073\/revisions"}],"wp:featuredmedia":[{"embeddable":true,"href":"https:\/\/dev.freakuence.nl\/fr\/wp-json\/wp\/v2\/media\/317060"}],"wp:attachment":[{"href":"https:\/\/dev.freakuence.nl\/fr\/wp-json\/wp\/v2\/media?parent=317073"}],"wp:term":[{"taxonomy":"product_brand","embeddable":true,"href":"https:\/\/dev.freakuence.nl\/fr\/wp-json\/wp\/v2\/product_brand?post=317073"},{"taxonomy":"product_cat","embeddable":true,"href":"https:\/\/dev.freakuence.nl\/fr\/wp-json\/wp\/v2\/product_cat?post=317073"},{"taxonomy":"product_tag","embeddable":true,"href":"https:\/\/dev.freakuence.nl\/fr\/wp-json\/wp\/v2\/product_tag?post=317073"}],"curies":[{"name":"wp","href":"https:\/\/api.w.org\/{rel}","templated":true}]}}