{"id":317216,"date":"2026-03-24T08:56:14","date_gmt":"2026-03-24T07:56:14","guid":{"rendered":"https:\/\/dev.freakuence.nl\/product\/hifi-rose-rs151-5\/"},"modified":"2026-03-24T08:56:56","modified_gmt":"2026-03-24T07:56:56","slug":"hifi-rose-rs151-5","status":"publish","type":"product","link":"https:\/\/dev.freakuence.nl\/fr\/produit\/hifi-rose-rs151-5\/","title":{"rendered":"Hifi Rose RS151"},"content":{"rendered":"<div class=\"product-specifications-list\">\n<div class=\"specification-item row-header\"><span class=\"spec-content\"><strong>Description Freakuence !<\/strong><\/span><\/div>\n<div class=\"specification-item row-even\"><span class=\"spec-content\">Voici le Rose RS151 ! Il r\u00e9clame votre attention. Il vous attire vers l&rsquo;\u00e9cran. Un \u00e9cran magnifiquement lumineux avec beaucoup de contraste. Sur le plan sonore, un streamer dac tr\u00e8s chaleureux et riche.    <\/span><\/div>\n<div class=\"specification-item row-odd\"><span class=\"spec-content\">Prix de vente au d\u00e9tail : 4799.00<\/span><\/div>\n<div class=\"specification-item row-header\"><span class=\"spec-content\"><strong>Description g\u00e9n\u00e9rale<\/strong><\/span><\/div>\n<div class=\"specification-item row-even\"><span class=\"spec-content\">L&rsquo;appareil est dot\u00e9 d&rsquo;un \u00e9cran tactile IPS LCD Full HD de 15,4 pouces d&rsquo;une r\u00e9solution de 1920 x 382 pixels. Le ch\u00e2ssis est en aluminium massif usin\u00e9 avec pr\u00e9cision, ce qui contribue \u00e0 la durabilit\u00e9 et r\u00e9duit les vibrations et le bruit. Mesurant 429 x 320 x 124 mm et pesant 11 kg, il s&rsquo;agit d&rsquo;une construction solide. Le syst\u00e8me fonctionne sous un syst\u00e8me d&rsquo;exploitation personnalis\u00e9 Rose OS bas\u00e9 sur Android 12 et est \u00e9quip\u00e9 d&rsquo;un processeur Octa-Core RK3588 et d&rsquo;un GPU ARM Mali-G610 MC4. Il dispose de 8 Go de m\u00e9moire LPDDR4X et de 32 Go de stockage eMMC, extensible via USB, MicroSD ou un disque dur SSD de 2,5 pouces. Pour le traitement audio, une puce DAC ESS SABRE ES9039PRO est int\u00e9gr\u00e9e, soutenue par une horloge Femto de haute pr\u00e9cision avec module ROSE DPC\u2122. L&rsquo;appareil prend en charge \u00e0 la fois l&rsquo;Ethernet Gigabit filaire et la connectivit\u00e9 sans fil via un dongle USB WiFi externe. Le Bluetooth 5.4 avec aptX est \u00e9galement pr\u00e9sent. En termes de connexions, il offre des entr\u00e9es optiques et coaxiales, AES\/EBU, HDMI eARC et USB-B, ainsi que des sorties XLR sym\u00e9triques et RCA asym\u00e9triques, entre autres.        <\/span><\/div>\n<div class=\"specification-item row-header\"><span class=\"spec-content\"><strong>Informations g\u00e9n\u00e9rales<\/strong><\/span><\/div>\n<div class=\"specification-item row-even\"><span class=\"spec-content\">Le Hifi Rose RS151 est connu pour son design de haute qualit\u00e9 et sa technologie avanc\u00e9e. Le bo\u00eetier est fabriqu\u00e9 en aluminium robuste qui offre \u00e0 la fois durabilit\u00e9 et esth\u00e9tique. Les composants internes ont \u00e9t\u00e9 soigneusement s\u00e9lectionn\u00e9s pour une qualit\u00e9 sonore optimale, avec un accent mis sur la pr\u00e9cision et la clart\u00e9. L&rsquo;appareil utilise des puces DAC de haute qualit\u00e9 et un c\u00e2blage bien pens\u00e9 pour minimiser les pertes de signal. L&rsquo;\u00e9quipe de conception, dirig\u00e9e par des ing\u00e9nieurs passionn\u00e9s par l&rsquo;int\u00e9grit\u00e9 audio, s&rsquo;attache \u00e0 offrir une exp\u00e9rience d&rsquo;\u00e9coute authentique.    <\/span><\/div>\n<div class=\"specification-item row-header\"><span class=\"spec-content\"><strong>Histoire de la marque<\/strong><\/span><\/div>\n<div class=\"specification-item row-even\"><span class=\"spec-content\">Hifi Rose est une marque de la soci\u00e9t\u00e9 sud-cor\u00e9enne Citech Co, Ltd, qui se consacre depuis 2017 au d\u00e9veloppement de composants audio de haute qualit\u00e9 dans la cat\u00e9gorie des streamers r\u00e9seau et des lecteurs tout-en-un. La marque utilise des plateformes mat\u00e9rielles et logicielles propri\u00e9taires, notamment le syst\u00e8me d&rsquo;exploitation ROSE OS bas\u00e9 sur Android. Les appareils de Hifi Rose utilisent un \u00e9cran tactile LCD int\u00e9gr\u00e9 sur toute la largeur de la face avant. Ce faisant, la marque prend en charge les services de streaming populaires tels que TIDAL, Qobuz et Apple Music. La lecture musicale s&rsquo;effectue via des sorties analogiques et num\u00e9riques, selon le mod\u00e8le. Le stockage local est possible via des unit\u00e9s de stockage internes ou des interfaces USB et MicroSD externes. Les appareils peuvent \u00e9galement servir de lecteur de CD en connectant un lecteur de CD-ROM externe. La lecture musicale est compatible avec les formats jusqu&rsquo;\u00e0 DSD512 et PCM 32 bits\/768 kHz.       <\/span><\/div>\n<\/div>\n","protected":false},"excerpt":{"rendered":"<p>Description Freakuence ! Voici le Rose RS151 ! Il r\u00e9clame votre attention. Il vous attire vers l&rsquo;\u00e9cran. Un \u00e9cran magnifiquement lumineux avec beaucoup de contraste. Sur le plan sonore, un streamer dac tr\u00e8s chaleureux et riche. Prix de vente au d\u00e9tail : 4799.00 Description g\u00e9n\u00e9rale L&rsquo;appareil est dot\u00e9 d&rsquo;un \u00e9cran tactile IPS LCD Full HD [&hellip;]<\/p>\n","protected":false},"featured_media":0,"template":"","meta":{"_acf_changed":false,"inline_featured_image":false},"product_brand":[],"product_cat":[595],"product_tag":[579],"class_list":{"0":"post-317216","1":"product","2":"type-product","3":"status-publish","5":"product_cat-dac-et-streamers","6":"product_tag-nouveau","7":"pa_kleur-noir","9":"first","10":"onbackorder","11":"sold-individually","12":"purchasable","13":"product-type-variable"},"acf":[],"yoast_head":"<!-- This site is optimized with the Yoast SEO plugin v25.9 - https:\/\/yoast.com\/wordpress\/plugins\/seo\/ -->\n<title>Hifi Rose RS151 | Freakuence!<\/title>\n<meta name=\"description\" content=\"D\u00e9couvrez le HiFi Rose RS151 : streamer r\u00e9seau haut de gamme avec DAC ES9039PRO, \u00e9cran tactile 15,4&quot; et ROSE OS. Profitez d&#039;une qualit\u00e9 sonore sup\u00e9rieure et d&#039;une connectivit\u00e9 polyvalente. \u2713 HiFi neuf et d&#039;occasion \u2713 Note du client : 4.9 sur 5 \u2713 Reprise \u2713 Session d&#039;\u00e9coute\" \/>\n<meta name=\"robots\" content=\"noindex, follow, max-snippet:-1, max-image-preview:large, max-video-preview:-1\" \/>\n<meta property=\"og:locale\" content=\"fr_FR\" \/>\n<meta property=\"og:type\" content=\"article\" \/>\n<meta property=\"og:title\" content=\"Hifi Rose RS151 | Freakuence!\" \/>\n<meta property=\"og:description\" content=\"D\u00e9couvrez le HiFi Rose RS151 : streamer r\u00e9seau haut de gamme avec DAC ES9039PRO, \u00e9cran tactile 15,4&quot; et ROSE OS. Profitez d&#039;une qualit\u00e9 sonore sup\u00e9rieure et d&#039;une connectivit\u00e9 polyvalente. \u2713 HiFi neuf et d&#039;occasion \u2713 Note du client : 4.9 sur 5 \u2713 Reprise \u2713 Session d&#039;\u00e9coute\" \/>\n<meta property=\"og:url\" content=\"https:\/\/dev.freakuence.nl\/fr\/produit\/hifi-rose-rs151-5\/\" \/>\n<meta property=\"og:site_name\" content=\"Freakuence!\" \/>\n<meta property=\"article:modified_time\" content=\"2026-03-24T07:56:56+00:00\" \/>\n<meta name=\"twitter:card\" content=\"summary_large_image\" \/>\n<script type=\"application\/ld+json\" class=\"yoast-schema-graph\">{\"@context\":\"https:\/\/schema.org\",\"@graph\":[{\"@type\":\"WebPage\",\"@id\":\"https:\/\/dev.freakuence.nl\/fr\/produit\/hifi-rose-rs151-5\/\",\"url\":\"https:\/\/dev.freakuence.nl\/fr\/produit\/hifi-rose-rs151-5\/\",\"name\":\"Hifi Rose RS151 | Freakuence!\",\"isPartOf\":{\"@id\":\"https:\/\/dev.freakuence.nl\/fr\/#website\"},\"datePublished\":\"2026-03-24T07:56:14+00:00\",\"dateModified\":\"2026-03-24T07:56:56+00:00\",\"description\":\"D\u00e9couvrez le HiFi Rose RS151 : streamer r\u00e9seau haut de gamme avec DAC ES9039PRO, \u00e9cran tactile 15,4\\\" et ROSE OS. Profitez d'une qualit\u00e9 sonore sup\u00e9rieure et d'une connectivit\u00e9 polyvalente. \u2713 HiFi neuf et d'occasion \u2713 Note du client : 4.9 sur 5 \u2713 Reprise \u2713 Session d'\u00e9coute\",\"breadcrumb\":{\"@id\":\"https:\/\/dev.freakuence.nl\/fr\/produit\/hifi-rose-rs151-5\/#breadcrumb\"},\"inLanguage\":\"fr-FR\",\"potentialAction\":[{\"@type\":\"ReadAction\",\"target\":[\"https:\/\/dev.freakuence.nl\/fr\/produit\/hifi-rose-rs151-5\/\"]}]},{\"@type\":\"BreadcrumbList\",\"@id\":\"https:\/\/dev.freakuence.nl\/fr\/produit\/hifi-rose-rs151-5\/#breadcrumb\",\"itemListElement\":[{\"@type\":\"ListItem\",\"position\":1,\"name\":\"Home\",\"item\":\"https:\/\/dev.freakuence.nl\/fr\/\"},{\"@type\":\"ListItem\",\"position\":2,\"name\":\"Products\",\"item\":\"https:\/\/dev.freakuence.nl\/en\/products\/\"},{\"@type\":\"ListItem\",\"position\":3,\"name\":\"Hifi Rose RS151\"}]},{\"@type\":\"WebSite\",\"@id\":\"https:\/\/dev.freakuence.nl\/fr\/#website\",\"url\":\"https:\/\/dev.freakuence.nl\/fr\/\",\"name\":\"Freakuence!\",\"description\":\"Freakuence!\",\"alternateName\":\"Freakuence\",\"potentialAction\":[{\"@type\":\"SearchAction\",\"target\":{\"@type\":\"EntryPoint\",\"urlTemplate\":\"https:\/\/dev.freakuence.nl\/fr\/?s={search_term_string}\"},\"query-input\":{\"@type\":\"PropertyValueSpecification\",\"valueRequired\":true,\"valueName\":\"search_term_string\"}}],\"inLanguage\":\"fr-FR\"}]}<\/script>\n<!-- \/ Yoast SEO plugin. -->","yoast_head_json":{"title":"Hifi Rose RS151 | Freakuence!","description":"D\u00e9couvrez le HiFi Rose RS151 : streamer r\u00e9seau haut de gamme avec DAC ES9039PRO, \u00e9cran tactile 15,4\" et ROSE OS. Profitez d'une qualit\u00e9 sonore sup\u00e9rieure et d'une connectivit\u00e9 polyvalente. \u2713 HiFi neuf et d'occasion \u2713 Note du client : 4.9 sur 5 \u2713 Reprise \u2713 Session d'\u00e9coute","robots":{"index":"noindex","follow":"follow","max-snippet":"max-snippet:-1","max-image-preview":"max-image-preview:large","max-video-preview":"max-video-preview:-1"},"og_locale":"fr_FR","og_type":"article","og_title":"Hifi Rose RS151 | Freakuence!","og_description":"D\u00e9couvrez le HiFi Rose RS151 : streamer r\u00e9seau haut de gamme avec DAC ES9039PRO, \u00e9cran tactile 15,4\" et ROSE OS. Profitez d'une qualit\u00e9 sonore sup\u00e9rieure et d'une connectivit\u00e9 polyvalente. \u2713 HiFi neuf et d'occasion \u2713 Note du client : 4.9 sur 5 \u2713 Reprise \u2713 Session d'\u00e9coute","og_url":"https:\/\/dev.freakuence.nl\/fr\/produit\/hifi-rose-rs151-5\/","og_site_name":"Freakuence!","article_modified_time":"2026-03-24T07:56:56+00:00","twitter_card":"summary_large_image","schema":{"@context":"https:\/\/schema.org","@graph":[{"@type":"WebPage","@id":"https:\/\/dev.freakuence.nl\/fr\/produit\/hifi-rose-rs151-5\/","url":"https:\/\/dev.freakuence.nl\/fr\/produit\/hifi-rose-rs151-5\/","name":"Hifi Rose RS151 | Freakuence!","isPartOf":{"@id":"https:\/\/dev.freakuence.nl\/fr\/#website"},"datePublished":"2026-03-24T07:56:14+00:00","dateModified":"2026-03-24T07:56:56+00:00","description":"D\u00e9couvrez le HiFi Rose RS151 : streamer r\u00e9seau haut de gamme avec DAC ES9039PRO, \u00e9cran tactile 15,4\" et ROSE OS. Profitez d'une qualit\u00e9 sonore sup\u00e9rieure et d'une connectivit\u00e9 polyvalente. \u2713 HiFi neuf et d'occasion \u2713 Note du client : 4.9 sur 5 \u2713 Reprise \u2713 Session d'\u00e9coute","breadcrumb":{"@id":"https:\/\/dev.freakuence.nl\/fr\/produit\/hifi-rose-rs151-5\/#breadcrumb"},"inLanguage":"fr-FR","potentialAction":[{"@type":"ReadAction","target":["https:\/\/dev.freakuence.nl\/fr\/produit\/hifi-rose-rs151-5\/"]}]},{"@type":"BreadcrumbList","@id":"https:\/\/dev.freakuence.nl\/fr\/produit\/hifi-rose-rs151-5\/#breadcrumb","itemListElement":[{"@type":"ListItem","position":1,"name":"Home","item":"https:\/\/dev.freakuence.nl\/fr\/"},{"@type":"ListItem","position":2,"name":"Products","item":"https:\/\/dev.freakuence.nl\/en\/products\/"},{"@type":"ListItem","position":3,"name":"Hifi Rose RS151"}]},{"@type":"WebSite","@id":"https:\/\/dev.freakuence.nl\/fr\/#website","url":"https:\/\/dev.freakuence.nl\/fr\/","name":"Freakuence!","description":"Freakuence!","alternateName":"Freakuence","potentialAction":[{"@type":"SearchAction","target":{"@type":"EntryPoint","urlTemplate":"https:\/\/dev.freakuence.nl\/fr\/?s={search_term_string}"},"query-input":{"@type":"PropertyValueSpecification","valueRequired":true,"valueName":"search_term_string"}}],"inLanguage":"fr-FR"}]}},"_links":{"self":[{"href":"https:\/\/dev.freakuence.nl\/fr\/wp-json\/wp\/v2\/product\/317216","targetHints":{"allow":["GET"]}}],"collection":[{"href":"https:\/\/dev.freakuence.nl\/fr\/wp-json\/wp\/v2\/product"}],"about":[{"href":"https:\/\/dev.freakuence.nl\/fr\/wp-json\/wp\/v2\/types\/product"}],"version-history":[{"count":1,"href":"https:\/\/dev.freakuence.nl\/fr\/wp-json\/wp\/v2\/product\/317216\/revisions"}],"predecessor-version":[{"id":317218,"href":"https:\/\/dev.freakuence.nl\/fr\/wp-json\/wp\/v2\/product\/317216\/revisions\/317218"}],"wp:attachment":[{"href":"https:\/\/dev.freakuence.nl\/fr\/wp-json\/wp\/v2\/media?parent=317216"}],"wp:term":[{"taxonomy":"product_brand","embeddable":true,"href":"https:\/\/dev.freakuence.nl\/fr\/wp-json\/wp\/v2\/product_brand?post=317216"},{"taxonomy":"product_cat","embeddable":true,"href":"https:\/\/dev.freakuence.nl\/fr\/wp-json\/wp\/v2\/product_cat?post=317216"},{"taxonomy":"product_tag","embeddable":true,"href":"https:\/\/dev.freakuence.nl\/fr\/wp-json\/wp\/v2\/product_tag?post=317216"}],"curies":[{"name":"wp","href":"https:\/\/api.w.org\/{rel}","templated":true}]}}