{"id":317353,"date":"2026-03-25T06:42:41","date_gmt":"2026-03-25T05:42:41","guid":{"rendered":"https:\/\/dev.freakuence.nl\/product\/bw-702-s2-2\/"},"modified":"2026-03-25T06:42:41","modified_gmt":"2026-03-25T05:42:41","slug":"bw-702-s2-2","status":"publish","type":"product","link":"https:\/\/dev.freakuence.nl\/fr\/produit\/bw-702-s2-2\/","title":{"rendered":"B&amp;W 702 S2"},"content":{"rendered":"<div class=\"product-specifications-list\">\n<div class=\"specification-item row-header\"><span class=\"spec-content\"><strong>Description Freakuence !<\/strong><\/span><\/div>\n<div class=\"specification-item row-even\"><span class=\"spec-content\">Merveilleux jeu de t\u00eate de la s\u00e9rie 700 actuelle. Elles sont chaudes et ouvertes, et faciles \u00e0 piloter. Avec le bon ampli, les bouches s&rsquo;ouvrent souvent ! N&rsquo;h\u00e9sitez pas \u00e0 demander des conseils.   <\/span><\/div>\n<div class=\"specification-item row-odd\"><span class=\"spec-content\">Prix de vente : 4998.00<\/span><\/div>\n<div class=\"specification-item row-header\"><span class=\"spec-content\"><strong>Histoire de la marque<\/strong><\/span><\/div>\n<div class=\"specification-item row-even\"><span class=\"spec-content\">Bowers &amp; Wilkins a \u00e9t\u00e9 fond\u00e9e en 1966 par John Bowers \u00e0 Worthing, en Angleterre. Le premier haut-parleur, le P1, a \u00e9t\u00e9 assembl\u00e9 \u00e0 la main dans un atelier situ\u00e9 derri\u00e8re un magasin d&rsquo;\u00e9lectronique. En 1968, la soci\u00e9t\u00e9 est officiellement enregistr\u00e9e sous le nom de B&amp;W Loudspeakers Ltd. En 1974, la marque introduit le DM6, suivi du 801 en 1979, un mod\u00e8le utilis\u00e9 dans les studios d&rsquo;enregistrement. Bowers &amp; Wilkins a d\u00e9velopp\u00e9 plusieurs mod\u00e8les de la s\u00e9rie 800 au cours des ann\u00e9es suivantes. En 1998, elle ouvre son centre de R&amp;D, le Steyning Research Establishment. En 2015, la soci\u00e9t\u00e9 a introduit la s\u00e9rie 800 Diamond. Des designers de premier plan tels que Laurence Dickie et plus tard John Dibb ont contribu\u00e9 au d\u00e9veloppement du produit. En 2020, Bowers &amp; Wilkins a \u00e9t\u00e9 rachet\u00e9e par Sound United LLC. Son si\u00e8ge social se trouve au Royaume-Uni.         <\/span><\/div>\n<\/div>\n","protected":false},"excerpt":{"rendered":"<p>Description Freakuence ! Merveilleux jeu de t\u00eate de la s\u00e9rie 700 actuelle. Elles sont chaudes et ouvertes, et faciles \u00e0 piloter. Avec le bon ampli, les bouches s&rsquo;ouvrent souvent ! N&rsquo;h\u00e9sitez pas \u00e0 demander des conseils. Prix de vente : 4998.00 Histoire de la marque Bowers &amp; Wilkins a \u00e9t\u00e9 fond\u00e9e en 1966 par John [&hellip;]<\/p>\n","protected":false},"featured_media":0,"template":"","meta":{"_acf_changed":false,"inline_featured_image":false},"product_brand":[],"product_cat":[551],"product_tag":[554],"class_list":{"0":"post-317353","1":"product","2":"type-product","3":"status-publish","5":"product_cat-intervenants","6":"product_tag-used","7":"pa_kleur-blanc","9":"first","10":"onbackorder","11":"sold-individually","12":"purchasable","13":"product-type-variable"},"acf":[],"yoast_head":"<!-- This site is optimized with the Yoast SEO plugin v25.9 - https:\/\/yoast.com\/wordpress\/plugins\/seo\/ -->\n<title>B&amp;W 702 S2 | Freakuence!<\/title>\n<meta name=\"robots\" content=\"noindex, follow, max-snippet:-1, max-image-preview:large, max-video-preview:-1\" \/>\n<meta property=\"og:locale\" content=\"fr_FR\" \/>\n<meta property=\"og:type\" content=\"article\" \/>\n<meta property=\"og:title\" content=\"B&amp;W 702 S2 | Freakuence!\" \/>\n<meta property=\"og:description\" content=\"Description Freakuence ! Merveilleux jeu de t\u00eate de la s\u00e9rie 700 actuelle. Elles sont chaudes et ouvertes, et faciles \u00e0 piloter. Avec le bon ampli, les bouches s&rsquo;ouvrent souvent ! N&rsquo;h\u00e9sitez pas \u00e0 demander des conseils. Prix de vente : 4998.00 Histoire de la marque Bowers &amp; Wilkins a \u00e9t\u00e9 fond\u00e9e en 1966 par John [&hellip;]\" \/>\n<meta property=\"og:url\" content=\"https:\/\/dev.freakuence.nl\/fr\/produit\/bw-702-s2-2\/\" \/>\n<meta property=\"og:site_name\" content=\"Freakuence!\" \/>\n<meta name=\"twitter:card\" content=\"summary_large_image\" \/>\n<script type=\"application\/ld+json\" class=\"yoast-schema-graph\">{\"@context\":\"https:\/\/schema.org\",\"@graph\":[{\"@type\":\"WebPage\",\"@id\":\"https:\/\/dev.freakuence.nl\/fr\/produit\/bw-702-s2-2\/\",\"url\":\"https:\/\/dev.freakuence.nl\/fr\/produit\/bw-702-s2-2\/\",\"name\":\"B&amp;W 702 S2 | Freakuence!\",\"isPartOf\":{\"@id\":\"https:\/\/dev.freakuence.nl\/fr\/#website\"},\"datePublished\":\"2026-03-25T05:42:41+00:00\",\"breadcrumb\":{\"@id\":\"https:\/\/dev.freakuence.nl\/fr\/produit\/bw-702-s2-2\/#breadcrumb\"},\"inLanguage\":\"fr-FR\",\"potentialAction\":[{\"@type\":\"ReadAction\",\"target\":[\"https:\/\/dev.freakuence.nl\/fr\/produit\/bw-702-s2-2\/\"]}]},{\"@type\":\"BreadcrumbList\",\"@id\":\"https:\/\/dev.freakuence.nl\/fr\/produit\/bw-702-s2-2\/#breadcrumb\",\"itemListElement\":[{\"@type\":\"ListItem\",\"position\":1,\"name\":\"Home\",\"item\":\"https:\/\/dev.freakuence.nl\/fr\/\"},{\"@type\":\"ListItem\",\"position\":2,\"name\":\"Products\",\"item\":\"https:\/\/dev.freakuence.nl\/en\/products\/\"},{\"@type\":\"ListItem\",\"position\":3,\"name\":\"N&amp;B 702 S2\"}]},{\"@type\":\"WebSite\",\"@id\":\"https:\/\/dev.freakuence.nl\/fr\/#website\",\"url\":\"https:\/\/dev.freakuence.nl\/fr\/\",\"name\":\"Freakuence!\",\"description\":\"Freakuence!\",\"alternateName\":\"Freakuence\",\"potentialAction\":[{\"@type\":\"SearchAction\",\"target\":{\"@type\":\"EntryPoint\",\"urlTemplate\":\"https:\/\/dev.freakuence.nl\/fr\/?s={search_term_string}\"},\"query-input\":{\"@type\":\"PropertyValueSpecification\",\"valueRequired\":true,\"valueName\":\"search_term_string\"}}],\"inLanguage\":\"fr-FR\"}]}<\/script>\n<!-- \/ Yoast SEO plugin. -->","yoast_head_json":{"title":"B&amp;W 702 S2 | Freakuence!","robots":{"index":"noindex","follow":"follow","max-snippet":"max-snippet:-1","max-image-preview":"max-image-preview:large","max-video-preview":"max-video-preview:-1"},"og_locale":"fr_FR","og_type":"article","og_title":"B&amp;W 702 S2 | Freakuence!","og_description":"Description Freakuence ! Merveilleux jeu de t\u00eate de la s\u00e9rie 700 actuelle. Elles sont chaudes et ouvertes, et faciles \u00e0 piloter. Avec le bon ampli, les bouches s&rsquo;ouvrent souvent ! N&rsquo;h\u00e9sitez pas \u00e0 demander des conseils. Prix de vente : 4998.00 Histoire de la marque Bowers &amp; Wilkins a \u00e9t\u00e9 fond\u00e9e en 1966 par John [&hellip;]","og_url":"https:\/\/dev.freakuence.nl\/fr\/produit\/bw-702-s2-2\/","og_site_name":"Freakuence!","twitter_card":"summary_large_image","schema":{"@context":"https:\/\/schema.org","@graph":[{"@type":"WebPage","@id":"https:\/\/dev.freakuence.nl\/fr\/produit\/bw-702-s2-2\/","url":"https:\/\/dev.freakuence.nl\/fr\/produit\/bw-702-s2-2\/","name":"B&amp;W 702 S2 | Freakuence!","isPartOf":{"@id":"https:\/\/dev.freakuence.nl\/fr\/#website"},"datePublished":"2026-03-25T05:42:41+00:00","breadcrumb":{"@id":"https:\/\/dev.freakuence.nl\/fr\/produit\/bw-702-s2-2\/#breadcrumb"},"inLanguage":"fr-FR","potentialAction":[{"@type":"ReadAction","target":["https:\/\/dev.freakuence.nl\/fr\/produit\/bw-702-s2-2\/"]}]},{"@type":"BreadcrumbList","@id":"https:\/\/dev.freakuence.nl\/fr\/produit\/bw-702-s2-2\/#breadcrumb","itemListElement":[{"@type":"ListItem","position":1,"name":"Home","item":"https:\/\/dev.freakuence.nl\/fr\/"},{"@type":"ListItem","position":2,"name":"Products","item":"https:\/\/dev.freakuence.nl\/en\/products\/"},{"@type":"ListItem","position":3,"name":"N&amp;B 702 S2"}]},{"@type":"WebSite","@id":"https:\/\/dev.freakuence.nl\/fr\/#website","url":"https:\/\/dev.freakuence.nl\/fr\/","name":"Freakuence!","description":"Freakuence!","alternateName":"Freakuence","potentialAction":[{"@type":"SearchAction","target":{"@type":"EntryPoint","urlTemplate":"https:\/\/dev.freakuence.nl\/fr\/?s={search_term_string}"},"query-input":{"@type":"PropertyValueSpecification","valueRequired":true,"valueName":"search_term_string"}}],"inLanguage":"fr-FR"}]}},"_links":{"self":[{"href":"https:\/\/dev.freakuence.nl\/fr\/wp-json\/wp\/v2\/product\/317353","targetHints":{"allow":["GET"]}}],"collection":[{"href":"https:\/\/dev.freakuence.nl\/fr\/wp-json\/wp\/v2\/product"}],"about":[{"href":"https:\/\/dev.freakuence.nl\/fr\/wp-json\/wp\/v2\/types\/product"}],"version-history":[{"count":0,"href":"https:\/\/dev.freakuence.nl\/fr\/wp-json\/wp\/v2\/product\/317353\/revisions"}],"wp:attachment":[{"href":"https:\/\/dev.freakuence.nl\/fr\/wp-json\/wp\/v2\/media?parent=317353"}],"wp:term":[{"taxonomy":"product_brand","embeddable":true,"href":"https:\/\/dev.freakuence.nl\/fr\/wp-json\/wp\/v2\/product_brand?post=317353"},{"taxonomy":"product_cat","embeddable":true,"href":"https:\/\/dev.freakuence.nl\/fr\/wp-json\/wp\/v2\/product_cat?post=317353"},{"taxonomy":"product_tag","embeddable":true,"href":"https:\/\/dev.freakuence.nl\/fr\/wp-json\/wp\/v2\/product_tag?post=317353"}],"curies":[{"name":"wp","href":"https:\/\/api.w.org\/{rel}","templated":true}]}}