{"id":317386,"date":"2026-03-25T07:50:04","date_gmt":"2026-03-25T06:50:04","guid":{"rendered":"https:\/\/dev.freakuence.nl\/product\/advance-acoustic-x-i120\/"},"modified":"2026-03-25T07:50:04","modified_gmt":"2026-03-25T06:50:04","slug":"advance-acoustic-x-i120","status":"publish","type":"product","link":"https:\/\/dev.freakuence.nl\/fr\/produit\/advance-acoustic-x-i120\/","title":{"rendered":"Advance Acoustic X-i120"},"content":{"rendered":"<div class=\"product-specifications-list\">\n<div class=\"specification-item row-header\"><span class=\"spec-content\"><strong>Description Freakuence !<\/strong><\/span><\/div>\n<div class=\"specification-item row-even\"><span class=\"spec-content\">Advance Acoustic vous propose une musique vibrante et dynamique. Un flair fran\u00e7ais flamboyant ? Je ne sais pas. Un son grave et continu, des voix pleines de caract\u00e8re. Vive la France !    <\/span><\/div>\n<div class=\"specification-item row-odd\"><span class=\"spec-content\">Prix de vente au d\u00e9tail : 1249.00<\/span><\/div>\n<div class=\"specification-item row-header\"><span class=\"spec-content\"><strong>Description g\u00e9n\u00e9rale<\/strong><\/span><\/div>\n<div class=\"specification-item row-even\"><span class=\"spec-content\">L&rsquo;Advance Acoustic X-i120 est un amplificateur int\u00e9gr\u00e9 qui d\u00e9livre 120 watts par canal sous 8 ohms et 160 watts sous 4 ohms. Il dispose de huit entr\u00e9es analogiques, dont une entr\u00e9e phono MM pour tourne-disques, et de cinq entr\u00e9es num\u00e9riques : deux coaxiales, une optique, une USB-B et une USB-A. L&rsquo;amplificateur est \u00e9quip\u00e9 d&rsquo;un convertisseur N\/A Cirrus Logic 24 bits\/192 kHz (CS8416) et dispose d&rsquo;une capacit\u00e9 de filtrage totale de 20 000 \u00b5F. Un circuit High Bias est \u00e9galement pr\u00e9sent et permet \u00e0 l&rsquo;amplificateur de puissance de fonctionner en classe A jusqu&rsquo;\u00e0 25 watts par canal. Le X-i120 poss\u00e8de deux transformateurs toriques de 200 VA et est livr\u00e9 avec une t\u00e9l\u00e9commande. Ses dimensions sont 430 x 175 x 350 mm et son poids est de 14,4 kg.     <\/span><\/div>\n<div class=\"specification-item row-header\"><span class=\"spec-content\"><strong>Histoire de la marque<\/strong><\/span><\/div>\n<div class=\"specification-item row-even\"><span class=\"spec-content\">Advance Acoustic est une marque fran\u00e7aise de produits audio, fond\u00e9e en 1995. La soci\u00e9t\u00e9 est bas\u00e9e \u00e0 Brie-Comte-Robert, en r\u00e9gion parisienne. En 2016, le nom de la marque a \u00e9t\u00e9 chang\u00e9 en Advance Paris. Sa gamme de produits comprend des amplificateurs, des lecteurs CD, des enceintes et d&rsquo;autres composants audio. Les produits sont con\u00e7us et d\u00e9velopp\u00e9s en France. Advance Paris a une distribution mondiale et op\u00e8re dans plus de 80 pays. La marque a re\u00e7u de multiples r\u00e9compenses pour ses produits. En 2018, Advance Paris a lanc\u00e9 la s\u00e9rie Smart Line. En 2020, elle lance la gamme MyConnect 150. En 2022, la marque a lanc\u00e9 l&rsquo;amplificateur int\u00e9gr\u00e9 X-i1100. Advance Paris continue d&rsquo;\u00e9largir sa gamme de produits avec de nouveaux mod\u00e8les.          <\/span><\/div>\n<\/div>\n","protected":false},"excerpt":{"rendered":"<p>Description Freakuence ! Advance Acoustic vous propose une musique vibrante et dynamique. Un flair fran\u00e7ais flamboyant ? Je ne sais pas. Un son grave et continu, des voix pleines de caract\u00e8re. Vive la France ! Prix de vente au d\u00e9tail : 1249.00 Description g\u00e9n\u00e9rale L&rsquo;Advance Acoustic X-i120 est un amplificateur int\u00e9gr\u00e9 qui d\u00e9livre 120 watts [&hellip;]<\/p>\n","protected":false},"featured_media":0,"template":"","meta":{"_acf_changed":false,"inline_featured_image":false},"product_brand":[],"product_cat":[558],"product_tag":[554],"class_list":{"0":"post-317386","1":"product","2":"type-product","3":"status-publish","5":"product_cat-amplificateurs","6":"product_tag-used","7":"pa_kleur-noir","9":"first","10":"onbackorder","11":"sold-individually","12":"purchasable","13":"product-type-variable"},"acf":[],"yoast_head":"<!-- This site is optimized with the Yoast SEO plugin v25.9 - https:\/\/yoast.com\/wordpress\/plugins\/seo\/ -->\n<title>Advance Acoustic X-i120 | Freakuence!<\/title>\n<meta name=\"robots\" content=\"noindex, follow, max-snippet:-1, max-image-preview:large, max-video-preview:-1\" \/>\n<meta property=\"og:locale\" content=\"fr_FR\" \/>\n<meta property=\"og:type\" content=\"article\" \/>\n<meta property=\"og:title\" content=\"Advance Acoustic X-i120 | Freakuence!\" \/>\n<meta property=\"og:description\" content=\"Description Freakuence ! Advance Acoustic vous propose une musique vibrante et dynamique. Un flair fran\u00e7ais flamboyant ? Je ne sais pas. Un son grave et continu, des voix pleines de caract\u00e8re. Vive la France ! Prix de vente au d\u00e9tail : 1249.00 Description g\u00e9n\u00e9rale L&rsquo;Advance Acoustic X-i120 est un amplificateur int\u00e9gr\u00e9 qui d\u00e9livre 120 watts [&hellip;]\" \/>\n<meta property=\"og:url\" content=\"https:\/\/dev.freakuence.nl\/fr\/produit\/advance-acoustic-x-i120\/\" \/>\n<meta property=\"og:site_name\" content=\"Freakuence!\" \/>\n<meta name=\"twitter:card\" content=\"summary_large_image\" \/>\n<script type=\"application\/ld+json\" class=\"yoast-schema-graph\">{\"@context\":\"https:\/\/schema.org\",\"@graph\":[{\"@type\":\"WebPage\",\"@id\":\"https:\/\/dev.freakuence.nl\/fr\/produit\/advance-acoustic-x-i120\/\",\"url\":\"https:\/\/dev.freakuence.nl\/fr\/produit\/advance-acoustic-x-i120\/\",\"name\":\"Advance Acoustic X-i120 | Freakuence!\",\"isPartOf\":{\"@id\":\"https:\/\/dev.freakuence.nl\/fr\/#website\"},\"datePublished\":\"2026-03-25T06:50:04+00:00\",\"breadcrumb\":{\"@id\":\"https:\/\/dev.freakuence.nl\/fr\/produit\/advance-acoustic-x-i120\/#breadcrumb\"},\"inLanguage\":\"fr-FR\",\"potentialAction\":[{\"@type\":\"ReadAction\",\"target\":[\"https:\/\/dev.freakuence.nl\/fr\/produit\/advance-acoustic-x-i120\/\"]}]},{\"@type\":\"BreadcrumbList\",\"@id\":\"https:\/\/dev.freakuence.nl\/fr\/produit\/advance-acoustic-x-i120\/#breadcrumb\",\"itemListElement\":[{\"@type\":\"ListItem\",\"position\":1,\"name\":\"Home\",\"item\":\"https:\/\/dev.freakuence.nl\/fr\/\"},{\"@type\":\"ListItem\",\"position\":2,\"name\":\"Products\",\"item\":\"https:\/\/dev.freakuence.nl\/en\/products\/\"},{\"@type\":\"ListItem\",\"position\":3,\"name\":\"Advance Acoustic X-i120\"}]},{\"@type\":\"WebSite\",\"@id\":\"https:\/\/dev.freakuence.nl\/fr\/#website\",\"url\":\"https:\/\/dev.freakuence.nl\/fr\/\",\"name\":\"Freakuence!\",\"description\":\"Freakuence!\",\"alternateName\":\"Freakuence\",\"potentialAction\":[{\"@type\":\"SearchAction\",\"target\":{\"@type\":\"EntryPoint\",\"urlTemplate\":\"https:\/\/dev.freakuence.nl\/fr\/?s={search_term_string}\"},\"query-input\":{\"@type\":\"PropertyValueSpecification\",\"valueRequired\":true,\"valueName\":\"search_term_string\"}}],\"inLanguage\":\"fr-FR\"}]}<\/script>\n<!-- \/ Yoast SEO plugin. -->","yoast_head_json":{"title":"Advance Acoustic X-i120 | Freakuence!","robots":{"index":"noindex","follow":"follow","max-snippet":"max-snippet:-1","max-image-preview":"max-image-preview:large","max-video-preview":"max-video-preview:-1"},"og_locale":"fr_FR","og_type":"article","og_title":"Advance Acoustic X-i120 | Freakuence!","og_description":"Description Freakuence ! Advance Acoustic vous propose une musique vibrante et dynamique. Un flair fran\u00e7ais flamboyant ? Je ne sais pas. Un son grave et continu, des voix pleines de caract\u00e8re. Vive la France ! Prix de vente au d\u00e9tail : 1249.00 Description g\u00e9n\u00e9rale L&rsquo;Advance Acoustic X-i120 est un amplificateur int\u00e9gr\u00e9 qui d\u00e9livre 120 watts [&hellip;]","og_url":"https:\/\/dev.freakuence.nl\/fr\/produit\/advance-acoustic-x-i120\/","og_site_name":"Freakuence!","twitter_card":"summary_large_image","schema":{"@context":"https:\/\/schema.org","@graph":[{"@type":"WebPage","@id":"https:\/\/dev.freakuence.nl\/fr\/produit\/advance-acoustic-x-i120\/","url":"https:\/\/dev.freakuence.nl\/fr\/produit\/advance-acoustic-x-i120\/","name":"Advance Acoustic X-i120 | Freakuence!","isPartOf":{"@id":"https:\/\/dev.freakuence.nl\/fr\/#website"},"datePublished":"2026-03-25T06:50:04+00:00","breadcrumb":{"@id":"https:\/\/dev.freakuence.nl\/fr\/produit\/advance-acoustic-x-i120\/#breadcrumb"},"inLanguage":"fr-FR","potentialAction":[{"@type":"ReadAction","target":["https:\/\/dev.freakuence.nl\/fr\/produit\/advance-acoustic-x-i120\/"]}]},{"@type":"BreadcrumbList","@id":"https:\/\/dev.freakuence.nl\/fr\/produit\/advance-acoustic-x-i120\/#breadcrumb","itemListElement":[{"@type":"ListItem","position":1,"name":"Home","item":"https:\/\/dev.freakuence.nl\/fr\/"},{"@type":"ListItem","position":2,"name":"Products","item":"https:\/\/dev.freakuence.nl\/en\/products\/"},{"@type":"ListItem","position":3,"name":"Advance Acoustic X-i120"}]},{"@type":"WebSite","@id":"https:\/\/dev.freakuence.nl\/fr\/#website","url":"https:\/\/dev.freakuence.nl\/fr\/","name":"Freakuence!","description":"Freakuence!","alternateName":"Freakuence","potentialAction":[{"@type":"SearchAction","target":{"@type":"EntryPoint","urlTemplate":"https:\/\/dev.freakuence.nl\/fr\/?s={search_term_string}"},"query-input":{"@type":"PropertyValueSpecification","valueRequired":true,"valueName":"search_term_string"}}],"inLanguage":"fr-FR"}]}},"_links":{"self":[{"href":"https:\/\/dev.freakuence.nl\/fr\/wp-json\/wp\/v2\/product\/317386","targetHints":{"allow":["GET"]}}],"collection":[{"href":"https:\/\/dev.freakuence.nl\/fr\/wp-json\/wp\/v2\/product"}],"about":[{"href":"https:\/\/dev.freakuence.nl\/fr\/wp-json\/wp\/v2\/types\/product"}],"version-history":[{"count":0,"href":"https:\/\/dev.freakuence.nl\/fr\/wp-json\/wp\/v2\/product\/317386\/revisions"}],"wp:attachment":[{"href":"https:\/\/dev.freakuence.nl\/fr\/wp-json\/wp\/v2\/media?parent=317386"}],"wp:term":[{"taxonomy":"product_brand","embeddable":true,"href":"https:\/\/dev.freakuence.nl\/fr\/wp-json\/wp\/v2\/product_brand?post=317386"},{"taxonomy":"product_cat","embeddable":true,"href":"https:\/\/dev.freakuence.nl\/fr\/wp-json\/wp\/v2\/product_cat?post=317386"},{"taxonomy":"product_tag","embeddable":true,"href":"https:\/\/dev.freakuence.nl\/fr\/wp-json\/wp\/v2\/product_tag?post=317386"}],"curies":[{"name":"wp","href":"https:\/\/api.w.org\/{rel}","templated":true}]}}