{"id":317410,"date":"2026-03-25T08:00:56","date_gmt":"2026-03-25T07:00:56","guid":{"rendered":"https:\/\/dev.freakuence.nl\/product\/auralic-altair\/"},"modified":"2026-03-25T08:00:56","modified_gmt":"2026-03-25T07:00:56","slug":"auralic-altair","status":"publish","type":"product","link":"https:\/\/dev.freakuence.nl\/fr\/produit\/auralic-altair\/","title":{"rendered":"AURALiC Altair"},"content":{"rendered":"<div class=\"product-specifications-list\">\n<div class=\"specification-item row-header\"><span class=\"spec-content\"><strong>Description Freakuence !<\/strong><\/span><\/div>\n<div class=\"specification-item row-even\"><span class=\"spec-content\">Un streamer\/dac transparent qui parvient \u00e0 d\u00e9livrer une image claire, sans ce \u00ab\u00a0tsssss\u00a0\u00bb num\u00e9rique brutal.<\/span><\/div>\n<div class=\"specification-item row-header\"><span class=\"spec-content\"><strong>Description g\u00e9n\u00e9rale<\/strong><\/span><\/div>\n<div class=\"specification-item row-even\"><span class=\"spec-content\">Cet appareil offre des options de connectivit\u00e9 \u00e9tendues, notamment des entr\u00e9es num\u00e9riques telles que AES\/EBU, coaxiales, Toslink et USB Audio. La diffusion en continu est possible via des dossiers r\u00e9seau partag\u00e9s, un stockage USB, des serveurs multim\u00e9dias UPnP\/DLNA et divers services de diffusion en continu tels qu&rsquo;Amazon Music Unlimited, Qobuz Sublime+ et TIDAL Connect. Il prend en charge des formats de fichiers tels que AIFF, FLAC et DSD jusqu&rsquo;\u00e0 DSD512. Les sorties comprennent des connexions XLR sym\u00e9triques (4,4 Vrms) et RCA asym\u00e9triques (2,1 Vrms). La connectivit\u00e9 r\u00e9seau est assur\u00e9e par Gigabit Ethernet et WiFi tri-bande. Un espace de stockage interne peut \u00eatre ajout\u00e9 en option. L&rsquo;appareil est contr\u00f4l\u00e9 via l&rsquo;application Lightning DS pour iOS ou un navigateur web.      <\/span><\/div>\n<div class=\"specification-item row-header\"><span class=\"spec-content\"><strong>Informations g\u00e9n\u00e9rales<\/strong><\/span><\/div>\n<div class=\"specification-item row-even\"><span class=\"spec-content\">L&rsquo;AURALiC VEGA G1 est con\u00e7u selon la m\u00eame philosophie que les mod\u00e8les haut de gamme d&rsquo;AURALiC : une reproduction num\u00e9rique sans compromis. L&rsquo;\u00e9quipe de conception s&rsquo;appuie sur sa formation en physique et en ing\u00e9nierie, partant du principe que la musique num\u00e9rique doit avoir un son riche et naturel. Le bo\u00eetier est en aluminium anodis\u00e9 noir, avec une conception interne qui utilise la plate-forme mat\u00e9rielle Tesla d&rsquo;AURALiC. Celle-ci fournit la puissance de calcul n\u00e9cessaire au DSP avanc\u00e9, au sur\u00e9chantillonnage et \u00e0 la r\u00e9duction de la gigue. Le DAC fonctionne avec une horloge femto et prend en charge les r\u00e9solutions jusqu&rsquo;\u00e0 32bit\/384kHz et DSD512.    <\/span><\/div>\n<div class=\"specification-item row-header\"><span class=\"spec-content\"><strong>Histoire de la marque<\/strong><\/span><\/div>\n<div class=\"specification-item row-even\"><span class=\"spec-content\">AURALiC a \u00e9t\u00e9 fond\u00e9e en 2009 par Wang Xuanqian et Yuan Wang, qui se sont rencontr\u00e9s lors d&rsquo;un concert \u00e0 Berlin. Leur passion commune pour la musique et la reproduction sonore de haute qualit\u00e9 a conduit \u00e0 la cr\u00e9ation de l&rsquo;entreprise. AURALiC se concentre sur la conception et le d\u00e9veloppement d&rsquo;\u00e9quipements audio qui s&rsquo;int\u00e8grent parfaitement dans les int\u00e9rieurs modernes et qui sont faciles \u00e0 utiliser. L&rsquo;entreprise vise \u00e0 permettre aux utilisateurs de profiter des avantages des formats de musique num\u00e9rique sans la complexit\u00e9 des \u00e9quipements audio traditionnels.    En 2025, l&rsquo;entreprise a cess\u00e9 ses activit\u00e9s.<\/span><\/div>\n<\/div>\n","protected":false},"excerpt":{"rendered":"<p>Description Freakuence ! Un streamer\/dac transparent qui parvient \u00e0 d\u00e9livrer une image claire, sans ce \u00ab\u00a0tsssss\u00a0\u00bb num\u00e9rique brutal. Description g\u00e9n\u00e9rale Cet appareil offre des options de connectivit\u00e9 \u00e9tendues, notamment des entr\u00e9es num\u00e9riques telles que AES\/EBU, coaxiales, Toslink et USB Audio. La diffusion en continu est possible via des dossiers r\u00e9seau partag\u00e9s, un stockage USB, des [&hellip;]<\/p>\n","protected":false},"featured_media":0,"template":"","meta":{"_acf_changed":false,"inline_featured_image":false},"product_brand":[],"product_cat":[595],"product_tag":[554],"class_list":{"0":"post-317410","1":"product","2":"type-product","3":"status-publish","5":"product_cat-dac-et-streamers","6":"product_tag-used","7":"pa_kleur-noir","9":"first","10":"onbackorder","11":"sold-individually","12":"purchasable","13":"product-type-variable"},"acf":[],"yoast_head":"<!-- This site is optimized with the Yoast SEO plugin v25.9 - https:\/\/yoast.com\/wordpress\/plugins\/seo\/ -->\n<title>AURALiC Altair | Freakuence!<\/title>\n<meta name=\"robots\" content=\"noindex, follow, max-snippet:-1, max-image-preview:large, max-video-preview:-1\" \/>\n<meta property=\"og:locale\" content=\"fr_FR\" \/>\n<meta property=\"og:type\" content=\"article\" \/>\n<meta property=\"og:title\" content=\"AURALiC Altair | Freakuence!\" \/>\n<meta property=\"og:description\" content=\"Description Freakuence ! Un streamer\/dac transparent qui parvient \u00e0 d\u00e9livrer une image claire, sans ce \u00ab\u00a0tsssss\u00a0\u00bb num\u00e9rique brutal. Description g\u00e9n\u00e9rale Cet appareil offre des options de connectivit\u00e9 \u00e9tendues, notamment des entr\u00e9es num\u00e9riques telles que AES\/EBU, coaxiales, Toslink et USB Audio. La diffusion en continu est possible via des dossiers r\u00e9seau partag\u00e9s, un stockage USB, des [&hellip;]\" \/>\n<meta property=\"og:url\" content=\"https:\/\/dev.freakuence.nl\/fr\/produit\/auralic-altair\/\" \/>\n<meta property=\"og:site_name\" content=\"Freakuence!\" \/>\n<meta name=\"twitter:card\" content=\"summary_large_image\" \/>\n<script type=\"application\/ld+json\" class=\"yoast-schema-graph\">{\"@context\":\"https:\/\/schema.org\",\"@graph\":[{\"@type\":\"WebPage\",\"@id\":\"https:\/\/dev.freakuence.nl\/fr\/produit\/auralic-altair\/\",\"url\":\"https:\/\/dev.freakuence.nl\/fr\/produit\/auralic-altair\/\",\"name\":\"AURALiC Altair | Freakuence!\",\"isPartOf\":{\"@id\":\"https:\/\/dev.freakuence.nl\/fr\/#website\"},\"datePublished\":\"2026-03-25T07:00:56+00:00\",\"breadcrumb\":{\"@id\":\"https:\/\/dev.freakuence.nl\/fr\/produit\/auralic-altair\/#breadcrumb\"},\"inLanguage\":\"fr-FR\",\"potentialAction\":[{\"@type\":\"ReadAction\",\"target\":[\"https:\/\/dev.freakuence.nl\/fr\/produit\/auralic-altair\/\"]}]},{\"@type\":\"BreadcrumbList\",\"@id\":\"https:\/\/dev.freakuence.nl\/fr\/produit\/auralic-altair\/#breadcrumb\",\"itemListElement\":[{\"@type\":\"ListItem\",\"position\":1,\"name\":\"Home\",\"item\":\"https:\/\/dev.freakuence.nl\/fr\/\"},{\"@type\":\"ListItem\",\"position\":2,\"name\":\"Products\",\"item\":\"https:\/\/dev.freakuence.nl\/en\/products\/\"},{\"@type\":\"ListItem\",\"position\":3,\"name\":\"AURALiC Altair\"}]},{\"@type\":\"WebSite\",\"@id\":\"https:\/\/dev.freakuence.nl\/fr\/#website\",\"url\":\"https:\/\/dev.freakuence.nl\/fr\/\",\"name\":\"Freakuence!\",\"description\":\"Freakuence!\",\"alternateName\":\"Freakuence\",\"potentialAction\":[{\"@type\":\"SearchAction\",\"target\":{\"@type\":\"EntryPoint\",\"urlTemplate\":\"https:\/\/dev.freakuence.nl\/fr\/?s={search_term_string}\"},\"query-input\":{\"@type\":\"PropertyValueSpecification\",\"valueRequired\":true,\"valueName\":\"search_term_string\"}}],\"inLanguage\":\"fr-FR\"}]}<\/script>\n<!-- \/ Yoast SEO plugin. -->","yoast_head_json":{"title":"AURALiC Altair | Freakuence!","robots":{"index":"noindex","follow":"follow","max-snippet":"max-snippet:-1","max-image-preview":"max-image-preview:large","max-video-preview":"max-video-preview:-1"},"og_locale":"fr_FR","og_type":"article","og_title":"AURALiC Altair | Freakuence!","og_description":"Description Freakuence ! Un streamer\/dac transparent qui parvient \u00e0 d\u00e9livrer une image claire, sans ce \u00ab\u00a0tsssss\u00a0\u00bb num\u00e9rique brutal. Description g\u00e9n\u00e9rale Cet appareil offre des options de connectivit\u00e9 \u00e9tendues, notamment des entr\u00e9es num\u00e9riques telles que AES\/EBU, coaxiales, Toslink et USB Audio. La diffusion en continu est possible via des dossiers r\u00e9seau partag\u00e9s, un stockage USB, des [&hellip;]","og_url":"https:\/\/dev.freakuence.nl\/fr\/produit\/auralic-altair\/","og_site_name":"Freakuence!","twitter_card":"summary_large_image","schema":{"@context":"https:\/\/schema.org","@graph":[{"@type":"WebPage","@id":"https:\/\/dev.freakuence.nl\/fr\/produit\/auralic-altair\/","url":"https:\/\/dev.freakuence.nl\/fr\/produit\/auralic-altair\/","name":"AURALiC Altair | Freakuence!","isPartOf":{"@id":"https:\/\/dev.freakuence.nl\/fr\/#website"},"datePublished":"2026-03-25T07:00:56+00:00","breadcrumb":{"@id":"https:\/\/dev.freakuence.nl\/fr\/produit\/auralic-altair\/#breadcrumb"},"inLanguage":"fr-FR","potentialAction":[{"@type":"ReadAction","target":["https:\/\/dev.freakuence.nl\/fr\/produit\/auralic-altair\/"]}]},{"@type":"BreadcrumbList","@id":"https:\/\/dev.freakuence.nl\/fr\/produit\/auralic-altair\/#breadcrumb","itemListElement":[{"@type":"ListItem","position":1,"name":"Home","item":"https:\/\/dev.freakuence.nl\/fr\/"},{"@type":"ListItem","position":2,"name":"Products","item":"https:\/\/dev.freakuence.nl\/en\/products\/"},{"@type":"ListItem","position":3,"name":"AURALiC Altair"}]},{"@type":"WebSite","@id":"https:\/\/dev.freakuence.nl\/fr\/#website","url":"https:\/\/dev.freakuence.nl\/fr\/","name":"Freakuence!","description":"Freakuence!","alternateName":"Freakuence","potentialAction":[{"@type":"SearchAction","target":{"@type":"EntryPoint","urlTemplate":"https:\/\/dev.freakuence.nl\/fr\/?s={search_term_string}"},"query-input":{"@type":"PropertyValueSpecification","valueRequired":true,"valueName":"search_term_string"}}],"inLanguage":"fr-FR"}]}},"_links":{"self":[{"href":"https:\/\/dev.freakuence.nl\/fr\/wp-json\/wp\/v2\/product\/317410","targetHints":{"allow":["GET"]}}],"collection":[{"href":"https:\/\/dev.freakuence.nl\/fr\/wp-json\/wp\/v2\/product"}],"about":[{"href":"https:\/\/dev.freakuence.nl\/fr\/wp-json\/wp\/v2\/types\/product"}],"version-history":[{"count":0,"href":"https:\/\/dev.freakuence.nl\/fr\/wp-json\/wp\/v2\/product\/317410\/revisions"}],"wp:attachment":[{"href":"https:\/\/dev.freakuence.nl\/fr\/wp-json\/wp\/v2\/media?parent=317410"}],"wp:term":[{"taxonomy":"product_brand","embeddable":true,"href":"https:\/\/dev.freakuence.nl\/fr\/wp-json\/wp\/v2\/product_brand?post=317410"},{"taxonomy":"product_cat","embeddable":true,"href":"https:\/\/dev.freakuence.nl\/fr\/wp-json\/wp\/v2\/product_cat?post=317410"},{"taxonomy":"product_tag","embeddable":true,"href":"https:\/\/dev.freakuence.nl\/fr\/wp-json\/wp\/v2\/product_tag?post=317410"}],"curies":[{"name":"wp","href":"https:\/\/api.w.org\/{rel}","templated":true}]}}