{"id":317418,"date":"2026-03-25T08:05:54","date_gmt":"2026-03-25T07:05:54","guid":{"rendered":"https:\/\/dev.freakuence.nl\/product\/kharma-lesprit\/"},"modified":"2026-03-25T08:05:54","modified_gmt":"2026-03-25T07:05:54","slug":"kharma-lesprit","status":"publish","type":"product","link":"https:\/\/dev.freakuence.nl\/fr\/produit\/kharma-lesprit\/","title":{"rendered":"Kharma L&rsquo;esprit"},"content":{"rendered":"<div class=\"product-specifications-list\">\n<div class=\"specification-item row-header\"><span class=\"spec-content\"><strong>Description Freakuence !<\/strong><\/span><\/div>\n<div class=\"specification-item row-even\"><span class=\"spec-content\">Magnifique syst\u00e8me \u00e0 2 voies avec haut-parleur m\u00e9dium en c\u00e9ramique. R\u00e9sultat : une reproduction extr\u00eamement facile de l&rsquo;entr\u00e9e. Aucune distorsion en vue. Un grave st\u00e9rile, pas de coups dans les oreilles, mais une \u00e9coute d\u00e9tendue et a\u00e9r\u00e9e. Il s&rsquo;agit d&rsquo;un Kharma CRM 3.2 FE (d\u00f4me invers\u00e9 Focal et c\u00e2blage interne Enigma gold silver). Sur les pieds SDSS optionnels. Sortie sous l&rsquo;\u00e9dition Rhapsody.      <\/span><\/div>\n<div class=\"specification-item row-odd\"><span class=\"spec-content\">Prix de vente au d\u00e9tail : 16900.00<\/span><\/div>\n<div class=\"specification-item row-header\"><span class=\"spec-content\"><strong>Histoire de la marque<\/strong><\/span><\/div>\n<div class=\"specification-item row-even\"><span class=\"spec-content\">Pas de marque<\/span><\/div>\n<\/div>\n","protected":false},"excerpt":{"rendered":"<p>Description Freakuence ! Magnifique syst\u00e8me \u00e0 2 voies avec haut-parleur m\u00e9dium en c\u00e9ramique. R\u00e9sultat : une reproduction extr\u00eamement facile de l&rsquo;entr\u00e9e. Aucune distorsion en vue. Un grave st\u00e9rile, pas de coups dans les oreilles, mais une \u00e9coute d\u00e9tendue et a\u00e9r\u00e9e. Il s&rsquo;agit d&rsquo;un Kharma CRM 3.2 FE (d\u00f4me invers\u00e9 Focal et c\u00e2blage interne Enigma gold [&hellip;]<\/p>\n","protected":false},"featured_media":0,"template":"","meta":{"_acf_changed":false,"inline_featured_image":false},"product_brand":[],"product_cat":[551],"product_tag":[554],"class_list":{"0":"post-317418","1":"product","2":"type-product","3":"status-publish","5":"product_cat-intervenants","6":"product_tag-used","7":"pa_kleur-rouge","9":"first","10":"onbackorder","11":"sold-individually","12":"purchasable","13":"product-type-variable"},"acf":[],"yoast_head":"<!-- This site is optimized with the Yoast SEO plugin v25.9 - https:\/\/yoast.com\/wordpress\/plugins\/seo\/ -->\n<title>Kharma L&#039;esprit | Freakuence!<\/title>\n<meta name=\"robots\" content=\"noindex, follow, max-snippet:-1, max-image-preview:large, max-video-preview:-1\" \/>\n<meta property=\"og:locale\" content=\"fr_FR\" \/>\n<meta property=\"og:type\" content=\"article\" \/>\n<meta property=\"og:title\" content=\"Kharma L&#039;esprit | Freakuence!\" \/>\n<meta property=\"og:description\" content=\"Description Freakuence ! Magnifique syst\u00e8me \u00e0 2 voies avec haut-parleur m\u00e9dium en c\u00e9ramique. R\u00e9sultat : une reproduction extr\u00eamement facile de l&rsquo;entr\u00e9e. Aucune distorsion en vue. Un grave st\u00e9rile, pas de coups dans les oreilles, mais une \u00e9coute d\u00e9tendue et a\u00e9r\u00e9e. Il s&rsquo;agit d&rsquo;un Kharma CRM 3.2 FE (d\u00f4me invers\u00e9 Focal et c\u00e2blage interne Enigma gold [&hellip;]\" \/>\n<meta property=\"og:url\" content=\"https:\/\/dev.freakuence.nl\/fr\/produit\/kharma-lesprit\/\" \/>\n<meta property=\"og:site_name\" content=\"Freakuence!\" \/>\n<meta name=\"twitter:card\" content=\"summary_large_image\" \/>\n<script type=\"application\/ld+json\" class=\"yoast-schema-graph\">{\"@context\":\"https:\/\/schema.org\",\"@graph\":[{\"@type\":\"WebPage\",\"@id\":\"https:\/\/dev.freakuence.nl\/fr\/produit\/kharma-lesprit\/\",\"url\":\"https:\/\/dev.freakuence.nl\/fr\/produit\/kharma-lesprit\/\",\"name\":\"Kharma L'esprit | Freakuence!\",\"isPartOf\":{\"@id\":\"https:\/\/dev.freakuence.nl\/fr\/#website\"},\"datePublished\":\"2026-03-25T07:05:54+00:00\",\"breadcrumb\":{\"@id\":\"https:\/\/dev.freakuence.nl\/fr\/produit\/kharma-lesprit\/#breadcrumb\"},\"inLanguage\":\"fr-FR\",\"potentialAction\":[{\"@type\":\"ReadAction\",\"target\":[\"https:\/\/dev.freakuence.nl\/fr\/produit\/kharma-lesprit\/\"]}]},{\"@type\":\"BreadcrumbList\",\"@id\":\"https:\/\/dev.freakuence.nl\/fr\/produit\/kharma-lesprit\/#breadcrumb\",\"itemListElement\":[{\"@type\":\"ListItem\",\"position\":1,\"name\":\"Home\",\"item\":\"https:\/\/dev.freakuence.nl\/fr\/\"},{\"@type\":\"ListItem\",\"position\":2,\"name\":\"Products\",\"item\":\"https:\/\/dev.freakuence.nl\/en\/products\/\"},{\"@type\":\"ListItem\",\"position\":3,\"name\":\"Kharma L&#039;esprit\"}]},{\"@type\":\"WebSite\",\"@id\":\"https:\/\/dev.freakuence.nl\/fr\/#website\",\"url\":\"https:\/\/dev.freakuence.nl\/fr\/\",\"name\":\"Freakuence!\",\"description\":\"Freakuence!\",\"alternateName\":\"Freakuence\",\"potentialAction\":[{\"@type\":\"SearchAction\",\"target\":{\"@type\":\"EntryPoint\",\"urlTemplate\":\"https:\/\/dev.freakuence.nl\/fr\/?s={search_term_string}\"},\"query-input\":{\"@type\":\"PropertyValueSpecification\",\"valueRequired\":true,\"valueName\":\"search_term_string\"}}],\"inLanguage\":\"fr-FR\"}]}<\/script>\n<!-- \/ Yoast SEO plugin. -->","yoast_head_json":{"title":"Kharma L'esprit | Freakuence!","robots":{"index":"noindex","follow":"follow","max-snippet":"max-snippet:-1","max-image-preview":"max-image-preview:large","max-video-preview":"max-video-preview:-1"},"og_locale":"fr_FR","og_type":"article","og_title":"Kharma L'esprit | Freakuence!","og_description":"Description Freakuence ! Magnifique syst\u00e8me \u00e0 2 voies avec haut-parleur m\u00e9dium en c\u00e9ramique. R\u00e9sultat : une reproduction extr\u00eamement facile de l&rsquo;entr\u00e9e. Aucune distorsion en vue. Un grave st\u00e9rile, pas de coups dans les oreilles, mais une \u00e9coute d\u00e9tendue et a\u00e9r\u00e9e. Il s&rsquo;agit d&rsquo;un Kharma CRM 3.2 FE (d\u00f4me invers\u00e9 Focal et c\u00e2blage interne Enigma gold [&hellip;]","og_url":"https:\/\/dev.freakuence.nl\/fr\/produit\/kharma-lesprit\/","og_site_name":"Freakuence!","twitter_card":"summary_large_image","schema":{"@context":"https:\/\/schema.org","@graph":[{"@type":"WebPage","@id":"https:\/\/dev.freakuence.nl\/fr\/produit\/kharma-lesprit\/","url":"https:\/\/dev.freakuence.nl\/fr\/produit\/kharma-lesprit\/","name":"Kharma L'esprit | Freakuence!","isPartOf":{"@id":"https:\/\/dev.freakuence.nl\/fr\/#website"},"datePublished":"2026-03-25T07:05:54+00:00","breadcrumb":{"@id":"https:\/\/dev.freakuence.nl\/fr\/produit\/kharma-lesprit\/#breadcrumb"},"inLanguage":"fr-FR","potentialAction":[{"@type":"ReadAction","target":["https:\/\/dev.freakuence.nl\/fr\/produit\/kharma-lesprit\/"]}]},{"@type":"BreadcrumbList","@id":"https:\/\/dev.freakuence.nl\/fr\/produit\/kharma-lesprit\/#breadcrumb","itemListElement":[{"@type":"ListItem","position":1,"name":"Home","item":"https:\/\/dev.freakuence.nl\/fr\/"},{"@type":"ListItem","position":2,"name":"Products","item":"https:\/\/dev.freakuence.nl\/en\/products\/"},{"@type":"ListItem","position":3,"name":"Kharma L&#039;esprit"}]},{"@type":"WebSite","@id":"https:\/\/dev.freakuence.nl\/fr\/#website","url":"https:\/\/dev.freakuence.nl\/fr\/","name":"Freakuence!","description":"Freakuence!","alternateName":"Freakuence","potentialAction":[{"@type":"SearchAction","target":{"@type":"EntryPoint","urlTemplate":"https:\/\/dev.freakuence.nl\/fr\/?s={search_term_string}"},"query-input":{"@type":"PropertyValueSpecification","valueRequired":true,"valueName":"search_term_string"}}],"inLanguage":"fr-FR"}]}},"_links":{"self":[{"href":"https:\/\/dev.freakuence.nl\/fr\/wp-json\/wp\/v2\/product\/317418","targetHints":{"allow":["GET"]}}],"collection":[{"href":"https:\/\/dev.freakuence.nl\/fr\/wp-json\/wp\/v2\/product"}],"about":[{"href":"https:\/\/dev.freakuence.nl\/fr\/wp-json\/wp\/v2\/types\/product"}],"version-history":[{"count":0,"href":"https:\/\/dev.freakuence.nl\/fr\/wp-json\/wp\/v2\/product\/317418\/revisions"}],"wp:attachment":[{"href":"https:\/\/dev.freakuence.nl\/fr\/wp-json\/wp\/v2\/media?parent=317418"}],"wp:term":[{"taxonomy":"product_brand","embeddable":true,"href":"https:\/\/dev.freakuence.nl\/fr\/wp-json\/wp\/v2\/product_brand?post=317418"},{"taxonomy":"product_cat","embeddable":true,"href":"https:\/\/dev.freakuence.nl\/fr\/wp-json\/wp\/v2\/product_cat?post=317418"},{"taxonomy":"product_tag","embeddable":true,"href":"https:\/\/dev.freakuence.nl\/fr\/wp-json\/wp\/v2\/product_tag?post=317418"}],"curies":[{"name":"wp","href":"https:\/\/api.w.org\/{rel}","templated":true}]}}