{"id":317426,"date":"2026-03-25T08:22:26","date_gmt":"2026-03-25T07:22:26","guid":{"rendered":"https:\/\/dev.freakuence.nl\/product\/rotel-1592-mk2\/"},"modified":"2026-03-25T08:22:26","modified_gmt":"2026-03-25T07:22:26","slug":"rotel-1592-mk2","status":"publish","type":"product","link":"https:\/\/dev.freakuence.nl\/fr\/produit\/rotel-1592-mk2\/","title":{"rendered":"Rotel 1592 MK2"},"content":{"rendered":"<div class=\"product-specifications-list\">\n<div class=\"specification-item row-header\"><span class=\"spec-content\"><strong>Description Freakuence !<\/strong><\/span><\/div>\n<div class=\"specification-item row-even\"><span class=\"spec-content\">Amplificateur stable et esth\u00e9tique. La capacit\u00e9 de puissance est particuli\u00e8rement bonne, ce qui vous permet d&rsquo;obtenir une v\u00e9ritable performance en direct, juste devant votre nez. Beaucoup de profondeur ! Ce n&rsquo;est pas la version MK1&#8230;. non non, c&rsquo;est la version mk2. Hoppa !     <\/span><\/div>\n<div class=\"specification-item row-odd\"><span class=\"spec-content\">Prix de vente au d\u00e9tail : 2999.00<\/span><\/div>\n<div class=\"specification-item row-header\"><span class=\"spec-content\"><strong>Informations g\u00e9n\u00e9rales<\/strong><\/span><\/div>\n<div class=\"specification-item row-even\"><span class=\"spec-content\">Le Rotel RA-1592 MKII a \u00e9t\u00e9 d\u00e9velopp\u00e9 par l&rsquo;\u00e9quipe de conception interne de Rotel au Japon, avec plus de 60 ans d&rsquo;exp\u00e9rience dans la technologie audio analogique. L&rsquo;amplificateur int\u00e9gr\u00e9 utilise un transformateur Ringcore soigneusement s\u00e9lectionn\u00e9, fabriqu\u00e9 en interne, associ\u00e9 \u00e0 des condensateurs de haute qualit\u00e9. Seuls des composants soigneusement s\u00e9lectionn\u00e9s ont \u00e9t\u00e9 utilis\u00e9s \u00e0 l&rsquo;int\u00e9rieur et \u00e0 l&rsquo;ext\u00e9rieur. Le ch\u00e2ssis est construit de mani\u00e8re robuste pour des performances optimales et une protection contre les interf\u00e9rences.   <\/span><\/div>\n<div class=\"specification-item row-header\"><span class=\"spec-content\"><strong>Histoire de la marque<\/strong><\/span><\/div>\n<div class=\"specification-item row-even\"><span class=\"spec-content\">Rotel a \u00e9t\u00e9 officiellement fond\u00e9e en 1961 et s&rsquo;est impos\u00e9e comme une entreprise familiale au Japon. Le d\u00e9veloppement et la production ont toujours \u00e9t\u00e9 g\u00e9r\u00e9s en interne, en particulier les composants de base tels que les transformateurs toro\u00efdaux qui sont essentiels pour la qualit\u00e9 de l&rsquo;\u00e9nergie. En 1981, Rotel a entam\u00e9 un partenariat \u00e0 long terme avec Bowers &amp; Wilkins, qui a d\u00e9bouch\u00e9 sur une distribution exclusive en Am\u00e9rique du Nord et sur plusieurs march\u00e9s europ\u00e9ens. Cette relation a abouti en 2006 \u00e0 la cr\u00e9ation d&rsquo;une coentreprise avec des installations de fabrication et de logistique communes \u00e0 Zhuhai, en Chine.   <\/span><\/div>\n<\/div>\n","protected":false},"excerpt":{"rendered":"<p>Description Freakuence ! Amplificateur stable et esth\u00e9tique. La capacit\u00e9 de puissance est particuli\u00e8rement bonne, ce qui vous permet d&rsquo;obtenir une v\u00e9ritable performance en direct, juste devant votre nez. Beaucoup de profondeur ! Ce n&rsquo;est pas la version MK1&#8230;. non non, c&rsquo;est la version mk2. Hoppa ! Prix de vente au d\u00e9tail : 2999.00 Informations g\u00e9n\u00e9rales [&hellip;]<\/p>\n","protected":false},"featured_media":0,"template":"","meta":{"_acf_changed":false,"inline_featured_image":false},"product_brand":[],"product_cat":[558],"product_tag":[554],"class_list":{"0":"post-317426","1":"product","2":"type-product","3":"status-publish","5":"product_cat-amplificateurs","6":"product_tag-used","7":"pa_kleur-jaune","9":"first","10":"onbackorder","11":"sold-individually","12":"purchasable","13":"product-type-variable"},"acf":[],"yoast_head":"<!-- This site is optimized with the Yoast SEO plugin v25.9 - https:\/\/yoast.com\/wordpress\/plugins\/seo\/ -->\n<title>Rotel 1592 MK2 | Freakuence!<\/title>\n<meta name=\"robots\" content=\"noindex, follow, max-snippet:-1, max-image-preview:large, max-video-preview:-1\" \/>\n<meta property=\"og:locale\" content=\"fr_FR\" \/>\n<meta property=\"og:type\" content=\"article\" \/>\n<meta property=\"og:title\" content=\"Rotel 1592 MK2 | Freakuence!\" \/>\n<meta property=\"og:description\" content=\"Description Freakuence ! Amplificateur stable et esth\u00e9tique. La capacit\u00e9 de puissance est particuli\u00e8rement bonne, ce qui vous permet d&rsquo;obtenir une v\u00e9ritable performance en direct, juste devant votre nez. Beaucoup de profondeur ! Ce n&rsquo;est pas la version MK1&#8230;. non non, c&rsquo;est la version mk2. Hoppa ! Prix de vente au d\u00e9tail : 2999.00 Informations g\u00e9n\u00e9rales [&hellip;]\" \/>\n<meta property=\"og:url\" content=\"https:\/\/dev.freakuence.nl\/fr\/produit\/rotel-1592-mk2\/\" \/>\n<meta property=\"og:site_name\" content=\"Freakuence!\" \/>\n<meta name=\"twitter:card\" content=\"summary_large_image\" \/>\n<script type=\"application\/ld+json\" class=\"yoast-schema-graph\">{\"@context\":\"https:\/\/schema.org\",\"@graph\":[{\"@type\":\"WebPage\",\"@id\":\"https:\/\/dev.freakuence.nl\/fr\/produit\/rotel-1592-mk2\/\",\"url\":\"https:\/\/dev.freakuence.nl\/fr\/produit\/rotel-1592-mk2\/\",\"name\":\"Rotel 1592 MK2 | Freakuence!\",\"isPartOf\":{\"@id\":\"https:\/\/dev.freakuence.nl\/fr\/#website\"},\"datePublished\":\"2026-03-25T07:22:26+00:00\",\"breadcrumb\":{\"@id\":\"https:\/\/dev.freakuence.nl\/fr\/produit\/rotel-1592-mk2\/#breadcrumb\"},\"inLanguage\":\"fr-FR\",\"potentialAction\":[{\"@type\":\"ReadAction\",\"target\":[\"https:\/\/dev.freakuence.nl\/fr\/produit\/rotel-1592-mk2\/\"]}]},{\"@type\":\"BreadcrumbList\",\"@id\":\"https:\/\/dev.freakuence.nl\/fr\/produit\/rotel-1592-mk2\/#breadcrumb\",\"itemListElement\":[{\"@type\":\"ListItem\",\"position\":1,\"name\":\"Home\",\"item\":\"https:\/\/dev.freakuence.nl\/fr\/\"},{\"@type\":\"ListItem\",\"position\":2,\"name\":\"Products\",\"item\":\"https:\/\/dev.freakuence.nl\/en\/products\/\"},{\"@type\":\"ListItem\",\"position\":3,\"name\":\"Rotel 1592 MK2\"}]},{\"@type\":\"WebSite\",\"@id\":\"https:\/\/dev.freakuence.nl\/fr\/#website\",\"url\":\"https:\/\/dev.freakuence.nl\/fr\/\",\"name\":\"Freakuence!\",\"description\":\"Freakuence!\",\"alternateName\":\"Freakuence\",\"potentialAction\":[{\"@type\":\"SearchAction\",\"target\":{\"@type\":\"EntryPoint\",\"urlTemplate\":\"https:\/\/dev.freakuence.nl\/fr\/?s={search_term_string}\"},\"query-input\":{\"@type\":\"PropertyValueSpecification\",\"valueRequired\":true,\"valueName\":\"search_term_string\"}}],\"inLanguage\":\"fr-FR\"}]}<\/script>\n<!-- \/ Yoast SEO plugin. -->","yoast_head_json":{"title":"Rotel 1592 MK2 | Freakuence!","robots":{"index":"noindex","follow":"follow","max-snippet":"max-snippet:-1","max-image-preview":"max-image-preview:large","max-video-preview":"max-video-preview:-1"},"og_locale":"fr_FR","og_type":"article","og_title":"Rotel 1592 MK2 | Freakuence!","og_description":"Description Freakuence ! Amplificateur stable et esth\u00e9tique. La capacit\u00e9 de puissance est particuli\u00e8rement bonne, ce qui vous permet d&rsquo;obtenir une v\u00e9ritable performance en direct, juste devant votre nez. Beaucoup de profondeur ! Ce n&rsquo;est pas la version MK1&#8230;. non non, c&rsquo;est la version mk2. Hoppa ! Prix de vente au d\u00e9tail : 2999.00 Informations g\u00e9n\u00e9rales [&hellip;]","og_url":"https:\/\/dev.freakuence.nl\/fr\/produit\/rotel-1592-mk2\/","og_site_name":"Freakuence!","twitter_card":"summary_large_image","schema":{"@context":"https:\/\/schema.org","@graph":[{"@type":"WebPage","@id":"https:\/\/dev.freakuence.nl\/fr\/produit\/rotel-1592-mk2\/","url":"https:\/\/dev.freakuence.nl\/fr\/produit\/rotel-1592-mk2\/","name":"Rotel 1592 MK2 | Freakuence!","isPartOf":{"@id":"https:\/\/dev.freakuence.nl\/fr\/#website"},"datePublished":"2026-03-25T07:22:26+00:00","breadcrumb":{"@id":"https:\/\/dev.freakuence.nl\/fr\/produit\/rotel-1592-mk2\/#breadcrumb"},"inLanguage":"fr-FR","potentialAction":[{"@type":"ReadAction","target":["https:\/\/dev.freakuence.nl\/fr\/produit\/rotel-1592-mk2\/"]}]},{"@type":"BreadcrumbList","@id":"https:\/\/dev.freakuence.nl\/fr\/produit\/rotel-1592-mk2\/#breadcrumb","itemListElement":[{"@type":"ListItem","position":1,"name":"Home","item":"https:\/\/dev.freakuence.nl\/fr\/"},{"@type":"ListItem","position":2,"name":"Products","item":"https:\/\/dev.freakuence.nl\/en\/products\/"},{"@type":"ListItem","position":3,"name":"Rotel 1592 MK2"}]},{"@type":"WebSite","@id":"https:\/\/dev.freakuence.nl\/fr\/#website","url":"https:\/\/dev.freakuence.nl\/fr\/","name":"Freakuence!","description":"Freakuence!","alternateName":"Freakuence","potentialAction":[{"@type":"SearchAction","target":{"@type":"EntryPoint","urlTemplate":"https:\/\/dev.freakuence.nl\/fr\/?s={search_term_string}"},"query-input":{"@type":"PropertyValueSpecification","valueRequired":true,"valueName":"search_term_string"}}],"inLanguage":"fr-FR"}]}},"_links":{"self":[{"href":"https:\/\/dev.freakuence.nl\/fr\/wp-json\/wp\/v2\/product\/317426","targetHints":{"allow":["GET"]}}],"collection":[{"href":"https:\/\/dev.freakuence.nl\/fr\/wp-json\/wp\/v2\/product"}],"about":[{"href":"https:\/\/dev.freakuence.nl\/fr\/wp-json\/wp\/v2\/types\/product"}],"version-history":[{"count":0,"href":"https:\/\/dev.freakuence.nl\/fr\/wp-json\/wp\/v2\/product\/317426\/revisions"}],"wp:attachment":[{"href":"https:\/\/dev.freakuence.nl\/fr\/wp-json\/wp\/v2\/media?parent=317426"}],"wp:term":[{"taxonomy":"product_brand","embeddable":true,"href":"https:\/\/dev.freakuence.nl\/fr\/wp-json\/wp\/v2\/product_brand?post=317426"},{"taxonomy":"product_cat","embeddable":true,"href":"https:\/\/dev.freakuence.nl\/fr\/wp-json\/wp\/v2\/product_cat?post=317426"},{"taxonomy":"product_tag","embeddable":true,"href":"https:\/\/dev.freakuence.nl\/fr\/wp-json\/wp\/v2\/product_tag?post=317426"}],"curies":[{"name":"wp","href":"https:\/\/api.w.org\/{rel}","templated":true}]}}