{"id":317441,"date":"2026-03-27T07:08:46","date_gmt":"2026-03-27T06:08:46","guid":{"rendered":"https:\/\/dev.freakuence.nl\/product\/primaluna-prologue-one\/"},"modified":"2026-03-27T07:47:30","modified_gmt":"2026-03-27T06:47:30","slug":"primaluna-prologue-one","status":"publish","type":"product","link":"https:\/\/dev.freakuence.nl\/fr\/produit\/primaluna-prologue-one\/","title":{"rendered":"PrimaLuna ProLogue One"},"content":{"rendered":"<div class=\"product-specifications-list\">\n<div class=\"specification-item row-header\"><span class=\"spec-content\"><strong>Description Freakuence !<\/strong><\/span><\/div>\n<div class=\"specification-item row-even\"><span class=\"spec-content\">Ah, le PrimaLuna ProLogue One ! Cet amplificateur offre un son musical chaud, doux et d\u00e9licieux qui invite \u00e0 une \u00e9coute prolong\u00e9e. Les m\u00e9diums sont riches et pleins, tandis que les aigus offrent une clart\u00e9 naturelle. M\u00eame \u00e0 des volumes moyens ou faibles, le son reste \u00e9quilibr\u00e9. Vous \u00eates curieux ? Aagje !     <\/span><\/div>\n<div class=\"specification-item row-odd\"><span class=\"spec-content\">Prix de vente au d\u00e9tail : 1750,00<\/span><\/div>\n<div class=\"specification-item row-header\"><span class=\"spec-content\"><strong>Description g\u00e9n\u00e9rale<\/strong><\/span><\/div>\n<div class=\"specification-item row-even\"><span class=\"spec-content\">Cet amplificateur int\u00e9gr\u00e9 \u00e0 tubes d\u00e9livre 35 watts par canal gr\u00e2ce \u00e0 des tubes de sortie EL34. Il est fabriqu\u00e9 \u00e0 la main avec un c\u00e2blage point \u00e0 point et des composants de haute qualit\u00e9, notamment des culots de tubes en c\u00e9ramique, des condensateurs Nichicon et Realcap, des bornes de haut-parleur de style WBT, un contr\u00f4le de volume ALPS et des connecteurs d&rsquo;entr\u00e9e plaqu\u00e9s or. La technologie exclusive Adaptive AutoBias\u2122 contr\u00f4le et ajuste la polarisation en continu et en douceur, ce qui permet de r\u00e9duire la distorsion de 40 \u00e0 50 % sans avoir recours \u00e0 des tubes appari\u00e9s ou \u00e0 des ajustements manuels de la polarisation. Un circuit SoftStart\u2122 prot\u00e8ge les composants critiques et prolonge leur dur\u00e9e de vie. Le ch\u00e2ssis est fabriqu\u00e9 en acier robuste et recouvert d&rsquo;une laque brillante frott\u00e9e \u00e0 la main. En option, un \u00e9tage phono \u00e0 aimant mobile PhonoLogue peut \u00eatre ajout\u00e9.     <\/span><\/div>\n<div class=\"specification-item row-header\"><span class=\"spec-content\"><strong>Histoire de la marque<\/strong><\/span><\/div>\n<div class=\"specification-item row-even\"><span class=\"spec-content\">PrimaLuna est une marque audio n\u00e9erlandaise fond\u00e9e en 2003 par Herman van den Dungen. La marque est connue pour ses amplificateurs \u00e0 tubes et a introduit plusieurs lignes de produits au fil des ans, notamment les s\u00e9ries ProLogue, DiaLogue et Evo. Les produits sont con\u00e7us aux Pays-Bas et fabriqu\u00e9s en Chine. PrimaLuna a re\u00e7u plusieurs prix internationaux pour ses produits. La marque est distribu\u00e9e dans le monde entier et est disponible dans plusieurs pays.    <\/span><\/div>\n<\/div>\n","protected":false},"excerpt":{"rendered":"<p>Description Freakuence ! Ah, le PrimaLuna ProLogue One ! Cet amplificateur offre un son musical chaud, doux et d\u00e9licieux qui invite \u00e0 une \u00e9coute prolong\u00e9e. Les m\u00e9diums sont riches et pleins, tandis que les aigus offrent une clart\u00e9 naturelle. M\u00eame \u00e0 des volumes moyens ou faibles, le son reste \u00e9quilibr\u00e9. Vous \u00eates curieux ? Aagje [&hellip;]<\/p>\n","protected":false},"featured_media":0,"template":"","meta":{"_acf_changed":false,"inline_featured_image":false},"product_brand":[],"product_cat":[558,583],"product_tag":[554],"class_list":{"0":"post-317441","1":"product","2":"type-product","3":"status-publish","5":"product_cat-amplificateurs","6":"product_cat-amplificateurs-a-tubes","7":"product_tag-used","8":"pa_kleur-noir","10":"first","11":"instock","12":"sold-individually","13":"purchasable","14":"product-type-simple"},"acf":[],"yoast_head":"<!-- This site is optimized with the Yoast SEO plugin v25.9 - https:\/\/yoast.com\/wordpress\/plugins\/seo\/ -->\n<title>PrimaLuna ProLogue One | Freakuence!<\/title>\n<meta name=\"robots\" content=\"noindex, follow, max-snippet:-1, max-image-preview:large, max-video-preview:-1\" \/>\n<meta property=\"og:locale\" content=\"fr_FR\" \/>\n<meta property=\"og:type\" content=\"article\" \/>\n<meta property=\"og:title\" content=\"PrimaLuna ProLogue One | Freakuence!\" \/>\n<meta property=\"og:description\" content=\"Description Freakuence ! Ah, le PrimaLuna ProLogue One ! Cet amplificateur offre un son musical chaud, doux et d\u00e9licieux qui invite \u00e0 une \u00e9coute prolong\u00e9e. Les m\u00e9diums sont riches et pleins, tandis que les aigus offrent une clart\u00e9 naturelle. M\u00eame \u00e0 des volumes moyens ou faibles, le son reste \u00e9quilibr\u00e9. Vous \u00eates curieux ? Aagje [&hellip;]\" \/>\n<meta property=\"og:url\" content=\"https:\/\/dev.freakuence.nl\/fr\/produit\/primaluna-prologue-one\/\" \/>\n<meta property=\"og:site_name\" content=\"Freakuence!\" \/>\n<meta property=\"article:modified_time\" content=\"2026-03-27T06:47:30+00:00\" \/>\n<meta name=\"twitter:card\" content=\"summary_large_image\" \/>\n<script type=\"application\/ld+json\" class=\"yoast-schema-graph\">{\"@context\":\"https:\/\/schema.org\",\"@graph\":[{\"@type\":\"WebPage\",\"@id\":\"https:\/\/dev.freakuence.nl\/fr\/produit\/primaluna-prologue-one\/\",\"url\":\"https:\/\/dev.freakuence.nl\/fr\/produit\/primaluna-prologue-one\/\",\"name\":\"PrimaLuna ProLogue One | Freakuence!\",\"isPartOf\":{\"@id\":\"https:\/\/dev.freakuence.nl\/fr\/#website\"},\"datePublished\":\"2026-03-27T06:08:46+00:00\",\"dateModified\":\"2026-03-27T06:47:30+00:00\",\"breadcrumb\":{\"@id\":\"https:\/\/dev.freakuence.nl\/fr\/produit\/primaluna-prologue-one\/#breadcrumb\"},\"inLanguage\":\"fr-FR\",\"potentialAction\":[{\"@type\":\"ReadAction\",\"target\":[\"https:\/\/dev.freakuence.nl\/fr\/produit\/primaluna-prologue-one\/\"]}]},{\"@type\":\"BreadcrumbList\",\"@id\":\"https:\/\/dev.freakuence.nl\/fr\/produit\/primaluna-prologue-one\/#breadcrumb\",\"itemListElement\":[{\"@type\":\"ListItem\",\"position\":1,\"name\":\"Home\",\"item\":\"https:\/\/dev.freakuence.nl\/fr\/\"},{\"@type\":\"ListItem\",\"position\":2,\"name\":\"Products\",\"item\":\"https:\/\/dev.freakuence.nl\/en\/products\/\"},{\"@type\":\"ListItem\",\"position\":3,\"name\":\"PrimaLuna ProLogue 1\"}]},{\"@type\":\"WebSite\",\"@id\":\"https:\/\/dev.freakuence.nl\/fr\/#website\",\"url\":\"https:\/\/dev.freakuence.nl\/fr\/\",\"name\":\"Freakuence!\",\"description\":\"Freakuence!\",\"alternateName\":\"Freakuence\",\"potentialAction\":[{\"@type\":\"SearchAction\",\"target\":{\"@type\":\"EntryPoint\",\"urlTemplate\":\"https:\/\/dev.freakuence.nl\/fr\/?s={search_term_string}\"},\"query-input\":{\"@type\":\"PropertyValueSpecification\",\"valueRequired\":true,\"valueName\":\"search_term_string\"}}],\"inLanguage\":\"fr-FR\"}]}<\/script>\n<!-- \/ Yoast SEO plugin. -->","yoast_head_json":{"title":"PrimaLuna ProLogue One | Freakuence!","robots":{"index":"noindex","follow":"follow","max-snippet":"max-snippet:-1","max-image-preview":"max-image-preview:large","max-video-preview":"max-video-preview:-1"},"og_locale":"fr_FR","og_type":"article","og_title":"PrimaLuna ProLogue One | Freakuence!","og_description":"Description Freakuence ! Ah, le PrimaLuna ProLogue One ! Cet amplificateur offre un son musical chaud, doux et d\u00e9licieux qui invite \u00e0 une \u00e9coute prolong\u00e9e. Les m\u00e9diums sont riches et pleins, tandis que les aigus offrent une clart\u00e9 naturelle. M\u00eame \u00e0 des volumes moyens ou faibles, le son reste \u00e9quilibr\u00e9. Vous \u00eates curieux ? Aagje [&hellip;]","og_url":"https:\/\/dev.freakuence.nl\/fr\/produit\/primaluna-prologue-one\/","og_site_name":"Freakuence!","article_modified_time":"2026-03-27T06:47:30+00:00","twitter_card":"summary_large_image","schema":{"@context":"https:\/\/schema.org","@graph":[{"@type":"WebPage","@id":"https:\/\/dev.freakuence.nl\/fr\/produit\/primaluna-prologue-one\/","url":"https:\/\/dev.freakuence.nl\/fr\/produit\/primaluna-prologue-one\/","name":"PrimaLuna ProLogue One | Freakuence!","isPartOf":{"@id":"https:\/\/dev.freakuence.nl\/fr\/#website"},"datePublished":"2026-03-27T06:08:46+00:00","dateModified":"2026-03-27T06:47:30+00:00","breadcrumb":{"@id":"https:\/\/dev.freakuence.nl\/fr\/produit\/primaluna-prologue-one\/#breadcrumb"},"inLanguage":"fr-FR","potentialAction":[{"@type":"ReadAction","target":["https:\/\/dev.freakuence.nl\/fr\/produit\/primaluna-prologue-one\/"]}]},{"@type":"BreadcrumbList","@id":"https:\/\/dev.freakuence.nl\/fr\/produit\/primaluna-prologue-one\/#breadcrumb","itemListElement":[{"@type":"ListItem","position":1,"name":"Home","item":"https:\/\/dev.freakuence.nl\/fr\/"},{"@type":"ListItem","position":2,"name":"Products","item":"https:\/\/dev.freakuence.nl\/en\/products\/"},{"@type":"ListItem","position":3,"name":"PrimaLuna ProLogue 1"}]},{"@type":"WebSite","@id":"https:\/\/dev.freakuence.nl\/fr\/#website","url":"https:\/\/dev.freakuence.nl\/fr\/","name":"Freakuence!","description":"Freakuence!","alternateName":"Freakuence","potentialAction":[{"@type":"SearchAction","target":{"@type":"EntryPoint","urlTemplate":"https:\/\/dev.freakuence.nl\/fr\/?s={search_term_string}"},"query-input":{"@type":"PropertyValueSpecification","valueRequired":true,"valueName":"search_term_string"}}],"inLanguage":"fr-FR"}]}},"_links":{"self":[{"href":"https:\/\/dev.freakuence.nl\/fr\/wp-json\/wp\/v2\/product\/317441","targetHints":{"allow":["GET"]}}],"collection":[{"href":"https:\/\/dev.freakuence.nl\/fr\/wp-json\/wp\/v2\/product"}],"about":[{"href":"https:\/\/dev.freakuence.nl\/fr\/wp-json\/wp\/v2\/types\/product"}],"version-history":[{"count":1,"href":"https:\/\/dev.freakuence.nl\/fr\/wp-json\/wp\/v2\/product\/317441\/revisions"}],"predecessor-version":[{"id":317444,"href":"https:\/\/dev.freakuence.nl\/fr\/wp-json\/wp\/v2\/product\/317441\/revisions\/317444"}],"wp:attachment":[{"href":"https:\/\/dev.freakuence.nl\/fr\/wp-json\/wp\/v2\/media?parent=317441"}],"wp:term":[{"taxonomy":"product_brand","embeddable":true,"href":"https:\/\/dev.freakuence.nl\/fr\/wp-json\/wp\/v2\/product_brand?post=317441"},{"taxonomy":"product_cat","embeddable":true,"href":"https:\/\/dev.freakuence.nl\/fr\/wp-json\/wp\/v2\/product_cat?post=317441"},{"taxonomy":"product_tag","embeddable":true,"href":"https:\/\/dev.freakuence.nl\/fr\/wp-json\/wp\/v2\/product_tag?post=317441"}],"curies":[{"name":"wp","href":"https:\/\/api.w.org\/{rel}","templated":true}]}}