{"id":317788,"date":"2026-03-31T09:50:22","date_gmt":"2026-03-31T07:50:22","guid":{"rendered":"https:\/\/dev.freakuence.nl\/product\/primaluna-evo-100-i-3\/"},"modified":"2026-03-31T09:50:22","modified_gmt":"2026-03-31T07:50:22","slug":"primaluna-evo-100-i-3","status":"publish","type":"product","link":"https:\/\/dev.freakuence.nl\/fr\/produit\/primaluna-evo-100-i-3\/","title":{"rendered":"PrimaLuna Evo 100 i"},"content":{"rendered":"<div class=\"product-specifications-list\">\n<div class=\"specification-item row-header\"><span class=\"spec-content\"><strong>Description Freakuence !<\/strong><\/span><\/div>\n<div class=\"specification-item row-even\"><span class=\"spec-content\">Amplificateur \u00e0 tubes intergrad\u00e9s tr\u00e8s solide de PrimaLuna. Allumez = appr\u00e9ciez. Pour les amateurs de reproduction riche et pleine. Puissant, donc tr\u00e8s performant. Venez faire une d\u00e9monstration !    <\/span><\/div>\n<div class=\"specification-item row-odd\"><span class=\"spec-content\">Prix de vente au d\u00e9tail : 2690.00<\/span><\/div>\n<div class=\"specification-item row-header\"><span class=\"spec-content\"><strong>Histoire de la marque<\/strong><\/span><\/div>\n<div class=\"specification-item row-even\"><span class=\"spec-content\">PrimaLuna est une marque audio n\u00e9erlandaise fond\u00e9e en 2003 par Herman van den Dungen. La marque est connue pour ses amplificateurs \u00e0 tubes et a introduit plusieurs lignes de produits au fil des ans, notamment les s\u00e9ries ProLogue, DiaLogue et Evo. Les produits sont con\u00e7us aux Pays-Bas et fabriqu\u00e9s en Chine. PrimaLuna a re\u00e7u plusieurs prix internationaux pour ses produits. La marque est distribu\u00e9e dans le monde entier et est disponible dans plusieurs pays.    <\/span><\/div>\n<\/div>\n","protected":false},"excerpt":{"rendered":"<p>Description Freakuence ! Amplificateur \u00e0 tubes intergrad\u00e9s tr\u00e8s solide de PrimaLuna. Allumez = appr\u00e9ciez. Pour les amateurs de reproduction riche et pleine. Puissant, donc tr\u00e8s performant. Venez faire une d\u00e9monstration ! Prix de vente au d\u00e9tail : 2690.00 Histoire de la marque PrimaLuna est une marque audio n\u00e9erlandaise fond\u00e9e en 2003 par Herman van den [&hellip;]<\/p>\n","protected":false},"featured_media":0,"template":"","meta":{"_acf_changed":false,"inline_featured_image":false},"product_brand":[],"product_cat":[558,583],"product_tag":[554],"class_list":{"0":"post-317788","1":"product","2":"type-product","3":"status-publish","5":"product_cat-amplificateurs","6":"product_cat-amplificateurs-a-tubes","7":"product_tag-used","9":"first","10":"instock","11":"sold-individually","12":"purchasable","13":"product-type-simple"},"acf":[],"yoast_head":"<!-- This site is optimized with the Yoast SEO plugin v25.9 - https:\/\/yoast.com\/wordpress\/plugins\/seo\/ -->\n<title>PrimaLuna Evo 100 i | Freakuence!<\/title>\n<meta name=\"robots\" content=\"noindex, follow, max-snippet:-1, max-image-preview:large, max-video-preview:-1\" \/>\n<meta property=\"og:locale\" content=\"fr_FR\" \/>\n<meta property=\"og:type\" content=\"article\" \/>\n<meta property=\"og:title\" content=\"PrimaLuna Evo 100 i | Freakuence!\" \/>\n<meta property=\"og:description\" content=\"Description Freakuence ! Amplificateur \u00e0 tubes intergrad\u00e9s tr\u00e8s solide de PrimaLuna. Allumez = appr\u00e9ciez. Pour les amateurs de reproduction riche et pleine. Puissant, donc tr\u00e8s performant. Venez faire une d\u00e9monstration ! Prix de vente au d\u00e9tail : 2690.00 Histoire de la marque PrimaLuna est une marque audio n\u00e9erlandaise fond\u00e9e en 2003 par Herman van den [&hellip;]\" \/>\n<meta property=\"og:url\" content=\"https:\/\/dev.freakuence.nl\/fr\/produit\/primaluna-evo-100-i-3\/\" \/>\n<meta property=\"og:site_name\" content=\"Freakuence!\" \/>\n<meta name=\"twitter:card\" content=\"summary_large_image\" \/>\n<script type=\"application\/ld+json\" class=\"yoast-schema-graph\">{\"@context\":\"https:\/\/schema.org\",\"@graph\":[{\"@type\":\"WebPage\",\"@id\":\"https:\/\/dev.freakuence.nl\/fr\/produit\/primaluna-evo-100-i-3\/\",\"url\":\"https:\/\/dev.freakuence.nl\/fr\/produit\/primaluna-evo-100-i-3\/\",\"name\":\"PrimaLuna Evo 100 i | Freakuence!\",\"isPartOf\":{\"@id\":\"https:\/\/dev.freakuence.nl\/fr\/#website\"},\"datePublished\":\"2026-03-31T07:50:22+00:00\",\"breadcrumb\":{\"@id\":\"https:\/\/dev.freakuence.nl\/fr\/produit\/primaluna-evo-100-i-3\/#breadcrumb\"},\"inLanguage\":\"fr-FR\",\"potentialAction\":[{\"@type\":\"ReadAction\",\"target\":[\"https:\/\/dev.freakuence.nl\/fr\/produit\/primaluna-evo-100-i-3\/\"]}]},{\"@type\":\"BreadcrumbList\",\"@id\":\"https:\/\/dev.freakuence.nl\/fr\/produit\/primaluna-evo-100-i-3\/#breadcrumb\",\"itemListElement\":[{\"@type\":\"ListItem\",\"position\":1,\"name\":\"Home\",\"item\":\"https:\/\/dev.freakuence.nl\/fr\/\"},{\"@type\":\"ListItem\",\"position\":2,\"name\":\"Products\",\"item\":\"https:\/\/dev.freakuence.nl\/en\/products\/\"},{\"@type\":\"ListItem\",\"position\":3,\"name\":\"PrimaLuna Evo 100 i\"}]},{\"@type\":\"WebSite\",\"@id\":\"https:\/\/dev.freakuence.nl\/fr\/#website\",\"url\":\"https:\/\/dev.freakuence.nl\/fr\/\",\"name\":\"Freakuence!\",\"description\":\"Freakuence!\",\"alternateName\":\"Freakuence\",\"potentialAction\":[{\"@type\":\"SearchAction\",\"target\":{\"@type\":\"EntryPoint\",\"urlTemplate\":\"https:\/\/dev.freakuence.nl\/fr\/?s={search_term_string}\"},\"query-input\":{\"@type\":\"PropertyValueSpecification\",\"valueRequired\":true,\"valueName\":\"search_term_string\"}}],\"inLanguage\":\"fr-FR\"}]}<\/script>\n<!-- \/ Yoast SEO plugin. -->","yoast_head_json":{"title":"PrimaLuna Evo 100 i | Freakuence!","robots":{"index":"noindex","follow":"follow","max-snippet":"max-snippet:-1","max-image-preview":"max-image-preview:large","max-video-preview":"max-video-preview:-1"},"og_locale":"fr_FR","og_type":"article","og_title":"PrimaLuna Evo 100 i | Freakuence!","og_description":"Description Freakuence ! Amplificateur \u00e0 tubes intergrad\u00e9s tr\u00e8s solide de PrimaLuna. Allumez = appr\u00e9ciez. Pour les amateurs de reproduction riche et pleine. Puissant, donc tr\u00e8s performant. Venez faire une d\u00e9monstration ! Prix de vente au d\u00e9tail : 2690.00 Histoire de la marque PrimaLuna est une marque audio n\u00e9erlandaise fond\u00e9e en 2003 par Herman van den [&hellip;]","og_url":"https:\/\/dev.freakuence.nl\/fr\/produit\/primaluna-evo-100-i-3\/","og_site_name":"Freakuence!","twitter_card":"summary_large_image","schema":{"@context":"https:\/\/schema.org","@graph":[{"@type":"WebPage","@id":"https:\/\/dev.freakuence.nl\/fr\/produit\/primaluna-evo-100-i-3\/","url":"https:\/\/dev.freakuence.nl\/fr\/produit\/primaluna-evo-100-i-3\/","name":"PrimaLuna Evo 100 i | Freakuence!","isPartOf":{"@id":"https:\/\/dev.freakuence.nl\/fr\/#website"},"datePublished":"2026-03-31T07:50:22+00:00","breadcrumb":{"@id":"https:\/\/dev.freakuence.nl\/fr\/produit\/primaluna-evo-100-i-3\/#breadcrumb"},"inLanguage":"fr-FR","potentialAction":[{"@type":"ReadAction","target":["https:\/\/dev.freakuence.nl\/fr\/produit\/primaluna-evo-100-i-3\/"]}]},{"@type":"BreadcrumbList","@id":"https:\/\/dev.freakuence.nl\/fr\/produit\/primaluna-evo-100-i-3\/#breadcrumb","itemListElement":[{"@type":"ListItem","position":1,"name":"Home","item":"https:\/\/dev.freakuence.nl\/fr\/"},{"@type":"ListItem","position":2,"name":"Products","item":"https:\/\/dev.freakuence.nl\/en\/products\/"},{"@type":"ListItem","position":3,"name":"PrimaLuna Evo 100 i"}]},{"@type":"WebSite","@id":"https:\/\/dev.freakuence.nl\/fr\/#website","url":"https:\/\/dev.freakuence.nl\/fr\/","name":"Freakuence!","description":"Freakuence!","alternateName":"Freakuence","potentialAction":[{"@type":"SearchAction","target":{"@type":"EntryPoint","urlTemplate":"https:\/\/dev.freakuence.nl\/fr\/?s={search_term_string}"},"query-input":{"@type":"PropertyValueSpecification","valueRequired":true,"valueName":"search_term_string"}}],"inLanguage":"fr-FR"}]}},"_links":{"self":[{"href":"https:\/\/dev.freakuence.nl\/fr\/wp-json\/wp\/v2\/product\/317788","targetHints":{"allow":["GET"]}}],"collection":[{"href":"https:\/\/dev.freakuence.nl\/fr\/wp-json\/wp\/v2\/product"}],"about":[{"href":"https:\/\/dev.freakuence.nl\/fr\/wp-json\/wp\/v2\/types\/product"}],"version-history":[{"count":0,"href":"https:\/\/dev.freakuence.nl\/fr\/wp-json\/wp\/v2\/product\/317788\/revisions"}],"wp:attachment":[{"href":"https:\/\/dev.freakuence.nl\/fr\/wp-json\/wp\/v2\/media?parent=317788"}],"wp:term":[{"taxonomy":"product_brand","embeddable":true,"href":"https:\/\/dev.freakuence.nl\/fr\/wp-json\/wp\/v2\/product_brand?post=317788"},{"taxonomy":"product_cat","embeddable":true,"href":"https:\/\/dev.freakuence.nl\/fr\/wp-json\/wp\/v2\/product_cat?post=317788"},{"taxonomy":"product_tag","embeddable":true,"href":"https:\/\/dev.freakuence.nl\/fr\/wp-json\/wp\/v2\/product_tag?post=317788"}],"curies":[{"name":"wp","href":"https:\/\/api.w.org\/{rel}","templated":true}]}}