{"id":317828,"date":"2026-04-01T09:27:51","date_gmt":"2026-04-01T07:27:51","guid":{"rendered":"https:\/\/dev.freakuence.nl\/product\/esoterique-f-05\/"},"modified":"2026-04-01T09:27:51","modified_gmt":"2026-04-01T07:27:51","slug":"esoterique-f-05","status":"publish","type":"product","link":"https:\/\/dev.freakuence.nl\/fr\/produit\/esoterique-f-05\/","title":{"rendered":"\u00c9sot\u00e9rique F-05"},"content":{"rendered":"<div class=\"product-specifications-list\">\n<div class=\"specification-item row-header\"><span class=\"spec-content\"><strong>Description Freakuence !<\/strong><\/span><\/div>\n<div class=\"specification-item row-even\"><span class=\"spec-content\">Un amplificateur de grande qualit\u00e9. Improbablement contr\u00f4l\u00e9 et tr\u00e8s dynamique. C&rsquo;est tentant, c&rsquo;est attirant&#8230; ne tirez pas et envoyez un message.  <\/span><\/div>\n<div class=\"specification-item row-odd\"><span class=\"spec-content\">Prix de vente au d\u00e9tail : 13000.00<\/span><\/div>\n<div class=\"specification-item row-header\"><span class=\"spec-content\"><strong>Histoire de la marque<\/strong><\/span><\/div>\n<div class=\"specification-item row-even\"><span class=\"spec-content\">Esoteric a \u00e9t\u00e9 fond\u00e9e en 1987 dans le cadre de TEAC Corporation. D\u00e8s le d\u00e9but, la marque s&rsquo;est concentr\u00e9e sur le d\u00e9veloppement de produits ax\u00e9s sur la pr\u00e9cision et le d\u00e9tail. \u00c0 ses d\u00e9buts, Esoteric commercialisait des produits r\u00e9pondant \u00e0 des normes de performance \u00e9lev\u00e9es et de perfection technique, en mettant l&rsquo;accent sur l&rsquo;utilisation de composants de haute qualit\u00e9. Au fil des ans, Esoteric s&rsquo;est fait conna\u00eetre gr\u00e2ce \u00e0 des innovations techniques visant \u00e0 r\u00e9pondre aux besoins de clients exigeants. La marque est mondialement reconnue pour son expertise technique et son savoir-faire en mati\u00e8re de d\u00e9veloppement de produits. Gr\u00e2ce \u00e0 la collaboration et \u00e0 l&rsquo;am\u00e9lioration constante, elle s&rsquo;est forg\u00e9 une r\u00e9putation solidement ancr\u00e9e dans des performances fiables et des connaissances techniques approfondies, ce qui a renforc\u00e9 sa position sur le march\u00e9. Esoteric s&rsquo;engage \u00e0 d\u00e9velopper des produits qui r\u00e9pondent aux sp\u00e9cifications et aux exigences rigoureuses de sa client\u00e8le.      <\/span><\/div>\n<\/div>\n","protected":false},"excerpt":{"rendered":"<p>Description Freakuence ! Un amplificateur de grande qualit\u00e9. Improbablement contr\u00f4l\u00e9 et tr\u00e8s dynamique. C&rsquo;est tentant, c&rsquo;est attirant&#8230; ne tirez pas et envoyez un message. Prix de vente au d\u00e9tail : 13000.00 Histoire de la marque Esoteric a \u00e9t\u00e9 fond\u00e9e en 1987 dans le cadre de TEAC Corporation. D\u00e8s le d\u00e9but, la marque s&rsquo;est concentr\u00e9e sur [&hellip;]<\/p>\n","protected":false},"featured_media":0,"template":"","meta":{"_acf_changed":false,"inline_featured_image":false},"product_brand":[],"product_cat":[558],"product_tag":[554],"class_list":{"0":"post-317828","1":"product","2":"type-product","3":"status-publish","5":"product_cat-amplificateurs","6":"product_tag-used","7":"pa_kleur-bleu","9":"first","10":"onbackorder","11":"sold-individually","12":"purchasable","13":"product-type-variable"},"acf":[],"yoast_head":"<!-- This site is optimized with the Yoast SEO plugin v25.9 - https:\/\/yoast.com\/wordpress\/plugins\/seo\/ -->\n<title>\u00c9sot\u00e9rique F-05 | Freakuence!<\/title>\n<meta name=\"robots\" content=\"noindex, follow, max-snippet:-1, max-image-preview:large, max-video-preview:-1\" \/>\n<meta property=\"og:locale\" content=\"fr_FR\" \/>\n<meta property=\"og:type\" content=\"article\" \/>\n<meta property=\"og:title\" content=\"\u00c9sot\u00e9rique F-05 | Freakuence!\" \/>\n<meta property=\"og:description\" content=\"Description Freakuence ! Un amplificateur de grande qualit\u00e9. Improbablement contr\u00f4l\u00e9 et tr\u00e8s dynamique. C&rsquo;est tentant, c&rsquo;est attirant&#8230; ne tirez pas et envoyez un message. Prix de vente au d\u00e9tail : 13000.00 Histoire de la marque Esoteric a \u00e9t\u00e9 fond\u00e9e en 1987 dans le cadre de TEAC Corporation. D\u00e8s le d\u00e9but, la marque s&rsquo;est concentr\u00e9e sur [&hellip;]\" \/>\n<meta property=\"og:url\" content=\"https:\/\/dev.freakuence.nl\/fr\/produit\/esoterique-f-05\/\" \/>\n<meta property=\"og:site_name\" content=\"Freakuence!\" \/>\n<meta name=\"twitter:card\" content=\"summary_large_image\" \/>\n<script type=\"application\/ld+json\" class=\"yoast-schema-graph\">{\"@context\":\"https:\/\/schema.org\",\"@graph\":[{\"@type\":\"WebPage\",\"@id\":\"https:\/\/dev.freakuence.nl\/fr\/produit\/esoterique-f-05\/\",\"url\":\"https:\/\/dev.freakuence.nl\/fr\/produit\/esoterique-f-05\/\",\"name\":\"\u00c9sot\u00e9rique F-05 | Freakuence!\",\"isPartOf\":{\"@id\":\"https:\/\/dev.freakuence.nl\/fr\/#website\"},\"datePublished\":\"2026-04-01T07:27:51+00:00\",\"breadcrumb\":{\"@id\":\"https:\/\/dev.freakuence.nl\/fr\/produit\/esoterique-f-05\/#breadcrumb\"},\"inLanguage\":\"fr-FR\",\"potentialAction\":[{\"@type\":\"ReadAction\",\"target\":[\"https:\/\/dev.freakuence.nl\/fr\/produit\/esoterique-f-05\/\"]}]},{\"@type\":\"BreadcrumbList\",\"@id\":\"https:\/\/dev.freakuence.nl\/fr\/produit\/esoterique-f-05\/#breadcrumb\",\"itemListElement\":[{\"@type\":\"ListItem\",\"position\":1,\"name\":\"Home\",\"item\":\"https:\/\/dev.freakuence.nl\/fr\/\"},{\"@type\":\"ListItem\",\"position\":2,\"name\":\"Products\",\"item\":\"https:\/\/dev.freakuence.nl\/en\/products\/\"},{\"@type\":\"ListItem\",\"position\":3,\"name\":\"\u00c9sot\u00e9rique F-05\"}]},{\"@type\":\"WebSite\",\"@id\":\"https:\/\/dev.freakuence.nl\/fr\/#website\",\"url\":\"https:\/\/dev.freakuence.nl\/fr\/\",\"name\":\"Freakuence!\",\"description\":\"Freakuence!\",\"alternateName\":\"Freakuence\",\"potentialAction\":[{\"@type\":\"SearchAction\",\"target\":{\"@type\":\"EntryPoint\",\"urlTemplate\":\"https:\/\/dev.freakuence.nl\/fr\/?s={search_term_string}\"},\"query-input\":{\"@type\":\"PropertyValueSpecification\",\"valueRequired\":true,\"valueName\":\"search_term_string\"}}],\"inLanguage\":\"fr-FR\"}]}<\/script>\n<!-- \/ Yoast SEO plugin. -->","yoast_head_json":{"title":"\u00c9sot\u00e9rique F-05 | Freakuence!","robots":{"index":"noindex","follow":"follow","max-snippet":"max-snippet:-1","max-image-preview":"max-image-preview:large","max-video-preview":"max-video-preview:-1"},"og_locale":"fr_FR","og_type":"article","og_title":"\u00c9sot\u00e9rique F-05 | Freakuence!","og_description":"Description Freakuence ! Un amplificateur de grande qualit\u00e9. Improbablement contr\u00f4l\u00e9 et tr\u00e8s dynamique. C&rsquo;est tentant, c&rsquo;est attirant&#8230; ne tirez pas et envoyez un message. Prix de vente au d\u00e9tail : 13000.00 Histoire de la marque Esoteric a \u00e9t\u00e9 fond\u00e9e en 1987 dans le cadre de TEAC Corporation. D\u00e8s le d\u00e9but, la marque s&rsquo;est concentr\u00e9e sur [&hellip;]","og_url":"https:\/\/dev.freakuence.nl\/fr\/produit\/esoterique-f-05\/","og_site_name":"Freakuence!","twitter_card":"summary_large_image","schema":{"@context":"https:\/\/schema.org","@graph":[{"@type":"WebPage","@id":"https:\/\/dev.freakuence.nl\/fr\/produit\/esoterique-f-05\/","url":"https:\/\/dev.freakuence.nl\/fr\/produit\/esoterique-f-05\/","name":"\u00c9sot\u00e9rique F-05 | Freakuence!","isPartOf":{"@id":"https:\/\/dev.freakuence.nl\/fr\/#website"},"datePublished":"2026-04-01T07:27:51+00:00","breadcrumb":{"@id":"https:\/\/dev.freakuence.nl\/fr\/produit\/esoterique-f-05\/#breadcrumb"},"inLanguage":"fr-FR","potentialAction":[{"@type":"ReadAction","target":["https:\/\/dev.freakuence.nl\/fr\/produit\/esoterique-f-05\/"]}]},{"@type":"BreadcrumbList","@id":"https:\/\/dev.freakuence.nl\/fr\/produit\/esoterique-f-05\/#breadcrumb","itemListElement":[{"@type":"ListItem","position":1,"name":"Home","item":"https:\/\/dev.freakuence.nl\/fr\/"},{"@type":"ListItem","position":2,"name":"Products","item":"https:\/\/dev.freakuence.nl\/en\/products\/"},{"@type":"ListItem","position":3,"name":"\u00c9sot\u00e9rique F-05"}]},{"@type":"WebSite","@id":"https:\/\/dev.freakuence.nl\/fr\/#website","url":"https:\/\/dev.freakuence.nl\/fr\/","name":"Freakuence!","description":"Freakuence!","alternateName":"Freakuence","potentialAction":[{"@type":"SearchAction","target":{"@type":"EntryPoint","urlTemplate":"https:\/\/dev.freakuence.nl\/fr\/?s={search_term_string}"},"query-input":{"@type":"PropertyValueSpecification","valueRequired":true,"valueName":"search_term_string"}}],"inLanguage":"fr-FR"}]}},"_links":{"self":[{"href":"https:\/\/dev.freakuence.nl\/fr\/wp-json\/wp\/v2\/product\/317828","targetHints":{"allow":["GET"]}}],"collection":[{"href":"https:\/\/dev.freakuence.nl\/fr\/wp-json\/wp\/v2\/product"}],"about":[{"href":"https:\/\/dev.freakuence.nl\/fr\/wp-json\/wp\/v2\/types\/product"}],"version-history":[{"count":0,"href":"https:\/\/dev.freakuence.nl\/fr\/wp-json\/wp\/v2\/product\/317828\/revisions"}],"wp:attachment":[{"href":"https:\/\/dev.freakuence.nl\/fr\/wp-json\/wp\/v2\/media?parent=317828"}],"wp:term":[{"taxonomy":"product_brand","embeddable":true,"href":"https:\/\/dev.freakuence.nl\/fr\/wp-json\/wp\/v2\/product_brand?post=317828"},{"taxonomy":"product_cat","embeddable":true,"href":"https:\/\/dev.freakuence.nl\/fr\/wp-json\/wp\/v2\/product_cat?post=317828"},{"taxonomy":"product_tag","embeddable":true,"href":"https:\/\/dev.freakuence.nl\/fr\/wp-json\/wp\/v2\/product_tag?post=317828"}],"curies":[{"name":"wp","href":"https:\/\/api.w.org\/{rel}","templated":true}]}}