{"id":317866,"date":"2026-04-02T08:08:57","date_gmt":"2026-04-02T06:08:57","guid":{"rendered":"https:\/\/dev.freakuence.nl\/product\/diapason-adamantes-iii\/"},"modified":"2026-04-02T09:16:38","modified_gmt":"2026-04-02T07:16:38","slug":"diapason-adamantes-iii","status":"publish","type":"product","link":"https:\/\/dev.freakuence.nl\/fr\/produit\/diapason-adamantes-iii\/","title":{"rendered":"Diapason Adamantes III"},"content":{"rendered":"<div class=\"product-specifications-list\">\n<div class=\"specification-item row-header\"><span class=\"spec-content\"><strong>Description Freakuence !<\/strong><\/span><\/div>\n<div class=\"specification-item row-even\"><span class=\"spec-content\">Merveilleux son provenant d&rsquo;une cabine. Tr\u00e8s beau. Des moniteurs italiens \u00e0 prendre au s\u00e9rieux. Laissez-vous s\u00e9duire par la sophistication qui se cache dans la sophistication. Qu&rsquo;est-ce que c&rsquo;est que \u00e7a ? Nous vous entendons penser et crier&#8230;. Eh bien, c&rsquo;est lorsqu&rsquo;un grand nombre de sons d\u00e9connect\u00e9s sont projet\u00e9s vers vos oreilles exactement au m\u00eame moment.     <\/span><\/div>\n<div class=\"specification-item row-odd\"><span class=\"spec-content\">Prix de vente au d\u00e9tail : 5395.00<\/span><\/div>\n<div class=\"specification-item row-header\"><span class=\"spec-content\"><strong>Histoire de la marque<\/strong><\/span><\/div>\n<div class=\"specification-item row-even\"><span class=\"spec-content\">Diapason a \u00e9t\u00e9 fond\u00e9 en 1987 par Alessandro Schiavi en Italie. L&rsquo;origine de la marque r\u00e9side dans la collaboration entre des ing\u00e9nieurs exp\u00e9riment\u00e9s dans l&rsquo;instrumentation de mesure. Le premier mod\u00e8le, le Prelude, a \u00e9t\u00e9 d\u00e9velopp\u00e9 dans le but d&rsquo;obtenir une reproduction naturelle du timbre. Depuis, Diapason a sorti plusieurs mod\u00e8les, dont Adamantes en 1989 et Micra en 1991. En 2001, la marque a introduit le Karis, suivi de produits tels que l&rsquo;Astera, le Neos et le Romagna. Les mod\u00e8les sont con\u00e7us avec une attention particuli\u00e8re pour le choix des mat\u00e9riaux. La production a lieu en Italie et les bo\u00eetiers sont en bois massif. Les mod\u00e8les se caract\u00e9risent par l&rsquo;utilisation de g\u00e9om\u00e9tries sp\u00e9cifiques. Diapason propose un nombre limit\u00e9 de mod\u00e8les et travaille avec des composants s\u00e9lectionn\u00e9s pour leurs propri\u00e9t\u00e9s acoustiques. Le d\u00e9veloppement et l&rsquo;assemblage sont r\u00e9alis\u00e9s en interne.         <\/span><\/div>\n<\/div>\n","protected":false},"excerpt":{"rendered":"<p>Description Freakuence ! Merveilleux son provenant d&rsquo;une cabine. Tr\u00e8s beau. Des moniteurs italiens \u00e0 prendre au s\u00e9rieux. Laissez-vous s\u00e9duire par la sophistication qui se cache dans la sophistication. Qu&rsquo;est-ce que c&rsquo;est que \u00e7a ? Nous vous entendons penser et crier&#8230;. Eh bien, c&rsquo;est lorsqu&rsquo;un grand nombre de sons d\u00e9connect\u00e9s sont projet\u00e9s vers vos oreilles exactement [&hellip;]<\/p>\n","protected":false},"featured_media":0,"template":"","meta":{"_acf_changed":false,"inline_featured_image":false},"product_brand":[],"product_cat":[551],"product_tag":[554],"class_list":{"0":"post-317866","1":"product","2":"type-product","3":"status-publish","5":"product_cat-intervenants","6":"product_tag-used","7":"pa_kleur-noir","9":"first","10":"onbackorder","11":"sold-individually","12":"purchasable","13":"product-type-variable"},"acf":[],"yoast_head":"<!-- This site is optimized with the Yoast SEO plugin v25.9 - https:\/\/yoast.com\/wordpress\/plugins\/seo\/ -->\n<title>Diapason Adamantes III | Freakuence!<\/title>\n<meta name=\"robots\" content=\"noindex, follow, max-snippet:-1, max-image-preview:large, max-video-preview:-1\" \/>\n<meta property=\"og:locale\" content=\"fr_FR\" \/>\n<meta property=\"og:type\" content=\"article\" \/>\n<meta property=\"og:title\" content=\"Diapason Adamantes III | Freakuence!\" \/>\n<meta property=\"og:description\" content=\"Description Freakuence ! Merveilleux son provenant d&rsquo;une cabine. Tr\u00e8s beau. Des moniteurs italiens \u00e0 prendre au s\u00e9rieux. Laissez-vous s\u00e9duire par la sophistication qui se cache dans la sophistication. Qu&rsquo;est-ce que c&rsquo;est que \u00e7a ? Nous vous entendons penser et crier&#8230;. Eh bien, c&rsquo;est lorsqu&rsquo;un grand nombre de sons d\u00e9connect\u00e9s sont projet\u00e9s vers vos oreilles exactement [&hellip;]\" \/>\n<meta property=\"og:url\" content=\"https:\/\/dev.freakuence.nl\/fr\/produit\/diapason-adamantes-iii\/\" \/>\n<meta property=\"og:site_name\" content=\"Freakuence!\" \/>\n<meta property=\"article:modified_time\" content=\"2026-04-02T07:16:38+00:00\" \/>\n<meta name=\"twitter:card\" content=\"summary_large_image\" \/>\n<script type=\"application\/ld+json\" class=\"yoast-schema-graph\">{\"@context\":\"https:\/\/schema.org\",\"@graph\":[{\"@type\":\"WebPage\",\"@id\":\"https:\/\/dev.freakuence.nl\/fr\/produit\/diapason-adamantes-iii\/\",\"url\":\"https:\/\/dev.freakuence.nl\/fr\/produit\/diapason-adamantes-iii\/\",\"name\":\"Diapason Adamantes III | Freakuence!\",\"isPartOf\":{\"@id\":\"https:\/\/dev.freakuence.nl\/fr\/#website\"},\"datePublished\":\"2026-04-02T06:08:57+00:00\",\"dateModified\":\"2026-04-02T07:16:38+00:00\",\"breadcrumb\":{\"@id\":\"https:\/\/dev.freakuence.nl\/fr\/produit\/diapason-adamantes-iii\/#breadcrumb\"},\"inLanguage\":\"fr-FR\",\"potentialAction\":[{\"@type\":\"ReadAction\",\"target\":[\"https:\/\/dev.freakuence.nl\/fr\/produit\/diapason-adamantes-iii\/\"]}]},{\"@type\":\"BreadcrumbList\",\"@id\":\"https:\/\/dev.freakuence.nl\/fr\/produit\/diapason-adamantes-iii\/#breadcrumb\",\"itemListElement\":[{\"@type\":\"ListItem\",\"position\":1,\"name\":\"Accueil\",\"item\":\"https:\/\/dev.freakuence.nl\/fr\/\"},{\"@type\":\"ListItem\",\"position\":2,\"name\":\"Products\",\"item\":\"https:\/\/dev.freakuence.nl\/en\/products\/\"},{\"@type\":\"ListItem\",\"position\":3,\"name\":\"Diapason Adamantes III\"}]},{\"@type\":\"WebSite\",\"@id\":\"https:\/\/dev.freakuence.nl\/fr\/#website\",\"url\":\"https:\/\/dev.freakuence.nl\/fr\/\",\"name\":\"Freakuence!\",\"description\":\"Freakuence!\",\"alternateName\":\"Freakuence\",\"potentialAction\":[{\"@type\":\"SearchAction\",\"target\":{\"@type\":\"EntryPoint\",\"urlTemplate\":\"https:\/\/dev.freakuence.nl\/fr\/?s={search_term_string}\"},\"query-input\":{\"@type\":\"PropertyValueSpecification\",\"valueRequired\":true,\"valueName\":\"search_term_string\"}}],\"inLanguage\":\"fr-FR\"}]}<\/script>\n<!-- \/ Yoast SEO plugin. -->","yoast_head_json":{"title":"Diapason Adamantes III | Freakuence!","robots":{"index":"noindex","follow":"follow","max-snippet":"max-snippet:-1","max-image-preview":"max-image-preview:large","max-video-preview":"max-video-preview:-1"},"og_locale":"fr_FR","og_type":"article","og_title":"Diapason Adamantes III | Freakuence!","og_description":"Description Freakuence ! Merveilleux son provenant d&rsquo;une cabine. Tr\u00e8s beau. Des moniteurs italiens \u00e0 prendre au s\u00e9rieux. Laissez-vous s\u00e9duire par la sophistication qui se cache dans la sophistication. Qu&rsquo;est-ce que c&rsquo;est que \u00e7a ? Nous vous entendons penser et crier&#8230;. Eh bien, c&rsquo;est lorsqu&rsquo;un grand nombre de sons d\u00e9connect\u00e9s sont projet\u00e9s vers vos oreilles exactement [&hellip;]","og_url":"https:\/\/dev.freakuence.nl\/fr\/produit\/diapason-adamantes-iii\/","og_site_name":"Freakuence!","article_modified_time":"2026-04-02T07:16:38+00:00","twitter_card":"summary_large_image","schema":{"@context":"https:\/\/schema.org","@graph":[{"@type":"WebPage","@id":"https:\/\/dev.freakuence.nl\/fr\/produit\/diapason-adamantes-iii\/","url":"https:\/\/dev.freakuence.nl\/fr\/produit\/diapason-adamantes-iii\/","name":"Diapason Adamantes III | Freakuence!","isPartOf":{"@id":"https:\/\/dev.freakuence.nl\/fr\/#website"},"datePublished":"2026-04-02T06:08:57+00:00","dateModified":"2026-04-02T07:16:38+00:00","breadcrumb":{"@id":"https:\/\/dev.freakuence.nl\/fr\/produit\/diapason-adamantes-iii\/#breadcrumb"},"inLanguage":"fr-FR","potentialAction":[{"@type":"ReadAction","target":["https:\/\/dev.freakuence.nl\/fr\/produit\/diapason-adamantes-iii\/"]}]},{"@type":"BreadcrumbList","@id":"https:\/\/dev.freakuence.nl\/fr\/produit\/diapason-adamantes-iii\/#breadcrumb","itemListElement":[{"@type":"ListItem","position":1,"name":"Accueil","item":"https:\/\/dev.freakuence.nl\/fr\/"},{"@type":"ListItem","position":2,"name":"Products","item":"https:\/\/dev.freakuence.nl\/en\/products\/"},{"@type":"ListItem","position":3,"name":"Diapason Adamantes III"}]},{"@type":"WebSite","@id":"https:\/\/dev.freakuence.nl\/fr\/#website","url":"https:\/\/dev.freakuence.nl\/fr\/","name":"Freakuence!","description":"Freakuence!","alternateName":"Freakuence","potentialAction":[{"@type":"SearchAction","target":{"@type":"EntryPoint","urlTemplate":"https:\/\/dev.freakuence.nl\/fr\/?s={search_term_string}"},"query-input":{"@type":"PropertyValueSpecification","valueRequired":true,"valueName":"search_term_string"}}],"inLanguage":"fr-FR"}]}},"_links":{"self":[{"href":"https:\/\/dev.freakuence.nl\/fr\/wp-json\/wp\/v2\/product\/317866","targetHints":{"allow":["GET"]}}],"collection":[{"href":"https:\/\/dev.freakuence.nl\/fr\/wp-json\/wp\/v2\/product"}],"about":[{"href":"https:\/\/dev.freakuence.nl\/fr\/wp-json\/wp\/v2\/types\/product"}],"version-history":[{"count":1,"href":"https:\/\/dev.freakuence.nl\/fr\/wp-json\/wp\/v2\/product\/317866\/revisions"}],"predecessor-version":[{"id":317872,"href":"https:\/\/dev.freakuence.nl\/fr\/wp-json\/wp\/v2\/product\/317866\/revisions\/317872"}],"wp:attachment":[{"href":"https:\/\/dev.freakuence.nl\/fr\/wp-json\/wp\/v2\/media?parent=317866"}],"wp:term":[{"taxonomy":"product_brand","embeddable":true,"href":"https:\/\/dev.freakuence.nl\/fr\/wp-json\/wp\/v2\/product_brand?post=317866"},{"taxonomy":"product_cat","embeddable":true,"href":"https:\/\/dev.freakuence.nl\/fr\/wp-json\/wp\/v2\/product_cat?post=317866"},{"taxonomy":"product_tag","embeddable":true,"href":"https:\/\/dev.freakuence.nl\/fr\/wp-json\/wp\/v2\/product_tag?post=317866"}],"curies":[{"name":"wp","href":"https:\/\/api.w.org\/{rel}","templated":true}]}}