{"id":317886,"date":"2026-04-02T08:13:39","date_gmt":"2026-04-02T06:13:39","guid":{"rendered":"https:\/\/dev.freakuence.nl\/product\/hifi-rose-rs150-3\/"},"modified":"2026-04-02T08:14:03","modified_gmt":"2026-04-02T06:14:03","slug":"hifi-rose-rs150-3","status":"publish","type":"product","link":"https:\/\/dev.freakuence.nl\/fr\/produit\/hifi-rose-rs150-3\/","title":{"rendered":"Hifi Rose RS150"},"content":{"rendered":"<div class=\"product-specifications-list\">\n<div class=\"specification-item row-header\"><span class=\"spec-content\"><strong>Description Freakuence !<\/strong><\/span><\/div>\n<div class=\"specification-item row-even\"><span class=\"spec-content\">Affichage : haut. Affichage : haut : Fonctionnement : haut. Tout est bien r\u00e9parti dans la pi\u00e8ce, l&rsquo;image st\u00e9r\u00e9o est belle et claire, la mise en sc\u00e8ne est correcte. Les d\u00e9tails laissent peu \u00e0 d\u00e9sirer.    Le RS150 est donc la \u00ab\u00a0version non-B\u00a0\u00bb, il est \u00e9quip\u00e9 de la puce AKM.<\/span><\/div>\n<div class=\"specification-item row-header\"><span class=\"spec-content\"><strong>Description g\u00e9n\u00e9rale<\/strong><\/span><\/div>\n<div class=\"specification-item row-even\"><span class=\"spec-content\">Le HiFi Rose RS150 est un lecteur r\u00e9seau polyvalent qui combine la lecture audio et vid\u00e9o. L&rsquo;appareil est dot\u00e9 d&rsquo;un grand \u00e9cran tactile de 14,9 pouces couvrant toute la face avant, offrant une utilisation intuitive et un affichage clair des pochettes d&rsquo;album, des VU-m\u00e8tres et m\u00eame des vid\u00e9os 4K.<\/span><\/div>\n<div class=\"specification-item row-odd\"><span class=\"spec-content\">Gr\u00e2ce \u00e0 la prise en charge de divers services de streaming tels que Spotify, Tidal et Qobuz, le RS150 permet d&rsquo;acc\u00e9der \u00e0 un large \u00e9ventail de musique. Il est \u00e9galement possible de diffuser de la musique via AirPlay, DLNA ou Roon.  L&rsquo;appareil prend \u00e9galement en charge les fichiers MQA, ce qui vous permet de profiter pleinement de la collection Tidal Master.<\/span><\/div>\n<div class=\"specification-item row-even\"><span class=\"spec-content\">Le RS150 est \u00e9quip\u00e9 d&rsquo;une puce DAC de haute qualit\u00e9 et d&rsquo;une alimentation lin\u00e9aire, contribuant \u00e0 une reproduction sonore claire et d\u00e9taill\u00e9e. Le ch\u00e2ssis est constitu\u00e9 d&rsquo;un solide bloc d&rsquo;aluminium, ce qui minimise les vibrations et augmente la durabilit\u00e9.<\/span><\/div>\n<div class=\"specification-item row-odd\"><span class=\"spec-content\">En termes de connectivit\u00e9, le RS150 offre diverses entr\u00e9es et sorties analogiques et num\u00e9riques, y compris des sorties XLR sym\u00e9triques, des entr\u00e9es audio USB et des ports HDMI. Il est \u00e9galement possible d&rsquo;installer un disque SSD interne pour le stockage des fichiers musicaux.<\/span><\/div>\n<div class=\"specification-item row-even\"><span class=\"spec-content\">Le RS150 est une solution compl\u00e8te pour les passionn\u00e9s qui souhaitent int\u00e9grer \u00e0 la fois l&rsquo;audio et la vid\u00e9o dans leur exp\u00e9rience d&rsquo;\u00e9coute.<\/span><\/div>\n<div class=\"specification-item row-header\"><span class=\"spec-content\"><strong>Histoire de la marque<\/strong><\/span><\/div>\n<div class=\"specification-item row-even\"><span class=\"spec-content\">Hifi Rose est une marque de la soci\u00e9t\u00e9 sud-cor\u00e9enne Citech Co, Ltd, qui se consacre depuis 2017 au d\u00e9veloppement de composants audio de haute qualit\u00e9 dans la cat\u00e9gorie des streamers r\u00e9seau et des lecteurs tout-en-un. La marque utilise des plateformes mat\u00e9rielles et logicielles propri\u00e9taires, notamment le syst\u00e8me d&rsquo;exploitation ROSE OS bas\u00e9 sur Android. Les appareils de Hifi Rose utilisent un \u00e9cran tactile LCD int\u00e9gr\u00e9 sur toute la largeur de la face avant. Ce faisant, la marque prend en charge les services de streaming populaires tels que TIDAL, Qobuz et Apple Music. La lecture musicale s&rsquo;effectue via des sorties analogiques et num\u00e9riques, selon le mod\u00e8le. Le stockage local est possible via des unit\u00e9s de stockage internes ou des interfaces USB et MicroSD externes. Les appareils peuvent \u00e9galement servir de lecteur de CD en connectant un lecteur de CD-ROM externe. La lecture musicale est compatible avec les formats jusqu&rsquo;\u00e0 DSD512 et PCM 32 bits\/768 kHz.       <\/span><\/div>\n<\/div>\n","protected":false},"excerpt":{"rendered":"<p>Description Freakuence ! Affichage : haut. Affichage : haut : Fonctionnement : haut. Tout est bien r\u00e9parti dans la pi\u00e8ce, l&rsquo;image st\u00e9r\u00e9o est belle et claire, la mise en sc\u00e8ne est correcte. Les d\u00e9tails laissent peu \u00e0 d\u00e9sirer. Le RS150 est donc la \u00ab\u00a0version non-B\u00a0\u00bb, il est \u00e9quip\u00e9 de la puce AKM. Description g\u00e9n\u00e9rale Le [&hellip;]<\/p>\n","protected":false},"featured_media":0,"template":"","meta":{"_acf_changed":false,"inline_featured_image":false},"product_brand":[],"product_cat":[595],"product_tag":[554],"class_list":{"0":"post-317886","1":"product","2":"type-product","3":"status-publish","5":"product_cat-dac-et-streamers","6":"product_tag-used","7":"pa_kleur-noir","9":"first","10":"instock","11":"sold-individually","12":"taxable","13":"shipping-taxable","14":"purchasable","15":"product-type-simple"},"acf":[],"yoast_head":"<!-- This site is optimized with the Yoast SEO plugin v25.9 - https:\/\/yoast.com\/wordpress\/plugins\/seo\/ -->\n<title>Hifi Rose RS150 | Freakuence!<\/title>\n<meta name=\"robots\" content=\"noindex, follow, max-snippet:-1, max-image-preview:large, max-video-preview:-1\" \/>\n<meta property=\"og:locale\" content=\"fr_FR\" \/>\n<meta property=\"og:type\" content=\"article\" \/>\n<meta property=\"og:title\" content=\"Hifi Rose RS150 | Freakuence!\" \/>\n<meta property=\"og:description\" content=\"Description Freakuence ! Affichage : haut. Affichage : haut : Fonctionnement : haut. Tout est bien r\u00e9parti dans la pi\u00e8ce, l&rsquo;image st\u00e9r\u00e9o est belle et claire, la mise en sc\u00e8ne est correcte. Les d\u00e9tails laissent peu \u00e0 d\u00e9sirer. Le RS150 est donc la \u00ab\u00a0version non-B\u00a0\u00bb, il est \u00e9quip\u00e9 de la puce AKM. Description g\u00e9n\u00e9rale Le [&hellip;]\" \/>\n<meta property=\"og:url\" content=\"https:\/\/dev.freakuence.nl\/fr\/produit\/hifi-rose-rs150-3\/\" \/>\n<meta property=\"og:site_name\" content=\"Freakuence!\" \/>\n<meta property=\"article:modified_time\" content=\"2026-04-02T06:14:03+00:00\" \/>\n<meta name=\"twitter:card\" content=\"summary_large_image\" \/>\n<script type=\"application\/ld+json\" class=\"yoast-schema-graph\">{\"@context\":\"https:\/\/schema.org\",\"@graph\":[{\"@type\":\"WebPage\",\"@id\":\"https:\/\/dev.freakuence.nl\/fr\/produit\/hifi-rose-rs150-3\/\",\"url\":\"https:\/\/dev.freakuence.nl\/fr\/produit\/hifi-rose-rs150-3\/\",\"name\":\"Hifi Rose RS150 | Freakuence!\",\"isPartOf\":{\"@id\":\"https:\/\/dev.freakuence.nl\/fr\/#website\"},\"datePublished\":\"2026-04-02T06:13:39+00:00\",\"dateModified\":\"2026-04-02T06:14:03+00:00\",\"breadcrumb\":{\"@id\":\"https:\/\/dev.freakuence.nl\/fr\/produit\/hifi-rose-rs150-3\/#breadcrumb\"},\"inLanguage\":\"fr-FR\",\"potentialAction\":[{\"@type\":\"ReadAction\",\"target\":[\"https:\/\/dev.freakuence.nl\/fr\/produit\/hifi-rose-rs150-3\/\"]}]},{\"@type\":\"BreadcrumbList\",\"@id\":\"https:\/\/dev.freakuence.nl\/fr\/produit\/hifi-rose-rs150-3\/#breadcrumb\",\"itemListElement\":[{\"@type\":\"ListItem\",\"position\":1,\"name\":\"Home\",\"item\":\"https:\/\/dev.freakuence.nl\/fr\/\"},{\"@type\":\"ListItem\",\"position\":2,\"name\":\"Products\",\"item\":\"https:\/\/dev.freakuence.nl\/en\/products\/\"},{\"@type\":\"ListItem\",\"position\":3,\"name\":\"Hifi Rose RS150\"}]},{\"@type\":\"WebSite\",\"@id\":\"https:\/\/dev.freakuence.nl\/fr\/#website\",\"url\":\"https:\/\/dev.freakuence.nl\/fr\/\",\"name\":\"Freakuence!\",\"description\":\"Freakuence!\",\"alternateName\":\"Freakuence\",\"potentialAction\":[{\"@type\":\"SearchAction\",\"target\":{\"@type\":\"EntryPoint\",\"urlTemplate\":\"https:\/\/dev.freakuence.nl\/fr\/?s={search_term_string}\"},\"query-input\":{\"@type\":\"PropertyValueSpecification\",\"valueRequired\":true,\"valueName\":\"search_term_string\"}}],\"inLanguage\":\"fr-FR\"}]}<\/script>\n<!-- \/ Yoast SEO plugin. -->","yoast_head_json":{"title":"Hifi Rose RS150 | Freakuence!","robots":{"index":"noindex","follow":"follow","max-snippet":"max-snippet:-1","max-image-preview":"max-image-preview:large","max-video-preview":"max-video-preview:-1"},"og_locale":"fr_FR","og_type":"article","og_title":"Hifi Rose RS150 | Freakuence!","og_description":"Description Freakuence ! Affichage : haut. Affichage : haut : Fonctionnement : haut. Tout est bien r\u00e9parti dans la pi\u00e8ce, l&rsquo;image st\u00e9r\u00e9o est belle et claire, la mise en sc\u00e8ne est correcte. Les d\u00e9tails laissent peu \u00e0 d\u00e9sirer. Le RS150 est donc la \u00ab\u00a0version non-B\u00a0\u00bb, il est \u00e9quip\u00e9 de la puce AKM. Description g\u00e9n\u00e9rale Le [&hellip;]","og_url":"https:\/\/dev.freakuence.nl\/fr\/produit\/hifi-rose-rs150-3\/","og_site_name":"Freakuence!","article_modified_time":"2026-04-02T06:14:03+00:00","twitter_card":"summary_large_image","schema":{"@context":"https:\/\/schema.org","@graph":[{"@type":"WebPage","@id":"https:\/\/dev.freakuence.nl\/fr\/produit\/hifi-rose-rs150-3\/","url":"https:\/\/dev.freakuence.nl\/fr\/produit\/hifi-rose-rs150-3\/","name":"Hifi Rose RS150 | Freakuence!","isPartOf":{"@id":"https:\/\/dev.freakuence.nl\/fr\/#website"},"datePublished":"2026-04-02T06:13:39+00:00","dateModified":"2026-04-02T06:14:03+00:00","breadcrumb":{"@id":"https:\/\/dev.freakuence.nl\/fr\/produit\/hifi-rose-rs150-3\/#breadcrumb"},"inLanguage":"fr-FR","potentialAction":[{"@type":"ReadAction","target":["https:\/\/dev.freakuence.nl\/fr\/produit\/hifi-rose-rs150-3\/"]}]},{"@type":"BreadcrumbList","@id":"https:\/\/dev.freakuence.nl\/fr\/produit\/hifi-rose-rs150-3\/#breadcrumb","itemListElement":[{"@type":"ListItem","position":1,"name":"Home","item":"https:\/\/dev.freakuence.nl\/fr\/"},{"@type":"ListItem","position":2,"name":"Products","item":"https:\/\/dev.freakuence.nl\/en\/products\/"},{"@type":"ListItem","position":3,"name":"Hifi Rose RS150"}]},{"@type":"WebSite","@id":"https:\/\/dev.freakuence.nl\/fr\/#website","url":"https:\/\/dev.freakuence.nl\/fr\/","name":"Freakuence!","description":"Freakuence!","alternateName":"Freakuence","potentialAction":[{"@type":"SearchAction","target":{"@type":"EntryPoint","urlTemplate":"https:\/\/dev.freakuence.nl\/fr\/?s={search_term_string}"},"query-input":{"@type":"PropertyValueSpecification","valueRequired":true,"valueName":"search_term_string"}}],"inLanguage":"fr-FR"}]}},"_links":{"self":[{"href":"https:\/\/dev.freakuence.nl\/fr\/wp-json\/wp\/v2\/product\/317886","targetHints":{"allow":["GET"]}}],"collection":[{"href":"https:\/\/dev.freakuence.nl\/fr\/wp-json\/wp\/v2\/product"}],"about":[{"href":"https:\/\/dev.freakuence.nl\/fr\/wp-json\/wp\/v2\/types\/product"}],"version-history":[{"count":1,"href":"https:\/\/dev.freakuence.nl\/fr\/wp-json\/wp\/v2\/product\/317886\/revisions"}],"predecessor-version":[{"id":317888,"href":"https:\/\/dev.freakuence.nl\/fr\/wp-json\/wp\/v2\/product\/317886\/revisions\/317888"}],"wp:attachment":[{"href":"https:\/\/dev.freakuence.nl\/fr\/wp-json\/wp\/v2\/media?parent=317886"}],"wp:term":[{"taxonomy":"product_brand","embeddable":true,"href":"https:\/\/dev.freakuence.nl\/fr\/wp-json\/wp\/v2\/product_brand?post=317886"},{"taxonomy":"product_cat","embeddable":true,"href":"https:\/\/dev.freakuence.nl\/fr\/wp-json\/wp\/v2\/product_cat?post=317886"},{"taxonomy":"product_tag","embeddable":true,"href":"https:\/\/dev.freakuence.nl\/fr\/wp-json\/wp\/v2\/product_tag?post=317886"}],"curies":[{"name":"wp","href":"https:\/\/api.w.org\/{rel}","templated":true}]}}