{"id":317892,"date":"2026-04-02T08:15:08","date_gmt":"2026-04-02T06:15:08","guid":{"rendered":"https:\/\/dev.freakuence.nl\/product\/primaluna-dialogue-premium-hp-3\/"},"modified":"2026-04-02T08:15:08","modified_gmt":"2026-04-02T06:15:08","slug":"primaluna-dialogue-premium-hp-3","status":"publish","type":"product","link":"https:\/\/dev.freakuence.nl\/fr\/produit\/primaluna-dialogue-premium-hp-3\/","title":{"rendered":"PrimaLuna DiaLogue Premium HP"},"content":{"rendered":"<div class=\"product-specifications-list\">\n<div class=\"specification-item row-header\"><span class=\"spec-content\"><strong>Description Freakuence !<\/strong><\/span><\/div>\n<div class=\"specification-item row-even\"><span class=\"spec-content\">Amplificateur \u00e0 tubes Uber de PrimaLuna. Allumez = appr\u00e9ciez. Pour les amateurs de reproduction riche et pleine. Puissant, donc tr\u00e8s performant. Regardez-le !    <\/span><\/div>\n<div class=\"specification-item row-odd\"><span class=\"spec-content\">Prix de vente au d\u00e9tail : 4050.00<\/span><\/div>\n<div class=\"specification-item row-header\"><span class=\"spec-content\"><strong>Description g\u00e9n\u00e9rale<\/strong><\/span><\/div>\n<div class=\"specification-item row-even\"><span class=\"spec-content\">Cet amplificateur de puissance \u00e0 tubes d\u00e9livre 70 watts par canal en mode ultralin\u00e9aire avec des tubes EL34 et 40 watts en mode triode. La gamme de fr\u00e9quences s&rsquo;\u00e9tend de 7Hz \u00e0 70kHz, avec une distorsion harmonique totale inf\u00e9rieure \u00e0 0,1% \u00e0 1W\/1kHz. Le rapport signal\/bruit est de 92 dB et la sensibilit\u00e9 d&rsquo;entr\u00e9e est de 320 mV. L&rsquo;amplificateur est \u00e9quip\u00e9 d&rsquo;un commutateur de polarisation EL34\/KT88, permettant de passer facilement d&rsquo;un type de tube \u00e0 l&rsquo;autre. La configuration des tubes consiste en six 12AU7 et huit EL34, avec la possibilit\u00e9 d&rsquo;utiliser des tubes KT88 ou KT120. Mesurant 410 mm de large, 210 mm de haut et 390 mm de profondeur, pour un poids de 30,1 kg, il constitue un choix solide pour les amateurs de technologie \u00e0 tubes.     <\/span><\/div>\n<div class=\"specification-item row-header\"><span class=\"spec-content\"><strong>Histoire de la marque<\/strong><\/span><\/div>\n<div class=\"specification-item row-even\"><span class=\"spec-content\">PrimaLuna est une marque audio n\u00e9erlandaise fond\u00e9e en 2003 par Herman van den Dungen. La marque est connue pour ses amplificateurs \u00e0 tubes et a introduit plusieurs lignes de produits au fil des ans, notamment les s\u00e9ries ProLogue, DiaLogue et Evo. Les produits sont con\u00e7us aux Pays-Bas et fabriqu\u00e9s en Chine. PrimaLuna a re\u00e7u plusieurs prix internationaux pour ses produits. La marque est distribu\u00e9e dans le monde entier et est disponible dans plusieurs pays.    <\/span><\/div>\n<\/div>\n","protected":false},"excerpt":{"rendered":"<p>Description Freakuence ! Amplificateur \u00e0 tubes Uber de PrimaLuna. Allumez = appr\u00e9ciez. Pour les amateurs de reproduction riche et pleine. Puissant, donc tr\u00e8s performant. Regardez-le ! Prix de vente au d\u00e9tail : 4050.00 Description g\u00e9n\u00e9rale Cet amplificateur de puissance \u00e0 tubes d\u00e9livre 70 watts par canal en mode ultralin\u00e9aire avec des tubes EL34 et 40 [&hellip;]<\/p>\n","protected":false},"featured_media":0,"template":"","meta":{"_acf_changed":false,"inline_featured_image":false},"product_brand":[],"product_cat":[558,583],"product_tag":[554],"class_list":{"0":"post-317892","1":"product","2":"type-product","3":"status-publish","5":"product_cat-amplificateurs","6":"product_cat-amplificateurs-a-tubes","7":"product_tag-used","8":"pa_kleur-noir","10":"first","11":"onbackorder","12":"sold-individually","13":"product-type-variable"},"acf":[],"yoast_head":"<!-- This site is optimized with the Yoast SEO plugin v25.9 - https:\/\/yoast.com\/wordpress\/plugins\/seo\/ -->\n<title>PrimaLuna DiaLogue Premium HP | Freakuence!<\/title>\n<meta name=\"robots\" content=\"noindex, follow, max-snippet:-1, max-image-preview:large, max-video-preview:-1\" \/>\n<meta property=\"og:locale\" content=\"fr_FR\" \/>\n<meta property=\"og:type\" content=\"article\" \/>\n<meta property=\"og:title\" content=\"PrimaLuna DiaLogue Premium HP | Freakuence!\" \/>\n<meta property=\"og:description\" content=\"Description Freakuence ! Amplificateur \u00e0 tubes Uber de PrimaLuna. Allumez = appr\u00e9ciez. Pour les amateurs de reproduction riche et pleine. Puissant, donc tr\u00e8s performant. Regardez-le ! Prix de vente au d\u00e9tail : 4050.00 Description g\u00e9n\u00e9rale Cet amplificateur de puissance \u00e0 tubes d\u00e9livre 70 watts par canal en mode ultralin\u00e9aire avec des tubes EL34 et 40 [&hellip;]\" \/>\n<meta property=\"og:url\" content=\"https:\/\/dev.freakuence.nl\/fr\/produit\/primaluna-dialogue-premium-hp-3\/\" \/>\n<meta property=\"og:site_name\" content=\"Freakuence!\" \/>\n<meta name=\"twitter:card\" content=\"summary_large_image\" \/>\n<script type=\"application\/ld+json\" class=\"yoast-schema-graph\">{\"@context\":\"https:\/\/schema.org\",\"@graph\":[{\"@type\":\"WebPage\",\"@id\":\"https:\/\/dev.freakuence.nl\/fr\/produit\/primaluna-dialogue-premium-hp-3\/\",\"url\":\"https:\/\/dev.freakuence.nl\/fr\/produit\/primaluna-dialogue-premium-hp-3\/\",\"name\":\"PrimaLuna DiaLogue Premium HP | Freakuence!\",\"isPartOf\":{\"@id\":\"https:\/\/dev.freakuence.nl\/fr\/#website\"},\"datePublished\":\"2026-04-02T06:15:08+00:00\",\"breadcrumb\":{\"@id\":\"https:\/\/dev.freakuence.nl\/fr\/produit\/primaluna-dialogue-premium-hp-3\/#breadcrumb\"},\"inLanguage\":\"fr-FR\",\"potentialAction\":[{\"@type\":\"ReadAction\",\"target\":[\"https:\/\/dev.freakuence.nl\/fr\/produit\/primaluna-dialogue-premium-hp-3\/\"]}]},{\"@type\":\"BreadcrumbList\",\"@id\":\"https:\/\/dev.freakuence.nl\/fr\/produit\/primaluna-dialogue-premium-hp-3\/#breadcrumb\",\"itemListElement\":[{\"@type\":\"ListItem\",\"position\":1,\"name\":\"Accueil\",\"item\":\"https:\/\/dev.freakuence.nl\/fr\/\"},{\"@type\":\"ListItem\",\"position\":2,\"name\":\"Products\",\"item\":\"https:\/\/dev.freakuence.nl\/en\/products\/\"},{\"@type\":\"ListItem\",\"position\":3,\"name\":\"PrimaLuna DiaLogue Premium HP\"}]},{\"@type\":\"WebSite\",\"@id\":\"https:\/\/dev.freakuence.nl\/fr\/#website\",\"url\":\"https:\/\/dev.freakuence.nl\/fr\/\",\"name\":\"Freakuence!\",\"description\":\"Freakuence!\",\"alternateName\":\"Freakuence\",\"potentialAction\":[{\"@type\":\"SearchAction\",\"target\":{\"@type\":\"EntryPoint\",\"urlTemplate\":\"https:\/\/dev.freakuence.nl\/fr\/?s={search_term_string}\"},\"query-input\":{\"@type\":\"PropertyValueSpecification\",\"valueRequired\":true,\"valueName\":\"search_term_string\"}}],\"inLanguage\":\"fr-FR\"}]}<\/script>\n<!-- \/ Yoast SEO plugin. -->","yoast_head_json":{"title":"PrimaLuna DiaLogue Premium HP | Freakuence!","robots":{"index":"noindex","follow":"follow","max-snippet":"max-snippet:-1","max-image-preview":"max-image-preview:large","max-video-preview":"max-video-preview:-1"},"og_locale":"fr_FR","og_type":"article","og_title":"PrimaLuna DiaLogue Premium HP | Freakuence!","og_description":"Description Freakuence ! Amplificateur \u00e0 tubes Uber de PrimaLuna. Allumez = appr\u00e9ciez. Pour les amateurs de reproduction riche et pleine. Puissant, donc tr\u00e8s performant. Regardez-le ! Prix de vente au d\u00e9tail : 4050.00 Description g\u00e9n\u00e9rale Cet amplificateur de puissance \u00e0 tubes d\u00e9livre 70 watts par canal en mode ultralin\u00e9aire avec des tubes EL34 et 40 [&hellip;]","og_url":"https:\/\/dev.freakuence.nl\/fr\/produit\/primaluna-dialogue-premium-hp-3\/","og_site_name":"Freakuence!","twitter_card":"summary_large_image","schema":{"@context":"https:\/\/schema.org","@graph":[{"@type":"WebPage","@id":"https:\/\/dev.freakuence.nl\/fr\/produit\/primaluna-dialogue-premium-hp-3\/","url":"https:\/\/dev.freakuence.nl\/fr\/produit\/primaluna-dialogue-premium-hp-3\/","name":"PrimaLuna DiaLogue Premium HP | Freakuence!","isPartOf":{"@id":"https:\/\/dev.freakuence.nl\/fr\/#website"},"datePublished":"2026-04-02T06:15:08+00:00","breadcrumb":{"@id":"https:\/\/dev.freakuence.nl\/fr\/produit\/primaluna-dialogue-premium-hp-3\/#breadcrumb"},"inLanguage":"fr-FR","potentialAction":[{"@type":"ReadAction","target":["https:\/\/dev.freakuence.nl\/fr\/produit\/primaluna-dialogue-premium-hp-3\/"]}]},{"@type":"BreadcrumbList","@id":"https:\/\/dev.freakuence.nl\/fr\/produit\/primaluna-dialogue-premium-hp-3\/#breadcrumb","itemListElement":[{"@type":"ListItem","position":1,"name":"Accueil","item":"https:\/\/dev.freakuence.nl\/fr\/"},{"@type":"ListItem","position":2,"name":"Products","item":"https:\/\/dev.freakuence.nl\/en\/products\/"},{"@type":"ListItem","position":3,"name":"PrimaLuna DiaLogue Premium HP"}]},{"@type":"WebSite","@id":"https:\/\/dev.freakuence.nl\/fr\/#website","url":"https:\/\/dev.freakuence.nl\/fr\/","name":"Freakuence!","description":"Freakuence!","alternateName":"Freakuence","potentialAction":[{"@type":"SearchAction","target":{"@type":"EntryPoint","urlTemplate":"https:\/\/dev.freakuence.nl\/fr\/?s={search_term_string}"},"query-input":{"@type":"PropertyValueSpecification","valueRequired":true,"valueName":"search_term_string"}}],"inLanguage":"fr-FR"}]}},"_links":{"self":[{"href":"https:\/\/dev.freakuence.nl\/fr\/wp-json\/wp\/v2\/product\/317892","targetHints":{"allow":["GET"]}}],"collection":[{"href":"https:\/\/dev.freakuence.nl\/fr\/wp-json\/wp\/v2\/product"}],"about":[{"href":"https:\/\/dev.freakuence.nl\/fr\/wp-json\/wp\/v2\/types\/product"}],"version-history":[{"count":0,"href":"https:\/\/dev.freakuence.nl\/fr\/wp-json\/wp\/v2\/product\/317892\/revisions"}],"wp:attachment":[{"href":"https:\/\/dev.freakuence.nl\/fr\/wp-json\/wp\/v2\/media?parent=317892"}],"wp:term":[{"taxonomy":"product_brand","embeddable":true,"href":"https:\/\/dev.freakuence.nl\/fr\/wp-json\/wp\/v2\/product_brand?post=317892"},{"taxonomy":"product_cat","embeddable":true,"href":"https:\/\/dev.freakuence.nl\/fr\/wp-json\/wp\/v2\/product_cat?post=317892"},{"taxonomy":"product_tag","embeddable":true,"href":"https:\/\/dev.freakuence.nl\/fr\/wp-json\/wp\/v2\/product_tag?post=317892"}],"curies":[{"name":"wp","href":"https:\/\/api.w.org\/{rel}","templated":true}]}}