{"id":317909,"date":"2026-04-02T08:59:12","date_gmt":"2026-04-02T06:59:12","guid":{"rendered":"https:\/\/dev.freakuence.nl\/product\/audio-research-cd8\/"},"modified":"2026-04-02T08:59:12","modified_gmt":"2026-04-02T06:59:12","slug":"audio-research-cd8","status":"publish","type":"product","link":"https:\/\/dev.freakuence.nl\/fr\/produit\/audio-research-cd8\/","title":{"rendered":"Audio Research CD8"},"content":{"rendered":"<div class=\"product-specifications-list\">\n<div class=\"specification-item row-header\"><span class=\"spec-content\"><strong>Description Freakuence !<\/strong><\/span><\/div>\n<div class=\"specification-item row-even\"><span class=\"spec-content\">Quel bonheur ! Le tenir en main vous rend d\u00e9j\u00e0 heureux. Lourd, il promet. Ce lecteur offre une ouverture et une transparence sans pr\u00e9c\u00e9dent, avec des m\u00e9diums si agr\u00e9ables que vous \u00eates tr\u00e8s curieux de d\u00e9couvrir le prochain CD de la pile. Un lecteur de r\u00e9f\u00e9rence.    <\/span><\/div>\n<div class=\"specification-item row-header\"><span class=\"spec-content\"><strong>Description g\u00e9n\u00e9rale<\/strong><\/span><\/div>\n<div class=\"specification-item row-even\"><span class=\"spec-content\">Le CD8 d&rsquo;Audio Research est un lecteur de CD r\u00e9put\u00e9 pour sa reproduction sonore de haute qualit\u00e9. Avec une conception enti\u00e8rement \u00e9quilibr\u00e9e et un \u00e9tage de sortie analogique \u00e0 tubes, le CD8 offre un son chaud et naturel. Sa construction solide et l&rsquo;utilisation de composants de qualit\u00e9 contribuent \u00e0 sa fiabilit\u00e9 et \u00e0 sa durabilit\u00e9. Le CD8 dispose de sorties sym\u00e9triques et asym\u00e9triques, ce qui offre une grande souplesse lors de la connexion \u00e0 diff\u00e9rents amplificateurs et syst\u00e8mes audio. La conception \u00e0 chargement par le haut avec un m\u00e9canisme de transport Philips Pro-2 garantit une lecture fluide et pr\u00e9cise des CD. Avec son design intemporel et son souci du d\u00e9tail, le CD8 d&rsquo;Audio Research est un compl\u00e9ment pr\u00e9cieux pour les amateurs d&rsquo;\u00e9quipements audio de haute qualit\u00e9.     <\/span><\/div>\n<div class=\"specification-item row-header\"><span class=\"spec-content\"><strong>Informations g\u00e9n\u00e9rales<\/strong><\/span><\/div>\n<div class=\"specification-item row-even\"><span class=\"spec-content\">Con\u00e7u avec le m\u00eame soin et la m\u00eame philosophie que la s\u00e9rie Reference, le CD8 d&rsquo;Audio Research utilise une sortie \u00e0 tubes de classe A \u00e9quilibr\u00e9e (quatre tubes 6H30). L&rsquo;alimentation est largement r\u00e9gul\u00e9e pour minimiser le bruit. En interne, des composants de haute qualit\u00e9 tels que les condensateurs Custom Audio Research et le c\u00e2blage interne Neotech sont utilis\u00e9s. Le bo\u00eetier est en aluminium massif pour la solidit\u00e9 et l&rsquo;isolation \u00e9lectrique. La section DAC est bas\u00e9e sur une puce Crystal 24-bit\/192kHz. Le d\u00e9veloppement a eu lieu aux Etats-Unis par l&rsquo;\u00e9quipe de d\u00e9veloppement AR dirig\u00e9e par Warren Gehl.     <\/span><\/div>\n<div class=\"specification-item row-header\"><span class=\"spec-content\"><strong>Histoire de la marque<\/strong><\/span><\/div>\n<div class=\"specification-item row-even\"><span class=\"spec-content\">Audio Research a \u00e9t\u00e9 fond\u00e9e en 1970 \u00e0 Minneapolis, Minnesota, \u00c9tats-Unis, par William Zane Johnson. La soci\u00e9t\u00e9 a commenc\u00e9 \u00e0 d\u00e9velopper des \u00e9quipements \u00e9lectroniques \u00e0 tubes, en commen\u00e7ant par le pr\u00e9amplificateur SP-1. Au fil des ann\u00e9es, la marque a introduit plusieurs produits, dont l&rsquo;amplificateur de puissance D-150 en 1974 et le REF1 original en 1995. En 2007, Audio Research a d\u00e9m\u00e9nag\u00e9 son si\u00e8ge social \u00e0 Maple Grove, dans le Minnesota. En 2020, la soci\u00e9t\u00e9 a \u00e9t\u00e9 rachet\u00e9e par AR Tube Audio Corporation, dirig\u00e9e par d&rsquo;anciens employ\u00e9s. Audio Research fabrique tous ses produits aux \u00c9tats-Unis et se concentre sur l&rsquo;assemblage manuel des \u00e9quipements. Les r\u00e9parations et l&rsquo;entretien peuvent \u00eatre effectu\u00e9s en interne. L&rsquo;entreprise utilise un c\u00e2blage manuel point \u00e0 point combin\u00e9 \u00e0 des cartes de circuits imprim\u00e9s. La documentation et les sch\u00e9mas des produits depuis 1970 sont disponibles aupr\u00e8s de l&rsquo;entreprise et les pi\u00e8ces sont conserv\u00e9es dans son propre entrep\u00f4t.        <\/span><\/div>\n<\/div>\n","protected":false},"excerpt":{"rendered":"<p>Description Freakuence ! Quel bonheur ! Le tenir en main vous rend d\u00e9j\u00e0 heureux. Lourd, il promet. Ce lecteur offre une ouverture et une transparence sans pr\u00e9c\u00e9dent, avec des m\u00e9diums si agr\u00e9ables que vous \u00eates tr\u00e8s curieux de d\u00e9couvrir le prochain CD de la pile. Un lecteur de r\u00e9f\u00e9rence. Description g\u00e9n\u00e9rale Le CD8 d&rsquo;Audio Research [&hellip;]<\/p>\n","protected":false},"featured_media":0,"template":"","meta":{"_acf_changed":false,"inline_featured_image":false},"product_brand":[],"product_cat":[591],"product_tag":[554],"class_list":{"0":"post-317909","1":"product","2":"type-product","3":"status-publish","5":"product_cat-lecteurs-de-cd","6":"product_tag-used","8":"first","9":"instock","10":"sold-individually","11":"taxable","12":"shipping-taxable","13":"purchasable","14":"product-type-simple"},"acf":[],"yoast_head":"<!-- This site is optimized with the Yoast SEO plugin v25.9 - https:\/\/yoast.com\/wordpress\/plugins\/seo\/ -->\n<title>Audio Research CD8 | Freakuence!<\/title>\n<meta name=\"robots\" content=\"noindex, follow, max-snippet:-1, max-image-preview:large, max-video-preview:-1\" \/>\n<meta property=\"og:locale\" content=\"fr_FR\" \/>\n<meta property=\"og:type\" content=\"article\" \/>\n<meta property=\"og:title\" content=\"Audio Research CD8 | Freakuence!\" \/>\n<meta property=\"og:description\" content=\"Description Freakuence ! Quel bonheur ! Le tenir en main vous rend d\u00e9j\u00e0 heureux. Lourd, il promet. Ce lecteur offre une ouverture et une transparence sans pr\u00e9c\u00e9dent, avec des m\u00e9diums si agr\u00e9ables que vous \u00eates tr\u00e8s curieux de d\u00e9couvrir le prochain CD de la pile. Un lecteur de r\u00e9f\u00e9rence. Description g\u00e9n\u00e9rale Le CD8 d&rsquo;Audio Research [&hellip;]\" \/>\n<meta property=\"og:url\" content=\"https:\/\/dev.freakuence.nl\/fr\/produit\/audio-research-cd8\/\" \/>\n<meta property=\"og:site_name\" content=\"Freakuence!\" \/>\n<meta name=\"twitter:card\" content=\"summary_large_image\" \/>\n<script type=\"application\/ld+json\" class=\"yoast-schema-graph\">{\"@context\":\"https:\/\/schema.org\",\"@graph\":[{\"@type\":\"WebPage\",\"@id\":\"https:\/\/dev.freakuence.nl\/fr\/produit\/audio-research-cd8\/\",\"url\":\"https:\/\/dev.freakuence.nl\/fr\/produit\/audio-research-cd8\/\",\"name\":\"Audio Research CD8 | Freakuence!\",\"isPartOf\":{\"@id\":\"https:\/\/dev.freakuence.nl\/fr\/#website\"},\"datePublished\":\"2026-04-02T06:59:12+00:00\",\"breadcrumb\":{\"@id\":\"https:\/\/dev.freakuence.nl\/fr\/produit\/audio-research-cd8\/#breadcrumb\"},\"inLanguage\":\"fr-FR\",\"potentialAction\":[{\"@type\":\"ReadAction\",\"target\":[\"https:\/\/dev.freakuence.nl\/fr\/produit\/audio-research-cd8\/\"]}]},{\"@type\":\"BreadcrumbList\",\"@id\":\"https:\/\/dev.freakuence.nl\/fr\/produit\/audio-research-cd8\/#breadcrumb\",\"itemListElement\":[{\"@type\":\"ListItem\",\"position\":1,\"name\":\"Accueil\",\"item\":\"https:\/\/dev.freakuence.nl\/fr\/\"},{\"@type\":\"ListItem\",\"position\":2,\"name\":\"Products\",\"item\":\"https:\/\/dev.freakuence.nl\/en\/products\/\"},{\"@type\":\"ListItem\",\"position\":3,\"name\":\"Audio Research CD8\"}]},{\"@type\":\"WebSite\",\"@id\":\"https:\/\/dev.freakuence.nl\/fr\/#website\",\"url\":\"https:\/\/dev.freakuence.nl\/fr\/\",\"name\":\"Freakuence!\",\"description\":\"Freakuence!\",\"alternateName\":\"Freakuence\",\"potentialAction\":[{\"@type\":\"SearchAction\",\"target\":{\"@type\":\"EntryPoint\",\"urlTemplate\":\"https:\/\/dev.freakuence.nl\/fr\/?s={search_term_string}\"},\"query-input\":{\"@type\":\"PropertyValueSpecification\",\"valueRequired\":true,\"valueName\":\"search_term_string\"}}],\"inLanguage\":\"fr-FR\"}]}<\/script>\n<!-- \/ Yoast SEO plugin. -->","yoast_head_json":{"title":"Audio Research CD8 | Freakuence!","robots":{"index":"noindex","follow":"follow","max-snippet":"max-snippet:-1","max-image-preview":"max-image-preview:large","max-video-preview":"max-video-preview:-1"},"og_locale":"fr_FR","og_type":"article","og_title":"Audio Research CD8 | Freakuence!","og_description":"Description Freakuence ! Quel bonheur ! Le tenir en main vous rend d\u00e9j\u00e0 heureux. Lourd, il promet. Ce lecteur offre une ouverture et une transparence sans pr\u00e9c\u00e9dent, avec des m\u00e9diums si agr\u00e9ables que vous \u00eates tr\u00e8s curieux de d\u00e9couvrir le prochain CD de la pile. Un lecteur de r\u00e9f\u00e9rence. Description g\u00e9n\u00e9rale Le CD8 d&rsquo;Audio Research [&hellip;]","og_url":"https:\/\/dev.freakuence.nl\/fr\/produit\/audio-research-cd8\/","og_site_name":"Freakuence!","twitter_card":"summary_large_image","schema":{"@context":"https:\/\/schema.org","@graph":[{"@type":"WebPage","@id":"https:\/\/dev.freakuence.nl\/fr\/produit\/audio-research-cd8\/","url":"https:\/\/dev.freakuence.nl\/fr\/produit\/audio-research-cd8\/","name":"Audio Research CD8 | Freakuence!","isPartOf":{"@id":"https:\/\/dev.freakuence.nl\/fr\/#website"},"datePublished":"2026-04-02T06:59:12+00:00","breadcrumb":{"@id":"https:\/\/dev.freakuence.nl\/fr\/produit\/audio-research-cd8\/#breadcrumb"},"inLanguage":"fr-FR","potentialAction":[{"@type":"ReadAction","target":["https:\/\/dev.freakuence.nl\/fr\/produit\/audio-research-cd8\/"]}]},{"@type":"BreadcrumbList","@id":"https:\/\/dev.freakuence.nl\/fr\/produit\/audio-research-cd8\/#breadcrumb","itemListElement":[{"@type":"ListItem","position":1,"name":"Accueil","item":"https:\/\/dev.freakuence.nl\/fr\/"},{"@type":"ListItem","position":2,"name":"Products","item":"https:\/\/dev.freakuence.nl\/en\/products\/"},{"@type":"ListItem","position":3,"name":"Audio Research CD8"}]},{"@type":"WebSite","@id":"https:\/\/dev.freakuence.nl\/fr\/#website","url":"https:\/\/dev.freakuence.nl\/fr\/","name":"Freakuence!","description":"Freakuence!","alternateName":"Freakuence","potentialAction":[{"@type":"SearchAction","target":{"@type":"EntryPoint","urlTemplate":"https:\/\/dev.freakuence.nl\/fr\/?s={search_term_string}"},"query-input":{"@type":"PropertyValueSpecification","valueRequired":true,"valueName":"search_term_string"}}],"inLanguage":"fr-FR"}]}},"_links":{"self":[{"href":"https:\/\/dev.freakuence.nl\/fr\/wp-json\/wp\/v2\/product\/317909","targetHints":{"allow":["GET"]}}],"collection":[{"href":"https:\/\/dev.freakuence.nl\/fr\/wp-json\/wp\/v2\/product"}],"about":[{"href":"https:\/\/dev.freakuence.nl\/fr\/wp-json\/wp\/v2\/types\/product"}],"version-history":[{"count":0,"href":"https:\/\/dev.freakuence.nl\/fr\/wp-json\/wp\/v2\/product\/317909\/revisions"}],"wp:attachment":[{"href":"https:\/\/dev.freakuence.nl\/fr\/wp-json\/wp\/v2\/media?parent=317909"}],"wp:term":[{"taxonomy":"product_brand","embeddable":true,"href":"https:\/\/dev.freakuence.nl\/fr\/wp-json\/wp\/v2\/product_brand?post=317909"},{"taxonomy":"product_cat","embeddable":true,"href":"https:\/\/dev.freakuence.nl\/fr\/wp-json\/wp\/v2\/product_cat?post=317909"},{"taxonomy":"product_tag","embeddable":true,"href":"https:\/\/dev.freakuence.nl\/fr\/wp-json\/wp\/v2\/product_tag?post=317909"}],"curies":[{"name":"wp","href":"https:\/\/api.w.org\/{rel}","templated":true}]}}