{"id":318001,"date":"2026-04-03T11:52:08","date_gmt":"2026-04-03T09:52:08","guid":{"rendered":"https:\/\/dev.freakuence.nl\/product\/cambridge-audio-cxc-2\/"},"modified":"2026-04-03T11:52:08","modified_gmt":"2026-04-03T09:52:08","slug":"cambridge-audio-cxc-2","status":"publish","type":"product","link":"https:\/\/dev.freakuence.nl\/fr\/produit\/cambridge-audio-cxc-2\/","title":{"rendered":"Cambridge Audio CXC"},"content":{"rendered":"<div class=\"product-specifications-list\">\n<div class=\"specification-item row-header\"><span class=\"spec-content\"><strong>Description Freakuence !<\/strong><\/span><\/div>\n<div class=\"specification-item row-even\"><span class=\"spec-content\">Beau transport de CD. Achetez un dac et arr\u00eatez la facilit\u00e9 ; le streaming, c&rsquo;est bien, mais les CD sonnent vraiment bien.<\/span><\/div>\n<div class=\"specification-item row-odd\"><span class=\"spec-content\">Prix de vente au d\u00e9tail : 599,00<\/span><\/div>\n<div class=\"specification-item row-header\"><span class=\"spec-content\"><strong>Description g\u00e9n\u00e9rale<\/strong><\/span><\/div>\n<div class=\"specification-item row-even\"><span class=\"spec-content\">Ce transporteur de CD est con\u00e7u pour lire avec une extr\u00eame pr\u00e9cision les signaux audio num\u00e9riques des CD et les transmettre \u00e0 un DAC externe ou \u00e0 un amplificateur compatible. Il utilise le m\u00e9canisme S3 Servo, qui garantit une r\u00e9cup\u00e9ration pr\u00e9cise et coh\u00e9rente des donn\u00e9es. Le bo\u00eetier est acoustiquement amorti pour minimiser les vibrations externes. Avec des sorties num\u00e9riques incluant S\/PDIF coaxial et TOSLINK optique, il offre des options de connexion flexibles. La consommation \u00e9lectrique est de 25 W en fonctionnement et de moins de 0,5 W en veille. Les dimensions sont de 85 x 430 x 315 mm (H x L x P) et le poids est de 4,3 kg.     <\/span><\/div>\n<div class=\"specification-item row-header\"><span class=\"spec-content\"><strong>Informations g\u00e9n\u00e9rales<\/strong><\/span><\/div>\n<div class=\"specification-item row-even\"><span class=\"spec-content\">Le Cambridge Audio CXC a \u00e9t\u00e9 con\u00e7u \u00e0 Londres par l&rsquo;\u00e9quipe d&rsquo;ing\u00e9nieurs de Cambridge Audio, avec pour objectif la lecture pure de CD, sans bruit ni gigue. Le CXC utilise le c\u00e9l\u00e8bre m\u00e9canisme servo S3 de leurs mod\u00e8les haut de gamme, d\u00e9velopp\u00e9 sp\u00e9cifiquement pour les CD audio. Le bo\u00eetier m\u00e9tallique robuste \u00e9vite les vibrations. Tout est ax\u00e9 sur la pr\u00e9cision num\u00e9rique pure : pas de DAC, uniquement un signal num\u00e9rique via coaxial ou optique.   <\/span><\/div>\n<div class=\"specification-item row-header\"><span class=\"spec-content\"><strong>Histoire de la marque<\/strong><\/span><\/div>\n<div class=\"specification-item row-even\"><span class=\"spec-content\">Cambridge Audio a \u00e9t\u00e9 fond\u00e9e en 1968 \u00e0 Cambridge, en Angleterre. La m\u00eame ann\u00e9e, la soci\u00e9t\u00e9 a pr\u00e9sent\u00e9 son premier produit, le P40, un amplificateur int\u00e9gr\u00e9 dot\u00e9 d&rsquo;un transformateur toro\u00efdal. Dans les ann\u00e9es 1970 et 1980, des produits tels que l&rsquo;amplificateur P50 et le tuner FM T55 ont suivi. En 1995, la soci\u00e9t\u00e9 d\u00e9m\u00e9nage \u00e0 Londres. En 1999, le programme de d\u00e9veloppement Azur est lanc\u00e9. \u00c0 partir de 2003, des mod\u00e8les de la s\u00e9rie Azur sont produits, notamment les mod\u00e8les 640A et 640C. En 2010, l&rsquo;entreprise introduit la plateforme StreamMagic. En 2014, la s\u00e9rie CX a \u00e9t\u00e9 lanc\u00e9e. En 2016, la ligne Edge est apparue, nomm\u00e9e d&rsquo;apr\u00e8s le cofondateur, le professeur Gordon Edge. Une toute nouvelle s\u00e9rie EVO a \u00e9t\u00e9 introduite en 2021.         <\/span><\/div>\n<\/div>\n","protected":false},"excerpt":{"rendered":"<p>Description Freakuence ! Beau transport de CD. Achetez un dac et arr\u00eatez la facilit\u00e9 ; le streaming, c&rsquo;est bien, mais les CD sonnent vraiment bien. Prix de vente au d\u00e9tail : 599,00 Description g\u00e9n\u00e9rale Ce transporteur de CD est con\u00e7u pour lire avec une extr\u00eame pr\u00e9cision les signaux audio num\u00e9riques des CD et les transmettre [&hellip;]<\/p>\n","protected":false},"featured_media":0,"template":"","meta":{"_acf_changed":false,"inline_featured_image":false},"product_brand":[],"product_cat":[591],"product_tag":[554],"class_list":{"0":"post-318001","1":"product","2":"type-product","3":"status-publish","5":"product_cat-lecteurs-de-cd","6":"product_tag-used","8":"first","9":"instock","10":"sold-individually","11":"purchasable","12":"product-type-simple"},"acf":[],"yoast_head":"<!-- This site is optimized with the Yoast SEO plugin v25.9 - https:\/\/yoast.com\/wordpress\/plugins\/seo\/ -->\n<title>Cambridge Audio CXC | Freakuence!<\/title>\n<meta name=\"robots\" content=\"noindex, follow, max-snippet:-1, max-image-preview:large, max-video-preview:-1\" \/>\n<meta property=\"og:locale\" content=\"fr_FR\" \/>\n<meta property=\"og:type\" content=\"article\" \/>\n<meta property=\"og:title\" content=\"Cambridge Audio CXC | Freakuence!\" \/>\n<meta property=\"og:description\" content=\"Description Freakuence ! Beau transport de CD. Achetez un dac et arr\u00eatez la facilit\u00e9 ; le streaming, c&rsquo;est bien, mais les CD sonnent vraiment bien. Prix de vente au d\u00e9tail : 599,00 Description g\u00e9n\u00e9rale Ce transporteur de CD est con\u00e7u pour lire avec une extr\u00eame pr\u00e9cision les signaux audio num\u00e9riques des CD et les transmettre [&hellip;]\" \/>\n<meta property=\"og:url\" content=\"https:\/\/dev.freakuence.nl\/fr\/produit\/cambridge-audio-cxc-2\/\" \/>\n<meta property=\"og:site_name\" content=\"Freakuence!\" \/>\n<meta name=\"twitter:card\" content=\"summary_large_image\" \/>\n<script type=\"application\/ld+json\" class=\"yoast-schema-graph\">{\"@context\":\"https:\/\/schema.org\",\"@graph\":[{\"@type\":\"WebPage\",\"@id\":\"https:\/\/dev.freakuence.nl\/fr\/produit\/cambridge-audio-cxc-2\/\",\"url\":\"https:\/\/dev.freakuence.nl\/fr\/produit\/cambridge-audio-cxc-2\/\",\"name\":\"Cambridge Audio CXC | Freakuence!\",\"isPartOf\":{\"@id\":\"https:\/\/dev.freakuence.nl\/fr\/#website\"},\"datePublished\":\"2026-04-03T09:52:08+00:00\",\"breadcrumb\":{\"@id\":\"https:\/\/dev.freakuence.nl\/fr\/produit\/cambridge-audio-cxc-2\/#breadcrumb\"},\"inLanguage\":\"fr-FR\",\"potentialAction\":[{\"@type\":\"ReadAction\",\"target\":[\"https:\/\/dev.freakuence.nl\/fr\/produit\/cambridge-audio-cxc-2\/\"]}]},{\"@type\":\"BreadcrumbList\",\"@id\":\"https:\/\/dev.freakuence.nl\/fr\/produit\/cambridge-audio-cxc-2\/#breadcrumb\",\"itemListElement\":[{\"@type\":\"ListItem\",\"position\":1,\"name\":\"Home\",\"item\":\"https:\/\/dev.freakuence.nl\/fr\/\"},{\"@type\":\"ListItem\",\"position\":2,\"name\":\"Products\",\"item\":\"https:\/\/dev.freakuence.nl\/en\/products\/\"},{\"@type\":\"ListItem\",\"position\":3,\"name\":\"Cambridge Audio CXC\"}]},{\"@type\":\"WebSite\",\"@id\":\"https:\/\/dev.freakuence.nl\/fr\/#website\",\"url\":\"https:\/\/dev.freakuence.nl\/fr\/\",\"name\":\"Freakuence!\",\"description\":\"Freakuence!\",\"alternateName\":\"Freakuence\",\"potentialAction\":[{\"@type\":\"SearchAction\",\"target\":{\"@type\":\"EntryPoint\",\"urlTemplate\":\"https:\/\/dev.freakuence.nl\/fr\/?s={search_term_string}\"},\"query-input\":{\"@type\":\"PropertyValueSpecification\",\"valueRequired\":true,\"valueName\":\"search_term_string\"}}],\"inLanguage\":\"fr-FR\"}]}<\/script>\n<!-- \/ Yoast SEO plugin. -->","yoast_head_json":{"title":"Cambridge Audio CXC | Freakuence!","robots":{"index":"noindex","follow":"follow","max-snippet":"max-snippet:-1","max-image-preview":"max-image-preview:large","max-video-preview":"max-video-preview:-1"},"og_locale":"fr_FR","og_type":"article","og_title":"Cambridge Audio CXC | Freakuence!","og_description":"Description Freakuence ! Beau transport de CD. Achetez un dac et arr\u00eatez la facilit\u00e9 ; le streaming, c&rsquo;est bien, mais les CD sonnent vraiment bien. Prix de vente au d\u00e9tail : 599,00 Description g\u00e9n\u00e9rale Ce transporteur de CD est con\u00e7u pour lire avec une extr\u00eame pr\u00e9cision les signaux audio num\u00e9riques des CD et les transmettre [&hellip;]","og_url":"https:\/\/dev.freakuence.nl\/fr\/produit\/cambridge-audio-cxc-2\/","og_site_name":"Freakuence!","twitter_card":"summary_large_image","schema":{"@context":"https:\/\/schema.org","@graph":[{"@type":"WebPage","@id":"https:\/\/dev.freakuence.nl\/fr\/produit\/cambridge-audio-cxc-2\/","url":"https:\/\/dev.freakuence.nl\/fr\/produit\/cambridge-audio-cxc-2\/","name":"Cambridge Audio CXC | Freakuence!","isPartOf":{"@id":"https:\/\/dev.freakuence.nl\/fr\/#website"},"datePublished":"2026-04-03T09:52:08+00:00","breadcrumb":{"@id":"https:\/\/dev.freakuence.nl\/fr\/produit\/cambridge-audio-cxc-2\/#breadcrumb"},"inLanguage":"fr-FR","potentialAction":[{"@type":"ReadAction","target":["https:\/\/dev.freakuence.nl\/fr\/produit\/cambridge-audio-cxc-2\/"]}]},{"@type":"BreadcrumbList","@id":"https:\/\/dev.freakuence.nl\/fr\/produit\/cambridge-audio-cxc-2\/#breadcrumb","itemListElement":[{"@type":"ListItem","position":1,"name":"Home","item":"https:\/\/dev.freakuence.nl\/fr\/"},{"@type":"ListItem","position":2,"name":"Products","item":"https:\/\/dev.freakuence.nl\/en\/products\/"},{"@type":"ListItem","position":3,"name":"Cambridge Audio CXC"}]},{"@type":"WebSite","@id":"https:\/\/dev.freakuence.nl\/fr\/#website","url":"https:\/\/dev.freakuence.nl\/fr\/","name":"Freakuence!","description":"Freakuence!","alternateName":"Freakuence","potentialAction":[{"@type":"SearchAction","target":{"@type":"EntryPoint","urlTemplate":"https:\/\/dev.freakuence.nl\/fr\/?s={search_term_string}"},"query-input":{"@type":"PropertyValueSpecification","valueRequired":true,"valueName":"search_term_string"}}],"inLanguage":"fr-FR"}]}},"_links":{"self":[{"href":"https:\/\/dev.freakuence.nl\/fr\/wp-json\/wp\/v2\/product\/318001","targetHints":{"allow":["GET"]}}],"collection":[{"href":"https:\/\/dev.freakuence.nl\/fr\/wp-json\/wp\/v2\/product"}],"about":[{"href":"https:\/\/dev.freakuence.nl\/fr\/wp-json\/wp\/v2\/types\/product"}],"version-history":[{"count":0,"href":"https:\/\/dev.freakuence.nl\/fr\/wp-json\/wp\/v2\/product\/318001\/revisions"}],"wp:attachment":[{"href":"https:\/\/dev.freakuence.nl\/fr\/wp-json\/wp\/v2\/media?parent=318001"}],"wp:term":[{"taxonomy":"product_brand","embeddable":true,"href":"https:\/\/dev.freakuence.nl\/fr\/wp-json\/wp\/v2\/product_brand?post=318001"},{"taxonomy":"product_cat","embeddable":true,"href":"https:\/\/dev.freakuence.nl\/fr\/wp-json\/wp\/v2\/product_cat?post=318001"},{"taxonomy":"product_tag","embeddable":true,"href":"https:\/\/dev.freakuence.nl\/fr\/wp-json\/wp\/v2\/product_tag?post=318001"}],"curies":[{"name":"wp","href":"https:\/\/api.w.org\/{rel}","templated":true}]}}