{"id":318060,"date":"2026-04-07T09:06:54","date_gmt":"2026-04-07T07:06:54","guid":{"rendered":"https:\/\/dev.freakuence.nl\/product\/primaluna-evo-300-amplificateur-de-puissance-hybride-2\/"},"modified":"2026-04-07T09:06:54","modified_gmt":"2026-04-07T07:06:54","slug":"primaluna-evo-300-amplificateur-de-puissance-hybride-2","status":"publish","type":"product","link":"https:\/\/dev.freakuence.nl\/fr\/produit\/primaluna-evo-300-amplificateur-de-puissance-hybride-2\/","title":{"rendered":"PrimaLuna EVO 300 Amplificateur de puissance hybride"},"content":{"rendered":"<div class=\"product-specifications-list\">\n<div class=\"specification-item row-header\"><span class=\"spec-content\"><strong>Histoire de la marque<\/strong><\/span><\/div>\n<div class=\"specification-item row-even\"><span class=\"spec-content\">PrimaLuna est une marque audio n\u00e9erlandaise fond\u00e9e en 2003 par Herman van den Dungen. La marque est connue pour ses amplificateurs \u00e0 tubes et a introduit plusieurs lignes de produits au fil des ans, notamment les s\u00e9ries ProLogue, DiaLogue et Evo. Les produits sont con\u00e7us aux Pays-Bas et fabriqu\u00e9s en Chine. PrimaLuna a re\u00e7u plusieurs prix internationaux pour ses produits. La marque est distribu\u00e9e dans le monde entier et est disponible dans plusieurs pays.    <\/span><\/div>\n<\/div>\n","protected":false},"excerpt":{"rendered":"<p>Histoire de la marque PrimaLuna est une marque audio n\u00e9erlandaise fond\u00e9e en 2003 par Herman van den Dungen. La marque est connue pour ses amplificateurs \u00e0 tubes et a introduit plusieurs lignes de produits au fil des ans, notamment les s\u00e9ries ProLogue, DiaLogue et Evo. Les produits sont con\u00e7us aux Pays-Bas et fabriqu\u00e9s en Chine. [&hellip;]<\/p>\n","protected":false},"featured_media":318007,"template":"","meta":{"_acf_changed":false,"inline_featured_image":false},"product_brand":[],"product_cat":[558,583],"product_tag":[554],"class_list":{"0":"post-318060","1":"product","2":"type-product","3":"status-publish","4":"has-post-thumbnail","6":"product_cat-amplificateurs","7":"product_cat-amplificateurs-a-tubes","8":"product_tag-used","10":"first","11":"instock","12":"sold-individually","13":"purchasable","14":"product-type-simple"},"acf":[],"yoast_head":"<!-- This site is optimized with the Yoast SEO plugin v25.9 - https:\/\/yoast.com\/wordpress\/plugins\/seo\/ -->\n<title>PrimaLuna EVO 300 Amplificateur de puissance hybride | Freakuence!<\/title>\n<meta name=\"robots\" content=\"noindex, follow, max-snippet:-1, max-image-preview:large, max-video-preview:-1\" \/>\n<meta property=\"og:locale\" content=\"fr_FR\" \/>\n<meta property=\"og:type\" content=\"article\" \/>\n<meta property=\"og:title\" content=\"PrimaLuna EVO 300 Amplificateur de puissance hybride | Freakuence!\" \/>\n<meta property=\"og:description\" content=\"Histoire de la marque PrimaLuna est une marque audio n\u00e9erlandaise fond\u00e9e en 2003 par Herman van den Dungen. La marque est connue pour ses amplificateurs \u00e0 tubes et a introduit plusieurs lignes de produits au fil des ans, notamment les s\u00e9ries ProLogue, DiaLogue et Evo. Les produits sont con\u00e7us aux Pays-Bas et fabriqu\u00e9s en Chine. [&hellip;]\" \/>\n<meta property=\"og:url\" content=\"https:\/\/dev.freakuence.nl\/fr\/produit\/primaluna-evo-300-amplificateur-de-puissance-hybride-2\/\" \/>\n<meta property=\"og:site_name\" content=\"Freakuence!\" \/>\n<meta property=\"og:image\" content=\"https:\/\/dev.freakuence.nl\/wp-content\/uploads\/2026\/04\/17755455632019-19476-Screenshot2026-02-10at1.40.11PM.jpg\" \/>\n\t<meta property=\"og:image:width\" content=\"470\" \/>\n\t<meta property=\"og:image:height\" content=\"634\" \/>\n\t<meta property=\"og:image:type\" content=\"image\/jpeg\" \/>\n<meta name=\"twitter:card\" content=\"summary_large_image\" \/>\n<script type=\"application\/ld+json\" class=\"yoast-schema-graph\">{\"@context\":\"https:\/\/schema.org\",\"@graph\":[{\"@type\":\"WebPage\",\"@id\":\"https:\/\/dev.freakuence.nl\/fr\/produit\/primaluna-evo-300-amplificateur-de-puissance-hybride-2\/\",\"url\":\"https:\/\/dev.freakuence.nl\/fr\/produit\/primaluna-evo-300-amplificateur-de-puissance-hybride-2\/\",\"name\":\"PrimaLuna EVO 300 Amplificateur de puissance hybride | Freakuence!\",\"isPartOf\":{\"@id\":\"https:\/\/dev.freakuence.nl\/fr\/#website\"},\"primaryImageOfPage\":{\"@id\":\"https:\/\/dev.freakuence.nl\/fr\/produit\/primaluna-evo-300-amplificateur-de-puissance-hybride-2\/#primaryimage\"},\"image\":{\"@id\":\"https:\/\/dev.freakuence.nl\/fr\/produit\/primaluna-evo-300-amplificateur-de-puissance-hybride-2\/#primaryimage\"},\"thumbnailUrl\":\"https:\/\/dev.freakuence.nl\/wp-content\/uploads\/2026\/04\/17755455632019-19476-Screenshot2026-02-10at1.40.11PM.jpg\",\"datePublished\":\"2026-04-07T07:06:54+00:00\",\"breadcrumb\":{\"@id\":\"https:\/\/dev.freakuence.nl\/fr\/produit\/primaluna-evo-300-amplificateur-de-puissance-hybride-2\/#breadcrumb\"},\"inLanguage\":\"fr-FR\",\"potentialAction\":[{\"@type\":\"ReadAction\",\"target\":[\"https:\/\/dev.freakuence.nl\/fr\/produit\/primaluna-evo-300-amplificateur-de-puissance-hybride-2\/\"]}]},{\"@type\":\"ImageObject\",\"inLanguage\":\"fr-FR\",\"@id\":\"https:\/\/dev.freakuence.nl\/fr\/produit\/primaluna-evo-300-amplificateur-de-puissance-hybride-2\/#primaryimage\",\"url\":\"https:\/\/dev.freakuence.nl\/wp-content\/uploads\/2026\/04\/17755455632019-19476-Screenshot2026-02-10at1.40.11PM.jpg\",\"contentUrl\":\"https:\/\/dev.freakuence.nl\/wp-content\/uploads\/2026\/04\/17755455632019-19476-Screenshot2026-02-10at1.40.11PM.jpg\",\"width\":470,\"height\":634},{\"@type\":\"BreadcrumbList\",\"@id\":\"https:\/\/dev.freakuence.nl\/fr\/produit\/primaluna-evo-300-amplificateur-de-puissance-hybride-2\/#breadcrumb\",\"itemListElement\":[{\"@type\":\"ListItem\",\"position\":1,\"name\":\"Accueil\",\"item\":\"https:\/\/dev.freakuence.nl\/fr\/\"},{\"@type\":\"ListItem\",\"position\":2,\"name\":\"Products\",\"item\":\"https:\/\/dev.freakuence.nl\/en\/products\/\"},{\"@type\":\"ListItem\",\"position\":3,\"name\":\"PrimaLuna EVO 300 Amplificateur de puissance hybride\"}]},{\"@type\":\"WebSite\",\"@id\":\"https:\/\/dev.freakuence.nl\/fr\/#website\",\"url\":\"https:\/\/dev.freakuence.nl\/fr\/\",\"name\":\"Freakuence!\",\"description\":\"Freakuence!\",\"alternateName\":\"Freakuence\",\"potentialAction\":[{\"@type\":\"SearchAction\",\"target\":{\"@type\":\"EntryPoint\",\"urlTemplate\":\"https:\/\/dev.freakuence.nl\/fr\/?s={search_term_string}\"},\"query-input\":{\"@type\":\"PropertyValueSpecification\",\"valueRequired\":true,\"valueName\":\"search_term_string\"}}],\"inLanguage\":\"fr-FR\"}]}<\/script>\n<!-- \/ Yoast SEO plugin. -->","yoast_head_json":{"title":"PrimaLuna EVO 300 Amplificateur de puissance hybride | Freakuence!","robots":{"index":"noindex","follow":"follow","max-snippet":"max-snippet:-1","max-image-preview":"max-image-preview:large","max-video-preview":"max-video-preview:-1"},"og_locale":"fr_FR","og_type":"article","og_title":"PrimaLuna EVO 300 Amplificateur de puissance hybride | Freakuence!","og_description":"Histoire de la marque PrimaLuna est une marque audio n\u00e9erlandaise fond\u00e9e en 2003 par Herman van den Dungen. La marque est connue pour ses amplificateurs \u00e0 tubes et a introduit plusieurs lignes de produits au fil des ans, notamment les s\u00e9ries ProLogue, DiaLogue et Evo. Les produits sont con\u00e7us aux Pays-Bas et fabriqu\u00e9s en Chine. [&hellip;]","og_url":"https:\/\/dev.freakuence.nl\/fr\/produit\/primaluna-evo-300-amplificateur-de-puissance-hybride-2\/","og_site_name":"Freakuence!","og_image":[{"width":470,"height":634,"url":"https:\/\/dev.freakuence.nl\/wp-content\/uploads\/2026\/04\/17755455632019-19476-Screenshot2026-02-10at1.40.11PM.jpg","type":"image\/jpeg"}],"twitter_card":"summary_large_image","schema":{"@context":"https:\/\/schema.org","@graph":[{"@type":"WebPage","@id":"https:\/\/dev.freakuence.nl\/fr\/produit\/primaluna-evo-300-amplificateur-de-puissance-hybride-2\/","url":"https:\/\/dev.freakuence.nl\/fr\/produit\/primaluna-evo-300-amplificateur-de-puissance-hybride-2\/","name":"PrimaLuna EVO 300 Amplificateur de puissance hybride | Freakuence!","isPartOf":{"@id":"https:\/\/dev.freakuence.nl\/fr\/#website"},"primaryImageOfPage":{"@id":"https:\/\/dev.freakuence.nl\/fr\/produit\/primaluna-evo-300-amplificateur-de-puissance-hybride-2\/#primaryimage"},"image":{"@id":"https:\/\/dev.freakuence.nl\/fr\/produit\/primaluna-evo-300-amplificateur-de-puissance-hybride-2\/#primaryimage"},"thumbnailUrl":"https:\/\/dev.freakuence.nl\/wp-content\/uploads\/2026\/04\/17755455632019-19476-Screenshot2026-02-10at1.40.11PM.jpg","datePublished":"2026-04-07T07:06:54+00:00","breadcrumb":{"@id":"https:\/\/dev.freakuence.nl\/fr\/produit\/primaluna-evo-300-amplificateur-de-puissance-hybride-2\/#breadcrumb"},"inLanguage":"fr-FR","potentialAction":[{"@type":"ReadAction","target":["https:\/\/dev.freakuence.nl\/fr\/produit\/primaluna-evo-300-amplificateur-de-puissance-hybride-2\/"]}]},{"@type":"ImageObject","inLanguage":"fr-FR","@id":"https:\/\/dev.freakuence.nl\/fr\/produit\/primaluna-evo-300-amplificateur-de-puissance-hybride-2\/#primaryimage","url":"https:\/\/dev.freakuence.nl\/wp-content\/uploads\/2026\/04\/17755455632019-19476-Screenshot2026-02-10at1.40.11PM.jpg","contentUrl":"https:\/\/dev.freakuence.nl\/wp-content\/uploads\/2026\/04\/17755455632019-19476-Screenshot2026-02-10at1.40.11PM.jpg","width":470,"height":634},{"@type":"BreadcrumbList","@id":"https:\/\/dev.freakuence.nl\/fr\/produit\/primaluna-evo-300-amplificateur-de-puissance-hybride-2\/#breadcrumb","itemListElement":[{"@type":"ListItem","position":1,"name":"Accueil","item":"https:\/\/dev.freakuence.nl\/fr\/"},{"@type":"ListItem","position":2,"name":"Products","item":"https:\/\/dev.freakuence.nl\/en\/products\/"},{"@type":"ListItem","position":3,"name":"PrimaLuna EVO 300 Amplificateur de puissance hybride"}]},{"@type":"WebSite","@id":"https:\/\/dev.freakuence.nl\/fr\/#website","url":"https:\/\/dev.freakuence.nl\/fr\/","name":"Freakuence!","description":"Freakuence!","alternateName":"Freakuence","potentialAction":[{"@type":"SearchAction","target":{"@type":"EntryPoint","urlTemplate":"https:\/\/dev.freakuence.nl\/fr\/?s={search_term_string}"},"query-input":{"@type":"PropertyValueSpecification","valueRequired":true,"valueName":"search_term_string"}}],"inLanguage":"fr-FR"}]}},"_links":{"self":[{"href":"https:\/\/dev.freakuence.nl\/fr\/wp-json\/wp\/v2\/product\/318060","targetHints":{"allow":["GET"]}}],"collection":[{"href":"https:\/\/dev.freakuence.nl\/fr\/wp-json\/wp\/v2\/product"}],"about":[{"href":"https:\/\/dev.freakuence.nl\/fr\/wp-json\/wp\/v2\/types\/product"}],"version-history":[{"count":0,"href":"https:\/\/dev.freakuence.nl\/fr\/wp-json\/wp\/v2\/product\/318060\/revisions"}],"wp:featuredmedia":[{"embeddable":true,"href":"https:\/\/dev.freakuence.nl\/fr\/wp-json\/wp\/v2\/media\/318007"}],"wp:attachment":[{"href":"https:\/\/dev.freakuence.nl\/fr\/wp-json\/wp\/v2\/media?parent=318060"}],"wp:term":[{"taxonomy":"product_brand","embeddable":true,"href":"https:\/\/dev.freakuence.nl\/fr\/wp-json\/wp\/v2\/product_brand?post=318060"},{"taxonomy":"product_cat","embeddable":true,"href":"https:\/\/dev.freakuence.nl\/fr\/wp-json\/wp\/v2\/product_cat?post=318060"},{"taxonomy":"product_tag","embeddable":true,"href":"https:\/\/dev.freakuence.nl\/fr\/wp-json\/wp\/v2\/product_tag?post=318060"}],"curies":[{"name":"wp","href":"https:\/\/api.w.org\/{rel}","templated":true}]}}