{"id":318063,"date":"2026-04-07T10:51:46","date_gmt":"2026-04-07T08:51:46","guid":{"rendered":"https:\/\/dev.freakuence.nl\/product\/unison-research-phono-one-v2\/"},"modified":"2026-04-07T10:51:46","modified_gmt":"2026-04-07T08:51:46","slug":"unison-research-phono-one-v2","status":"publish","type":"product","link":"https:\/\/dev.freakuence.nl\/fr\/produit\/unison-research-phono-one-v2\/","title":{"rendered":"Unison Research Phono One v2"},"content":{"rendered":"<div class=\"product-specifications-list\">\n<div class=\"specification-item row-header\"><span class=\"spec-content\"><strong>Description Freakuence !<\/strong><\/span><\/div>\n<div class=\"specification-item row-even\"><span class=\"spec-content\">Ce joyau italien prend votre collection de vinyles par la main et vous permet d&rsquo;entendre ce que votre platine a vraiment \u00e0 offrir. Avec une reproduction chaleureuse et naturelle, il donne vie \u00e0 la musique sans fatiguer vos oreilles. Les d\u00e9tails sont subtilement pr\u00e9sents sans \u00eatre g\u00eanants. Les m\u00e9diums sont riches et pleins, mettant magnifiquement en valeur les voix et les instruments. Et les basses fr\u00e9quences ? Serr\u00e9es et contr\u00f4l\u00e9es, sans \u00eatre \u00e9crasantes. Un excellent compl\u00e9ment !       <\/span><\/div>\n<div class=\"specification-item row-header\"><span class=\"spec-content\"><strong>Description g\u00e9n\u00e9rale<\/strong><\/span><\/div>\n<div class=\"specification-item row-even\"><span class=\"spec-content\">Le Phono One v2 d&rsquo;Unison Research est un pr\u00e9ampli phono \u00e0 tubes de haute qualit\u00e9 qui donne vie \u00e0 votre collection de vinyles. Avec sa conception de classe A pure et ses cinq tubes ECC83\/12AX7, le Phono One v2 offre une sc\u00e8ne sonore riche et d\u00e9taill\u00e9e, reproduisant vos disques avec une clart\u00e9 et une dynamique sans pr\u00e9c\u00e9dent.   <\/p>\n<p>Adapt\u00e9 aux \u00e9l\u00e9ments MM et MC, ce pr\u00e9amplificateur phono offre un gain de 54 dB, assurant une lecture optimale de vos vinyles pr\u00e9f\u00e9r\u00e9s. L&rsquo;\u00e9galisation passive RIAA d&rsquo;une pr\u00e9cision de +\/- 0,1 dB entre 20 Hz et 20 kHz garantit une reproduction sonore naturelle.   <\/p>\n<p>Le design intemporel du Phono One v2 d&rsquo;Unison Research s&rsquo;int\u00e8gre parfaitement \u00e0 toute installation audio haut de gamme. L&rsquo;alimentation externe minimise les interf\u00e9rences, ce qui permet d&rsquo;obtenir une image st\u00e9r\u00e9o nette et pr\u00e9cise.   <\/p>\n<p>Vous \u00eates curieux de conna\u00eetre les performances du Phono One v2 d&rsquo;Unison Research ? Planifiez une s\u00e9ance d&rsquo;\u00e9coute dans notre salle d&rsquo;\u00e9coute et d\u00e9couvrez par vous-m\u00eame la qualit\u00e9 sonore exceptionnelle de ce pr\u00e9amplificateur phono. <\/span><\/div>\n<div class=\"specification-item row-header\"><span class=\"spec-content\"><strong>Informations g\u00e9n\u00e9rales<\/strong><\/span><\/div>\n<div class=\"specification-item row-even\"><span class=\"spec-content\">Unison Research d\u00e9crit le Phono One V2 comme un amplificateur phono soigneusement con\u00e7u qui incarne la passion pour la musique. Dirig\u00e9e par le designer Giovanni Sacchetti, l&rsquo;\u00e9quipe associe l&rsquo;artisanat italien \u00e0 des composants de haute qualit\u00e9. Avec des tubes s\u00e9lectionn\u00e9s et un c\u00e2blage interne de qualit\u00e9 sup\u00e9rieure, il offre une reproduction sonore chaleureuse et d\u00e9taill\u00e9e. Le bo\u00eetier est \u00e9l\u00e9gant, fait de bois et de m\u00e9tal de premi\u00e8re qualit\u00e9, correspondant au style authentique d&rsquo;Unison Research. La production a lieu en Italie, avec le souci du d\u00e9tail et des mat\u00e9riaux europ\u00e9ens de haute qualit\u00e9.    <\/span><\/div>\n<div class=\"specification-item row-header\"><span class=\"spec-content\"><strong>Histoire de la marque<\/strong><\/span><\/div>\n<div class=\"specification-item row-even\"><span class=\"spec-content\">Unison Research a \u00e9t\u00e9 cr\u00e9\u00e9 en 1987 \u00e0 Tr\u00e9vise, en Italie, par son fondateur Giovanni Maria Sacchetti. M. Sacchetti a \u00e9tudi\u00e9 l&rsquo;ing\u00e9nierie \u00e9lectrique et le piano classique. Sa formation technique et musicale a constitu\u00e9 la base de sa philosophie de conception. La premi\u00e8re unit\u00e9 de production \u00e9tait situ\u00e9e dans un petit atelier de la r\u00e9gion de V\u00e9n\u00e9tie. En 1990, le premier produit a \u00e9t\u00e9 pr\u00e9sent\u00e9 : le Triode 20, suivi par des mod\u00e8les tels que Simply Two et Triode 25. L&rsquo;utilisation de la technologie des tubes, en particulier des tubes EL34 et KT88, est caract\u00e9ristique. \u00c0 partir de 1993, Unison Research a \u00e9galement d\u00e9velopp\u00e9 des syst\u00e8mes hybrides combinant des tubes et des transistors. Tous les produits sont enti\u00e8rement con\u00e7us et assembl\u00e9s \u00e0 la main en Italie. En 2008, l&rsquo;entreprise a lanc\u00e9 la s\u00e9rie Unico, qui comprend \u00e0 la fois des amplificateurs int\u00e9gr\u00e9s et des composants s\u00e9par\u00e9s. La production a lieu dans son propre atelier en Italie, en utilisant uniquement des composants fabriqu\u00e9s en Europe, tels que des transformateurs et des bo\u00eetiers en bois.         <\/span><\/div>\n<\/div>\n","protected":false},"excerpt":{"rendered":"<p>Description Freakuence ! Ce joyau italien prend votre collection de vinyles par la main et vous permet d&rsquo;entendre ce que votre platine a vraiment \u00e0 offrir. Avec une reproduction chaleureuse et naturelle, il donne vie \u00e0 la musique sans fatiguer vos oreilles. Les d\u00e9tails sont subtilement pr\u00e9sents sans \u00eatre g\u00eanants. Les m\u00e9diums sont riches et [&hellip;]<\/p>\n","protected":false},"featured_media":318039,"template":"","meta":{"_acf_changed":false,"inline_featured_image":false},"product_brand":[],"product_cat":[715],"product_tag":[554],"class_list":{"0":"post-318063","1":"product","2":"type-product","3":"status-publish","4":"has-post-thumbnail","6":"product_cat-plateaux-tournants","7":"product_tag-used","8":"pa_kleur-marron","10":"first","11":"instock","12":"sold-individually","13":"purchasable","14":"product-type-simple"},"acf":[],"yoast_head":"<!-- This site is optimized with the Yoast SEO plugin v25.9 - https:\/\/yoast.com\/wordpress\/plugins\/seo\/ -->\n<title>Unison Research Phono One v2 | Freakuence!<\/title>\n<meta name=\"description\" content=\"Unison Research Phono One v2 : pr\u00e9ampli phono \u00e0 tubes de classe A avec 5 tubes ECC83 pour un son chaud et d\u00e9taill\u00e9. Convient aux cartouches MM et MC. \u2713 HiFi neuf et d&#039;occasion \u2713 Note du client : 4.9 sur 5 \u2713 Reprise \u2713 Session d&#039;\u00e9coute\" \/>\n<meta name=\"robots\" content=\"noindex, follow, max-snippet:-1, max-image-preview:large, max-video-preview:-1\" \/>\n<meta property=\"og:locale\" content=\"fr_FR\" \/>\n<meta property=\"og:type\" content=\"article\" \/>\n<meta property=\"og:title\" content=\"Unison Research Phono One v2 | Freakuence!\" \/>\n<meta property=\"og:description\" content=\"Unison Research Phono One v2 : pr\u00e9ampli phono \u00e0 tubes de classe A avec 5 tubes ECC83 pour un son chaud et d\u00e9taill\u00e9. Convient aux cartouches MM et MC. \u2713 HiFi neuf et d&#039;occasion \u2713 Note du client : 4.9 sur 5 \u2713 Reprise \u2713 Session d&#039;\u00e9coute\" \/>\n<meta property=\"og:url\" content=\"https:\/\/dev.freakuence.nl\/fr\/produit\/unison-research-phono-one-v2\/\" \/>\n<meta property=\"og:site_name\" content=\"Freakuence!\" \/>\n<meta property=\"og:image\" content=\"https:\/\/dev.freakuence.nl\/wp-content\/uploads\/2026\/04\/17755516255547-3235.jpg\" \/>\n\t<meta property=\"og:image:width\" content=\"1100\" \/>\n\t<meta property=\"og:image:height\" content=\"824\" \/>\n\t<meta property=\"og:image:type\" content=\"image\/jpeg\" \/>\n<meta name=\"twitter:card\" content=\"summary_large_image\" \/>\n<script type=\"application\/ld+json\" class=\"yoast-schema-graph\">{\"@context\":\"https:\/\/schema.org\",\"@graph\":[{\"@type\":\"WebPage\",\"@id\":\"https:\/\/dev.freakuence.nl\/fr\/produit\/unison-research-phono-one-v2\/\",\"url\":\"https:\/\/dev.freakuence.nl\/fr\/produit\/unison-research-phono-one-v2\/\",\"name\":\"Unison Research Phono One v2 | Freakuence!\",\"isPartOf\":{\"@id\":\"https:\/\/dev.freakuence.nl\/fr\/#website\"},\"primaryImageOfPage\":{\"@id\":\"https:\/\/dev.freakuence.nl\/fr\/produit\/unison-research-phono-one-v2\/#primaryimage\"},\"image\":{\"@id\":\"https:\/\/dev.freakuence.nl\/fr\/produit\/unison-research-phono-one-v2\/#primaryimage\"},\"thumbnailUrl\":\"https:\/\/dev.freakuence.nl\/wp-content\/uploads\/2026\/04\/17755516255547-3235.jpg\",\"datePublished\":\"2026-04-07T08:51:46+00:00\",\"description\":\"Unison Research Phono One v2 : pr\u00e9ampli phono \u00e0 tubes de classe A avec 5 tubes ECC83 pour un son chaud et d\u00e9taill\u00e9. Convient aux cartouches MM et MC. \u2713 HiFi neuf et d'occasion \u2713 Note du client : 4.9 sur 5 \u2713 Reprise \u2713 Session d'\u00e9coute\",\"breadcrumb\":{\"@id\":\"https:\/\/dev.freakuence.nl\/fr\/produit\/unison-research-phono-one-v2\/#breadcrumb\"},\"inLanguage\":\"fr-FR\",\"potentialAction\":[{\"@type\":\"ReadAction\",\"target\":[\"https:\/\/dev.freakuence.nl\/fr\/produit\/unison-research-phono-one-v2\/\"]}]},{\"@type\":\"ImageObject\",\"inLanguage\":\"fr-FR\",\"@id\":\"https:\/\/dev.freakuence.nl\/fr\/produit\/unison-research-phono-one-v2\/#primaryimage\",\"url\":\"https:\/\/dev.freakuence.nl\/wp-content\/uploads\/2026\/04\/17755516255547-3235.jpg\",\"contentUrl\":\"https:\/\/dev.freakuence.nl\/wp-content\/uploads\/2026\/04\/17755516255547-3235.jpg\",\"width\":1100,\"height\":824},{\"@type\":\"BreadcrumbList\",\"@id\":\"https:\/\/dev.freakuence.nl\/fr\/produit\/unison-research-phono-one-v2\/#breadcrumb\",\"itemListElement\":[{\"@type\":\"ListItem\",\"position\":1,\"name\":\"Accueil\",\"item\":\"https:\/\/dev.freakuence.nl\/fr\/\"},{\"@type\":\"ListItem\",\"position\":2,\"name\":\"Products\",\"item\":\"https:\/\/dev.freakuence.nl\/en\/products\/\"},{\"@type\":\"ListItem\",\"position\":3,\"name\":\"Unison Research Phono One v2\"}]},{\"@type\":\"WebSite\",\"@id\":\"https:\/\/dev.freakuence.nl\/fr\/#website\",\"url\":\"https:\/\/dev.freakuence.nl\/fr\/\",\"name\":\"Freakuence!\",\"description\":\"Freakuence!\",\"alternateName\":\"Freakuence\",\"potentialAction\":[{\"@type\":\"SearchAction\",\"target\":{\"@type\":\"EntryPoint\",\"urlTemplate\":\"https:\/\/dev.freakuence.nl\/fr\/?s={search_term_string}\"},\"query-input\":{\"@type\":\"PropertyValueSpecification\",\"valueRequired\":true,\"valueName\":\"search_term_string\"}}],\"inLanguage\":\"fr-FR\"}]}<\/script>\n<!-- \/ Yoast SEO plugin. -->","yoast_head_json":{"title":"Unison Research Phono One v2 | Freakuence!","description":"Unison Research Phono One v2 : pr\u00e9ampli phono \u00e0 tubes de classe A avec 5 tubes ECC83 pour un son chaud et d\u00e9taill\u00e9. Convient aux cartouches MM et MC. \u2713 HiFi neuf et d'occasion \u2713 Note du client : 4.9 sur 5 \u2713 Reprise \u2713 Session d'\u00e9coute","robots":{"index":"noindex","follow":"follow","max-snippet":"max-snippet:-1","max-image-preview":"max-image-preview:large","max-video-preview":"max-video-preview:-1"},"og_locale":"fr_FR","og_type":"article","og_title":"Unison Research Phono One v2 | Freakuence!","og_description":"Unison Research Phono One v2 : pr\u00e9ampli phono \u00e0 tubes de classe A avec 5 tubes ECC83 pour un son chaud et d\u00e9taill\u00e9. Convient aux cartouches MM et MC. \u2713 HiFi neuf et d'occasion \u2713 Note du client : 4.9 sur 5 \u2713 Reprise \u2713 Session d'\u00e9coute","og_url":"https:\/\/dev.freakuence.nl\/fr\/produit\/unison-research-phono-one-v2\/","og_site_name":"Freakuence!","og_image":[{"width":1100,"height":824,"url":"https:\/\/dev.freakuence.nl\/wp-content\/uploads\/2026\/04\/17755516255547-3235.jpg","type":"image\/jpeg"}],"twitter_card":"summary_large_image","schema":{"@context":"https:\/\/schema.org","@graph":[{"@type":"WebPage","@id":"https:\/\/dev.freakuence.nl\/fr\/produit\/unison-research-phono-one-v2\/","url":"https:\/\/dev.freakuence.nl\/fr\/produit\/unison-research-phono-one-v2\/","name":"Unison Research Phono One v2 | Freakuence!","isPartOf":{"@id":"https:\/\/dev.freakuence.nl\/fr\/#website"},"primaryImageOfPage":{"@id":"https:\/\/dev.freakuence.nl\/fr\/produit\/unison-research-phono-one-v2\/#primaryimage"},"image":{"@id":"https:\/\/dev.freakuence.nl\/fr\/produit\/unison-research-phono-one-v2\/#primaryimage"},"thumbnailUrl":"https:\/\/dev.freakuence.nl\/wp-content\/uploads\/2026\/04\/17755516255547-3235.jpg","datePublished":"2026-04-07T08:51:46+00:00","description":"Unison Research Phono One v2 : pr\u00e9ampli phono \u00e0 tubes de classe A avec 5 tubes ECC83 pour un son chaud et d\u00e9taill\u00e9. Convient aux cartouches MM et MC. \u2713 HiFi neuf et d'occasion \u2713 Note du client : 4.9 sur 5 \u2713 Reprise \u2713 Session d'\u00e9coute","breadcrumb":{"@id":"https:\/\/dev.freakuence.nl\/fr\/produit\/unison-research-phono-one-v2\/#breadcrumb"},"inLanguage":"fr-FR","potentialAction":[{"@type":"ReadAction","target":["https:\/\/dev.freakuence.nl\/fr\/produit\/unison-research-phono-one-v2\/"]}]},{"@type":"ImageObject","inLanguage":"fr-FR","@id":"https:\/\/dev.freakuence.nl\/fr\/produit\/unison-research-phono-one-v2\/#primaryimage","url":"https:\/\/dev.freakuence.nl\/wp-content\/uploads\/2026\/04\/17755516255547-3235.jpg","contentUrl":"https:\/\/dev.freakuence.nl\/wp-content\/uploads\/2026\/04\/17755516255547-3235.jpg","width":1100,"height":824},{"@type":"BreadcrumbList","@id":"https:\/\/dev.freakuence.nl\/fr\/produit\/unison-research-phono-one-v2\/#breadcrumb","itemListElement":[{"@type":"ListItem","position":1,"name":"Accueil","item":"https:\/\/dev.freakuence.nl\/fr\/"},{"@type":"ListItem","position":2,"name":"Products","item":"https:\/\/dev.freakuence.nl\/en\/products\/"},{"@type":"ListItem","position":3,"name":"Unison Research Phono One v2"}]},{"@type":"WebSite","@id":"https:\/\/dev.freakuence.nl\/fr\/#website","url":"https:\/\/dev.freakuence.nl\/fr\/","name":"Freakuence!","description":"Freakuence!","alternateName":"Freakuence","potentialAction":[{"@type":"SearchAction","target":{"@type":"EntryPoint","urlTemplate":"https:\/\/dev.freakuence.nl\/fr\/?s={search_term_string}"},"query-input":{"@type":"PropertyValueSpecification","valueRequired":true,"valueName":"search_term_string"}}],"inLanguage":"fr-FR"}]}},"_links":{"self":[{"href":"https:\/\/dev.freakuence.nl\/fr\/wp-json\/wp\/v2\/product\/318063","targetHints":{"allow":["GET"]}}],"collection":[{"href":"https:\/\/dev.freakuence.nl\/fr\/wp-json\/wp\/v2\/product"}],"about":[{"href":"https:\/\/dev.freakuence.nl\/fr\/wp-json\/wp\/v2\/types\/product"}],"version-history":[{"count":0,"href":"https:\/\/dev.freakuence.nl\/fr\/wp-json\/wp\/v2\/product\/318063\/revisions"}],"wp:featuredmedia":[{"embeddable":true,"href":"https:\/\/dev.freakuence.nl\/fr\/wp-json\/wp\/v2\/media\/318039"}],"wp:attachment":[{"href":"https:\/\/dev.freakuence.nl\/fr\/wp-json\/wp\/v2\/media?parent=318063"}],"wp:term":[{"taxonomy":"product_brand","embeddable":true,"href":"https:\/\/dev.freakuence.nl\/fr\/wp-json\/wp\/v2\/product_brand?post=318063"},{"taxonomy":"product_cat","embeddable":true,"href":"https:\/\/dev.freakuence.nl\/fr\/wp-json\/wp\/v2\/product_cat?post=318063"},{"taxonomy":"product_tag","embeddable":true,"href":"https:\/\/dev.freakuence.nl\/fr\/wp-json\/wp\/v2\/product_tag?post=318063"}],"curies":[{"name":"wp","href":"https:\/\/api.w.org\/{rel}","templated":true}]}}