{"id":318071,"date":"2026-04-08T06:58:50","date_gmt":"2026-04-08T04:58:50","guid":{"rendered":"https:\/\/dev.freakuence.nl\/product\/accuphase-c-2150-2\/"},"modified":"2026-04-08T07:03:53","modified_gmt":"2026-04-08T05:03:53","slug":"accuphase-c-2150-2","status":"publish","type":"product","link":"https:\/\/dev.freakuence.nl\/fr\/produit\/accuphase-c-2150-2\/","title":{"rendered":"Accuphase C-2150"},"content":{"rendered":"<div class=\"product-specifications-list\">\n<div class=\"specification-item row-header\"><span class=\"spec-content\"><strong>Description Freakuence !<\/strong><\/span><\/div>\n<div class=\"specification-item row-even\"><span class=\"spec-content\">Alors venez&#8230; avec votre Accuphase ! \ud83d\ude42<\/span><\/div>\n<div class=\"specification-item row-odd\"><span class=\"spec-content\">Prix de vente au d\u00e9tail : 7800.00<\/span><\/div>\n<div class=\"specification-item row-header\"><span class=\"spec-content\"><strong>Description g\u00e9n\u00e9rale<\/strong><\/span><\/div>\n<div class=\"specification-item row-even\"><span class=\"spec-content\">En mettant l&rsquo;accent sur la pr\u00e9cision et le bruit minimal, ce pr\u00e9amplificateur offre un contr\u00f4le de volume AAVA, qui fonctionne sans r\u00e9sistances variables sur le chemin du signal. Gr\u00e2ce \u00e0 la technologie ANCC int\u00e9gr\u00e9e, il r\u00e9duit le bruit et la distorsion ind\u00e9sirables en appliquant des corrections subtiles au circuit de gain principal et aux sorties sym\u00e9triques et casque. Des alimentations ind\u00e9pendantes pour les canaux gauche et droit, chacune avec un transformateur d\u00e9di\u00e9, permettent un traitement coh\u00e9rent du signal. Cinq entr\u00e9es ligne et deux entr\u00e9es sym\u00e9triques offrent une grande souplesse, tandis que des modules d&rsquo;extension optionnels permettent d&rsquo;ajouter la lecture num\u00e9rique et analogique. Les circuits internes et la s\u00e9lection des composants sont con\u00e7us pour fournir une image sonore naturelle et coh\u00e9rente, sp\u00e9cifiquement r\u00e9gl\u00e9e par Accuphase pour un haut niveau de musicalit\u00e9.    <\/span><\/div>\n<div class=\"specification-item row-header\"><span class=\"spec-content\"><strong>Informations g\u00e9n\u00e9rales<\/strong><\/span><\/div>\n<div class=\"specification-item row-even\"><span class=\"spec-content\">L&rsquo;Accuphase E-480 est con\u00e7u \u00e0 partir de la philosophie d&rsquo;Accuphase, qui vise l&rsquo;expression et la pr\u00e9cision musicales ultimes. L&rsquo;amplificateur utilise une topologie MCS+ s\u00e9par\u00e9e avec la technologie Current Feedback pour une transmission optimale du signal. Des composants de haute qualit\u00e9 ont \u00e9t\u00e9 soigneusement s\u00e9lectionn\u00e9s, notamment des condensateurs sp\u00e9ciaux et un c\u00e2blage interne en cuivre pur. Le bo\u00eetier en aluminium massif amortit efficacement les vibrations. La production et le r\u00e9glage sont effectu\u00e9s manuellement \u00e0 Yokohama, au Japon. Le d\u00e9veloppement est supervis\u00e9 par des ing\u00e9nieurs Accuphase chevronn\u00e9s tels que Yamada et Nishio.     <\/span><\/div>\n<div class=\"specification-item row-header\"><span class=\"spec-content\"><strong>Histoire de la marque<\/strong><\/span><\/div>\n<div class=\"specification-item row-even\"><span class=\"spec-content\">Accuphase a \u00e9t\u00e9 fond\u00e9 en 1972 \u00e0 Tokyo sous le nom de Kensonic Laboratory par les fr\u00e8res Nakaichi et Jiro Kasuga. Le nom de la soci\u00e9t\u00e9 est devenu Accuphase Laboratory, Inc. en 1982 afin d&rsquo;unifier le nom de la marque et celui de la soci\u00e9t\u00e9. La marque a lanc\u00e9 ses premiers produits, le pr\u00e9amplificateur C-200, l&rsquo;amplificateur de puissance P-300 et le tuner T-100, en 1973. Ces mod\u00e8les, fabriqu\u00e9s avec des composants de haute qualit\u00e9 et une finition sophistiqu\u00e9e, ont imm\u00e9diatement re\u00e7u des r\u00e9actions positives et des r\u00e9compenses. Depuis 1973, Accuphase op\u00e8re \u00e0 partir de Yokohama, au Japon, o\u00f9 se trouve son si\u00e8ge social, et la marque a \u00e9tendu sa gamme \u00e0 divers appareils audio.     <\/span><\/div>\n<\/div>\n","protected":false},"excerpt":{"rendered":"<p>Description Freakuence ! Alors venez&#8230; avec votre Accuphase ! \ud83d\ude42 Prix de vente au d\u00e9tail : 7800.00 Description g\u00e9n\u00e9rale En mettant l&rsquo;accent sur la pr\u00e9cision et le bruit minimal, ce pr\u00e9amplificateur offre un contr\u00f4le de volume AAVA, qui fonctionne sans r\u00e9sistances variables sur le chemin du signal. Gr\u00e2ce \u00e0 la technologie ANCC int\u00e9gr\u00e9e, il r\u00e9duit [&hellip;]<\/p>\n","protected":false},"featured_media":0,"template":"","meta":{"_acf_changed":false,"inline_featured_image":false},"product_brand":[],"product_cat":[558],"product_tag":[554],"class_list":{"0":"post-318071","1":"product","2":"type-product","3":"status-publish","5":"product_cat-amplificateurs","6":"product_tag-used","7":"pa_kleur-noir","9":"first","10":"onbackorder","11":"sold-individually","12":"purchasable","13":"product-type-variable"},"acf":[],"yoast_head":"<!-- This site is optimized with the Yoast SEO plugin v25.9 - https:\/\/yoast.com\/wordpress\/plugins\/seo\/ -->\n<title>Accuphase C-2150 | Freakuence!<\/title>\n<meta name=\"robots\" content=\"noindex, follow, max-snippet:-1, max-image-preview:large, max-video-preview:-1\" \/>\n<meta property=\"og:locale\" content=\"fr_FR\" \/>\n<meta property=\"og:type\" content=\"article\" \/>\n<meta property=\"og:title\" content=\"Accuphase C-2150 | Freakuence!\" \/>\n<meta property=\"og:description\" content=\"Description Freakuence ! Alors venez&#8230; avec votre Accuphase ! \ud83d\ude42 Prix de vente au d\u00e9tail : 7800.00 Description g\u00e9n\u00e9rale En mettant l&rsquo;accent sur la pr\u00e9cision et le bruit minimal, ce pr\u00e9amplificateur offre un contr\u00f4le de volume AAVA, qui fonctionne sans r\u00e9sistances variables sur le chemin du signal. Gr\u00e2ce \u00e0 la technologie ANCC int\u00e9gr\u00e9e, il r\u00e9duit [&hellip;]\" \/>\n<meta property=\"og:url\" content=\"https:\/\/dev.freakuence.nl\/fr\/produit\/accuphase-c-2150-2\/\" \/>\n<meta property=\"og:site_name\" content=\"Freakuence!\" \/>\n<meta property=\"article:modified_time\" content=\"2026-04-08T05:03:53+00:00\" \/>\n<meta name=\"twitter:card\" content=\"summary_large_image\" \/>\n<script type=\"application\/ld+json\" class=\"yoast-schema-graph\">{\"@context\":\"https:\/\/schema.org\",\"@graph\":[{\"@type\":\"WebPage\",\"@id\":\"https:\/\/dev.freakuence.nl\/fr\/produit\/accuphase-c-2150-2\/\",\"url\":\"https:\/\/dev.freakuence.nl\/fr\/produit\/accuphase-c-2150-2\/\",\"name\":\"Accuphase C-2150 | Freakuence!\",\"isPartOf\":{\"@id\":\"https:\/\/dev.freakuence.nl\/fr\/#website\"},\"datePublished\":\"2026-04-08T04:58:50+00:00\",\"dateModified\":\"2026-04-08T05:03:53+00:00\",\"breadcrumb\":{\"@id\":\"https:\/\/dev.freakuence.nl\/fr\/produit\/accuphase-c-2150-2\/#breadcrumb\"},\"inLanguage\":\"fr-FR\",\"potentialAction\":[{\"@type\":\"ReadAction\",\"target\":[\"https:\/\/dev.freakuence.nl\/fr\/produit\/accuphase-c-2150-2\/\"]}]},{\"@type\":\"BreadcrumbList\",\"@id\":\"https:\/\/dev.freakuence.nl\/fr\/produit\/accuphase-c-2150-2\/#breadcrumb\",\"itemListElement\":[{\"@type\":\"ListItem\",\"position\":1,\"name\":\"Accueil\",\"item\":\"https:\/\/dev.freakuence.nl\/fr\/\"},{\"@type\":\"ListItem\",\"position\":2,\"name\":\"Products\",\"item\":\"https:\/\/dev.freakuence.nl\/en\/products\/\"},{\"@type\":\"ListItem\",\"position\":3,\"name\":\"Accuphase C-2150\"}]},{\"@type\":\"WebSite\",\"@id\":\"https:\/\/dev.freakuence.nl\/fr\/#website\",\"url\":\"https:\/\/dev.freakuence.nl\/fr\/\",\"name\":\"Freakuence!\",\"description\":\"Freakuence!\",\"alternateName\":\"Freakuence\",\"potentialAction\":[{\"@type\":\"SearchAction\",\"target\":{\"@type\":\"EntryPoint\",\"urlTemplate\":\"https:\/\/dev.freakuence.nl\/fr\/?s={search_term_string}\"},\"query-input\":{\"@type\":\"PropertyValueSpecification\",\"valueRequired\":true,\"valueName\":\"search_term_string\"}}],\"inLanguage\":\"fr-FR\"}]}<\/script>\n<!-- \/ Yoast SEO plugin. -->","yoast_head_json":{"title":"Accuphase C-2150 | Freakuence!","robots":{"index":"noindex","follow":"follow","max-snippet":"max-snippet:-1","max-image-preview":"max-image-preview:large","max-video-preview":"max-video-preview:-1"},"og_locale":"fr_FR","og_type":"article","og_title":"Accuphase C-2150 | Freakuence!","og_description":"Description Freakuence ! Alors venez&#8230; avec votre Accuphase ! \ud83d\ude42 Prix de vente au d\u00e9tail : 7800.00 Description g\u00e9n\u00e9rale En mettant l&rsquo;accent sur la pr\u00e9cision et le bruit minimal, ce pr\u00e9amplificateur offre un contr\u00f4le de volume AAVA, qui fonctionne sans r\u00e9sistances variables sur le chemin du signal. Gr\u00e2ce \u00e0 la technologie ANCC int\u00e9gr\u00e9e, il r\u00e9duit [&hellip;]","og_url":"https:\/\/dev.freakuence.nl\/fr\/produit\/accuphase-c-2150-2\/","og_site_name":"Freakuence!","article_modified_time":"2026-04-08T05:03:53+00:00","twitter_card":"summary_large_image","schema":{"@context":"https:\/\/schema.org","@graph":[{"@type":"WebPage","@id":"https:\/\/dev.freakuence.nl\/fr\/produit\/accuphase-c-2150-2\/","url":"https:\/\/dev.freakuence.nl\/fr\/produit\/accuphase-c-2150-2\/","name":"Accuphase C-2150 | Freakuence!","isPartOf":{"@id":"https:\/\/dev.freakuence.nl\/fr\/#website"},"datePublished":"2026-04-08T04:58:50+00:00","dateModified":"2026-04-08T05:03:53+00:00","breadcrumb":{"@id":"https:\/\/dev.freakuence.nl\/fr\/produit\/accuphase-c-2150-2\/#breadcrumb"},"inLanguage":"fr-FR","potentialAction":[{"@type":"ReadAction","target":["https:\/\/dev.freakuence.nl\/fr\/produit\/accuphase-c-2150-2\/"]}]},{"@type":"BreadcrumbList","@id":"https:\/\/dev.freakuence.nl\/fr\/produit\/accuphase-c-2150-2\/#breadcrumb","itemListElement":[{"@type":"ListItem","position":1,"name":"Accueil","item":"https:\/\/dev.freakuence.nl\/fr\/"},{"@type":"ListItem","position":2,"name":"Products","item":"https:\/\/dev.freakuence.nl\/en\/products\/"},{"@type":"ListItem","position":3,"name":"Accuphase C-2150"}]},{"@type":"WebSite","@id":"https:\/\/dev.freakuence.nl\/fr\/#website","url":"https:\/\/dev.freakuence.nl\/fr\/","name":"Freakuence!","description":"Freakuence!","alternateName":"Freakuence","potentialAction":[{"@type":"SearchAction","target":{"@type":"EntryPoint","urlTemplate":"https:\/\/dev.freakuence.nl\/fr\/?s={search_term_string}"},"query-input":{"@type":"PropertyValueSpecification","valueRequired":true,"valueName":"search_term_string"}}],"inLanguage":"fr-FR"}]}},"_links":{"self":[{"href":"https:\/\/dev.freakuence.nl\/fr\/wp-json\/wp\/v2\/product\/318071","targetHints":{"allow":["GET"]}}],"collection":[{"href":"https:\/\/dev.freakuence.nl\/fr\/wp-json\/wp\/v2\/product"}],"about":[{"href":"https:\/\/dev.freakuence.nl\/fr\/wp-json\/wp\/v2\/types\/product"}],"version-history":[{"count":1,"href":"https:\/\/dev.freakuence.nl\/fr\/wp-json\/wp\/v2\/product\/318071\/revisions"}],"predecessor-version":[{"id":318077,"href":"https:\/\/dev.freakuence.nl\/fr\/wp-json\/wp\/v2\/product\/318071\/revisions\/318077"}],"wp:attachment":[{"href":"https:\/\/dev.freakuence.nl\/fr\/wp-json\/wp\/v2\/media?parent=318071"}],"wp:term":[{"taxonomy":"product_brand","embeddable":true,"href":"https:\/\/dev.freakuence.nl\/fr\/wp-json\/wp\/v2\/product_brand?post=318071"},{"taxonomy":"product_cat","embeddable":true,"href":"https:\/\/dev.freakuence.nl\/fr\/wp-json\/wp\/v2\/product_cat?post=318071"},{"taxonomy":"product_tag","embeddable":true,"href":"https:\/\/dev.freakuence.nl\/fr\/wp-json\/wp\/v2\/product_tag?post=318071"}],"curies":[{"name":"wp","href":"https:\/\/api.w.org\/{rel}","templated":true}]}}