{"id":319816,"date":"2025-08-06T15:07:21","date_gmt":"2025-08-06T13:07:21","guid":{"rendered":"https:\/\/freakuence.nl\/product\/lumin-u2-mini\/"},"modified":"2026-03-10T04:20:52","modified_gmt":"2026-03-10T03:20:52","slug":"lumin-u2-mini","status":"publish","type":"product","link":"https:\/\/dev.freakuence.nl\/fr\/produit\/lumin-u2-mini\/","title":{"rendered":"LUMIN U2 Mini"},"content":{"rendered":"<div class=\"product-specifications-list\">\n<div class=\"specification-item row-even\"><span class=\"spec-content\"><strong>Description Freakuence !<\/strong><\/span><\/div>\n<div class=\"specification-item row-odd\"><span class=\"spec-content\"><\/p>\n<p>LUMIN et l&rsquo;accent mis sur la diffusion en continu. Top ! Il s&rsquo;agit d&rsquo;un streamer pur sang, bas\u00e9 sur leur U1 haut de gamme. Doux et naturel, avec beaucoup de puissance en dessous.   <\/p>\n<p><\/span><\/div>\n<div class=\"specification-item row-even\"><span class=\"spec-content\"><strong>Informations g\u00e9n\u00e9rales<\/strong><\/span><\/div>\n<div class=\"specification-item row-odd\"><span class=\"spec-content\"><\/p>\n<p>Le LUMIN A1 a \u00e9t\u00e9 con\u00e7u par l&rsquo;\u00e9quipe de LUMIN, bas\u00e9e \u00e0 Hong Kong, comme le premier produit de la marque. Le design allie performance audiophile et facilit\u00e9 d&rsquo;utilisation. Il a \u00e9t\u00e9 d\u00e9velopp\u00e9 par une \u00e9quipe exp\u00e9riment\u00e9e dans le domaine de l&rsquo;audio haut de gamme et des logiciels. Le bo\u00eetier est enti\u00e8rement fabriqu\u00e9 en aluminium massif, pour un blindage et un amortissement des vibrations optimaux. En interne, ils utilisent des DACs ESS SABRE de haute qualit\u00e9 et une alimentation lin\u00e9aire.   <\/p>\n<p><\/span><\/div>\n<div class=\"specification-item row-even\"><span class=\"spec-content\"><strong>Histoire de la marque<\/strong><\/span><\/div>\n<div class=\"specification-item row-odd\"><span class=\"spec-content\"><\/p>\n<p>En 2012, LUMIN a pr\u00e9sent\u00e9 le premier lecteur r\u00e9seau au monde capable de lire des fichiers DSD. Apr\u00e8s deux ans de d\u00e9veloppement et des centaines d&rsquo;heures d&rsquo;\u00e9coute critique, ce produit a \u00e9t\u00e9 lanc\u00e9 avec un seul message sur un forum. Depuis, LUMIN a \u00e9largi sa gamme \u00e0 neuf mod\u00e8les, dans des gammes de prix vari\u00e9es. Tous les produits sont ax\u00e9s sur la lecture naturelle de la musique, le d\u00e9veloppement continu de logiciels et une exp\u00e9rience de streaming transparente. Ces derni\u00e8res ann\u00e9es, LUMIN a ajout\u00e9 la prise en charge de services tels que Roon, MQA et Spotify. En outre, l&rsquo;entreprise a introduit des fonctionnalit\u00e9s telles que le Leedh Processing, une technologie de contr\u00f4le du volume num\u00e9rique. LUMIN d\u00e9veloppe le mat\u00e9riel, le micrologiciel et le logiciel en interne, ce qui permet une mise en \u0153uvre rapide des nouvelles fonctionnalit\u00e9s.      <\/p>\n<p><\/span><\/div>\n<\/div>\n","protected":false},"excerpt":{"rendered":"<p>Description Freakuence ! LUMIN et l&rsquo;accent mis sur la diffusion en continu. Top ! Il s&rsquo;agit d&rsquo;un streamer pur sang, bas\u00e9 sur leur U1 haut de gamme. Doux et naturel, avec beaucoup de puissance en dessous. Informations g\u00e9n\u00e9rales Le LUMIN A1 a \u00e9t\u00e9 con\u00e7u par l&rsquo;\u00e9quipe de LUMIN, bas\u00e9e \u00e0 Hong Kong, comme le premier [&hellip;]<\/p>\n","protected":false},"featured_media":319817,"template":"","meta":{"_acf_changed":false,"inline_featured_image":false},"product_brand":[],"product_cat":[548],"product_tag":[565],"class_list":{"0":"post-319816","1":"product","2":"type-product","3":"status-publish","4":"has-post-thumbnail","6":"product_cat-dac-et-streamers","7":"product_tag-nouveau","9":"first","10":"instock","11":"taxable","12":"shipping-taxable","13":"purchasable","14":"product-type-simple"},"acf":{"website":true,"show_on_homepage":true,"brand_title":"LUMIN","product_type":"U2 Mini","color":"","subcolor":"","reserved_status":"0"},"yoast_head":"<!-- This site is optimized with the Yoast SEO plugin v25.9 - https:\/\/yoast.com\/wordpress\/plugins\/seo\/ -->\n<title>LUMIN U2 Mini | Freakuence!<\/title>\n<meta name=\"robots\" content=\"noindex, follow, max-snippet:-1, max-image-preview:large, max-video-preview:-1\" \/>\n<meta property=\"og:locale\" content=\"fr_FR\" \/>\n<meta property=\"og:type\" content=\"article\" \/>\n<meta property=\"og:title\" content=\"LUMIN U2 Mini | Freakuence!\" \/>\n<meta property=\"og:description\" content=\"Description Freakuence ! LUMIN et l&rsquo;accent mis sur la diffusion en continu. Top ! Il s&rsquo;agit d&rsquo;un streamer pur sang, bas\u00e9 sur leur U1 haut de gamme. Doux et naturel, avec beaucoup de puissance en dessous. Informations g\u00e9n\u00e9rales Le LUMIN A1 a \u00e9t\u00e9 con\u00e7u par l&rsquo;\u00e9quipe de LUMIN, bas\u00e9e \u00e0 Hong Kong, comme le premier [&hellip;]\" \/>\n<meta property=\"og:url\" content=\"https:\/\/dev.freakuence.nl\/fr\/produit\/lumin-u2-mini\/\" \/>\n<meta property=\"og:site_name\" content=\"Freakuence!\" \/>\n<meta property=\"article:modified_time\" content=\"2026-03-10T03:20:52+00:00\" \/>\n<meta property=\"og:image\" content=\"https:\/\/dev.freakuence.nl\/wp-content\/uploads\/2025\/09\/1754485606-IMG1868-scaled.jpg\" \/>\n\t<meta property=\"og:image:width\" content=\"1800\" \/>\n\t<meta property=\"og:image:height\" content=\"1200\" \/>\n\t<meta property=\"og:image:type\" content=\"image\/jpeg\" \/>\n<meta name=\"twitter:card\" content=\"summary_large_image\" \/>\n<script type=\"application\/ld+json\" class=\"yoast-schema-graph\">{\"@context\":\"https:\/\/schema.org\",\"@graph\":[{\"@type\":\"WebPage\",\"@id\":\"https:\/\/dev.freakuence.nl\/fr\/produit\/lumin-u2-mini\/\",\"url\":\"https:\/\/dev.freakuence.nl\/fr\/produit\/lumin-u2-mini\/\",\"name\":\"LUMIN U2 Mini | Freakuence!\",\"isPartOf\":{\"@id\":\"https:\/\/dev.freakuence.nl\/fr\/#website\"},\"primaryImageOfPage\":{\"@id\":\"https:\/\/dev.freakuence.nl\/fr\/produit\/lumin-u2-mini\/#primaryimage\"},\"image\":{\"@id\":\"https:\/\/dev.freakuence.nl\/fr\/produit\/lumin-u2-mini\/#primaryimage\"},\"thumbnailUrl\":\"https:\/\/dev.freakuence.nl\/wp-content\/uploads\/2025\/09\/1754485606-IMG1868-scaled.jpg\",\"datePublished\":\"2025-08-06T13:07:21+00:00\",\"dateModified\":\"2026-03-10T03:20:52+00:00\",\"breadcrumb\":{\"@id\":\"https:\/\/dev.freakuence.nl\/fr\/produit\/lumin-u2-mini\/#breadcrumb\"},\"inLanguage\":\"fr-FR\",\"potentialAction\":[{\"@type\":\"ReadAction\",\"target\":[\"https:\/\/dev.freakuence.nl\/fr\/produit\/lumin-u2-mini\/\"]}]},{\"@type\":\"ImageObject\",\"inLanguage\":\"fr-FR\",\"@id\":\"https:\/\/dev.freakuence.nl\/fr\/produit\/lumin-u2-mini\/#primaryimage\",\"url\":\"https:\/\/dev.freakuence.nl\/wp-content\/uploads\/2025\/09\/1754485606-IMG1868-scaled.jpg\",\"contentUrl\":\"https:\/\/dev.freakuence.nl\/wp-content\/uploads\/2025\/09\/1754485606-IMG1868-scaled.jpg\",\"width\":1800,\"height\":1200},{\"@type\":\"BreadcrumbList\",\"@id\":\"https:\/\/dev.freakuence.nl\/fr\/produit\/lumin-u2-mini\/#breadcrumb\",\"itemListElement\":[{\"@type\":\"ListItem\",\"position\":1,\"name\":\"Accueil\",\"item\":\"https:\/\/dev.freakuence.nl\/fr\/\"},{\"@type\":\"ListItem\",\"position\":2,\"name\":\"Produits\",\"item\":\"https:\/\/dev.freakuence.nl\/fr\/produits\/\"},{\"@type\":\"ListItem\",\"position\":3,\"name\":\"LUMIN U2 Mini\"}]},{\"@type\":\"WebSite\",\"@id\":\"https:\/\/dev.freakuence.nl\/fr\/#website\",\"url\":\"https:\/\/dev.freakuence.nl\/fr\/\",\"name\":\"Freakuence!\",\"description\":\"Freakuence!\",\"publisher\":{\"@id\":\"https:\/\/dev.freakuence.nl\/fr\/#organization\"},\"alternateName\":\"Freakuence\",\"potentialAction\":[{\"@type\":\"SearchAction\",\"target\":{\"@type\":\"EntryPoint\",\"urlTemplate\":\"https:\/\/dev.freakuence.nl\/fr\/?s={search_term_string}\"},\"query-input\":{\"@type\":\"PropertyValueSpecification\",\"valueRequired\":true,\"valueName\":\"search_term_string\"}}],\"inLanguage\":\"fr-FR\"},{\"@type\":\"Organization\",\"@id\":\"https:\/\/dev.freakuence.nl\/fr\/#organization\",\"name\":\"Freakuence !\",\"url\":\"https:\/\/dev.freakuence.nl\/fr\/\",\"logo\":{\"@type\":\"ImageObject\",\"inLanguage\":\"fr-FR\",\"@id\":\"https:\/\/dev.freakuence.nl\/fr\/#\/schema\/logo\/image\/\",\"url\":\"https:\/\/dev.freakuence.nl\/wp-content\/uploads\/2022\/05\/Brown_3_RGB_Freakuence-1.png\",\"contentUrl\":\"https:\/\/dev.freakuence.nl\/wp-content\/uploads\/2022\/05\/Brown_3_RGB_Freakuence-1.png\",\"width\":2560,\"height\":684,\"caption\":\"Freakuence !\"},\"image\":{\"@id\":\"https:\/\/dev.freakuence.nl\/fr\/#\/schema\/logo\/image\/\"},\"sameAs\":[\"https:\/\/www.instagram.com\/freakuence_notorious_audio\/\"]}]}<\/script>\n<!-- \/ Yoast SEO plugin. -->","yoast_head_json":{"title":"LUMIN U2 Mini | Freakuence!","robots":{"index":"noindex","follow":"follow","max-snippet":"max-snippet:-1","max-image-preview":"max-image-preview:large","max-video-preview":"max-video-preview:-1"},"og_locale":"fr_FR","og_type":"article","og_title":"LUMIN U2 Mini | Freakuence!","og_description":"Description Freakuence ! LUMIN et l&rsquo;accent mis sur la diffusion en continu. Top ! Il s&rsquo;agit d&rsquo;un streamer pur sang, bas\u00e9 sur leur U1 haut de gamme. Doux et naturel, avec beaucoup de puissance en dessous. Informations g\u00e9n\u00e9rales Le LUMIN A1 a \u00e9t\u00e9 con\u00e7u par l&rsquo;\u00e9quipe de LUMIN, bas\u00e9e \u00e0 Hong Kong, comme le premier [&hellip;]","og_url":"https:\/\/dev.freakuence.nl\/fr\/produit\/lumin-u2-mini\/","og_site_name":"Freakuence!","article_modified_time":"2026-03-10T03:20:52+00:00","og_image":[{"width":1800,"height":1200,"url":"https:\/\/dev.freakuence.nl\/wp-content\/uploads\/2025\/09\/1754485606-IMG1868-scaled.jpg","type":"image\/jpeg"}],"twitter_card":"summary_large_image","schema":{"@context":"https:\/\/schema.org","@graph":[{"@type":"WebPage","@id":"https:\/\/dev.freakuence.nl\/fr\/produit\/lumin-u2-mini\/","url":"https:\/\/dev.freakuence.nl\/fr\/produit\/lumin-u2-mini\/","name":"LUMIN U2 Mini | Freakuence!","isPartOf":{"@id":"https:\/\/dev.freakuence.nl\/fr\/#website"},"primaryImageOfPage":{"@id":"https:\/\/dev.freakuence.nl\/fr\/produit\/lumin-u2-mini\/#primaryimage"},"image":{"@id":"https:\/\/dev.freakuence.nl\/fr\/produit\/lumin-u2-mini\/#primaryimage"},"thumbnailUrl":"https:\/\/dev.freakuence.nl\/wp-content\/uploads\/2025\/09\/1754485606-IMG1868-scaled.jpg","datePublished":"2025-08-06T13:07:21+00:00","dateModified":"2026-03-10T03:20:52+00:00","breadcrumb":{"@id":"https:\/\/dev.freakuence.nl\/fr\/produit\/lumin-u2-mini\/#breadcrumb"},"inLanguage":"fr-FR","potentialAction":[{"@type":"ReadAction","target":["https:\/\/dev.freakuence.nl\/fr\/produit\/lumin-u2-mini\/"]}]},{"@type":"ImageObject","inLanguage":"fr-FR","@id":"https:\/\/dev.freakuence.nl\/fr\/produit\/lumin-u2-mini\/#primaryimage","url":"https:\/\/dev.freakuence.nl\/wp-content\/uploads\/2025\/09\/1754485606-IMG1868-scaled.jpg","contentUrl":"https:\/\/dev.freakuence.nl\/wp-content\/uploads\/2025\/09\/1754485606-IMG1868-scaled.jpg","width":1800,"height":1200},{"@type":"BreadcrumbList","@id":"https:\/\/dev.freakuence.nl\/fr\/produit\/lumin-u2-mini\/#breadcrumb","itemListElement":[{"@type":"ListItem","position":1,"name":"Accueil","item":"https:\/\/dev.freakuence.nl\/fr\/"},{"@type":"ListItem","position":2,"name":"Produits","item":"https:\/\/dev.freakuence.nl\/fr\/produits\/"},{"@type":"ListItem","position":3,"name":"LUMIN U2 Mini"}]},{"@type":"WebSite","@id":"https:\/\/dev.freakuence.nl\/fr\/#website","url":"https:\/\/dev.freakuence.nl\/fr\/","name":"Freakuence!","description":"Freakuence!","publisher":{"@id":"https:\/\/dev.freakuence.nl\/fr\/#organization"},"alternateName":"Freakuence","potentialAction":[{"@type":"SearchAction","target":{"@type":"EntryPoint","urlTemplate":"https:\/\/dev.freakuence.nl\/fr\/?s={search_term_string}"},"query-input":{"@type":"PropertyValueSpecification","valueRequired":true,"valueName":"search_term_string"}}],"inLanguage":"fr-FR"},{"@type":"Organization","@id":"https:\/\/dev.freakuence.nl\/fr\/#organization","name":"Freakuence !","url":"https:\/\/dev.freakuence.nl\/fr\/","logo":{"@type":"ImageObject","inLanguage":"fr-FR","@id":"https:\/\/dev.freakuence.nl\/fr\/#\/schema\/logo\/image\/","url":"https:\/\/dev.freakuence.nl\/wp-content\/uploads\/2022\/05\/Brown_3_RGB_Freakuence-1.png","contentUrl":"https:\/\/dev.freakuence.nl\/wp-content\/uploads\/2022\/05\/Brown_3_RGB_Freakuence-1.png","width":2560,"height":684,"caption":"Freakuence !"},"image":{"@id":"https:\/\/dev.freakuence.nl\/fr\/#\/schema\/logo\/image\/"},"sameAs":["https:\/\/www.instagram.com\/freakuence_notorious_audio\/"]}]}},"_links":{"self":[{"href":"https:\/\/dev.freakuence.nl\/fr\/wp-json\/wp\/v2\/product\/319816","targetHints":{"allow":["GET"]}}],"collection":[{"href":"https:\/\/dev.freakuence.nl\/fr\/wp-json\/wp\/v2\/product"}],"about":[{"href":"https:\/\/dev.freakuence.nl\/fr\/wp-json\/wp\/v2\/types\/product"}],"wp:featuredmedia":[{"embeddable":true,"href":"https:\/\/dev.freakuence.nl\/fr\/wp-json\/wp\/v2\/media\/319817"}],"wp:attachment":[{"href":"https:\/\/dev.freakuence.nl\/fr\/wp-json\/wp\/v2\/media?parent=319816"}],"wp:term":[{"taxonomy":"product_brand","embeddable":true,"href":"https:\/\/dev.freakuence.nl\/fr\/wp-json\/wp\/v2\/product_brand?post=319816"},{"taxonomy":"product_cat","embeddable":true,"href":"https:\/\/dev.freakuence.nl\/fr\/wp-json\/wp\/v2\/product_cat?post=319816"},{"taxonomy":"product_tag","embeddable":true,"href":"https:\/\/dev.freakuence.nl\/fr\/wp-json\/wp\/v2\/product_tag?post=319816"}],"curies":[{"name":"wp","href":"https:\/\/api.w.org\/{rel}","templated":true}]}}