{"id":321478,"date":"2025-10-22T12:31:21","date_gmt":"2025-10-22T10:31:21","guid":{"rendered":"https:\/\/freakuence.nl\/product\/kef-tdm34ds\/"},"modified":"2026-04-08T17:58:55","modified_gmt":"2026-04-08T15:58:55","slug":"kef-tdm34ds","status":"publish","type":"product","link":"https:\/\/dev.freakuence.nl\/fr\/produit\/kef-tdm34ds\/","title":{"rendered":"KEF TDM34DS"},"content":{"rendered":"<div class=\"product-specifications-list\">\n<div class=\"specification-item row-header\"><span class=\"spec-content\"><strong>Description Freakuence !<\/strong><\/span><\/div>\n<div class=\"specification-item row-even\"><span class=\"spec-content\">Un son enveloppant qui vous entoure sans effort. Les d\u00e9tails tourbillonnent, les voix s&rsquo;envolent et la spatialit\u00e9 n&rsquo;est pas un d\u00e9tail. Rien ne s&rsquo;immisce, tout coule de source. Les films gagnent en tension, les concerts semblent plus grandioses. Gauche, droite, arri\u00e8re &#8211; le mouvement est omnipr\u00e9sent sans que vous ayez l&rsquo;impression qu&rsquo;il est artificiel.    <\/span><\/div>\n<div class=\"specification-item row-header\"><span class=\"spec-content\"><strong>D\u00e9tails<\/strong><\/span><\/div>\n<div class=\"specification-item row-even\"><span class=\"spec-content\">Dommages, voir les photos !<\/span><\/div>\n<div class=\"specification-item row-header\"><span class=\"spec-content\"><strong>Description g\u00e9n\u00e9rale<\/strong><\/span><\/div>\n<div class=\"specification-item row-even\"><span class=\"spec-content\">Con\u00e7ue pour les syst\u00e8mes de home cin\u00e9ma, cette enceinte offre une configuration dip\u00f4le pour une exp\u00e9rience surround immersive. Avec deux haut-parleurs de basses de 130 mm et deux haut-parleurs d&rsquo;aigus de 25 mm, elle offre une gamme de fr\u00e9quences allant de 80 Hz \u00e0 20 kHz. La sensibilit\u00e9 est de 90 dB \u00e0 1 m\u00e8tre pour une entr\u00e9e de 2,83 V et l&rsquo;imp\u00e9dance nominale est de 4 ohms. La puissance d&rsquo;amplification recommand\u00e9e est comprise entre 50 et 200 watts. Le bo\u00eetier mesure 400 mm de largeur, 250 mm de hauteur et 160 mm de profondeur, pour un poids de 7,5 kg. Gr\u00e2ce \u00e0 son blindage magn\u00e9tique, il peut \u00eatre plac\u00e9 \u00e0 proximit\u00e9 d&rsquo;un t\u00e9l\u00e9viseur sans provoquer d&rsquo;interf\u00e9rences.     <\/span><\/div>\n<div class=\"specification-item row-header\"><span class=\"spec-content\"><strong>Informations g\u00e9n\u00e9rales<\/strong><\/span><\/div>\n<div class=\"specification-item row-even\"><span class=\"spec-content\">Le TDM34DS de KEF est un haut-parleur dip\u00f4le con\u00e7u pour un son surround de haute qualit\u00e9. D\u00e9velopp\u00e9 par l&rsquo;\u00e9quipe d&rsquo;ing\u00e9nieurs de KEF, ce mod\u00e8le associe un profil mince \u00e0 des technologies acoustiques avanc\u00e9es. Il utilise des r\u00e9seaux de haut-parleurs Uni-Q pour offrir une reproduction sonore pr\u00e9cise. Le coffret est fabriqu\u00e9 en MDF \u00e0 faible r\u00e9sonance, ce qui minimise les vibrations. Le c\u00e2blage interne est de haute qualit\u00e9 pour r\u00e9duire la perte de signal. Les enceintes sont soigneusement con\u00e7ues et assembl\u00e9es au Royaume-Uni.     <\/span><\/div>\n<div class=\"specification-item row-header\"><span class=\"spec-content\"><strong>Histoire de la marque<\/strong><\/span><\/div>\n<div class=\"specification-item row-even\"><span class=\"spec-content\">KEF a \u00e9t\u00e9 fond\u00e9e en 1961 \u00e0 Maidstone, dans le Kent, par Raymond Cooke, ancien chef de piste de la BBC. Le nom est d\u00e9riv\u00e9 de Kent Engineering &amp; Foundry, le site sur lequel se trouvait son premier si\u00e8ge social. Au cours de ses premi\u00e8res ann\u00e9es d&rsquo;existence, la soci\u00e9t\u00e9 a d\u00e9velopp\u00e9 des produits en utilisant des mat\u00e9riaux synth\u00e9tiques et des mod\u00e8les math\u00e9matiques. En 1973, KEF introduit le concept de r\u00e9f\u00e9rence, dans lequel chaque paire de syst\u00e8mes est appari\u00e9e \u00e9lectroniquement. Dans les ann\u00e9es 1980, KEF utilise les technologies num\u00e9riques pour optimiser la production. En 1988, le premier syst\u00e8me de mesure acoustique assist\u00e9 par ordinateur est utilis\u00e9. La technologie des haut-parleurs Uni-Q a \u00e9t\u00e9 introduite en 1988 et a depuis \u00e9t\u00e9 utilis\u00e9e dans plusieurs mod\u00e8les. KEF a collabor\u00e9 avec des designers externes, notamment Ross Lovegrove. En 2011, le Blade a \u00e9t\u00e9 lanc\u00e9, le premier mod\u00e8le bas\u00e9 sur le concept de source \u00e0 point unique. KEF poss\u00e8de des bureaux dans le monde entier, notamment \u00e0 Hong Kong, en Allemagne, en France, au Japon et aux \u00c9tats-Unis. Son si\u00e8ge social et son d\u00e9partement de recherche acoustique se trouvent \u00e0 Maidstone.          <\/span><\/div>\n<\/div>\n","protected":false},"excerpt":{"rendered":"<p>Description Freakuence ! Un son enveloppant qui vous entoure sans effort. Les d\u00e9tails tourbillonnent, les voix s&rsquo;envolent et la spatialit\u00e9 n&rsquo;est pas un d\u00e9tail. Rien ne s&rsquo;immisce, tout coule de source. Les films gagnent en tension, les concerts semblent plus grandioses. Gauche, droite, arri\u00e8re &#8211; le mouvement est omnipr\u00e9sent sans que vous ayez l&rsquo;impression qu&rsquo;il [&hellip;]<\/p>\n","protected":false},"featured_media":382765,"template":"","meta":{"_acf_changed":false,"inline_featured_image":false},"product_brand":[],"product_cat":[543],"product_tag":[533],"class_list":{"0":"post-321478","1":"product","2":"type-product","3":"status-publish","4":"has-post-thumbnail","6":"product_cat-intervenants","7":"product_tag-used","8":"pa_kleur-blanc","10":"first","11":"instock","12":"sold-individually","13":"purchasable","14":"product-type-simple"},"acf":{"website":true,"show_on_homepage":false,"brand_title":"KEF","product_type":"TDM34DS","color":"Blanc","subcolor":"","reserved_status":"0"},"_links":{"self":[{"href":"https:\/\/dev.freakuence.nl\/fr\/wp-json\/wp\/v2\/product\/321478","targetHints":{"allow":["GET"]}}],"collection":[{"href":"https:\/\/dev.freakuence.nl\/fr\/wp-json\/wp\/v2\/product"}],"about":[{"href":"https:\/\/dev.freakuence.nl\/fr\/wp-json\/wp\/v2\/types\/product"}],"wp:featuredmedia":[{"embeddable":true,"href":"https:\/\/dev.freakuence.nl\/fr\/wp-json\/wp\/v2\/media\/382765"}],"wp:attachment":[{"href":"https:\/\/dev.freakuence.nl\/fr\/wp-json\/wp\/v2\/media?parent=321478"}],"wp:term":[{"taxonomy":"product_brand","embeddable":true,"href":"https:\/\/dev.freakuence.nl\/fr\/wp-json\/wp\/v2\/product_brand?post=321478"},{"taxonomy":"product_cat","embeddable":true,"href":"https:\/\/dev.freakuence.nl\/fr\/wp-json\/wp\/v2\/product_cat?post=321478"},{"taxonomy":"product_tag","embeddable":true,"href":"https:\/\/dev.freakuence.nl\/fr\/wp-json\/wp\/v2\/product_tag?post=321478"}],"curies":[{"name":"wp","href":"https:\/\/api.w.org\/{rel}","templated":true}]}}