{"id":321487,"date":"2025-10-22T12:32:47","date_gmt":"2025-10-22T10:32:47","guid":{"rendered":"https:\/\/freakuence.nl\/product\/auralic-gemini-2000\/"},"modified":"2026-04-08T17:57:00","modified_gmt":"2026-04-08T15:57:00","slug":"auralic-gemini-2000","status":"publish","type":"product","link":"https:\/\/dev.freakuence.nl\/fr\/produit\/auralic-gemini-2000\/","title":{"rendered":"AURALiC Gemini 2000"},"content":{"rendered":"<div class=\"product-specifications-list\">\n<div class=\"specification-item row-header\"><span class=\"spec-content\"><strong>Description Freakuence !<\/strong><\/span><\/div>\n<div class=\"specification-item row-even\"><span class=\"spec-content\">Bleu ! Vraiment. L&rsquo;AURALiC Gemini 2000 offre une lecture raffin\u00e9e et claire, reproduisant avec pr\u00e9cision chaque d\u00e9tail. Les aigus sont \u00e9tincelants et les m\u00e9diums sont naturels et \u00e9quilibr\u00e9s. Avec une puissance de sortie de 2000mW, il d\u00e9livre sans effort suffisamment de puissance pour la plupart des casques.    <\/span><\/div>\n<div class=\"specification-item row-odd\"><span class=\"spec-content\">Prix de vente au d\u00e9tail : 1995.00<\/span><\/div>\n<div class=\"specification-item row-header\"><span class=\"spec-content\"><strong>D\u00e9tails<\/strong><\/span><\/div>\n<div class=\"specification-item row-even\"><span class=\"spec-content\">Plus Sbooster. Dommages, voir les photos !<\/span><\/div>\n<div class=\"specification-item row-header\"><span class=\"spec-content\"><strong>Description g\u00e9n\u00e9rale<\/strong><\/span><\/div>\n<div class=\"specification-item row-even\"><span class=\"spec-content\">Cet appareil combine un ordinateur de d\u00e9codage DSD plein format avec de puissants amplificateurs de casque de classe A et prend en charge les biblioth\u00e8ques musicales personnelles. Il dispose d&rsquo;une entr\u00e9e audio USB et d&rsquo;une entr\u00e9e st\u00e9r\u00e9o analogique, ce qui permet de connecter diff\u00e9rentes sources audio. Le syst\u00e8me prend en charge les formats audio DSD et PCM, ce qui garantit une large compatibilit\u00e9 avec les fichiers audio num\u00e9riques. L&rsquo;amplificateur int\u00e9gr\u00e9 fournit suffisamment de puissance pour alimenter diff\u00e9rents casques, tandis que la fonctionnalit\u00e9 informatique int\u00e9gr\u00e9e permet un acc\u00e8s direct aux fichiers musicaux num\u00e9riques.   <\/span><\/div>\n<div class=\"specification-item row-header\"><span class=\"spec-content\"><strong>Informations g\u00e9n\u00e9rales<\/strong><\/span><\/div>\n<div class=\"specification-item row-even\"><span class=\"spec-content\">L&rsquo;AURALiC VEGA G1 est con\u00e7u selon la m\u00eame philosophie que les mod\u00e8les haut de gamme d&rsquo;AURALiC : une reproduction num\u00e9rique sans compromis. L&rsquo;\u00e9quipe de conception s&rsquo;appuie sur sa formation en physique et en ing\u00e9nierie, partant du principe que la musique num\u00e9rique doit avoir un son riche et naturel. Le bo\u00eetier est en aluminium anodis\u00e9 noir, avec une conception interne qui utilise la plate-forme mat\u00e9rielle Tesla d&rsquo;AURALiC. Celle-ci fournit la puissance de calcul n\u00e9cessaire au DSP avanc\u00e9, au sur\u00e9chantillonnage et \u00e0 la r\u00e9duction de la gigue. Le DAC fonctionne avec une horloge femto et prend en charge les r\u00e9solutions jusqu&rsquo;\u00e0 32bit\/384kHz et DSD512.    <\/span><\/div>\n<div class=\"specification-item row-header\"><span class=\"spec-content\"><strong>Histoire de la marque<\/strong><\/span><\/div>\n<div class=\"specification-item row-even\"><span class=\"spec-content\">AURALiC a \u00e9t\u00e9 fond\u00e9e en 2009 par Wang Xuanqian et Yuan Wang, qui se sont rencontr\u00e9s lors d&rsquo;un concert \u00e0 Berlin. Leur passion commune pour la musique et la reproduction sonore de haute qualit\u00e9 a conduit \u00e0 la cr\u00e9ation de l&rsquo;entreprise. AURALiC se concentre sur la conception et le d\u00e9veloppement d&rsquo;\u00e9quipements audio qui s&rsquo;int\u00e8grent parfaitement dans les int\u00e9rieurs modernes et qui sont faciles \u00e0 utiliser. L&rsquo;entreprise vise \u00e0 permettre aux utilisateurs de profiter des avantages des formats de musique num\u00e9rique sans la complexit\u00e9 des \u00e9quipements audio traditionnels.    En 2025, l&rsquo;entreprise a cess\u00e9 ses activit\u00e9s.<\/span><\/div>\n<\/div>\n","protected":false},"excerpt":{"rendered":"<p>Description Freakuence ! Bleu ! Vraiment. L&rsquo;AURALiC Gemini 2000 offre une lecture raffin\u00e9e et claire, reproduisant avec pr\u00e9cision chaque d\u00e9tail. Les aigus sont \u00e9tincelants et les m\u00e9diums sont naturels et \u00e9quilibr\u00e9s. Avec une puissance de sortie de 2000mW, il d\u00e9livre sans effort suffisamment de puissance pour la plupart des casques. Prix de vente au d\u00e9tail [&hellip;]<\/p>\n","protected":false},"featured_media":382722,"template":"","meta":{"_acf_changed":false,"inline_featured_image":false},"product_brand":[],"product_cat":[739,572],"product_tag":[533],"class_list":{"0":"post-321487","1":"product","2":"type-product","3":"status-publish","4":"has-post-thumbnail","6":"product_cat-amplificateurs-de-casque","7":"product_cat-casques-et-amplificateurs","8":"product_tag-used","9":"pa_kleur-bleu","11":"first","12":"instock","13":"sold-individually","14":"purchasable","15":"product-type-simple"},"acf":{"website":true,"show_on_homepage":false,"brand_title":"AURALiC","product_type":"Gemini 2000","color":"Bleu","subcolor":"","reserved_status":"1"},"yoast_head":"<!-- This site is optimized with the Yoast SEO plugin v25.9 - https:\/\/yoast.com\/wordpress\/plugins\/seo\/ -->\n<title>AURALiC Gemini 2000 | Freakuence!<\/title>\n<meta name=\"description\" content=\"AURALiC Gemini 2000 : support de casque \u00e9l\u00e9gant avec DAC int\u00e9gr\u00e9 et amplificateur de classe A pour audiophiles. \u2713 HiFi neuf et d&#039;occasion \u2713 Note du client : 4,9 sur 5 \u2713 Reprise \u2713 S\u00e9ance d&#039;\u00e9coute\" \/>\n<meta name=\"robots\" content=\"noindex, follow, max-snippet:-1, max-image-preview:large, max-video-preview:-1\" \/>\n<meta property=\"og:locale\" content=\"fr_FR\" \/>\n<meta property=\"og:type\" content=\"article\" \/>\n<meta property=\"og:title\" content=\"AURALiC Gemini 2000 | Freakuence!\" \/>\n<meta property=\"og:description\" content=\"AURALiC Gemini 2000 : support de casque \u00e9l\u00e9gant avec DAC int\u00e9gr\u00e9 et amplificateur de classe A pour audiophiles. \u2713 HiFi neuf et d&#039;occasion \u2713 Note du client : 4,9 sur 5 \u2713 Reprise \u2713 S\u00e9ance d&#039;\u00e9coute\" \/>\n<meta property=\"og:url\" content=\"https:\/\/dev.freakuence.nl\/fr\/produit\/auralic-gemini-2000\/\" \/>\n<meta property=\"og:site_name\" content=\"Freakuence!\" \/>\n<meta property=\"article:modified_time\" content=\"2026-04-08T15:57:00+00:00\" \/>\n<meta property=\"og:image\" content=\"https:\/\/dev.freakuence.nl\/wp-content\/uploads\/2026\/04\/17611291337976-17327-IMG3323-scaled.jpg\" \/>\n\t<meta property=\"og:image:width\" content=\"1800\" \/>\n\t<meta property=\"og:image:height\" content=\"1200\" \/>\n\t<meta property=\"og:image:type\" content=\"image\/jpeg\" \/>\n<meta name=\"twitter:card\" content=\"summary_large_image\" \/>\n<script type=\"application\/ld+json\" class=\"yoast-schema-graph\">{\"@context\":\"https:\/\/schema.org\",\"@graph\":[{\"@type\":\"WebPage\",\"@id\":\"https:\/\/dev.freakuence.nl\/fr\/produit\/auralic-gemini-2000\/\",\"url\":\"https:\/\/dev.freakuence.nl\/fr\/produit\/auralic-gemini-2000\/\",\"name\":\"AURALiC Gemini 2000 | Freakuence!\",\"isPartOf\":{\"@id\":\"https:\/\/dev.freakuence.nl\/fr\/#website\"},\"primaryImageOfPage\":{\"@id\":\"https:\/\/dev.freakuence.nl\/fr\/produit\/auralic-gemini-2000\/#primaryimage\"},\"image\":{\"@id\":\"https:\/\/dev.freakuence.nl\/fr\/produit\/auralic-gemini-2000\/#primaryimage\"},\"thumbnailUrl\":\"https:\/\/dev.freakuence.nl\/wp-content\/uploads\/2026\/04\/17611291337976-17327-IMG3323-scaled.jpg\",\"datePublished\":\"2025-10-22T10:32:47+00:00\",\"dateModified\":\"2026-04-08T15:57:00+00:00\",\"description\":\"AURALiC Gemini 2000 : support de casque \u00e9l\u00e9gant avec DAC int\u00e9gr\u00e9 et amplificateur de classe A pour audiophiles. \u2713 HiFi neuf et d'occasion \u2713 Note du client : 4,9 sur 5 \u2713 Reprise \u2713 S\u00e9ance d'\u00e9coute\",\"breadcrumb\":{\"@id\":\"https:\/\/dev.freakuence.nl\/fr\/produit\/auralic-gemini-2000\/#breadcrumb\"},\"inLanguage\":\"fr-FR\",\"potentialAction\":[{\"@type\":\"ReadAction\",\"target\":[\"https:\/\/dev.freakuence.nl\/fr\/produit\/auralic-gemini-2000\/\"]}]},{\"@type\":\"ImageObject\",\"inLanguage\":\"fr-FR\",\"@id\":\"https:\/\/dev.freakuence.nl\/fr\/produit\/auralic-gemini-2000\/#primaryimage\",\"url\":\"https:\/\/dev.freakuence.nl\/wp-content\/uploads\/2026\/04\/17611291337976-17327-IMG3323-scaled.jpg\",\"contentUrl\":\"https:\/\/dev.freakuence.nl\/wp-content\/uploads\/2026\/04\/17611291337976-17327-IMG3323-scaled.jpg\",\"width\":1800,\"height\":1200},{\"@type\":\"BreadcrumbList\",\"@id\":\"https:\/\/dev.freakuence.nl\/fr\/produit\/auralic-gemini-2000\/#breadcrumb\",\"itemListElement\":[{\"@type\":\"ListItem\",\"position\":1,\"name\":\"Accueil\",\"item\":\"https:\/\/dev.freakuence.nl\/fr\/\"},{\"@type\":\"ListItem\",\"position\":2,\"name\":\"Produits\",\"item\":\"https:\/\/dev.freakuence.nl\/fr\/produits\/\"},{\"@type\":\"ListItem\",\"position\":3,\"name\":\"AURALiC Gemini 2000\"}]},{\"@type\":\"WebSite\",\"@id\":\"https:\/\/dev.freakuence.nl\/fr\/#website\",\"url\":\"https:\/\/dev.freakuence.nl\/fr\/\",\"name\":\"Freakuence!\",\"description\":\"Freakuence!\",\"publisher\":{\"@id\":\"https:\/\/dev.freakuence.nl\/fr\/#organization\"},\"alternateName\":\"Freakuence\",\"potentialAction\":[{\"@type\":\"SearchAction\",\"target\":{\"@type\":\"EntryPoint\",\"urlTemplate\":\"https:\/\/dev.freakuence.nl\/fr\/?s={search_term_string}\"},\"query-input\":{\"@type\":\"PropertyValueSpecification\",\"valueRequired\":true,\"valueName\":\"search_term_string\"}}],\"inLanguage\":\"fr-FR\"},{\"@type\":\"Organization\",\"@id\":\"https:\/\/dev.freakuence.nl\/fr\/#organization\",\"name\":\"Freakuence !\",\"url\":\"https:\/\/dev.freakuence.nl\/fr\/\",\"logo\":{\"@type\":\"ImageObject\",\"inLanguage\":\"fr-FR\",\"@id\":\"https:\/\/dev.freakuence.nl\/fr\/#\/schema\/logo\/image\/\",\"url\":\"https:\/\/dev.freakuence.nl\/wp-content\/uploads\/2022\/05\/Brown_3_RGB_Freakuence-1.png\",\"contentUrl\":\"https:\/\/dev.freakuence.nl\/wp-content\/uploads\/2022\/05\/Brown_3_RGB_Freakuence-1.png\",\"width\":2560,\"height\":684,\"caption\":\"Freakuence !\"},\"image\":{\"@id\":\"https:\/\/dev.freakuence.nl\/fr\/#\/schema\/logo\/image\/\"},\"sameAs\":[\"https:\/\/www.instagram.com\/freakuence_notorious_audio\/\"]}]}<\/script>\n<!-- \/ Yoast SEO plugin. -->","yoast_head_json":{"title":"AURALiC Gemini 2000 | Freakuence!","description":"AURALiC Gemini 2000 : support de casque \u00e9l\u00e9gant avec DAC int\u00e9gr\u00e9 et amplificateur de classe A pour audiophiles. \u2713 HiFi neuf et d'occasion \u2713 Note du client : 4,9 sur 5 \u2713 Reprise \u2713 S\u00e9ance d'\u00e9coute","robots":{"index":"noindex","follow":"follow","max-snippet":"max-snippet:-1","max-image-preview":"max-image-preview:large","max-video-preview":"max-video-preview:-1"},"og_locale":"fr_FR","og_type":"article","og_title":"AURALiC Gemini 2000 | Freakuence!","og_description":"AURALiC Gemini 2000 : support de casque \u00e9l\u00e9gant avec DAC int\u00e9gr\u00e9 et amplificateur de classe A pour audiophiles. \u2713 HiFi neuf et d'occasion \u2713 Note du client : 4,9 sur 5 \u2713 Reprise \u2713 S\u00e9ance d'\u00e9coute","og_url":"https:\/\/dev.freakuence.nl\/fr\/produit\/auralic-gemini-2000\/","og_site_name":"Freakuence!","article_modified_time":"2026-04-08T15:57:00+00:00","og_image":[{"width":1800,"height":1200,"url":"https:\/\/dev.freakuence.nl\/wp-content\/uploads\/2026\/04\/17611291337976-17327-IMG3323-scaled.jpg","type":"image\/jpeg"}],"twitter_card":"summary_large_image","schema":{"@context":"https:\/\/schema.org","@graph":[{"@type":"WebPage","@id":"https:\/\/dev.freakuence.nl\/fr\/produit\/auralic-gemini-2000\/","url":"https:\/\/dev.freakuence.nl\/fr\/produit\/auralic-gemini-2000\/","name":"AURALiC Gemini 2000 | Freakuence!","isPartOf":{"@id":"https:\/\/dev.freakuence.nl\/fr\/#website"},"primaryImageOfPage":{"@id":"https:\/\/dev.freakuence.nl\/fr\/produit\/auralic-gemini-2000\/#primaryimage"},"image":{"@id":"https:\/\/dev.freakuence.nl\/fr\/produit\/auralic-gemini-2000\/#primaryimage"},"thumbnailUrl":"https:\/\/dev.freakuence.nl\/wp-content\/uploads\/2026\/04\/17611291337976-17327-IMG3323-scaled.jpg","datePublished":"2025-10-22T10:32:47+00:00","dateModified":"2026-04-08T15:57:00+00:00","description":"AURALiC Gemini 2000 : support de casque \u00e9l\u00e9gant avec DAC int\u00e9gr\u00e9 et amplificateur de classe A pour audiophiles. \u2713 HiFi neuf et d'occasion \u2713 Note du client : 4,9 sur 5 \u2713 Reprise \u2713 S\u00e9ance d'\u00e9coute","breadcrumb":{"@id":"https:\/\/dev.freakuence.nl\/fr\/produit\/auralic-gemini-2000\/#breadcrumb"},"inLanguage":"fr-FR","potentialAction":[{"@type":"ReadAction","target":["https:\/\/dev.freakuence.nl\/fr\/produit\/auralic-gemini-2000\/"]}]},{"@type":"ImageObject","inLanguage":"fr-FR","@id":"https:\/\/dev.freakuence.nl\/fr\/produit\/auralic-gemini-2000\/#primaryimage","url":"https:\/\/dev.freakuence.nl\/wp-content\/uploads\/2026\/04\/17611291337976-17327-IMG3323-scaled.jpg","contentUrl":"https:\/\/dev.freakuence.nl\/wp-content\/uploads\/2026\/04\/17611291337976-17327-IMG3323-scaled.jpg","width":1800,"height":1200},{"@type":"BreadcrumbList","@id":"https:\/\/dev.freakuence.nl\/fr\/produit\/auralic-gemini-2000\/#breadcrumb","itemListElement":[{"@type":"ListItem","position":1,"name":"Accueil","item":"https:\/\/dev.freakuence.nl\/fr\/"},{"@type":"ListItem","position":2,"name":"Produits","item":"https:\/\/dev.freakuence.nl\/fr\/produits\/"},{"@type":"ListItem","position":3,"name":"AURALiC Gemini 2000"}]},{"@type":"WebSite","@id":"https:\/\/dev.freakuence.nl\/fr\/#website","url":"https:\/\/dev.freakuence.nl\/fr\/","name":"Freakuence!","description":"Freakuence!","publisher":{"@id":"https:\/\/dev.freakuence.nl\/fr\/#organization"},"alternateName":"Freakuence","potentialAction":[{"@type":"SearchAction","target":{"@type":"EntryPoint","urlTemplate":"https:\/\/dev.freakuence.nl\/fr\/?s={search_term_string}"},"query-input":{"@type":"PropertyValueSpecification","valueRequired":true,"valueName":"search_term_string"}}],"inLanguage":"fr-FR"},{"@type":"Organization","@id":"https:\/\/dev.freakuence.nl\/fr\/#organization","name":"Freakuence !","url":"https:\/\/dev.freakuence.nl\/fr\/","logo":{"@type":"ImageObject","inLanguage":"fr-FR","@id":"https:\/\/dev.freakuence.nl\/fr\/#\/schema\/logo\/image\/","url":"https:\/\/dev.freakuence.nl\/wp-content\/uploads\/2022\/05\/Brown_3_RGB_Freakuence-1.png","contentUrl":"https:\/\/dev.freakuence.nl\/wp-content\/uploads\/2022\/05\/Brown_3_RGB_Freakuence-1.png","width":2560,"height":684,"caption":"Freakuence !"},"image":{"@id":"https:\/\/dev.freakuence.nl\/fr\/#\/schema\/logo\/image\/"},"sameAs":["https:\/\/www.instagram.com\/freakuence_notorious_audio\/"]}]}},"_links":{"self":[{"href":"https:\/\/dev.freakuence.nl\/fr\/wp-json\/wp\/v2\/product\/321487","targetHints":{"allow":["GET"]}}],"collection":[{"href":"https:\/\/dev.freakuence.nl\/fr\/wp-json\/wp\/v2\/product"}],"about":[{"href":"https:\/\/dev.freakuence.nl\/fr\/wp-json\/wp\/v2\/types\/product"}],"wp:featuredmedia":[{"embeddable":true,"href":"https:\/\/dev.freakuence.nl\/fr\/wp-json\/wp\/v2\/media\/382722"}],"wp:attachment":[{"href":"https:\/\/dev.freakuence.nl\/fr\/wp-json\/wp\/v2\/media?parent=321487"}],"wp:term":[{"taxonomy":"product_brand","embeddable":true,"href":"https:\/\/dev.freakuence.nl\/fr\/wp-json\/wp\/v2\/product_brand?post=321487"},{"taxonomy":"product_cat","embeddable":true,"href":"https:\/\/dev.freakuence.nl\/fr\/wp-json\/wp\/v2\/product_cat?post=321487"},{"taxonomy":"product_tag","embeddable":true,"href":"https:\/\/dev.freakuence.nl\/fr\/wp-json\/wp\/v2\/product_tag?post=321487"}],"curies":[{"name":"wp","href":"https:\/\/api.w.org\/{rel}","templated":true}]}}