{"id":321609,"date":"2025-10-22T11:47:19","date_gmt":"2025-10-22T09:47:19","guid":{"rendered":"https:\/\/freakuence.nl\/product\/nuprime-dac-8\/"},"modified":"2026-04-08T18:13:29","modified_gmt":"2026-04-08T16:13:29","slug":"nuprime-dac-8","status":"publish","type":"product","link":"https:\/\/dev.freakuence.nl\/fr\/produit\/nuprime-dac-8\/","title":{"rendered":"NuPrime DAC-8"},"content":{"rendered":"<div class=\"product-specifications-list\">\n<div class=\"specification-item row-header\"><span class=\"spec-content\"><strong>Description Freakuence !<\/strong><\/span><\/div>\n<div class=\"specification-item row-even\"><span class=\"spec-content\">Un look furtif gr\u00e2ce aux c\u00f4t\u00e9s plats. Un arrondi sain et correct. Vos tympans vous en seront reconnaissants ! Passez nous voir pour une s\u00e9ance.   <\/span><\/div>\n<div class=\"specification-item row-odd\"><span class=\"spec-content\">Prix de vente au d\u00e9tail : 1350.00<\/span><\/div>\n<div class=\"specification-item row-header\"><span class=\"spec-content\"><strong>Description g\u00e9n\u00e9rale<\/strong><\/span><\/div>\n<div class=\"specification-item row-even\"><span class=\"spec-content\">Ce convertisseur num\u00e9rique-analogique utilise des composants avanc\u00e9s pour assurer une conversion pr\u00e9cise des signaux num\u00e9riques en sortie analogique. Il offre plusieurs entr\u00e9es, y compris USB et S\/PDIF, ce qui lui permet de s&rsquo;adapter \u00e0 une grande vari\u00e9t\u00e9 de sources. Le convertisseur prend en charge des r\u00e9solutions allant jusqu&rsquo;\u00e0 384 kHz\/32 bits et offre \u00e9galement une prise en charge DSD pour un son riche et d\u00e9taill\u00e9. Gr\u00e2ce \u00e0 son bo\u00eetier en aluminium et \u00e0 son design compact, il s&rsquo;int\u00e8gre facilement dans de nombreux syst\u00e8mes audio. L&rsquo;amplificateur de casque inclus le rend \u00e9galement adapt\u00e9 \u00e0 une utilisation personnelle, avec des commandes intuitives garantissant une navigation ais\u00e9e dans les param\u00e8tres et les options.    <\/span><\/div>\n<div class=\"specification-item row-header\"><span class=\"spec-content\"><strong>Informations g\u00e9n\u00e9rales<\/strong><\/span><\/div>\n<div class=\"specification-item row-even\"><span class=\"spec-content\">Le NuPrime ST-10M est un amplificateur de puissance mono bas\u00e9 sur la conception brevet\u00e9e de classe A+D de NuPrime. Il combine la chaleur et la musicalit\u00e9 de la classe A avec l&rsquo;efficacit\u00e9 de la classe D. Le ST-10M utilise des composants de haute qualit\u00e9 tels qu&rsquo;une alimentation personnalis\u00e9e et des circuits sp\u00e9cialement d\u00e9velopp\u00e9s pour une distorsion et un bruit ultra-faibles. Le bo\u00eetier est en aluminium usin\u00e9 CNC pour un amortissement optimal des vibrations. D\u00e9velopp\u00e9 par l&rsquo;\u00e9quipe d&rsquo;ing\u00e9nieurs de NuPrime dirig\u00e9e par Jason Lim, avec un accent sur la neutralit\u00e9, la vitesse et la dynamique.   <\/span><\/div>\n<div class=\"specification-item row-header\"><span class=\"spec-content\"><strong>Histoire de la marque<\/strong><\/span><\/div>\n<div class=\"specification-item row-even\"><span class=\"spec-content\">NuPrime a \u00e9t\u00e9 fond\u00e9e en 2014 par Jason Lim, ancien cofondateur de NuForce. La soci\u00e9t\u00e9 se concentre sur le d\u00e9veloppement d&rsquo;\u00e9quipements audio de haute qualit\u00e9. En 2015, NuPrime a pr\u00e9sent\u00e9 l&rsquo;IDA-16, un amplificateur int\u00e9gr\u00e9 dot\u00e9 d&rsquo;une fonctionnalit\u00e9 DAC. En 2017, elle a \u00e9largi sa gamme de produits avec la s\u00e9rie Evolution, notamment l&rsquo;amplificateur de puissance mono Evolution One. En 2018, NuPrime a lanc\u00e9 la s\u00e9rie AMG, avec des produits tels que l&rsquo;amplificateur de puissance st\u00e9r\u00e9o AMG STA. En 2020, l&rsquo;entreprise a introduit la s\u00e9rie Omnia, ax\u00e9e sur les solutions de streaming sans fil. NuPrime continue d&rsquo;\u00e9largir sa gamme avec divers appareils audio.      <\/span><\/div>\n<\/div>\n","protected":false},"excerpt":{"rendered":"<p>Description Freakuence ! Un look furtif gr\u00e2ce aux c\u00f4t\u00e9s plats. Un arrondi sain et correct. Vos tympans vous en seront reconnaissants ! Passez nous voir pour une s\u00e9ance. Prix de vente au d\u00e9tail : 1350.00 Description g\u00e9n\u00e9rale Ce convertisseur num\u00e9rique-analogique utilise des composants avanc\u00e9s pour assurer une conversion pr\u00e9cise des signaux num\u00e9riques en sortie analogique. [&hellip;]<\/p>\n","protected":false},"featured_media":382957,"template":"","meta":{"_acf_changed":false,"inline_featured_image":false},"product_brand":[],"product_cat":[718,689],"product_tag":[533],"class_list":{"0":"post-321609","1":"product","2":"type-product","3":"status-publish","4":"has-post-thumbnail","6":"product_cat-dacs","7":"product_cat-sources-dinformation","8":"product_tag-used","9":"pa_kleur-noir","11":"first","12":"instock","13":"sold-individually","14":"purchasable","15":"product-type-simple"},"acf":{"website":true,"show_on_homepage":false,"brand_title":"NuPrime","product_type":"DAC-8","color":"Noir","subcolor":"","reserved_status":"0"},"yoast_head":"<!-- This site is optimized with the Yoast SEO plugin v25.9 - https:\/\/yoast.com\/wordpress\/plugins\/seo\/ -->\n<title>NuPrime DAC-8 | Freakuence!<\/title>\n<meta name=\"description\" content=\"NuPrime DAC-8 : DAC haut de gamme abordable avec 8 entr\u00e9es num\u00e9riques, sortie RCA, PCM 384K et DSD256. \u2713 HiFi neuf et d&#039;occasion \u2713 Note du client : 4.9 sur 5 \u2713 Reprise \u2713 Session d&#039;\u00e9coute\" \/>\n<meta name=\"robots\" content=\"noindex, follow, max-snippet:-1, max-image-preview:large, max-video-preview:-1\" \/>\n<meta property=\"og:locale\" content=\"fr_FR\" \/>\n<meta property=\"og:type\" content=\"article\" \/>\n<meta property=\"og:title\" content=\"NuPrime DAC-8 | Freakuence!\" \/>\n<meta property=\"og:description\" content=\"NuPrime DAC-8 : DAC haut de gamme abordable avec 8 entr\u00e9es num\u00e9riques, sortie RCA, PCM 384K et DSD256. \u2713 HiFi neuf et d&#039;occasion \u2713 Note du client : 4.9 sur 5 \u2713 Reprise \u2713 Session d&#039;\u00e9coute\" \/>\n<meta property=\"og:url\" content=\"https:\/\/dev.freakuence.nl\/fr\/produit\/nuprime-dac-8\/\" \/>\n<meta property=\"og:site_name\" content=\"Freakuence!\" \/>\n<meta property=\"article:modified_time\" content=\"2026-04-08T16:13:29+00:00\" \/>\n<meta property=\"og:image\" content=\"https:\/\/dev.freakuence.nl\/wp-content\/uploads\/2026\/04\/17611263898635-17528-IMG6242-scaled.jpg\" \/>\n\t<meta property=\"og:image:width\" content=\"1800\" \/>\n\t<meta property=\"og:image:height\" content=\"1200\" \/>\n\t<meta property=\"og:image:type\" content=\"image\/jpeg\" \/>\n<meta name=\"twitter:card\" content=\"summary_large_image\" \/>\n<script type=\"application\/ld+json\" class=\"yoast-schema-graph\">{\"@context\":\"https:\/\/schema.org\",\"@graph\":[{\"@type\":\"WebPage\",\"@id\":\"https:\/\/dev.freakuence.nl\/fr\/produit\/nuprime-dac-8\/\",\"url\":\"https:\/\/dev.freakuence.nl\/fr\/produit\/nuprime-dac-8\/\",\"name\":\"NuPrime DAC-8 | Freakuence!\",\"isPartOf\":{\"@id\":\"https:\/\/dev.freakuence.nl\/fr\/#website\"},\"primaryImageOfPage\":{\"@id\":\"https:\/\/dev.freakuence.nl\/fr\/produit\/nuprime-dac-8\/#primaryimage\"},\"image\":{\"@id\":\"https:\/\/dev.freakuence.nl\/fr\/produit\/nuprime-dac-8\/#primaryimage\"},\"thumbnailUrl\":\"https:\/\/dev.freakuence.nl\/wp-content\/uploads\/2026\/04\/17611263898635-17528-IMG6242-scaled.jpg\",\"datePublished\":\"2025-10-22T09:47:19+00:00\",\"dateModified\":\"2026-04-08T16:13:29+00:00\",\"description\":\"NuPrime DAC-8 : DAC haut de gamme abordable avec 8 entr\u00e9es num\u00e9riques, sortie RCA, PCM 384K et DSD256. \u2713 HiFi neuf et d'occasion \u2713 Note du client : 4.9 sur 5 \u2713 Reprise \u2713 Session d'\u00e9coute\",\"breadcrumb\":{\"@id\":\"https:\/\/dev.freakuence.nl\/fr\/produit\/nuprime-dac-8\/#breadcrumb\"},\"inLanguage\":\"fr-FR\",\"potentialAction\":[{\"@type\":\"ReadAction\",\"target\":[\"https:\/\/dev.freakuence.nl\/fr\/produit\/nuprime-dac-8\/\"]}]},{\"@type\":\"ImageObject\",\"inLanguage\":\"fr-FR\",\"@id\":\"https:\/\/dev.freakuence.nl\/fr\/produit\/nuprime-dac-8\/#primaryimage\",\"url\":\"https:\/\/dev.freakuence.nl\/wp-content\/uploads\/2026\/04\/17611263898635-17528-IMG6242-scaled.jpg\",\"contentUrl\":\"https:\/\/dev.freakuence.nl\/wp-content\/uploads\/2026\/04\/17611263898635-17528-IMG6242-scaled.jpg\",\"width\":1800,\"height\":1200},{\"@type\":\"BreadcrumbList\",\"@id\":\"https:\/\/dev.freakuence.nl\/fr\/produit\/nuprime-dac-8\/#breadcrumb\",\"itemListElement\":[{\"@type\":\"ListItem\",\"position\":1,\"name\":\"Accueil\",\"item\":\"https:\/\/dev.freakuence.nl\/fr\/\"},{\"@type\":\"ListItem\",\"position\":2,\"name\":\"Produits\",\"item\":\"https:\/\/dev.freakuence.nl\/fr\/produits\/\"},{\"@type\":\"ListItem\",\"position\":3,\"name\":\"NuPrime DAC-8\"}]},{\"@type\":\"WebSite\",\"@id\":\"https:\/\/dev.freakuence.nl\/fr\/#website\",\"url\":\"https:\/\/dev.freakuence.nl\/fr\/\",\"name\":\"Freakuence!\",\"description\":\"Freakuence!\",\"publisher\":{\"@id\":\"https:\/\/dev.freakuence.nl\/fr\/#organization\"},\"alternateName\":\"Freakuence\",\"potentialAction\":[{\"@type\":\"SearchAction\",\"target\":{\"@type\":\"EntryPoint\",\"urlTemplate\":\"https:\/\/dev.freakuence.nl\/fr\/?s={search_term_string}\"},\"query-input\":{\"@type\":\"PropertyValueSpecification\",\"valueRequired\":true,\"valueName\":\"search_term_string\"}}],\"inLanguage\":\"fr-FR\"},{\"@type\":\"Organization\",\"@id\":\"https:\/\/dev.freakuence.nl\/fr\/#organization\",\"name\":\"Freakuence !\",\"url\":\"https:\/\/dev.freakuence.nl\/fr\/\",\"logo\":{\"@type\":\"ImageObject\",\"inLanguage\":\"fr-FR\",\"@id\":\"https:\/\/dev.freakuence.nl\/fr\/#\/schema\/logo\/image\/\",\"url\":\"https:\/\/dev.freakuence.nl\/wp-content\/uploads\/2022\/05\/Brown_3_RGB_Freakuence-1.png\",\"contentUrl\":\"https:\/\/dev.freakuence.nl\/wp-content\/uploads\/2022\/05\/Brown_3_RGB_Freakuence-1.png\",\"width\":2560,\"height\":684,\"caption\":\"Freakuence !\"},\"image\":{\"@id\":\"https:\/\/dev.freakuence.nl\/fr\/#\/schema\/logo\/image\/\"},\"sameAs\":[\"https:\/\/www.instagram.com\/freakuence_notorious_audio\/\"]}]}<\/script>\n<!-- \/ Yoast SEO plugin. -->","yoast_head_json":{"title":"NuPrime DAC-8 | Freakuence!","description":"NuPrime DAC-8 : DAC haut de gamme abordable avec 8 entr\u00e9es num\u00e9riques, sortie RCA, PCM 384K et DSD256. \u2713 HiFi neuf et d'occasion \u2713 Note du client : 4.9 sur 5 \u2713 Reprise \u2713 Session d'\u00e9coute","robots":{"index":"noindex","follow":"follow","max-snippet":"max-snippet:-1","max-image-preview":"max-image-preview:large","max-video-preview":"max-video-preview:-1"},"og_locale":"fr_FR","og_type":"article","og_title":"NuPrime DAC-8 | Freakuence!","og_description":"NuPrime DAC-8 : DAC haut de gamme abordable avec 8 entr\u00e9es num\u00e9riques, sortie RCA, PCM 384K et DSD256. \u2713 HiFi neuf et d'occasion \u2713 Note du client : 4.9 sur 5 \u2713 Reprise \u2713 Session d'\u00e9coute","og_url":"https:\/\/dev.freakuence.nl\/fr\/produit\/nuprime-dac-8\/","og_site_name":"Freakuence!","article_modified_time":"2026-04-08T16:13:29+00:00","og_image":[{"width":1800,"height":1200,"url":"https:\/\/dev.freakuence.nl\/wp-content\/uploads\/2026\/04\/17611263898635-17528-IMG6242-scaled.jpg","type":"image\/jpeg"}],"twitter_card":"summary_large_image","schema":{"@context":"https:\/\/schema.org","@graph":[{"@type":"WebPage","@id":"https:\/\/dev.freakuence.nl\/fr\/produit\/nuprime-dac-8\/","url":"https:\/\/dev.freakuence.nl\/fr\/produit\/nuprime-dac-8\/","name":"NuPrime DAC-8 | Freakuence!","isPartOf":{"@id":"https:\/\/dev.freakuence.nl\/fr\/#website"},"primaryImageOfPage":{"@id":"https:\/\/dev.freakuence.nl\/fr\/produit\/nuprime-dac-8\/#primaryimage"},"image":{"@id":"https:\/\/dev.freakuence.nl\/fr\/produit\/nuprime-dac-8\/#primaryimage"},"thumbnailUrl":"https:\/\/dev.freakuence.nl\/wp-content\/uploads\/2026\/04\/17611263898635-17528-IMG6242-scaled.jpg","datePublished":"2025-10-22T09:47:19+00:00","dateModified":"2026-04-08T16:13:29+00:00","description":"NuPrime DAC-8 : DAC haut de gamme abordable avec 8 entr\u00e9es num\u00e9riques, sortie RCA, PCM 384K et DSD256. \u2713 HiFi neuf et d'occasion \u2713 Note du client : 4.9 sur 5 \u2713 Reprise \u2713 Session d'\u00e9coute","breadcrumb":{"@id":"https:\/\/dev.freakuence.nl\/fr\/produit\/nuprime-dac-8\/#breadcrumb"},"inLanguage":"fr-FR","potentialAction":[{"@type":"ReadAction","target":["https:\/\/dev.freakuence.nl\/fr\/produit\/nuprime-dac-8\/"]}]},{"@type":"ImageObject","inLanguage":"fr-FR","@id":"https:\/\/dev.freakuence.nl\/fr\/produit\/nuprime-dac-8\/#primaryimage","url":"https:\/\/dev.freakuence.nl\/wp-content\/uploads\/2026\/04\/17611263898635-17528-IMG6242-scaled.jpg","contentUrl":"https:\/\/dev.freakuence.nl\/wp-content\/uploads\/2026\/04\/17611263898635-17528-IMG6242-scaled.jpg","width":1800,"height":1200},{"@type":"BreadcrumbList","@id":"https:\/\/dev.freakuence.nl\/fr\/produit\/nuprime-dac-8\/#breadcrumb","itemListElement":[{"@type":"ListItem","position":1,"name":"Accueil","item":"https:\/\/dev.freakuence.nl\/fr\/"},{"@type":"ListItem","position":2,"name":"Produits","item":"https:\/\/dev.freakuence.nl\/fr\/produits\/"},{"@type":"ListItem","position":3,"name":"NuPrime DAC-8"}]},{"@type":"WebSite","@id":"https:\/\/dev.freakuence.nl\/fr\/#website","url":"https:\/\/dev.freakuence.nl\/fr\/","name":"Freakuence!","description":"Freakuence!","publisher":{"@id":"https:\/\/dev.freakuence.nl\/fr\/#organization"},"alternateName":"Freakuence","potentialAction":[{"@type":"SearchAction","target":{"@type":"EntryPoint","urlTemplate":"https:\/\/dev.freakuence.nl\/fr\/?s={search_term_string}"},"query-input":{"@type":"PropertyValueSpecification","valueRequired":true,"valueName":"search_term_string"}}],"inLanguage":"fr-FR"},{"@type":"Organization","@id":"https:\/\/dev.freakuence.nl\/fr\/#organization","name":"Freakuence !","url":"https:\/\/dev.freakuence.nl\/fr\/","logo":{"@type":"ImageObject","inLanguage":"fr-FR","@id":"https:\/\/dev.freakuence.nl\/fr\/#\/schema\/logo\/image\/","url":"https:\/\/dev.freakuence.nl\/wp-content\/uploads\/2022\/05\/Brown_3_RGB_Freakuence-1.png","contentUrl":"https:\/\/dev.freakuence.nl\/wp-content\/uploads\/2022\/05\/Brown_3_RGB_Freakuence-1.png","width":2560,"height":684,"caption":"Freakuence !"},"image":{"@id":"https:\/\/dev.freakuence.nl\/fr\/#\/schema\/logo\/image\/"},"sameAs":["https:\/\/www.instagram.com\/freakuence_notorious_audio\/"]}]}},"_links":{"self":[{"href":"https:\/\/dev.freakuence.nl\/fr\/wp-json\/wp\/v2\/product\/321609","targetHints":{"allow":["GET"]}}],"collection":[{"href":"https:\/\/dev.freakuence.nl\/fr\/wp-json\/wp\/v2\/product"}],"about":[{"href":"https:\/\/dev.freakuence.nl\/fr\/wp-json\/wp\/v2\/types\/product"}],"wp:featuredmedia":[{"embeddable":true,"href":"https:\/\/dev.freakuence.nl\/fr\/wp-json\/wp\/v2\/media\/382957"}],"wp:attachment":[{"href":"https:\/\/dev.freakuence.nl\/fr\/wp-json\/wp\/v2\/media?parent=321609"}],"wp:term":[{"taxonomy":"product_brand","embeddable":true,"href":"https:\/\/dev.freakuence.nl\/fr\/wp-json\/wp\/v2\/product_brand?post=321609"},{"taxonomy":"product_cat","embeddable":true,"href":"https:\/\/dev.freakuence.nl\/fr\/wp-json\/wp\/v2\/product_cat?post=321609"},{"taxonomy":"product_tag","embeddable":true,"href":"https:\/\/dev.freakuence.nl\/fr\/wp-json\/wp\/v2\/product_tag?post=321609"}],"curies":[{"name":"wp","href":"https:\/\/api.w.org\/{rel}","templated":true}]}}