{"id":321664,"date":"2025-10-22T11:38:47","date_gmt":"2025-10-22T09:38:47","guid":{"rendered":"https:\/\/freakuence.nl\/product\/linn-akurate-dsm-1-exakt\/"},"modified":"2026-02-24T15:45:44","modified_gmt":"2026-02-24T14:45:44","slug":"linn-akurate-dsm-1-exakt","status":"publish","type":"product","link":"https:\/\/dev.freakuence.nl\/fr\/produit\/linn-akurate-dsm-1-exakt\/","title":{"rendered":"Linn Akurate DSM\/1 Exakt"},"content":{"rendered":"<div class=\"product-specifications-list\">\n<div class=\"specification-item row-even\"><span class=\"spec-content\"><strong>Description Freakuence !<\/strong><\/span><\/div>\n<div class=\"specification-item row-odd\">\n<p>&nbsp;<\/p>\n<p>Un pr\u00e9amplificateur d\u00e9mentiel avec un streamer exceptionnel. Croustillant et avec un punch particuli\u00e8rement serr\u00e9. La fonction streamer et l&rsquo;application Linn en font un outil agr\u00e9able. Il est \u00e9galement possible de connecter d&rsquo;autres \u00e9quipements num\u00e9riques. Mieux encore, vous pouvez y brancher un \u00e9quipement hdmi et le diffuser directement sur votre \u00e9cran, sans que la Linn ne fasse quoi que ce soit avec le signal de l&rsquo;image. Uniquement pour Linn-Exakt.     <\/p>\n<p>&nbsp;<\/p>\n<\/div>\n<div class=\"specification-item row-even\"><span class=\"spec-content\"><strong>D\u00e9tails<\/strong><\/span><\/div>\n<div class=\"specification-item row-odd\"><span class=\"spec-content\">Prix de vente au d\u00e9tail : 6090.00<\/span><\/div>\n<div class=\"specification-item row-even\"><span class=\"spec-content\"><strong>Informations g\u00e9n\u00e9rales<\/strong><\/span><\/div>\n<div class=\"specification-item row-odd\">\n<p>&nbsp;<\/p>\n<p>Le Linn Akurate DS\/0 est con\u00e7u selon la philosophie de Linn, qui consiste \u00e0 minimiser la perte de signal. Le streamer int\u00e8gre une horloge de pr\u00e9cision et des composants DAC soigneusement s\u00e9lectionn\u00e9s pour une synchronisation et une reproduction des d\u00e9tails optimales. Toutes les connexions internes critiques sont courtes et directes pour minimiser les interf\u00e9rences.  <\/p>\n<p>&nbsp;<\/p>\n<\/div>\n<div class=\"specification-item row-even\"><span class=\"spec-content\"><strong>Histoire de la marque<\/strong><\/span><\/div>\n<div class=\"specification-item row-odd\">\n<p>&nbsp;<\/p>\n<p>Linn a \u00e9t\u00e9 fond\u00e9e en 1973 par Ivor Tiefenbrun. Elle a commenc\u00e9 par la production de la Sondek LP12, une platine qui a \u00e9t\u00e9 continuellement am\u00e9lior\u00e9e au cours des ann\u00e9es suivantes. L&rsquo;une des premi\u00e8res innovations a \u00e9t\u00e9 l&rsquo;introduction d&rsquo;une alimentation externe, le Valhalla, et d&rsquo;autres d\u00e9veloppements importants ont suivi plus tard, comme l&rsquo;introduction du syst\u00e8me d&rsquo;alimentation Lingo en 1990. En 1986, Linn a lanc\u00e9 la cartouche Troika, qui offrait une meilleure reproduction du signal. Dans les ann\u00e9es 1990, Linn a \u00e9largi son offre avec des produits num\u00e9riques, tels que le lecteur de CD Karik\/Numerik, et a lanc\u00e9 le syst\u00e8me multiroom Knekt en 1994. Linn fabrique presque tout en interne. D\u00e9couvrez leur machine de fabrication de circuits imprim\u00e9s en ligne !      <\/p>\n<p>&nbsp;<\/p>\n<\/div>\n<\/div>\n","protected":false},"excerpt":{"rendered":"<p>Description Freakuence ! &nbsp; Un pr\u00e9amplificateur d\u00e9mentiel avec un streamer exceptionnel. Croustillant et avec un punch particuli\u00e8rement serr\u00e9. La fonction streamer et l&rsquo;application Linn en font un outil agr\u00e9able. Il est \u00e9galement possible de connecter d&rsquo;autres \u00e9quipements num\u00e9riques. Mieux encore, vous pouvez y brancher un \u00e9quipement hdmi et le diffuser directement sur votre \u00e9cran, sans [&hellip;]<\/p>\n","protected":false},"featured_media":352761,"template":"","meta":{"_acf_changed":false,"inline_featured_image":false},"product_brand":[],"product_cat":[548],"product_tag":[533],"class_list":{"0":"post-321664","1":"product","2":"type-product","3":"status-publish","4":"has-post-thumbnail","6":"product_cat-dac-et-streamers","7":"product_tag-used","8":"pa_kleur-noir","10":"first","11":"instock","12":"taxable","13":"shipping-taxable","14":"purchasable","15":"product-type-simple"},"acf":{"website":true,"show_on_homepage":false,"brand_title":"Linn","product_type":"Akurate DSM\/1 Exakt","color":"Noir","subcolor":"","reserved_status":"0"},"yoast_head":"<!-- This site is optimized with the Yoast SEO plugin v25.9 - https:\/\/yoast.com\/wordpress\/plugins\/seo\/ -->\n<title>Linn Akurate DSM\/1 Exakt | Freakuence!<\/title>\n<meta name=\"robots\" content=\"noindex, follow, max-snippet:-1, max-image-preview:large, max-video-preview:-1\" \/>\n<meta property=\"og:locale\" content=\"fr_FR\" \/>\n<meta property=\"og:type\" content=\"article\" \/>\n<meta property=\"og:title\" content=\"Linn Akurate DSM\/1 Exakt | Freakuence!\" \/>\n<meta property=\"og:description\" content=\"Description Freakuence ! &nbsp; Un pr\u00e9amplificateur d\u00e9mentiel avec un streamer exceptionnel. Croustillant et avec un punch particuli\u00e8rement serr\u00e9. La fonction streamer et l&rsquo;application Linn en font un outil agr\u00e9able. Il est \u00e9galement possible de connecter d&rsquo;autres \u00e9quipements num\u00e9riques. Mieux encore, vous pouvez y brancher un \u00e9quipement hdmi et le diffuser directement sur votre \u00e9cran, sans [&hellip;]\" \/>\n<meta property=\"og:url\" content=\"https:\/\/dev.freakuence.nl\/fr\/produit\/linn-akurate-dsm-1-exakt\/\" \/>\n<meta property=\"og:site_name\" content=\"Freakuence!\" \/>\n<meta property=\"article:modified_time\" content=\"2026-02-24T14:45:44+00:00\" \/>\n<meta property=\"og:image\" content=\"https:\/\/dev.freakuence.nl\/wp-content\/uploads\/2025\/10\/17611258852593-17653-IMG8080-scaled.jpg\" \/>\n\t<meta property=\"og:image:width\" content=\"1800\" \/>\n\t<meta property=\"og:image:height\" content=\"1200\" \/>\n\t<meta property=\"og:image:type\" content=\"image\/jpeg\" \/>\n<meta name=\"twitter:card\" content=\"summary_large_image\" \/>\n<script type=\"application\/ld+json\" class=\"yoast-schema-graph\">{\"@context\":\"https:\/\/schema.org\",\"@graph\":[{\"@type\":\"WebPage\",\"@id\":\"https:\/\/dev.freakuence.nl\/fr\/produit\/linn-akurate-dsm-1-exakt\/\",\"url\":\"https:\/\/dev.freakuence.nl\/fr\/produit\/linn-akurate-dsm-1-exakt\/\",\"name\":\"Linn Akurate DSM\/1 Exakt | Freakuence!\",\"isPartOf\":{\"@id\":\"https:\/\/dev.freakuence.nl\/fr\/#website\"},\"primaryImageOfPage\":{\"@id\":\"https:\/\/dev.freakuence.nl\/fr\/produit\/linn-akurate-dsm-1-exakt\/#primaryimage\"},\"image\":{\"@id\":\"https:\/\/dev.freakuence.nl\/fr\/produit\/linn-akurate-dsm-1-exakt\/#primaryimage\"},\"thumbnailUrl\":\"https:\/\/dev.freakuence.nl\/wp-content\/uploads\/2025\/10\/17611258852593-17653-IMG8080-scaled.jpg\",\"datePublished\":\"2025-10-22T09:38:47+00:00\",\"dateModified\":\"2026-02-24T14:45:44+00:00\",\"breadcrumb\":{\"@id\":\"https:\/\/dev.freakuence.nl\/fr\/produit\/linn-akurate-dsm-1-exakt\/#breadcrumb\"},\"inLanguage\":\"fr-FR\",\"potentialAction\":[{\"@type\":\"ReadAction\",\"target\":[\"https:\/\/dev.freakuence.nl\/fr\/produit\/linn-akurate-dsm-1-exakt\/\"]}]},{\"@type\":\"ImageObject\",\"inLanguage\":\"fr-FR\",\"@id\":\"https:\/\/dev.freakuence.nl\/fr\/produit\/linn-akurate-dsm-1-exakt\/#primaryimage\",\"url\":\"https:\/\/dev.freakuence.nl\/wp-content\/uploads\/2025\/10\/17611258852593-17653-IMG8080-scaled.jpg\",\"contentUrl\":\"https:\/\/dev.freakuence.nl\/wp-content\/uploads\/2025\/10\/17611258852593-17653-IMG8080-scaled.jpg\",\"width\":1800,\"height\":1200},{\"@type\":\"BreadcrumbList\",\"@id\":\"https:\/\/dev.freakuence.nl\/fr\/produit\/linn-akurate-dsm-1-exakt\/#breadcrumb\",\"itemListElement\":[{\"@type\":\"ListItem\",\"position\":1,\"name\":\"Accueil\",\"item\":\"https:\/\/dev.freakuence.nl\/fr\/\"},{\"@type\":\"ListItem\",\"position\":2,\"name\":\"Produits\",\"item\":\"https:\/\/dev.freakuence.nl\/fr\/produits\/\"},{\"@type\":\"ListItem\",\"position\":3,\"name\":\"Linn Akurate DSM\/1 Exakt\"}]},{\"@type\":\"WebSite\",\"@id\":\"https:\/\/dev.freakuence.nl\/fr\/#website\",\"url\":\"https:\/\/dev.freakuence.nl\/fr\/\",\"name\":\"Freakuence!\",\"description\":\"Freakuence!\",\"publisher\":{\"@id\":\"https:\/\/dev.freakuence.nl\/fr\/#organization\"},\"alternateName\":\"Freakuence\",\"potentialAction\":[{\"@type\":\"SearchAction\",\"target\":{\"@type\":\"EntryPoint\",\"urlTemplate\":\"https:\/\/dev.freakuence.nl\/fr\/?s={search_term_string}\"},\"query-input\":{\"@type\":\"PropertyValueSpecification\",\"valueRequired\":true,\"valueName\":\"search_term_string\"}}],\"inLanguage\":\"fr-FR\"},{\"@type\":\"Organization\",\"@id\":\"https:\/\/dev.freakuence.nl\/fr\/#organization\",\"name\":\"Freakuence !\",\"url\":\"https:\/\/dev.freakuence.nl\/fr\/\",\"logo\":{\"@type\":\"ImageObject\",\"inLanguage\":\"fr-FR\",\"@id\":\"https:\/\/dev.freakuence.nl\/fr\/#\/schema\/logo\/image\/\",\"url\":\"https:\/\/dev.freakuence.nl\/wp-content\/uploads\/2022\/05\/Brown_3_RGB_Freakuence-1.png\",\"contentUrl\":\"https:\/\/dev.freakuence.nl\/wp-content\/uploads\/2022\/05\/Brown_3_RGB_Freakuence-1.png\",\"width\":2560,\"height\":684,\"caption\":\"Freakuence !\"},\"image\":{\"@id\":\"https:\/\/dev.freakuence.nl\/fr\/#\/schema\/logo\/image\/\"},\"sameAs\":[\"https:\/\/www.instagram.com\/freakuence_notorious_audio\/\"]}]}<\/script>\n<!-- \/ Yoast SEO plugin. -->","yoast_head_json":{"title":"Linn Akurate DSM\/1 Exakt | Freakuence!","robots":{"index":"noindex","follow":"follow","max-snippet":"max-snippet:-1","max-image-preview":"max-image-preview:large","max-video-preview":"max-video-preview:-1"},"og_locale":"fr_FR","og_type":"article","og_title":"Linn Akurate DSM\/1 Exakt | Freakuence!","og_description":"Description Freakuence ! &nbsp; Un pr\u00e9amplificateur d\u00e9mentiel avec un streamer exceptionnel. Croustillant et avec un punch particuli\u00e8rement serr\u00e9. La fonction streamer et l&rsquo;application Linn en font un outil agr\u00e9able. Il est \u00e9galement possible de connecter d&rsquo;autres \u00e9quipements num\u00e9riques. Mieux encore, vous pouvez y brancher un \u00e9quipement hdmi et le diffuser directement sur votre \u00e9cran, sans [&hellip;]","og_url":"https:\/\/dev.freakuence.nl\/fr\/produit\/linn-akurate-dsm-1-exakt\/","og_site_name":"Freakuence!","article_modified_time":"2026-02-24T14:45:44+00:00","og_image":[{"width":1800,"height":1200,"url":"https:\/\/dev.freakuence.nl\/wp-content\/uploads\/2025\/10\/17611258852593-17653-IMG8080-scaled.jpg","type":"image\/jpeg"}],"twitter_card":"summary_large_image","schema":{"@context":"https:\/\/schema.org","@graph":[{"@type":"WebPage","@id":"https:\/\/dev.freakuence.nl\/fr\/produit\/linn-akurate-dsm-1-exakt\/","url":"https:\/\/dev.freakuence.nl\/fr\/produit\/linn-akurate-dsm-1-exakt\/","name":"Linn Akurate DSM\/1 Exakt | Freakuence!","isPartOf":{"@id":"https:\/\/dev.freakuence.nl\/fr\/#website"},"primaryImageOfPage":{"@id":"https:\/\/dev.freakuence.nl\/fr\/produit\/linn-akurate-dsm-1-exakt\/#primaryimage"},"image":{"@id":"https:\/\/dev.freakuence.nl\/fr\/produit\/linn-akurate-dsm-1-exakt\/#primaryimage"},"thumbnailUrl":"https:\/\/dev.freakuence.nl\/wp-content\/uploads\/2025\/10\/17611258852593-17653-IMG8080-scaled.jpg","datePublished":"2025-10-22T09:38:47+00:00","dateModified":"2026-02-24T14:45:44+00:00","breadcrumb":{"@id":"https:\/\/dev.freakuence.nl\/fr\/produit\/linn-akurate-dsm-1-exakt\/#breadcrumb"},"inLanguage":"fr-FR","potentialAction":[{"@type":"ReadAction","target":["https:\/\/dev.freakuence.nl\/fr\/produit\/linn-akurate-dsm-1-exakt\/"]}]},{"@type":"ImageObject","inLanguage":"fr-FR","@id":"https:\/\/dev.freakuence.nl\/fr\/produit\/linn-akurate-dsm-1-exakt\/#primaryimage","url":"https:\/\/dev.freakuence.nl\/wp-content\/uploads\/2025\/10\/17611258852593-17653-IMG8080-scaled.jpg","contentUrl":"https:\/\/dev.freakuence.nl\/wp-content\/uploads\/2025\/10\/17611258852593-17653-IMG8080-scaled.jpg","width":1800,"height":1200},{"@type":"BreadcrumbList","@id":"https:\/\/dev.freakuence.nl\/fr\/produit\/linn-akurate-dsm-1-exakt\/#breadcrumb","itemListElement":[{"@type":"ListItem","position":1,"name":"Accueil","item":"https:\/\/dev.freakuence.nl\/fr\/"},{"@type":"ListItem","position":2,"name":"Produits","item":"https:\/\/dev.freakuence.nl\/fr\/produits\/"},{"@type":"ListItem","position":3,"name":"Linn Akurate DSM\/1 Exakt"}]},{"@type":"WebSite","@id":"https:\/\/dev.freakuence.nl\/fr\/#website","url":"https:\/\/dev.freakuence.nl\/fr\/","name":"Freakuence!","description":"Freakuence!","publisher":{"@id":"https:\/\/dev.freakuence.nl\/fr\/#organization"},"alternateName":"Freakuence","potentialAction":[{"@type":"SearchAction","target":{"@type":"EntryPoint","urlTemplate":"https:\/\/dev.freakuence.nl\/fr\/?s={search_term_string}"},"query-input":{"@type":"PropertyValueSpecification","valueRequired":true,"valueName":"search_term_string"}}],"inLanguage":"fr-FR"},{"@type":"Organization","@id":"https:\/\/dev.freakuence.nl\/fr\/#organization","name":"Freakuence !","url":"https:\/\/dev.freakuence.nl\/fr\/","logo":{"@type":"ImageObject","inLanguage":"fr-FR","@id":"https:\/\/dev.freakuence.nl\/fr\/#\/schema\/logo\/image\/","url":"https:\/\/dev.freakuence.nl\/wp-content\/uploads\/2022\/05\/Brown_3_RGB_Freakuence-1.png","contentUrl":"https:\/\/dev.freakuence.nl\/wp-content\/uploads\/2022\/05\/Brown_3_RGB_Freakuence-1.png","width":2560,"height":684,"caption":"Freakuence !"},"image":{"@id":"https:\/\/dev.freakuence.nl\/fr\/#\/schema\/logo\/image\/"},"sameAs":["https:\/\/www.instagram.com\/freakuence_notorious_audio\/"]}]}},"_links":{"self":[{"href":"https:\/\/dev.freakuence.nl\/fr\/wp-json\/wp\/v2\/product\/321664","targetHints":{"allow":["GET"]}}],"collection":[{"href":"https:\/\/dev.freakuence.nl\/fr\/wp-json\/wp\/v2\/product"}],"about":[{"href":"https:\/\/dev.freakuence.nl\/fr\/wp-json\/wp\/v2\/types\/product"}],"wp:featuredmedia":[{"embeddable":true,"href":"https:\/\/dev.freakuence.nl\/fr\/wp-json\/wp\/v2\/media\/352761"}],"wp:attachment":[{"href":"https:\/\/dev.freakuence.nl\/fr\/wp-json\/wp\/v2\/media?parent=321664"}],"wp:term":[{"taxonomy":"product_brand","embeddable":true,"href":"https:\/\/dev.freakuence.nl\/fr\/wp-json\/wp\/v2\/product_brand?post=321664"},{"taxonomy":"product_cat","embeddable":true,"href":"https:\/\/dev.freakuence.nl\/fr\/wp-json\/wp\/v2\/product_cat?post=321664"},{"taxonomy":"product_tag","embeddable":true,"href":"https:\/\/dev.freakuence.nl\/fr\/wp-json\/wp\/v2\/product_tag?post=321664"}],"curies":[{"name":"wp","href":"https:\/\/api.w.org\/{rel}","templated":true}]}}