{"id":321698,"date":"2025-10-22T11:39:20","date_gmt":"2025-10-22T09:39:20","guid":{"rendered":"https:\/\/freakuence.nl\/product\/linn-520\/"},"modified":"2026-03-27T11:42:10","modified_gmt":"2026-03-27T10:42:10","slug":"linn-520","status":"publish","type":"product","link":"https:\/\/dev.freakuence.nl\/fr\/produit\/linn-520\/","title":{"rendered":"Linn 520"},"content":{"rendered":"<div class=\"product-specifications-list\">\n<div class=\"specification-item row-header\"><span class=\"spec-content\"><strong>Description Freakuence !<\/strong><\/span><\/div>\n<div class=\"specification-item row-even\"><span class=\"spec-content\">Tr\u00e8s bien. Rapide et plein. Un \u00e9norme tunnel dans lequel vous regardez, si l&rsquo;enregistrement veut vous permettre d&rsquo;en \u00eatre t\u00e9moin. Une source avec des sorties Linn Exakt est n\u00e9cessaire, mais nous en disposons avec ce set.   <\/span><\/div>\n<div class=\"specification-item row-odd\"><span class=\"spec-content\">Prix de vente au d\u00e9tail : 11 000,00<\/span><\/div>\n<div class=\"specification-item row-header\"><span class=\"spec-content\"><strong>D\u00e9tails<\/strong><\/span><\/div>\n<div class=\"specification-item row-even\"><span class=\"spec-content\">D&rsquo;autres couvertures sont disponibles dans une vari\u00e9t\u00e9 de couleurs et de motifs.<\/span><\/div>\n<div class=\"specification-item row-header\"><span class=\"spec-content\"><strong>Description g\u00e9n\u00e9rale<\/strong><\/span><\/div>\n<div class=\"specification-item row-even\"><span class=\"spec-content\">La Linn 520 est une enceinte colonne qui impressionne \u00e0 la fois par sa sonorit\u00e9 et son design. De taille compacte, elle s&rsquo;int\u00e8gre sans effort dans une grande vari\u00e9t\u00e9 d&rsquo;int\u00e9rieurs. Les caches interchangeables \u00ab\u00a0Fabrik\u00a0\u00bb permettent de personnaliser facilement l&rsquo;aspect de l&rsquo;enceinte en fonction des pr\u00e9f\u00e9rences de chacun. Ces housses sont disponibles en plusieurs couleurs et motifs, y compris des collections de designers \u00e9cossais tels que Timorous Beasties et Harris Tweed.     <\/p>\n<p>Le 520 utilise la technologie Exakt de Linn, qui garantit une reproduction sonore pr\u00e9cise et adapt\u00e9e \u00e0 la pi\u00e8ce dans laquelle il est plac\u00e9. En outre, l&rsquo;enceinte est dot\u00e9e d&rsquo;une amplification int\u00e9gr\u00e9e, ce qui rend les amplificateurs externes superflus. La combinaison de ces technologies permet d&rsquo;obtenir un son clair et \u00e9quilibr\u00e9.    <\/p>\n<p>Avec son design fin et sa finition de haute qualit\u00e9, le Linn 520 n&rsquo;est pas seulement agr\u00e9able \u00e0 l&rsquo;oreille, mais aussi \u00e0 l&rsquo;\u0153il. La possibilit\u00e9 de personnaliser le haut-parleur avec diff\u00e9rentes housses en fait un choix polyvalent pour les m\u00e9lomanes qui appr\u00e9cient \u00e0 la fois la qualit\u00e9 du son et l&rsquo;esth\u00e9tique.<\/span><\/div>\n<div class=\"specification-item row-header\"><span class=\"spec-content\"><strong>Informations g\u00e9n\u00e9rales<\/strong><\/span><\/div>\n<div class=\"specification-item row-even\"><span class=\"spec-content\">Le Linn 520 est un haut-parleur compact et actif. Con\u00e7ue avec la technologie Exakt, elle offre une r\u00e9ponse temporelle et fr\u00e9quentielle pr\u00e9cise. L&rsquo;enceinte est optimis\u00e9e sur le plan acoustique et fabriqu\u00e9e en \u00c9cosse avec un mat\u00e9riau composite amortissant. Chaque canal dispose de son propre amplificateur \u00e0 commande num\u00e9rique. Un c\u00e2blage de haute qualit\u00e9 est utilis\u00e9 en interne. La conception a \u00e9t\u00e9 men\u00e9e par l&rsquo;\u00e9quipe Linn dirig\u00e9e par Gilad Tiefenbrun.     <\/span><\/div>\n<div class=\"specification-item row-header\"><span class=\"spec-content\"><strong>Histoire de la marque<\/strong><\/span><\/div>\n<div class=\"specification-item row-even\"><span class=\"spec-content\">Linn a \u00e9t\u00e9 fond\u00e9e en 1973 par Ivor Tiefenbrun. Elle a commenc\u00e9 par la production de la Sondek LP12, une platine qui a \u00e9t\u00e9 continuellement am\u00e9lior\u00e9e au cours des ann\u00e9es suivantes. L&rsquo;une des premi\u00e8res innovations a \u00e9t\u00e9 l&rsquo;introduction d&rsquo;une alimentation externe, le Valhalla, et d&rsquo;autres d\u00e9veloppements importants ont suivi plus tard, comme l&rsquo;introduction du syst\u00e8me d&rsquo;alimentation Lingo en 1990. En 1986, Linn a lanc\u00e9 la cartouche Troika, qui offrait une meilleure reproduction du signal. Dans les ann\u00e9es 1990, Linn a \u00e9largi son offre avec des produits num\u00e9riques, tels que le lecteur de CD Karik\/Numerik, et a lanc\u00e9 le syst\u00e8me multiroom Knekt en 1994. Linn fabrique presque tout en interne. D\u00e9couvrez leur machine de fabrication de circuits imprim\u00e9s en ligne !      <\/span><\/div>\n<\/div>\n","protected":false},"excerpt":{"rendered":"<p>Description Freakuence ! Tr\u00e8s bien. Rapide et plein. Un \u00e9norme tunnel dans lequel vous regardez, si l&rsquo;enregistrement veut vous permettre d&rsquo;en \u00eatre t\u00e9moin. Une source avec des sorties Linn Exakt est n\u00e9cessaire, mais nous en disposons avec ce set. Prix de vente au d\u00e9tail : 11 000,00 D\u00e9tails D&rsquo;autres couvertures sont disponibles dans une vari\u00e9t\u00e9 [&hellip;]<\/p>\n","protected":false},"featured_media":321700,"template":"","meta":{"_acf_changed":false,"inline_featured_image":false},"product_brand":[],"product_cat":[543],"product_tag":[533],"class_list":{"0":"post-321698","1":"product","2":"type-product","3":"status-publish","4":"has-post-thumbnail","6":"product_cat-intervenants","7":"product_tag-used","8":"pa_kleur-rouge","10":"first","11":"instock","12":"sold-individually","13":"taxable","14":"shipping-taxable","15":"purchasable","16":"product-type-simple"},"acf":{"website":true,"show_on_homepage":false,"brand_title":"Linn","product_type":"520","color":"Rouge","subcolor":"","reserved_status":"0"},"_links":{"self":[{"href":"https:\/\/dev.freakuence.nl\/fr\/wp-json\/wp\/v2\/product\/321698","targetHints":{"allow":["GET"]}}],"collection":[{"href":"https:\/\/dev.freakuence.nl\/fr\/wp-json\/wp\/v2\/product"}],"about":[{"href":"https:\/\/dev.freakuence.nl\/fr\/wp-json\/wp\/v2\/types\/product"}],"wp:featuredmedia":[{"embeddable":true,"href":"https:\/\/dev.freakuence.nl\/fr\/wp-json\/wp\/v2\/media\/321700"}],"wp:attachment":[{"href":"https:\/\/dev.freakuence.nl\/fr\/wp-json\/wp\/v2\/media?parent=321698"}],"wp:term":[{"taxonomy":"product_brand","embeddable":true,"href":"https:\/\/dev.freakuence.nl\/fr\/wp-json\/wp\/v2\/product_brand?post=321698"},{"taxonomy":"product_cat","embeddable":true,"href":"https:\/\/dev.freakuence.nl\/fr\/wp-json\/wp\/v2\/product_cat?post=321698"},{"taxonomy":"product_tag","embeddable":true,"href":"https:\/\/dev.freakuence.nl\/fr\/wp-json\/wp\/v2\/product_tag?post=321698"}],"curies":[{"name":"wp","href":"https:\/\/api.w.org\/{rel}","templated":true}]}}