{"id":321958,"date":"2025-10-15T16:43:02","date_gmt":"2025-10-15T14:43:02","guid":{"rendered":"https:\/\/freakuence.nl\/product\/rotel-ra-1592-mkii-2\/"},"modified":"2026-04-08T18:46:34","modified_gmt":"2026-04-08T16:46:34","slug":"rotel-ra-1592-mkii-2","status":"publish","type":"product","link":"https:\/\/dev.freakuence.nl\/fr\/produit\/rotel-ra-1592-mkii-2\/","title":{"rendered":"Rotel RA-1592 MKII"},"content":{"rendered":"<div class=\"product-specifications-list\">\n<div class=\"specification-item row-header\"><span class=\"spec-content\"><strong>Description Freakuence !<\/strong><\/span><\/div>\n<div class=\"specification-item row-even\"><span class=\"spec-content\">Lourd. Un ampli qui frappe. Il vous permet de tout entendre, avec un son plein et agr\u00e9able. Les graves solides et les m\u00e9diums doux permettent une \u00e9coute d\u00e9tendue.   <\/span><\/div>\n<div class=\"specification-item row-odd\"><span class=\"spec-content\">Prix de vente au d\u00e9tail : 2999.00<\/span><\/div>\n<div class=\"specification-item row-header\"><span class=\"spec-content\"><strong>D\u00e9tails<\/strong><\/span><\/div>\n<div class=\"specification-item row-even\"><span class=\"spec-content\">Comme nous sommes revendeurs de cette marque, nous sommes heureux de vous offrir la garantie compl\u00e8te du revendeur sur ce produit particulier ! Pourquoi ? Nous sommes confiants et cette assurance vous rendra la vie plus agr\u00e9able.  <\/span><\/div>\n<div class=\"specification-item row-header\"><span class=\"spec-content\"><strong>Description g\u00e9n\u00e9rale<\/strong><\/span><\/div>\n<div class=\"specification-item row-even\"><span class=\"spec-content\">Le Rotel RA-1592 MKII est un amplificateur int\u00e9gr\u00e9 qui offre un large \u00e9ventail d&rsquo;options de connexion. Avec des entr\u00e9es analogiques et num\u00e9riques, y compris le streaming Bluetooth et une entr\u00e9e phono pour les platines, cet amplificateur convient \u00e0 une grande vari\u00e9t\u00e9 de sources audio. Le convertisseur num\u00e9rique-analogique (DAC) int\u00e9gr\u00e9 prend en charge les r\u00e9solutions \u00e9lev\u00e9es, ce qui contribue \u00e0 une reproduction sonore d\u00e9taill\u00e9e. Avec une puissance de sortie de 200 watts par canal, le RA-1592 MKII peut alimenter sans effort une grande vari\u00e9t\u00e9 de haut-parleurs. L&rsquo;amplificateur est dot\u00e9 d&rsquo;une alimentation robuste et de composants de haute qualit\u00e9, ce qui permet d&rsquo;obtenir un son dynamique et contr\u00f4l\u00e9. Diverses connexions sont \u00e9galement disponibles, telles que des entr\u00e9es XLR et plusieurs entr\u00e9es num\u00e9riques, ce qui permet une grande souplesse d&rsquo;installation. Con\u00e7u avec le souci du d\u00e9tail, le RA-1592 MKII offre une combinaison de puissance et de pr\u00e9cision dans la reproduction du son.      <\/span><\/div>\n<div class=\"specification-item row-header\"><span class=\"spec-content\"><strong>Informations g\u00e9n\u00e9rales<\/strong><\/span><\/div>\n<div class=\"specification-item row-even\"><span class=\"spec-content\">Le Rotel RA-1592 MKII a \u00e9t\u00e9 d\u00e9velopp\u00e9 par l&rsquo;\u00e9quipe de conception interne de Rotel au Japon, avec plus de 60 ans d&rsquo;exp\u00e9rience dans la technologie audio analogique. L&rsquo;amplificateur int\u00e9gr\u00e9 utilise un transformateur Ringcore soigneusement s\u00e9lectionn\u00e9, fabriqu\u00e9 en interne, associ\u00e9 \u00e0 des condensateurs de haute qualit\u00e9. Seuls des composants soigneusement s\u00e9lectionn\u00e9s ont \u00e9t\u00e9 utilis\u00e9s \u00e0 l&rsquo;int\u00e9rieur et \u00e0 l&rsquo;ext\u00e9rieur. Le ch\u00e2ssis est construit de mani\u00e8re robuste pour des performances optimales et une protection contre les interf\u00e9rences.   <\/span><\/div>\n<div class=\"specification-item row-header\"><span class=\"spec-content\"><strong>Histoire de la marque<\/strong><\/span><\/div>\n<div class=\"specification-item row-even\"><span class=\"spec-content\">Rotel a \u00e9t\u00e9 officiellement fond\u00e9e en 1961 et s&rsquo;est impos\u00e9e comme une entreprise familiale au Japon. Le d\u00e9veloppement et la production ont toujours \u00e9t\u00e9 g\u00e9r\u00e9s en interne, en particulier les composants de base tels que les transformateurs toro\u00efdaux qui sont essentiels pour la qualit\u00e9 de l&rsquo;\u00e9nergie. En 1981, Rotel a entam\u00e9 un partenariat \u00e0 long terme avec Bowers &amp; Wilkins, qui a d\u00e9bouch\u00e9 sur une distribution exclusive en Am\u00e9rique du Nord et sur plusieurs march\u00e9s europ\u00e9ens. Cette relation a abouti en 2006 \u00e0 la cr\u00e9ation d&rsquo;une coentreprise avec des installations de fabrication et de logistique communes \u00e0 Zhuhai, en Chine.   <\/span><\/div>\n<\/div>\n","protected":false},"excerpt":{"rendered":"<p>Description Freakuence ! Lourd. Un ampli qui frappe. Il vous permet de tout entendre, avec un son plein et agr\u00e9able. Les graves solides et les m\u00e9diums doux permettent une \u00e9coute d\u00e9tendue. Prix de vente au d\u00e9tail : 2999.00 D\u00e9tails Comme nous sommes revendeurs de cette marque, nous sommes heureux de vous offrir la garantie compl\u00e8te [&hellip;]<\/p>\n","protected":false},"featured_media":384119,"template":"","meta":{"_acf_changed":false,"inline_featured_image":false},"product_brand":[],"product_cat":[530,745,773],"product_tag":[533],"class_list":{"0":"post-321958","1":"product","2":"type-product","3":"status-publish","4":"has-post-thumbnail","6":"product_cat-amplificateurs","7":"product_cat-amplificateurs-stereo","8":"product_cat-classe-a-amplificateurs-stereo-a-b","9":"product_tag-used","10":"pa_kleur-noir","12":"first","13":"instock","14":"sold-individually","15":"purchasable","16":"product-type-simple"},"acf":{"website":true,"show_on_homepage":false,"brand_title":"Rotel","product_type":"RA-1592 MKII","color":"Noir","subcolor":"","reserved_status":"0"},"_links":{"self":[{"href":"https:\/\/dev.freakuence.nl\/fr\/wp-json\/wp\/v2\/product\/321958","targetHints":{"allow":["GET"]}}],"collection":[{"href":"https:\/\/dev.freakuence.nl\/fr\/wp-json\/wp\/v2\/product"}],"about":[{"href":"https:\/\/dev.freakuence.nl\/fr\/wp-json\/wp\/v2\/types\/product"}],"wp:featuredmedia":[{"embeddable":true,"href":"https:\/\/dev.freakuence.nl\/fr\/wp-json\/wp\/v2\/media\/384119"}],"wp:attachment":[{"href":"https:\/\/dev.freakuence.nl\/fr\/wp-json\/wp\/v2\/media?parent=321958"}],"wp:term":[{"taxonomy":"product_brand","embeddable":true,"href":"https:\/\/dev.freakuence.nl\/fr\/wp-json\/wp\/v2\/product_brand?post=321958"},{"taxonomy":"product_cat","embeddable":true,"href":"https:\/\/dev.freakuence.nl\/fr\/wp-json\/wp\/v2\/product_cat?post=321958"},{"taxonomy":"product_tag","embeddable":true,"href":"https:\/\/dev.freakuence.nl\/fr\/wp-json\/wp\/v2\/product_tag?post=321958"}],"curies":[{"name":"wp","href":"https:\/\/api.w.org\/{rel}","templated":true}]}}