{"id":322173,"date":"2025-10-10T12:46:55","date_gmt":"2025-10-10T10:46:55","guid":{"rendered":"https:\/\/freakuence.nl\/product\/lumin-u2\/"},"modified":"2026-04-08T19:39:48","modified_gmt":"2026-04-08T17:39:48","slug":"lumin-u2","status":"publish","type":"product","link":"https:\/\/dev.freakuence.nl\/fr\/produit\/lumin-u2\/","title":{"rendered":"LUMIN U2"},"content":{"rendered":"<div class=\"product-specifications-list\">\n<div class=\"specification-item row-header\"><span class=\"spec-content\"><strong>Description Freakuence !<\/strong><\/span><\/div>\n<div class=\"specification-item row-even\"><span class=\"spec-content\">Plus d&rsquo;informations d&rsquo;un seul coup ! Ce qui est particuli\u00e8rement frappant, c&rsquo;est que chaque son\/instrument est plus tangible. Ce n&rsquo;est qu&rsquo;un streamer, pas de dac, donc une somme importante, mais une nette am\u00e9lioration par rapport aux streamers \u00ab\u00a0moins chers\u00a0\u00bb&#8230; C&rsquo;est comme si on branchait un meilleur dac.   Oui !<\/span><\/div>\n<div class=\"specification-item row-odd\"><span class=\"spec-content\">Prix de vente au d\u00e9tail : 4999.00<\/span><\/div>\n<div class=\"specification-item row-header\"><span class=\"spec-content\"><strong>D\u00e9tails<\/strong><\/span><\/div>\n<div class=\"specification-item row-even\"><span class=\"spec-content\">Produit TVA. Les entrepreneurs, les personnes en dehors de l&rsquo;UE, en profitent. <\/span><\/div>\n<div class=\"specification-item row-odd\"><span class=\"spec-content\">Vous cherchez un autre mod\u00e8le de la s\u00e9rie actuelle de la marque ? Envoyez-nous un message !  Nous aimons en faire quelque chose d&rsquo;amusant.<\/span><\/div>\n<div class=\"specification-item row-even\"><span class=\"spec-content\">Nous sommes heureux d&rsquo;\u00e9changer du mat\u00e9riel neuf pour en faire quelque chose d&rsquo;amusant ! N&rsquo;oubliez pas de nous faire savoir ce que vous avez \u00e0 \u00e9changer, le cas \u00e9ch\u00e9ant. Sans reprise, bien s\u00fbr. Nous livrons du mat\u00e9riel 100% neuf dans une bo\u00eete scell\u00e9e, mais nous avons pens\u00e9 qu&rsquo;il serait agr\u00e9able de mettre notre mod\u00e8le de d\u00e9monstration sur la photo.    Venez faire une d\u00e9monstration dans l&rsquo;une de nos 5 salles d&rsquo;\u00e9coute ! D&rsquo;autres versions sont \u00e9galement possibles. <\/span><\/div>\n<div class=\"specification-item row-header\"><span class=\"spec-content\"><strong>Description g\u00e9n\u00e9rale<\/strong><\/span><\/div>\n<div class=\"specification-item row-even\"><span class=\"spec-content\">Le LUMIN U2 est un transporteur de musique num\u00e9rique qui se concentre sur la performance num\u00e9rique pure. Con\u00e7u pour \u00eatre utilis\u00e9 avec un DAC externe, il offre une prise en charge de divers services de streaming tels que TIDAL, Qobuz et Spotify. L&rsquo;application LUMIN facilite la gestion et la lecture de la musique.  <\/span><\/div>\n<div class=\"specification-item row-header\"><span class=\"spec-content\"><strong>Informations g\u00e9n\u00e9rales<\/strong><\/span><\/div>\n<div class=\"specification-item row-even\"><span class=\"spec-content\">Le LUMIN U2 a \u00e9t\u00e9 con\u00e7u par l&rsquo;\u00e9quipe de Pixel Magic Systems \u00e0 Hong Kong, en mettant l&rsquo;accent sur une interf\u00e9rence minimale du signal et une pr\u00e9cision maximale dans la lecture audio num\u00e9rique. L&rsquo;alimentation enti\u00e8rement double, le bo\u00eetier en aluminium usin\u00e9 CNC et la section num\u00e9rique enti\u00e8rement blind\u00e9e t\u00e9moignent d&rsquo;une grande qualit\u00e9 de fabrication. Les composants internes ont \u00e9t\u00e9 soigneusement s\u00e9lectionn\u00e9s, y compris les c\u00e2bles internes plats pour une int\u00e9grit\u00e9 optimale du signal.  <\/span><\/div>\n<div class=\"specification-item row-header\"><span class=\"spec-content\"><strong>Histoire de la marque<\/strong><\/span><\/div>\n<div class=\"specification-item row-even\"><span class=\"spec-content\">En 2012, LUMIN a pr\u00e9sent\u00e9 le premier lecteur r\u00e9seau au monde capable de lire des fichiers DSD. Apr\u00e8s deux ans de d\u00e9veloppement et des centaines d&rsquo;heures d&rsquo;\u00e9coute critique, ce produit a \u00e9t\u00e9 lanc\u00e9 avec un seul message sur un forum. Depuis, LUMIN a \u00e9largi sa gamme \u00e0 neuf mod\u00e8les, dans des gammes de prix vari\u00e9es. Tous les produits sont ax\u00e9s sur la lecture naturelle de la musique, le d\u00e9veloppement continu de logiciels et une exp\u00e9rience de streaming transparente. Ces derni\u00e8res ann\u00e9es, LUMIN a ajout\u00e9 la prise en charge de services tels que Roon, MQA et Spotify. En outre, l&rsquo;entreprise a introduit des fonctionnalit\u00e9s telles que le Leedh Processing, une technologie de contr\u00f4le du volume num\u00e9rique. LUMIN d\u00e9veloppe le mat\u00e9riel, le micrologiciel et le logiciel en interne, ce qui permet une mise en \u0153uvre rapide des nouvelles fonctionnalit\u00e9s.      <\/span><\/div>\n<\/div>\n","protected":false},"excerpt":{"rendered":"<p>Description Freakuence ! Plus d&rsquo;informations d&rsquo;un seul coup ! Ce qui est particuli\u00e8rement frappant, c&rsquo;est que chaque son\/instrument est plus tangible. Ce n&rsquo;est qu&rsquo;un streamer, pas de dac, donc une somme importante, mais une nette am\u00e9lioration par rapport aux streamers \u00ab\u00a0moins chers\u00a0\u00bb&#8230; C&rsquo;est comme si on branchait un meilleur dac. Oui ! Prix de vente [&hellip;]<\/p>\n","protected":false},"featured_media":385242,"template":"","meta":{"_acf_changed":false,"inline_featured_image":false},"product_brand":[],"product_cat":[689,742],"product_tag":[570],"class_list":{"0":"post-322173","1":"product","2":"type-product","3":"status-publish","4":"has-post-thumbnail","6":"product_cat-sources-dinformation","7":"product_cat-streamers","8":"product_tag-freakdemo","9":"pa_kleur-noir","11":"first","12":"instock","13":"sold-individually","14":"taxable","15":"shipping-taxable","16":"purchasable","17":"product-type-simple"},"acf":{"website":true,"show_on_homepage":false,"brand_title":"LUMIN","product_type":"U2","color":"Noir","subcolor":"","reserved_status":"0"},"yoast_head":"<!-- This site is optimized with the Yoast SEO plugin v25.9 - https:\/\/yoast.com\/wordpress\/plugins\/seo\/ -->\n<title>LUMIN U2 | Freakuence!<\/title>\n<meta name=\"description\" content=\"Lumin U2 : streamer num\u00e9rique haut de gamme avec support natif DSD512 et PCM768. \u2713 HiFi neuve et d&#039;occasion \u2713 Note du client : 4.9 sur 5 \u2713 Reprise \u2713 Session d&#039;\u00e9coute\" \/>\n<meta name=\"robots\" content=\"noindex, follow, max-snippet:-1, max-image-preview:large, max-video-preview:-1\" \/>\n<meta property=\"og:locale\" content=\"fr_FR\" \/>\n<meta property=\"og:type\" content=\"article\" \/>\n<meta property=\"og:title\" content=\"LUMIN U2 | Freakuence!\" \/>\n<meta property=\"og:description\" content=\"Lumin U2 : streamer num\u00e9rique haut de gamme avec support natif DSD512 et PCM768. \u2713 HiFi neuve et d&#039;occasion \u2713 Note du client : 4.9 sur 5 \u2713 Reprise \u2713 Session d&#039;\u00e9coute\" \/>\n<meta property=\"og:url\" content=\"https:\/\/dev.freakuence.nl\/fr\/produit\/lumin-u2\/\" \/>\n<meta property=\"og:site_name\" content=\"Freakuence!\" \/>\n<meta property=\"article:modified_time\" content=\"2026-04-08T17:39:48+00:00\" \/>\n<meta property=\"og:image\" content=\"https:\/\/dev.freakuence.nl\/wp-content\/uploads\/2026\/04\/17600931106426-18306-IMG4406-scaled.jpg\" \/>\n\t<meta property=\"og:image:width\" content=\"1800\" \/>\n\t<meta property=\"og:image:height\" content=\"1200\" \/>\n\t<meta property=\"og:image:type\" content=\"image\/jpeg\" \/>\n<meta name=\"twitter:card\" content=\"summary_large_image\" \/>\n<script type=\"application\/ld+json\" class=\"yoast-schema-graph\">{\"@context\":\"https:\/\/schema.org\",\"@graph\":[{\"@type\":\"WebPage\",\"@id\":\"https:\/\/dev.freakuence.nl\/fr\/produit\/lumin-u2\/\",\"url\":\"https:\/\/dev.freakuence.nl\/fr\/produit\/lumin-u2\/\",\"name\":\"LUMIN U2 | Freakuence!\",\"isPartOf\":{\"@id\":\"https:\/\/dev.freakuence.nl\/fr\/#website\"},\"primaryImageOfPage\":{\"@id\":\"https:\/\/dev.freakuence.nl\/fr\/produit\/lumin-u2\/#primaryimage\"},\"image\":{\"@id\":\"https:\/\/dev.freakuence.nl\/fr\/produit\/lumin-u2\/#primaryimage\"},\"thumbnailUrl\":\"https:\/\/dev.freakuence.nl\/wp-content\/uploads\/2026\/04\/17600931106426-18306-IMG4406-scaled.jpg\",\"datePublished\":\"2025-10-10T10:46:55+00:00\",\"dateModified\":\"2026-04-08T17:39:48+00:00\",\"description\":\"Lumin U2 : streamer num\u00e9rique haut de gamme avec support natif DSD512 et PCM768. \u2713 HiFi neuve et d'occasion \u2713 Note du client : 4.9 sur 5 \u2713 Reprise \u2713 Session d'\u00e9coute\",\"breadcrumb\":{\"@id\":\"https:\/\/dev.freakuence.nl\/fr\/produit\/lumin-u2\/#breadcrumb\"},\"inLanguage\":\"fr-FR\",\"potentialAction\":[{\"@type\":\"ReadAction\",\"target\":[\"https:\/\/dev.freakuence.nl\/fr\/produit\/lumin-u2\/\"]}]},{\"@type\":\"ImageObject\",\"inLanguage\":\"fr-FR\",\"@id\":\"https:\/\/dev.freakuence.nl\/fr\/produit\/lumin-u2\/#primaryimage\",\"url\":\"https:\/\/dev.freakuence.nl\/wp-content\/uploads\/2026\/04\/17600931106426-18306-IMG4406-scaled.jpg\",\"contentUrl\":\"https:\/\/dev.freakuence.nl\/wp-content\/uploads\/2026\/04\/17600931106426-18306-IMG4406-scaled.jpg\",\"width\":1800,\"height\":1200},{\"@type\":\"BreadcrumbList\",\"@id\":\"https:\/\/dev.freakuence.nl\/fr\/produit\/lumin-u2\/#breadcrumb\",\"itemListElement\":[{\"@type\":\"ListItem\",\"position\":1,\"name\":\"Accueil\",\"item\":\"https:\/\/dev.freakuence.nl\/fr\/\"},{\"@type\":\"ListItem\",\"position\":2,\"name\":\"Produits\",\"item\":\"https:\/\/dev.freakuence.nl\/fr\/produits\/\"},{\"@type\":\"ListItem\",\"position\":3,\"name\":\"LUMIN U2\"}]},{\"@type\":\"WebSite\",\"@id\":\"https:\/\/dev.freakuence.nl\/fr\/#website\",\"url\":\"https:\/\/dev.freakuence.nl\/fr\/\",\"name\":\"Freakuence!\",\"description\":\"Freakuence!\",\"publisher\":{\"@id\":\"https:\/\/dev.freakuence.nl\/fr\/#organization\"},\"alternateName\":\"Freakuence\",\"potentialAction\":[{\"@type\":\"SearchAction\",\"target\":{\"@type\":\"EntryPoint\",\"urlTemplate\":\"https:\/\/dev.freakuence.nl\/fr\/?s={search_term_string}\"},\"query-input\":{\"@type\":\"PropertyValueSpecification\",\"valueRequired\":true,\"valueName\":\"search_term_string\"}}],\"inLanguage\":\"fr-FR\"},{\"@type\":\"Organization\",\"@id\":\"https:\/\/dev.freakuence.nl\/fr\/#organization\",\"name\":\"Freakuence !\",\"url\":\"https:\/\/dev.freakuence.nl\/fr\/\",\"logo\":{\"@type\":\"ImageObject\",\"inLanguage\":\"fr-FR\",\"@id\":\"https:\/\/dev.freakuence.nl\/fr\/#\/schema\/logo\/image\/\",\"url\":\"https:\/\/dev.freakuence.nl\/wp-content\/uploads\/2022\/05\/Brown_3_RGB_Freakuence-1.png\",\"contentUrl\":\"https:\/\/dev.freakuence.nl\/wp-content\/uploads\/2022\/05\/Brown_3_RGB_Freakuence-1.png\",\"width\":2560,\"height\":684,\"caption\":\"Freakuence !\"},\"image\":{\"@id\":\"https:\/\/dev.freakuence.nl\/fr\/#\/schema\/logo\/image\/\"},\"sameAs\":[\"https:\/\/www.instagram.com\/freakuence_notorious_audio\/\"]}]}<\/script>\n<!-- \/ Yoast SEO plugin. -->","yoast_head_json":{"title":"LUMIN U2 | Freakuence!","description":"Lumin U2 : streamer num\u00e9rique haut de gamme avec support natif DSD512 et PCM768. \u2713 HiFi neuve et d'occasion \u2713 Note du client : 4.9 sur 5 \u2713 Reprise \u2713 Session d'\u00e9coute","robots":{"index":"noindex","follow":"follow","max-snippet":"max-snippet:-1","max-image-preview":"max-image-preview:large","max-video-preview":"max-video-preview:-1"},"og_locale":"fr_FR","og_type":"article","og_title":"LUMIN U2 | Freakuence!","og_description":"Lumin U2 : streamer num\u00e9rique haut de gamme avec support natif DSD512 et PCM768. \u2713 HiFi neuve et d'occasion \u2713 Note du client : 4.9 sur 5 \u2713 Reprise \u2713 Session d'\u00e9coute","og_url":"https:\/\/dev.freakuence.nl\/fr\/produit\/lumin-u2\/","og_site_name":"Freakuence!","article_modified_time":"2026-04-08T17:39:48+00:00","og_image":[{"width":1800,"height":1200,"url":"https:\/\/dev.freakuence.nl\/wp-content\/uploads\/2026\/04\/17600931106426-18306-IMG4406-scaled.jpg","type":"image\/jpeg"}],"twitter_card":"summary_large_image","schema":{"@context":"https:\/\/schema.org","@graph":[{"@type":"WebPage","@id":"https:\/\/dev.freakuence.nl\/fr\/produit\/lumin-u2\/","url":"https:\/\/dev.freakuence.nl\/fr\/produit\/lumin-u2\/","name":"LUMIN U2 | Freakuence!","isPartOf":{"@id":"https:\/\/dev.freakuence.nl\/fr\/#website"},"primaryImageOfPage":{"@id":"https:\/\/dev.freakuence.nl\/fr\/produit\/lumin-u2\/#primaryimage"},"image":{"@id":"https:\/\/dev.freakuence.nl\/fr\/produit\/lumin-u2\/#primaryimage"},"thumbnailUrl":"https:\/\/dev.freakuence.nl\/wp-content\/uploads\/2026\/04\/17600931106426-18306-IMG4406-scaled.jpg","datePublished":"2025-10-10T10:46:55+00:00","dateModified":"2026-04-08T17:39:48+00:00","description":"Lumin U2 : streamer num\u00e9rique haut de gamme avec support natif DSD512 et PCM768. \u2713 HiFi neuve et d'occasion \u2713 Note du client : 4.9 sur 5 \u2713 Reprise \u2713 Session d'\u00e9coute","breadcrumb":{"@id":"https:\/\/dev.freakuence.nl\/fr\/produit\/lumin-u2\/#breadcrumb"},"inLanguage":"fr-FR","potentialAction":[{"@type":"ReadAction","target":["https:\/\/dev.freakuence.nl\/fr\/produit\/lumin-u2\/"]}]},{"@type":"ImageObject","inLanguage":"fr-FR","@id":"https:\/\/dev.freakuence.nl\/fr\/produit\/lumin-u2\/#primaryimage","url":"https:\/\/dev.freakuence.nl\/wp-content\/uploads\/2026\/04\/17600931106426-18306-IMG4406-scaled.jpg","contentUrl":"https:\/\/dev.freakuence.nl\/wp-content\/uploads\/2026\/04\/17600931106426-18306-IMG4406-scaled.jpg","width":1800,"height":1200},{"@type":"BreadcrumbList","@id":"https:\/\/dev.freakuence.nl\/fr\/produit\/lumin-u2\/#breadcrumb","itemListElement":[{"@type":"ListItem","position":1,"name":"Accueil","item":"https:\/\/dev.freakuence.nl\/fr\/"},{"@type":"ListItem","position":2,"name":"Produits","item":"https:\/\/dev.freakuence.nl\/fr\/produits\/"},{"@type":"ListItem","position":3,"name":"LUMIN U2"}]},{"@type":"WebSite","@id":"https:\/\/dev.freakuence.nl\/fr\/#website","url":"https:\/\/dev.freakuence.nl\/fr\/","name":"Freakuence!","description":"Freakuence!","publisher":{"@id":"https:\/\/dev.freakuence.nl\/fr\/#organization"},"alternateName":"Freakuence","potentialAction":[{"@type":"SearchAction","target":{"@type":"EntryPoint","urlTemplate":"https:\/\/dev.freakuence.nl\/fr\/?s={search_term_string}"},"query-input":{"@type":"PropertyValueSpecification","valueRequired":true,"valueName":"search_term_string"}}],"inLanguage":"fr-FR"},{"@type":"Organization","@id":"https:\/\/dev.freakuence.nl\/fr\/#organization","name":"Freakuence !","url":"https:\/\/dev.freakuence.nl\/fr\/","logo":{"@type":"ImageObject","inLanguage":"fr-FR","@id":"https:\/\/dev.freakuence.nl\/fr\/#\/schema\/logo\/image\/","url":"https:\/\/dev.freakuence.nl\/wp-content\/uploads\/2022\/05\/Brown_3_RGB_Freakuence-1.png","contentUrl":"https:\/\/dev.freakuence.nl\/wp-content\/uploads\/2022\/05\/Brown_3_RGB_Freakuence-1.png","width":2560,"height":684,"caption":"Freakuence !"},"image":{"@id":"https:\/\/dev.freakuence.nl\/fr\/#\/schema\/logo\/image\/"},"sameAs":["https:\/\/www.instagram.com\/freakuence_notorious_audio\/"]}]}},"_links":{"self":[{"href":"https:\/\/dev.freakuence.nl\/fr\/wp-json\/wp\/v2\/product\/322173","targetHints":{"allow":["GET"]}}],"collection":[{"href":"https:\/\/dev.freakuence.nl\/fr\/wp-json\/wp\/v2\/product"}],"about":[{"href":"https:\/\/dev.freakuence.nl\/fr\/wp-json\/wp\/v2\/types\/product"}],"wp:featuredmedia":[{"embeddable":true,"href":"https:\/\/dev.freakuence.nl\/fr\/wp-json\/wp\/v2\/media\/385242"}],"wp:attachment":[{"href":"https:\/\/dev.freakuence.nl\/fr\/wp-json\/wp\/v2\/media?parent=322173"}],"wp:term":[{"taxonomy":"product_brand","embeddable":true,"href":"https:\/\/dev.freakuence.nl\/fr\/wp-json\/wp\/v2\/product_brand?post=322173"},{"taxonomy":"product_cat","embeddable":true,"href":"https:\/\/dev.freakuence.nl\/fr\/wp-json\/wp\/v2\/product_cat?post=322173"},{"taxonomy":"product_tag","embeddable":true,"href":"https:\/\/dev.freakuence.nl\/fr\/wp-json\/wp\/v2\/product_tag?post=322173"}],"curies":[{"name":"wp","href":"https:\/\/api.w.org\/{rel}","templated":true}]}}