{"id":322247,"date":"2025-10-10T12:21:56","date_gmt":"2025-10-10T10:21:56","guid":{"rendered":"https:\/\/freakuence.nl\/product\/wadia-di322\/"},"modified":"2026-04-08T18:27:11","modified_gmt":"2026-04-08T16:27:11","slug":"wadia-di322","status":"publish","type":"product","link":"https:\/\/dev.freakuence.nl\/fr\/produit\/wadia-di322\/","title":{"rendered":"Wadia di322"},"content":{"rendered":"<div class=\"product-specifications-list\">\n<div class=\"specification-item row-header\"><span class=\"spec-content\"><strong>Description Freakuence !<\/strong><\/span><\/div>\n<div class=\"specification-item row-even\"><span class=\"spec-content\">Genouill\u00e8re d&rsquo;un dac. Chaud ? Non. Tr\u00e8s propre, clair, mais toujours plein au milieu. N&rsquo;est-il pas chaud ? Non, comme le dirait le fabricant. Une sc\u00e8ne sonore tr\u00e8s spacieuse qui rend la pi\u00e8ce d&rsquo;\u00e9coute plus large et plus profonde que ses dimensions. Une r\u00e9ponse \u00e9lanc\u00e9e dans les basses (pas une sph\u00e8re mais une onde).       <\/span><\/div>\n<div class=\"specification-item row-odd\"><span class=\"spec-content\">Prix de vente au d\u00e9tail : 4390.00<\/span><\/div>\n<div class=\"specification-item row-header\"><span class=\"spec-content\"><strong>Description g\u00e9n\u00e9rale<\/strong><\/span><\/div>\n<div class=\"specification-item row-even\"><span class=\"spec-content\">Cet appareil prend en charge les fichiers musicaux DSD64, DSD128 et DSD256 via l&rsquo;entr\u00e9e USB, ainsi que les fichiers PCM avec des taux d&rsquo;\u00e9chantillonnage allant jusqu&rsquo;\u00e0 32 bits\/384 kHz, y compris DXD 352,8 kHz et DXD 384 kHz. Les deux entr\u00e9es optiques et les deux entr\u00e9es coaxiales acceptent la musique avec des r\u00e9solutions allant jusqu&rsquo;\u00e0 24 bits\/192 kHz. Une entr\u00e9e DIN est pr\u00e9vue pour une compatibilit\u00e9 future. Les sorties audio sym\u00e9triques et asym\u00e9triques variables permettent la connexion \u00e0 un amplificateur. Une prise casque puissante est disponible pour l&rsquo;\u00e9coute personnelle. Le design comprend un panneau sup\u00e9rieur en verre et une construction en aluminium.     <\/span><\/div>\n<div class=\"specification-item row-header\"><span class=\"spec-content\"><strong>Informations g\u00e9n\u00e9rales<\/strong><\/span><\/div>\n<div class=\"specification-item row-even\"><span class=\"spec-content\">Le Wadia di322 a \u00e9t\u00e9 con\u00e7u dans un souci de pr\u00e9cision et de transparence sonore. Il utilise une technologie DAC de haute qualit\u00e9, y compris une puce ESS Sabre 9018, et prend en charge le PCM jusqu&rsquo;\u00e0 32 bits\/384 kHz et le DSD128. Wadia int\u00e8gre sa technologie propri\u00e9taire ClockLink de r\u00e9duction du jitter pour une pr\u00e9cision maximale. Le bo\u00eetier compact en aluminium est \u00e0 faible r\u00e9sonance et est fabriqu\u00e9 aux \u00c9tats-Unis avec des composants soigneusement s\u00e9lectionn\u00e9s pour des performances optimales.   <\/span><\/div>\n<div class=\"specification-item row-header\"><span class=\"spec-content\"><strong>Histoire de la marque<\/strong><\/span><\/div>\n<div class=\"specification-item row-even\"><span class=\"spec-content\">Wadia Digital a \u00e9t\u00e9 fond\u00e9e en 1988 aux \u00c9tats-Unis. D\u00e8s le d\u00e9but, la marque s&rsquo;est sp\u00e9cialis\u00e9e dans l&rsquo;ing\u00e9nierie audio num\u00e9rique, en mettant l&rsquo;accent sur le traitement pr\u00e9cis des signaux num\u00e9riques. Wadia a utilis\u00e9 des techniques telles que DigiMaster, un algorithme de filtrage num\u00e9rique, et des composants discrets au lieu de circuits int\u00e9gr\u00e9s pour la conversion num\u00e9rique-analogique. Au cours de ses premi\u00e8res ann\u00e9es d&rsquo;existence, Wadia a commercialis\u00e9 des produits tels que le Wadia 2000, un produit audio num\u00e9rique bas\u00e9 sur des recherches originales dans le domaine du traitement num\u00e9rique haut de gamme. L&rsquo;une des caract\u00e9ristiques des produits Wadia \u00e9tait l&rsquo;utilisation de ce que l&rsquo;on appelle le \u00ab\u00a0verre optique\u00a0\u00bb et d&rsquo;autres interconnexions num\u00e9riques pour un transfert de donn\u00e9es pr\u00e9cis. Plus tard, les produits et les technologies de Wadia ont \u00e9t\u00e9 int\u00e9gr\u00e9s \u00e0 la gamme Audio Research et ont \u00e9t\u00e9 rattach\u00e9s au groupe McIntosh. L&rsquo;approche du traitement des signaux num\u00e9riques est rest\u00e9e techniquement constante, l&rsquo;accent \u00e9tant mis sur la reconstruction au bit pr\u00e8s et sur les sp\u00e9cifications techniques.      <\/span><\/div>\n<\/div>\n","protected":false},"excerpt":{"rendered":"<p>Description Freakuence ! Genouill\u00e8re d&rsquo;un dac. Chaud ? Non. Tr\u00e8s propre, clair, mais toujours plein au milieu. N&rsquo;est-il pas chaud ? Non, comme le dirait le fabricant. Une sc\u00e8ne sonore tr\u00e8s spacieuse qui rend la pi\u00e8ce d&rsquo;\u00e9coute plus large et plus profonde que ses dimensions. Une r\u00e9ponse \u00e9lanc\u00e9e dans les basses (pas une sph\u00e8re mais [&hellip;]<\/p>\n","protected":false},"featured_media":383351,"template":"","meta":{"_acf_changed":false,"inline_featured_image":false},"product_brand":[],"product_cat":[718,689],"product_tag":[533],"class_list":{"0":"post-322247","1":"product","2":"type-product","3":"status-publish","4":"has-post-thumbnail","6":"product_cat-dacs","7":"product_cat-sources-dinformation","8":"product_tag-used","9":"pa_kleur-argent","11":"first","12":"instock","13":"sold-individually","14":"purchasable","15":"product-type-simple"},"acf":{"website":true,"show_on_homepage":false,"brand_title":"Wadia","product_type":"di322","color":"Argent","subcolor":"","reserved_status":"0"},"yoast_head":"<!-- This site is optimized with the Yoast SEO plugin v25.9 - https:\/\/yoast.com\/wordpress\/plugins\/seo\/ -->\n<title>Wadia di322 | Freakuence!<\/title>\n<meta name=\"description\" content=\"Wadia di322 DAC : profitez de l&#039;audio DSD et PCM haute r\u00e9solution avec une qualit\u00e9 sonore sup\u00e9rieure. \u2713 HiFi neuf et d&#039;occasion \u2713 Note du client : 4.9 sur 5 \u2713 Reprise \u2713 Session d&#039;\u00e9coute\" \/>\n<meta name=\"robots\" content=\"noindex, follow, max-snippet:-1, max-image-preview:large, max-video-preview:-1\" \/>\n<meta property=\"og:locale\" content=\"fr_FR\" \/>\n<meta property=\"og:type\" content=\"article\" \/>\n<meta property=\"og:title\" content=\"Wadia di322 | Freakuence!\" \/>\n<meta property=\"og:description\" content=\"Wadia di322 DAC : profitez de l&#039;audio DSD et PCM haute r\u00e9solution avec une qualit\u00e9 sonore sup\u00e9rieure. \u2713 HiFi neuf et d&#039;occasion \u2713 Note du client : 4.9 sur 5 \u2713 Reprise \u2713 Session d&#039;\u00e9coute\" \/>\n<meta property=\"og:url\" content=\"https:\/\/dev.freakuence.nl\/fr\/produit\/wadia-di322\/\" \/>\n<meta property=\"og:site_name\" content=\"Freakuence!\" \/>\n<meta property=\"article:modified_time\" content=\"2026-04-08T16:27:11+00:00\" \/>\n<meta property=\"og:image\" content=\"https:\/\/dev.freakuence.nl\/wp-content\/uploads\/2026\/04\/17688336144933-17845-IMG8517.jpg\" \/>\n\t<meta property=\"og:image:width\" content=\"1800\" \/>\n\t<meta property=\"og:image:height\" content=\"1200\" \/>\n\t<meta property=\"og:image:type\" content=\"image\/jpeg\" \/>\n<meta name=\"twitter:card\" content=\"summary_large_image\" \/>\n<script type=\"application\/ld+json\" class=\"yoast-schema-graph\">{\"@context\":\"https:\/\/schema.org\",\"@graph\":[{\"@type\":\"WebPage\",\"@id\":\"https:\/\/dev.freakuence.nl\/fr\/produit\/wadia-di322\/\",\"url\":\"https:\/\/dev.freakuence.nl\/fr\/produit\/wadia-di322\/\",\"name\":\"Wadia di322 | Freakuence!\",\"isPartOf\":{\"@id\":\"https:\/\/dev.freakuence.nl\/fr\/#website\"},\"primaryImageOfPage\":{\"@id\":\"https:\/\/dev.freakuence.nl\/fr\/produit\/wadia-di322\/#primaryimage\"},\"image\":{\"@id\":\"https:\/\/dev.freakuence.nl\/fr\/produit\/wadia-di322\/#primaryimage\"},\"thumbnailUrl\":\"https:\/\/dev.freakuence.nl\/wp-content\/uploads\/2026\/04\/17688336144933-17845-IMG8517.jpg\",\"datePublished\":\"2025-10-10T10:21:56+00:00\",\"dateModified\":\"2026-04-08T16:27:11+00:00\",\"description\":\"Wadia di322 DAC : profitez de l'audio DSD et PCM haute r\u00e9solution avec une qualit\u00e9 sonore sup\u00e9rieure. \u2713 HiFi neuf et d'occasion \u2713 Note du client : 4.9 sur 5 \u2713 Reprise \u2713 Session d'\u00e9coute\",\"breadcrumb\":{\"@id\":\"https:\/\/dev.freakuence.nl\/fr\/produit\/wadia-di322\/#breadcrumb\"},\"inLanguage\":\"fr-FR\",\"potentialAction\":[{\"@type\":\"ReadAction\",\"target\":[\"https:\/\/dev.freakuence.nl\/fr\/produit\/wadia-di322\/\"]}]},{\"@type\":\"ImageObject\",\"inLanguage\":\"fr-FR\",\"@id\":\"https:\/\/dev.freakuence.nl\/fr\/produit\/wadia-di322\/#primaryimage\",\"url\":\"https:\/\/dev.freakuence.nl\/wp-content\/uploads\/2026\/04\/17688336144933-17845-IMG8517.jpg\",\"contentUrl\":\"https:\/\/dev.freakuence.nl\/wp-content\/uploads\/2026\/04\/17688336144933-17845-IMG8517.jpg\",\"width\":1800,\"height\":1200},{\"@type\":\"BreadcrumbList\",\"@id\":\"https:\/\/dev.freakuence.nl\/fr\/produit\/wadia-di322\/#breadcrumb\",\"itemListElement\":[{\"@type\":\"ListItem\",\"position\":1,\"name\":\"Accueil\",\"item\":\"https:\/\/dev.freakuence.nl\/fr\/\"},{\"@type\":\"ListItem\",\"position\":2,\"name\":\"Produits\",\"item\":\"https:\/\/dev.freakuence.nl\/fr\/produits\/\"},{\"@type\":\"ListItem\",\"position\":3,\"name\":\"Wadia di322\"}]},{\"@type\":\"WebSite\",\"@id\":\"https:\/\/dev.freakuence.nl\/fr\/#website\",\"url\":\"https:\/\/dev.freakuence.nl\/fr\/\",\"name\":\"Freakuence!\",\"description\":\"Freakuence!\",\"publisher\":{\"@id\":\"https:\/\/dev.freakuence.nl\/fr\/#organization\"},\"alternateName\":\"Freakuence\",\"potentialAction\":[{\"@type\":\"SearchAction\",\"target\":{\"@type\":\"EntryPoint\",\"urlTemplate\":\"https:\/\/dev.freakuence.nl\/fr\/?s={search_term_string}\"},\"query-input\":{\"@type\":\"PropertyValueSpecification\",\"valueRequired\":true,\"valueName\":\"search_term_string\"}}],\"inLanguage\":\"fr-FR\"},{\"@type\":\"Organization\",\"@id\":\"https:\/\/dev.freakuence.nl\/fr\/#organization\",\"name\":\"Freakuence !\",\"url\":\"https:\/\/dev.freakuence.nl\/fr\/\",\"logo\":{\"@type\":\"ImageObject\",\"inLanguage\":\"fr-FR\",\"@id\":\"https:\/\/dev.freakuence.nl\/fr\/#\/schema\/logo\/image\/\",\"url\":\"https:\/\/dev.freakuence.nl\/wp-content\/uploads\/2022\/05\/Brown_3_RGB_Freakuence-1.png\",\"contentUrl\":\"https:\/\/dev.freakuence.nl\/wp-content\/uploads\/2022\/05\/Brown_3_RGB_Freakuence-1.png\",\"width\":2560,\"height\":684,\"caption\":\"Freakuence !\"},\"image\":{\"@id\":\"https:\/\/dev.freakuence.nl\/fr\/#\/schema\/logo\/image\/\"},\"sameAs\":[\"https:\/\/www.instagram.com\/freakuence_notorious_audio\/\"]}]}<\/script>\n<!-- \/ Yoast SEO plugin. -->","yoast_head_json":{"title":"Wadia di322 | Freakuence!","description":"Wadia di322 DAC : profitez de l'audio DSD et PCM haute r\u00e9solution avec une qualit\u00e9 sonore sup\u00e9rieure. \u2713 HiFi neuf et d'occasion \u2713 Note du client : 4.9 sur 5 \u2713 Reprise \u2713 Session d'\u00e9coute","robots":{"index":"noindex","follow":"follow","max-snippet":"max-snippet:-1","max-image-preview":"max-image-preview:large","max-video-preview":"max-video-preview:-1"},"og_locale":"fr_FR","og_type":"article","og_title":"Wadia di322 | Freakuence!","og_description":"Wadia di322 DAC : profitez de l'audio DSD et PCM haute r\u00e9solution avec une qualit\u00e9 sonore sup\u00e9rieure. \u2713 HiFi neuf et d'occasion \u2713 Note du client : 4.9 sur 5 \u2713 Reprise \u2713 Session d'\u00e9coute","og_url":"https:\/\/dev.freakuence.nl\/fr\/produit\/wadia-di322\/","og_site_name":"Freakuence!","article_modified_time":"2026-04-08T16:27:11+00:00","og_image":[{"width":1800,"height":1200,"url":"https:\/\/dev.freakuence.nl\/wp-content\/uploads\/2026\/04\/17688336144933-17845-IMG8517.jpg","type":"image\/jpeg"}],"twitter_card":"summary_large_image","schema":{"@context":"https:\/\/schema.org","@graph":[{"@type":"WebPage","@id":"https:\/\/dev.freakuence.nl\/fr\/produit\/wadia-di322\/","url":"https:\/\/dev.freakuence.nl\/fr\/produit\/wadia-di322\/","name":"Wadia di322 | Freakuence!","isPartOf":{"@id":"https:\/\/dev.freakuence.nl\/fr\/#website"},"primaryImageOfPage":{"@id":"https:\/\/dev.freakuence.nl\/fr\/produit\/wadia-di322\/#primaryimage"},"image":{"@id":"https:\/\/dev.freakuence.nl\/fr\/produit\/wadia-di322\/#primaryimage"},"thumbnailUrl":"https:\/\/dev.freakuence.nl\/wp-content\/uploads\/2026\/04\/17688336144933-17845-IMG8517.jpg","datePublished":"2025-10-10T10:21:56+00:00","dateModified":"2026-04-08T16:27:11+00:00","description":"Wadia di322 DAC : profitez de l'audio DSD et PCM haute r\u00e9solution avec une qualit\u00e9 sonore sup\u00e9rieure. \u2713 HiFi neuf et d'occasion \u2713 Note du client : 4.9 sur 5 \u2713 Reprise \u2713 Session d'\u00e9coute","breadcrumb":{"@id":"https:\/\/dev.freakuence.nl\/fr\/produit\/wadia-di322\/#breadcrumb"},"inLanguage":"fr-FR","potentialAction":[{"@type":"ReadAction","target":["https:\/\/dev.freakuence.nl\/fr\/produit\/wadia-di322\/"]}]},{"@type":"ImageObject","inLanguage":"fr-FR","@id":"https:\/\/dev.freakuence.nl\/fr\/produit\/wadia-di322\/#primaryimage","url":"https:\/\/dev.freakuence.nl\/wp-content\/uploads\/2026\/04\/17688336144933-17845-IMG8517.jpg","contentUrl":"https:\/\/dev.freakuence.nl\/wp-content\/uploads\/2026\/04\/17688336144933-17845-IMG8517.jpg","width":1800,"height":1200},{"@type":"BreadcrumbList","@id":"https:\/\/dev.freakuence.nl\/fr\/produit\/wadia-di322\/#breadcrumb","itemListElement":[{"@type":"ListItem","position":1,"name":"Accueil","item":"https:\/\/dev.freakuence.nl\/fr\/"},{"@type":"ListItem","position":2,"name":"Produits","item":"https:\/\/dev.freakuence.nl\/fr\/produits\/"},{"@type":"ListItem","position":3,"name":"Wadia di322"}]},{"@type":"WebSite","@id":"https:\/\/dev.freakuence.nl\/fr\/#website","url":"https:\/\/dev.freakuence.nl\/fr\/","name":"Freakuence!","description":"Freakuence!","publisher":{"@id":"https:\/\/dev.freakuence.nl\/fr\/#organization"},"alternateName":"Freakuence","potentialAction":[{"@type":"SearchAction","target":{"@type":"EntryPoint","urlTemplate":"https:\/\/dev.freakuence.nl\/fr\/?s={search_term_string}"},"query-input":{"@type":"PropertyValueSpecification","valueRequired":true,"valueName":"search_term_string"}}],"inLanguage":"fr-FR"},{"@type":"Organization","@id":"https:\/\/dev.freakuence.nl\/fr\/#organization","name":"Freakuence !","url":"https:\/\/dev.freakuence.nl\/fr\/","logo":{"@type":"ImageObject","inLanguage":"fr-FR","@id":"https:\/\/dev.freakuence.nl\/fr\/#\/schema\/logo\/image\/","url":"https:\/\/dev.freakuence.nl\/wp-content\/uploads\/2022\/05\/Brown_3_RGB_Freakuence-1.png","contentUrl":"https:\/\/dev.freakuence.nl\/wp-content\/uploads\/2022\/05\/Brown_3_RGB_Freakuence-1.png","width":2560,"height":684,"caption":"Freakuence !"},"image":{"@id":"https:\/\/dev.freakuence.nl\/fr\/#\/schema\/logo\/image\/"},"sameAs":["https:\/\/www.instagram.com\/freakuence_notorious_audio\/"]}]}},"_links":{"self":[{"href":"https:\/\/dev.freakuence.nl\/fr\/wp-json\/wp\/v2\/product\/322247","targetHints":{"allow":["GET"]}}],"collection":[{"href":"https:\/\/dev.freakuence.nl\/fr\/wp-json\/wp\/v2\/product"}],"about":[{"href":"https:\/\/dev.freakuence.nl\/fr\/wp-json\/wp\/v2\/types\/product"}],"wp:featuredmedia":[{"embeddable":true,"href":"https:\/\/dev.freakuence.nl\/fr\/wp-json\/wp\/v2\/media\/383351"}],"wp:attachment":[{"href":"https:\/\/dev.freakuence.nl\/fr\/wp-json\/wp\/v2\/media?parent=322247"}],"wp:term":[{"taxonomy":"product_brand","embeddable":true,"href":"https:\/\/dev.freakuence.nl\/fr\/wp-json\/wp\/v2\/product_brand?post=322247"},{"taxonomy":"product_cat","embeddable":true,"href":"https:\/\/dev.freakuence.nl\/fr\/wp-json\/wp\/v2\/product_cat?post=322247"},{"taxonomy":"product_tag","embeddable":true,"href":"https:\/\/dev.freakuence.nl\/fr\/wp-json\/wp\/v2\/product_tag?post=322247"}],"curies":[{"name":"wp","href":"https:\/\/api.w.org\/{rel}","templated":true}]}}