{"id":322310,"date":"2025-10-10T12:17:33","date_gmt":"2025-10-10T10:17:33","guid":{"rendered":"https:\/\/freakuence.nl\/product\/melody-action-ultra\/"},"modified":"2026-03-10T06:08:46","modified_gmt":"2026-03-10T05:08:46","slug":"melody-action-ultra","status":"publish","type":"product","link":"https:\/\/dev.freakuence.nl\/fr\/produit\/melody-action-ultra\/","title":{"rendered":"Melody Action Ultra"},"content":{"rendered":"<div class=\"product-specifications-list\">\n<div class=\"specification-item row-even\"><span class=\"spec-content\"><strong>Description Freakuence !<\/strong><\/span><\/div>\n<div class=\"specification-item row-odd\"><span class=\"spec-content\"><\/p>\n<p>Bien jou\u00e9 ! M\u00e9lodie m\u00e9lodieuse. Energique, avec une bonne dynamique. Son timbre est chaud et agr\u00e9able.   <\/p>\n<p><\/span><\/div>\n<div class=\"specification-item row-even\"><span class=\"spec-content\"><strong>D\u00e9tails<\/strong><\/span><\/div>\n<div class=\"specification-item row-odd\"><span class=\"spec-content\">Jeu de tubes avant suppl\u00e9mentaire. Prix de vente au d\u00e9tail : 1649.00 <\/span><\/div>\n<div class=\"specification-item row-even\"><span class=\"spec-content\"><strong>Description g\u00e9n\u00e9rale<\/strong><\/span><\/div>\n<div class=\"specification-item row-odd\"><span class=\"spec-content\"><\/p>\n<p>Le Melody Action Ultra est un amplificateur int\u00e9gr\u00e9 \u00e0 tubes connu pour sa taille compacte et ses performances impressionnantes.<\/span><\/div>\n<div class=\"specification-item row-even\"><span class=\"spec-content\">Avec une sortie de 2x 28 watts dans une configuration push-pull de classe A\/B, cet amplificateur d\u00e9livre un son chaud et d\u00e9taill\u00e9.<\/span><\/div>\n<div class=\"specification-item row-odd\"><span class=\"spec-content\">L&rsquo;amplificateur est \u00e9quip\u00e9 de quatre tubes de puissance 5881 et de quatre tubes d&rsquo;attaque 6JT8 qui, ensemble, offrent une exp\u00e9rience d&rsquo;\u00e9coute riche et dynamique.<\/span><\/div>\n<div class=\"specification-item row-even\"><span class=\"spec-content\">Le design est \u00e9l\u00e9gant et fonctionnel, avec un bo\u00eetier m\u00e9tallique robuste et une protection de tube amovible.<\/span><\/div>\n<div class=\"specification-item row-odd\"><span class=\"spec-content\">L&rsquo;utilisation est simple, avec des interrupteurs pour la marche\/arr\u00eat et la s\u00e9lection des entr\u00e9es sur les c\u00f4t\u00e9s, et une t\u00e9l\u00e9commande m\u00e9tallique robuste pour plus de commodit\u00e9.<\/span><\/div>\n<div class=\"specification-item row-even\"><span class=\"spec-content\">Les connexions comprennent deux entr\u00e9es RCA de niveau ligne et des connecteurs s\u00e9par\u00e9s pour les haut-parleurs de 4 et 8 ohms, ce qui offre une grande souplesse dans la connexion de diff\u00e9rentes sources audio et de diff\u00e9rents haut-parleurs.<\/span><\/div>\n<div class=\"specification-item row-odd\"><span class=\"spec-content\">Le Melody Action Ultra est un excellent choix pour les passionn\u00e9s qui veulent d\u00e9couvrir le son unique de l&rsquo;amplification \u00e0 tubes sans faire de compromis sur les performances ou la facilit\u00e9 d&rsquo;utilisation.<\/p>\n<p><\/span><\/div>\n<div class=\"specification-item row-even\"><span class=\"spec-content\"><strong>Histoire de la marque<\/strong><\/span><\/div>\n<div class=\"specification-item row-odd\"><span class=\"spec-content\"><\/p>\n<p>Melody a \u00e9t\u00e9 fond\u00e9e en 1999 \u00e0 Melbourne, en Australie, par Allen Wang. La soci\u00e9t\u00e9 a commenc\u00e9 par fabriquer des amplificateurs \u00e0 tubes et a depuis \u00e9largi sa gamme de produits. En 2005, Melody a transf\u00e9r\u00e9 sa production \u00e0 Shenzhen, en Chine, afin d&rsquo;am\u00e9liorer la qualit\u00e9 et l&rsquo;efficacit\u00e9. L&rsquo;entreprise a mis en place des canaux de distribution dans le monde entier et fournit ses produits \u00e0 des clients dans plusieurs pays. Melody a particip\u00e9 \u00e0 des expositions audio internationales et a re\u00e7u plusieurs prix au fil des ans.    <\/p>\n<p><\/span><\/div>\n<\/div>\n","protected":false},"excerpt":{"rendered":"<p>Description Freakuence ! Bien jou\u00e9 ! M\u00e9lodie m\u00e9lodieuse. Energique, avec une bonne dynamique. Son timbre est chaud et agr\u00e9able. D\u00e9tails Jeu de tubes avant suppl\u00e9mentaire. Prix de vente au d\u00e9tail : 1649.00 Description g\u00e9n\u00e9rale Le Melody Action Ultra est un amplificateur int\u00e9gr\u00e9 \u00e0 tubes connu pour sa taille compacte et ses performances impressionnantes. Avec une [&hellip;]<\/p>\n","protected":false},"featured_media":322312,"template":"","meta":{"_acf_changed":false,"inline_featured_image":false},"product_brand":[],"product_cat":[556],"product_tag":[533],"class_list":{"0":"post-322310","1":"product","2":"type-product","3":"status-publish","4":"has-post-thumbnail","6":"product_cat-amplificateurs-a-tubes","7":"product_tag-used","8":"pa_kleur-argent","10":"first","11":"instock","12":"purchasable","13":"product-type-simple"},"acf":{"website":true,"show_on_homepage":false,"brand_title":"Melody","product_type":"Action Ultra","color":"Argent","subcolor":"","reserved_status":"0"},"_links":{"self":[{"href":"https:\/\/dev.freakuence.nl\/fr\/wp-json\/wp\/v2\/product\/322310","targetHints":{"allow":["GET"]}}],"collection":[{"href":"https:\/\/dev.freakuence.nl\/fr\/wp-json\/wp\/v2\/product"}],"about":[{"href":"https:\/\/dev.freakuence.nl\/fr\/wp-json\/wp\/v2\/types\/product"}],"wp:featuredmedia":[{"embeddable":true,"href":"https:\/\/dev.freakuence.nl\/fr\/wp-json\/wp\/v2\/media\/322312"}],"wp:attachment":[{"href":"https:\/\/dev.freakuence.nl\/fr\/wp-json\/wp\/v2\/media?parent=322310"}],"wp:term":[{"taxonomy":"product_brand","embeddable":true,"href":"https:\/\/dev.freakuence.nl\/fr\/wp-json\/wp\/v2\/product_brand?post=322310"},{"taxonomy":"product_cat","embeddable":true,"href":"https:\/\/dev.freakuence.nl\/fr\/wp-json\/wp\/v2\/product_cat?post=322310"},{"taxonomy":"product_tag","embeddable":true,"href":"https:\/\/dev.freakuence.nl\/fr\/wp-json\/wp\/v2\/product_tag?post=322310"}],"curies":[{"name":"wp","href":"https:\/\/api.w.org\/{rel}","templated":true}]}}